{"id":1877,"date":"2025-03-25T09:54:06","date_gmt":"2025-03-25T09:54:06","guid":{"rendered":"https:\/\/www.comehealthgroup.com\/?post_type=product&#038;p=1877"},"modified":"2025-03-25T09:54:07","modified_gmt":"2025-03-25T09:54:07","slug":"magnesium-supplement-bulk","status":"publish","type":"product","link":"https:\/\/www.comehealthgroup.com\/es\/product\/magnesium-supplement-bulk\/","title":{"rendered":"Suplemento de magnesio a granel, OEM Magnesio Citrato Gummies"},"content":{"rendered":"<div class=\"wp-block-columns is-layout-flex wp-container-core-columns-is-layout-9d6595d7 wp-block-columns-is-layout-flex\">\n<div class=\"wp-block-column is-layout-flow wp-block-column-is-layout-flow\">\n<h2 class=\"wp-block-heading\">Caracter\u00edsticas del Suplemento de Magnesio a Granel<\/h2>\n\n\n\n<ul class=\"wp-block-list\">\n<li><strong>F\u00f3rmula de alta absorci\u00f3n: <\/strong>Nuestro suplemento de magnesio a granel utiliza citrato de magnesio, un suplemento de magnesio mejor absorbido y utilizado que otros, para facilitar la optimizaci\u00f3n de la funci\u00f3n muscular y nerviosa.<\/li>\n\n\n\n<li><strong>Favorece la relajaci\u00f3n y la recuperaci\u00f3n muscular: <\/strong>Nuestras gominolas de citrato de magnesio de marca blanca favorecen el equilibrio electrol\u00edtico y relajan la tensi\u00f3n y los calambres musculares. Pueden utilizarse para recuperarse del ejercicio o para el acondicionamiento general del cuerpo.<\/li>\n\n\n\n<li><strong>Ayuda para dormir y aliviar el estr\u00e9s:<\/strong> Este suplemento de magnesio de marca blanca a granel relaja el sistema nervioso, estimula la liberaci\u00f3n de melatonina, relaja la mente y el cuerpo, mejora la calidad del sue\u00f1o y reduce el estr\u00e9s y la ansiedad.<\/li>\n\n\n\n<li><strong>Salud \u00f3sea y general: <\/strong>El magnesio es un mineral fundamental para la densidad mineral \u00f3sea y la salud cardiovascular. El uso diario de las gominolas de citrato de magnesio de nuestra marca puede mejorar la resistencia \u00f3sea y la salud general del organismo.<\/li>\n<\/ul>\n<\/div>\n\n\n\n<div class=\"wp-block-column is-layout-flow wp-block-column-is-layout-flow\">\n<figure class=\"wp-block-image size-full\"><img decoding=\"async\" width=\"600\" height=\"600\" src=\"https:\/\/www.comehealthgroup.com\/wp-content\/uploads\/2025\/03\/Magnesium-Citrate-Gummy_2.webp\" alt=\"Suplemento de magnesio a granel, OEM Magnesio Citrato Gummies-1\" class=\"wp-image-2194\" srcset=\"https:\/\/www.comehealthgroup.com\/wp-content\/uploads\/2025\/03\/Magnesium-Citrate-Gummy_2.webp 600w, https:\/\/www.comehealthgroup.com\/wp-content\/uploads\/2025\/03\/Magnesium-Citrate-Gummy_2-300x300.webp 300w, https:\/\/www.comehealthgroup.com\/wp-content\/uploads\/2025\/03\/Magnesium-Citrate-Gummy_2-150x150.webp 150w, https:\/\/www.comehealthgroup.com\/wp-content\/uploads\/2025\/03\/Magnesium-Citrate-Gummy_2-12x12.webp 12w, https:\/\/www.comehealthgroup.com\/wp-content\/uploads\/2025\/03\/Magnesium-Citrate-Gummy_2-100x100.webp 100w\" sizes=\"(max-width: 600px) 100vw, 600px\" \/><\/figure>\n<\/div>\n<\/div>","protected":false},"excerpt":{"rendered":"<p>Bienvenido al pedido de suplementos de magnesio a granel. Nuestras gominolas de citrato de magnesio de marca blanca ayudan a mantener la funci\u00f3n muscular, garantizan el sue\u00f1o y mejoran la salud \u00f3sea. Contienen citrato de magnesio de alta absorci\u00f3n en una forma suave, f\u00e1cil de absorber y con un gran sabor.<\/p>\n<table style=\"border-collapse: collapse; width: 515px; height: 220px;\" border=\"0\" width=\"799\" cellspacing=\"0\" cellpadding=\"0\">\n<tbody>\n<tr style=\"height: 13.50pt;\">\n<td style=\"height: 13.50pt; width: 132.40pt;\" width=\"353\" height=\"36\">Marca<\/td>\n<td style=\"width: 167.30pt;\" width=\"446\">Marca blanca<\/td>\n<\/tr>\n<tr style=\"height: 13.50pt;\">\n<td style=\"height: 13.50pt;\" height=\"36\">Ventajas del producto<\/td>\n<td>*Apoya la funci\u00f3n muscular<br \/>*Promueve la relajaci\u00f3n y el sue\u00f1o<br \/>*Mejora la salud \u00f3sea<br \/>*F\u00e1cil de digerir y agradable<\/td>\n<\/tr>\n<tr style=\"height: 13.50pt;\">\n<td style=\"height: 13.50pt;\" height=\"36\">Forma farmac\u00e9utica<\/td>\n<td>Gominola<\/td>\n<\/tr>\n<tr style=\"height: 13.50pt;\">\n<td style=\"height: 13.50pt;\" height=\"36\">Especificaci\u00f3n del producto<\/td>\n<td>60 gominolas\/botella<\/td>\n<\/tr>\n<tr style=\"height: 13.50pt;\">\n<td style=\"height: 13.50pt;\" height=\"36\">Vida \u00fatil<\/td>\n<td>24 meses<\/td>\n<\/tr>\n<tr style=\"height: 13.50pt;\">\n<td style=\"height: 13.50pt;\" height=\"36\">Dimensiones (cm)<\/td>\n<td>7X7X12<\/td>\n<\/tr>\n<tr style=\"height: 13.50pt;\">\n<td style=\"height: 13.50pt;\" height=\"36\">Peso neto (kg)<\/td>\n<td>0,2 kg<\/td>\n<\/tr>\n<tr style=\"height: 13.50pt;\">\n<td style=\"height: 13.50pt;\" height=\"36\">Personalizaci\u00f3n<\/td>\n<td>Gr\u00e1fico, Logotipo, Paquete<\/td>\n<\/tr>\n<tr style=\"height: 13.50pt;\">\n<td style=\"height: 13.50pt;\" height=\"36\">Inventario<\/td>\n<td>En stock<\/td>\n<\/tr>\n<\/tbody>\n<\/table>","protected":false},"featured_media":2192,"comment_status":"closed","ping_status":"closed","template":"","meta":{"_acf_changed":false},"product_brand":[],"product_cat":[40,35,34],"product_tag":[],"class_list":{"0":"post-1877","1":"product","2":"type-product","3":"status-publish","4":"has-post-thumbnail","6":"product_cat-private-label-gummy-supplements","7":"product_cat-sleep-supplements-wholesale","8":"product_cat-private-label-health-supplements","10":"first","11":"instock","12":"shipping-taxable","13":"product-type-simple"},"acf":[],"_links":{"self":[{"href":"https:\/\/www.comehealthgroup.com\/es\/wp-json\/wp\/v2\/product\/1877","targetHints":{"allow":["GET"]}}],"collection":[{"href":"https:\/\/www.comehealthgroup.com\/es\/wp-json\/wp\/v2\/product"}],"about":[{"href":"https:\/\/www.comehealthgroup.com\/es\/wp-json\/wp\/v2\/types\/product"}],"replies":[{"embeddable":true,"href":"https:\/\/www.comehealthgroup.com\/es\/wp-json\/wp\/v2\/comments?post=1877"}],"wp:featuredmedia":[{"embeddable":true,"href":"https:\/\/www.comehealthgroup.com\/es\/wp-json\/wp\/v2\/media\/2192"}],"wp:attachment":[{"href":"https:\/\/www.comehealthgroup.com\/es\/wp-json\/wp\/v2\/media?parent=1877"}],"wp:term":[{"taxonomy":"product_brand","embeddable":true,"href":"https:\/\/www.comehealthgroup.com\/es\/wp-json\/wp\/v2\/product_brand?post=1877"},{"taxonomy":"product_cat","embeddable":true,"href":"https:\/\/www.comehealthgroup.com\/es\/wp-json\/wp\/v2\/product_cat?post=1877"},{"taxonomy":"product_tag","embeddable":true,"href":"https:\/\/www.comehealthgroup.com\/es\/wp-json\/wp\/v2\/product_tag?post=1877"}],"curies":[{"name":"wp","href":"https:\/\/api.w.org\/{rel}","templated":true}]}}