{"id":1882,"date":"2025-03-20T09:22:16","date_gmt":"2025-03-20T09:22:16","guid":{"rendered":"https:\/\/www.comehealthgroup.com\/?post_type=product&#038;p=1882"},"modified":"2025-03-21T06:19:46","modified_gmt":"2025-03-21T06:19:46","slug":"magnesium-gummy-wholesale","status":"publish","type":"product","link":"https:\/\/www.comehealthgroup.com\/es\/product\/magnesium-gummy-wholesale\/","title":{"rendered":"Mayorista de gominolas de magnesio de marca blanca con pre y probi\u00f3ticos"},"content":{"rendered":"<div class=\"wp-block-columns is-layout-flex wp-container-core-columns-is-layout-9d6595d7 wp-block-columns-is-layout-flex\">\n<div class=\"wp-block-column is-layout-flow wp-block-column-is-layout-flow\">\n<h2 class=\"wp-block-heading\">Caracter\u00edsticas de las gominolas de magnesio al por mayor<\/h2>\n\n\n\n<ul class=\"wp-block-list\">\n<li><strong>Favorece la salud muscular y nerviosa y alivia la fatiga: <\/strong>El magnesio es un mineral importante para mantener el funcionamiento normal del sistema muscular y nervioso. Nuestra gominola de magnesio al por mayor ayuda a aliviar la tensi\u00f3n y la fatiga, haciendo que el cuerpo est\u00e9 m\u00e1s relajado y c\u00f3modo.<\/li>\n\n\n\n<li><strong>Relaja el cuerpo y la mente, ayuda a dormir de forma m\u00e1s profunda y estable: <\/strong>Este suplemento de magnesio a granel ayuda a regular el sistema nervioso, a reducir la ansiedad, a mejorar la calidad del sue\u00f1o y a disfrutar de una noche m\u00e1s reparadora.<\/li>\n\n\n\n<li><strong>Refuerza la salud \u00f3sea y cardiaca y mejora la vitalidad: <\/strong>Esta gominola de magnesio al por mayor puede favorecer la absorci\u00f3n del calcio y mejorar la densidad \u00f3sea, al tiempo que ayuda a mantener un ritmo cardiaco normal y favorece la salud en general.<\/li>\n\n\n\n<li><strong>Deliciosas gominolas, con prebi\u00f3ticos y probi\u00f3ticos, favorecen la digesti\u00f3n:<\/strong> Este suplemento de magnesio a granel tiene un delicioso sabor en gominolas, y con prebi\u00f3ticos y probi\u00f3ticos, ayuda a mantener una flora intestinal equilibrada y a mejorar la absorci\u00f3n de nutrientes.<\/li>\n<\/ul>\n<\/div>\n\n\n\n<div class=\"wp-block-column is-layout-flow wp-block-column-is-layout-flow\">\n<figure class=\"wp-block-image size-full\"><img decoding=\"async\" width=\"800\" height=\"800\" src=\"https:\/\/www.comehealthgroup.com\/wp-content\/uploads\/2025\/03\/Magnesium-Gummy_02.webp\" alt=\"\" class=\"wp-image-2162\" srcset=\"https:\/\/www.comehealthgroup.com\/wp-content\/uploads\/2025\/03\/Magnesium-Gummy_02.webp 800w, https:\/\/www.comehealthgroup.com\/wp-content\/uploads\/2025\/03\/Magnesium-Gummy_02-300x300.webp 300w, https:\/\/www.comehealthgroup.com\/wp-content\/uploads\/2025\/03\/Magnesium-Gummy_02-150x150.webp 150w, https:\/\/www.comehealthgroup.com\/wp-content\/uploads\/2025\/03\/Magnesium-Gummy_02-768x768.webp 768w, https:\/\/www.comehealthgroup.com\/wp-content\/uploads\/2025\/03\/Magnesium-Gummy_02-12x12.webp 12w, https:\/\/www.comehealthgroup.com\/wp-content\/uploads\/2025\/03\/Magnesium-Gummy_02-600x600.webp 600w, https:\/\/www.comehealthgroup.com\/wp-content\/uploads\/2025\/03\/Magnesium-Gummy_02-100x100.webp 100w\" sizes=\"(max-width: 800px) 100vw, 800px\" \/><\/figure>\n<\/div>\n<\/div>","protected":false},"excerpt":{"rendered":"<p>Bienvenido a comprar suplemento de magnesio al por mayor. Esta gominola de magnesio de marca blanca al por mayor combina magnesio, prebi\u00f3ticos y probi\u00f3ticos para apoyar la funci\u00f3n muscular y nerviosa. OEM al por mayor disponible.<\/p>\n<table style=\"border-collapse: collapse;width: 515px;height: 219px\" border=\"0\" width=\"799\" cellspacing=\"0\" cellpadding=\"0\">\n<tbody>\n<tr style=\"height: 13.50pt\">\n<td style=\"height: 13.50pt;width: 132.40pt\" width=\"353\" height=\"36\">Marca<\/td>\n<td style=\"width: 167.30pt\" width=\"446\">Marca blanca<\/td>\n<\/tr>\n<tr style=\"height: 13.50pt\">\n<td style=\"height: 13.50pt\" height=\"36\">Ventajas del producto<\/td>\n<td>*Apoya la funci\u00f3n muscular y nerviosa <br \/>*Promueve la calma y el sue\u00f1o <br \/>*Ayuda a la salud \u00f3sea y cardiaca <br \/>*Sabroso y f\u00e1cil de tomar<\/td>\n<\/tr>\n<tr style=\"height: 13.50pt\">\n<td style=\"height: 13.50pt\" height=\"36\">Forma farmac\u00e9utica<\/td>\n<td>Gominola<\/td>\n<\/tr>\n<tr style=\"height: 13.50pt\">\n<td style=\"height: 13.50pt\" height=\"36\">Especificaci\u00f3n del producto<\/td>\n<td>60 gominolas\/botella<\/td>\n<\/tr>\n<tr style=\"height: 13.50pt\">\n<td style=\"height: 13.50pt\" height=\"36\">Vida \u00fatil<\/td>\n<td>24 meses<\/td>\n<\/tr>\n<tr style=\"height: 13.50pt\">\n<td style=\"height: 13.50pt\" height=\"36\">Dimensiones (cm)<\/td>\n<td>7X7X12<\/td>\n<\/tr>\n<tr style=\"height: 13.50pt\">\n<td style=\"height: 13.50pt\" height=\"36\">Peso neto (kg)<\/td>\n<td>0,2 kg<\/td>\n<\/tr>\n<tr style=\"height: 13.50pt\">\n<td style=\"height: 13.50pt\" height=\"36\">Personalizaci\u00f3n<\/td>\n<td>Gr\u00e1fico, Logotipo, Paquete<\/td>\n<\/tr>\n<tr style=\"height: 13.50pt\">\n<td style=\"height: 13.50pt\" height=\"36\">Inventario<\/td>\n<td>En stock<\/td>\n<\/tr>\n<\/tbody>\n<\/table>","protected":false},"featured_media":2161,"comment_status":"closed","ping_status":"closed","template":"","meta":{"_acf_changed":false},"product_brand":[],"product_cat":[40,35,34],"product_tag":[],"class_list":{"0":"post-1882","1":"product","2":"type-product","3":"status-publish","4":"has-post-thumbnail","6":"product_cat-private-label-gummy-supplements","7":"product_cat-sleep-supplements-wholesale","8":"product_cat-private-label-health-supplements","10":"first","11":"instock","12":"shipping-taxable","13":"product-type-simple"},"acf":[],"_links":{"self":[{"href":"https:\/\/www.comehealthgroup.com\/es\/wp-json\/wp\/v2\/product\/1882","targetHints":{"allow":["GET"]}}],"collection":[{"href":"https:\/\/www.comehealthgroup.com\/es\/wp-json\/wp\/v2\/product"}],"about":[{"href":"https:\/\/www.comehealthgroup.com\/es\/wp-json\/wp\/v2\/types\/product"}],"replies":[{"embeddable":true,"href":"https:\/\/www.comehealthgroup.com\/es\/wp-json\/wp\/v2\/comments?post=1882"}],"wp:featuredmedia":[{"embeddable":true,"href":"https:\/\/www.comehealthgroup.com\/es\/wp-json\/wp\/v2\/media\/2161"}],"wp:attachment":[{"href":"https:\/\/www.comehealthgroup.com\/es\/wp-json\/wp\/v2\/media?parent=1882"}],"wp:term":[{"taxonomy":"product_brand","embeddable":true,"href":"https:\/\/www.comehealthgroup.com\/es\/wp-json\/wp\/v2\/product_brand?post=1882"},{"taxonomy":"product_cat","embeddable":true,"href":"https:\/\/www.comehealthgroup.com\/es\/wp-json\/wp\/v2\/product_cat?post=1882"},{"taxonomy":"product_tag","embeddable":true,"href":"https:\/\/www.comehealthgroup.com\/es\/wp-json\/wp\/v2\/product_tag?post=1882"}],"curies":[{"name":"wp","href":"https:\/\/api.w.org\/{rel}","templated":true}]}}