{"id":1894,"date":"2025-04-03T09:30:24","date_gmt":"2025-04-03T09:30:24","guid":{"rendered":"https:\/\/www.comehealthgroup.com\/?post_type=product&#038;p=1894"},"modified":"2025-04-03T09:50:36","modified_gmt":"2025-04-03T09:50:36","slug":"bulk-ashwagandha-capsules","status":"publish","type":"product","link":"https:\/\/www.comehealthgroup.com\/es\/product\/bulk-ashwagandha-capsules\/","title":{"rendered":"C\u00e1psulas de Ashwagandha a granel Fabricaci\u00f3n de etiqueta privada"},"content":{"rendered":"<div class=\"wp-block-columns is-layout-flex wp-container-core-columns-is-layout-9d6595d7 wp-block-columns-is-layout-flex\">\n<div class=\"wp-block-column is-layout-flow wp-block-column-is-layout-flow\">\n<h2 class=\"wp-block-heading\">Caracter\u00edsticas de las c\u00e1psulas de Ashwagandha a granel<\/h2>\n\n\n\n<ul class=\"wp-block-list\">\n<li><strong>Reducir el estr\u00e9s y la ansiedad: <\/strong>Nuestras c\u00e1psulas de ashwagandha a granel reducen el estr\u00e9s y la ansiedad gracias a las propiedades naturales de la ashwagandha, aportan relajaci\u00f3n y equilibrio a su ajetreada vida.<\/li>\n\n\n\n<li><strong>Favorece la claridad mental:<\/strong> Estos suplementos de ashwagandha de marca blanca favorecen la concentraci\u00f3n y la capacidad mental, mejoran la salud cerebral y facilitan un pensamiento agudo y alerta.<\/li>\n\n\n\n<li><strong>Fortalecer el sistema inmunitario: <\/strong>Nuestras c\u00e1psulas de ashwagandha a granel tienen antioxidantes para mejorar la inmunidad y prevenir enfermedades comunes, mejorando las defensas naturales del organismo y manteniendo un estado saludable.<\/li>\n\n\n\n<li><strong>Mejorar la resistencia f\u00edsica: <\/strong>Nuestros suplementos de ashwagandha de marca blanca aumentan la fuerza f\u00edsica y el rendimiento deportivo en las actividades diarias al incrementar los niveles de energ\u00eda del cuerpo y la fuerza f\u00edsica, por lo que son perfectos para un estilo de vida activo.<\/li>\n<\/ul>\n<\/div>\n\n\n\n<div class=\"wp-block-column is-layout-flow wp-block-column-is-layout-flow\">\n<figure class=\"wp-block-image size-full\"><img decoding=\"async\" width=\"1920\" height=\"1920\" src=\"https:\/\/www.comehealthgroup.com\/wp-content\/uploads\/2025\/03\/Ashwagandha-Capsules_03.webp\" alt=\"C\u00e1psulas de Ashwagandha a granel Fabricaci\u00f3n de etiqueta privada-1\" class=\"wp-image-1897\" srcset=\"https:\/\/www.comehealthgroup.com\/wp-content\/uploads\/2025\/03\/Ashwagandha-Capsules_03.webp 1920w, https:\/\/www.comehealthgroup.com\/wp-content\/uploads\/2025\/03\/Ashwagandha-Capsules_03-300x300.webp 300w, https:\/\/www.comehealthgroup.com\/wp-content\/uploads\/2025\/03\/Ashwagandha-Capsules_03-150x150.webp 150w, https:\/\/www.comehealthgroup.com\/wp-content\/uploads\/2025\/03\/Ashwagandha-Capsules_03-768x768.webp 768w, https:\/\/www.comehealthgroup.com\/wp-content\/uploads\/2025\/03\/Ashwagandha-Capsules_03-12x12.webp 12w, https:\/\/www.comehealthgroup.com\/wp-content\/uploads\/2025\/03\/Ashwagandha-Capsules_03-1200x1200.webp 1200w, https:\/\/www.comehealthgroup.com\/wp-content\/uploads\/2025\/03\/Ashwagandha-Capsules_03-600x600.webp 600w, https:\/\/www.comehealthgroup.com\/wp-content\/uploads\/2025\/03\/Ashwagandha-Capsules_03-100x100.webp 100w\" sizes=\"(max-width: 1920px) 100vw, 1920px\" \/><\/figure>\n<\/div>\n<\/div>","protected":false},"excerpt":{"rendered":"<p>Bienvenido a pedir suplementos de ashwagandha de marca blanca. Nuestras c\u00e1psulas de ashwagandha a granel reducen el estr\u00e9s, aumentan la ansiedad, mejoran la agudeza mental, aumentan la inmunidad y ofrecen beneficios adicionales de resistencia f\u00edsica con un compuesto herbal natural. Es ideal para alcanzar el bienestar f\u00edsico y mental y aumentar la vitalidad.<\/p>\n<table style=\"border-collapse: collapse; width: 516px; height: 219px;\" border=\"0\" width=\"799\" cellspacing=\"0\" cellpadding=\"0\">\n<tbody>\n<tr style=\"height: 13.50pt;\">\n<td style=\"height: 13.50pt; width: 132.40pt;\" width=\"353\" height=\"36\">Marca<\/td>\n<td style=\"width: 167.30pt;\" width=\"446\">Marca blanca<\/td>\n<\/tr>\n<tr style=\"height: 13.50pt;\">\n<td style=\"height: 13.50pt;\" height=\"36\">Ventajas del producto<\/td>\n<td>*Reducci\u00f3n del estr\u00e9s y la ansiedad <br \/>*Apoya la claridad mental <br \/>*Refuerza el sistema inmunitario <br \/>*Mejora la resistencia f\u00edsica<\/td>\n<\/tr>\n<tr style=\"height: 13.50pt;\">\n<td style=\"height: 13.50pt;\" height=\"36\">Forma farmac\u00e9utica<\/td>\n<td>C\u00e1psulas<\/td>\n<\/tr>\n<tr style=\"height: 13.50pt;\">\n<td style=\"height: 13.50pt;\" height=\"36\">Especificaci\u00f3n del producto<\/td>\n<td>60 c\u00e1psulas\/botella<\/td>\n<\/tr>\n<tr style=\"height: 13.50pt;\">\n<td style=\"height: 13.50pt;\" height=\"36\">Vida \u00fatil<\/td>\n<td>24 meses<\/td>\n<\/tr>\n<tr style=\"height: 13.50pt;\">\n<td style=\"height: 13.50pt;\" height=\"36\">Dimensiones (cm)<\/td>\n<td>7X7X12<\/td>\n<\/tr>\n<tr style=\"height: 13.50pt;\">\n<td style=\"height: 13.50pt;\" height=\"36\">Peso neto (kg)<\/td>\n<td>0,2 kg<\/td>\n<\/tr>\n<tr style=\"height: 13.50pt;\">\n<td style=\"height: 13.50pt;\" height=\"36\">Personalizaci\u00f3n<\/td>\n<td>Gr\u00e1fico, Logotipo, Paquete<\/td>\n<\/tr>\n<tr style=\"height: 13.50pt;\">\n<td style=\"height: 13.50pt;\" height=\"36\">Inventario<\/td>\n<td>En stock<\/td>\n<\/tr>\n<\/tbody>\n<\/table>","protected":false},"featured_media":1895,"comment_status":"closed","ping_status":"closed","template":"","meta":{"_acf_changed":false},"product_brand":[],"product_cat":[39,34,32],"product_tag":[],"class_list":{"0":"post-1894","1":"product","2":"type-product","3":"status-publish","4":"has-post-thumbnail","6":"product_cat-bulk-supplements-capsules","7":"product_cat-private-label-health-supplements","8":"product_cat-private-label-immune-supplements","10":"first","11":"instock","12":"shipping-taxable","13":"product-type-simple"},"acf":[],"_links":{"self":[{"href":"https:\/\/www.comehealthgroup.com\/es\/wp-json\/wp\/v2\/product\/1894","targetHints":{"allow":["GET"]}}],"collection":[{"href":"https:\/\/www.comehealthgroup.com\/es\/wp-json\/wp\/v2\/product"}],"about":[{"href":"https:\/\/www.comehealthgroup.com\/es\/wp-json\/wp\/v2\/types\/product"}],"replies":[{"embeddable":true,"href":"https:\/\/www.comehealthgroup.com\/es\/wp-json\/wp\/v2\/comments?post=1894"}],"wp:featuredmedia":[{"embeddable":true,"href":"https:\/\/www.comehealthgroup.com\/es\/wp-json\/wp\/v2\/media\/1895"}],"wp:attachment":[{"href":"https:\/\/www.comehealthgroup.com\/es\/wp-json\/wp\/v2\/media?parent=1894"}],"wp:term":[{"taxonomy":"product_brand","embeddable":true,"href":"https:\/\/www.comehealthgroup.com\/es\/wp-json\/wp\/v2\/product_brand?post=1894"},{"taxonomy":"product_cat","embeddable":true,"href":"https:\/\/www.comehealthgroup.com\/es\/wp-json\/wp\/v2\/product_cat?post=1894"},{"taxonomy":"product_tag","embeddable":true,"href":"https:\/\/www.comehealthgroup.com\/es\/wp-json\/wp\/v2\/product_tag?post=1894"}],"curies":[{"name":"wp","href":"https:\/\/api.w.org\/{rel}","templated":true}]}}