{"id":1899,"date":"2025-04-06T02:43:45","date_gmt":"2025-04-06T02:43:45","guid":{"rendered":"https:\/\/www.comehealthgroup.com\/?post_type=product&#038;p=1899"},"modified":"2025-09-05T02:27:00","modified_gmt":"2025-09-05T02:27:00","slug":"apple-cider-vinegar-gummy-wholesale","status":"publish","type":"product","link":"https:\/\/www.comehealthgroup.com\/es\/product\/apple-cider-vinegar-gummy-wholesale\/","title":{"rendered":"Gominolas de Vinagre de Sidra de Manzana al por mayor y OEM Etiqueta Privada"},"content":{"rendered":"<div class=\"wp-block-columns is-layout-flex wp-container-core-columns-is-layout-9d6595d7 wp-block-columns-is-layout-flex\">\n<div class=\"wp-block-column is-layout-flow wp-block-column-is-layout-flow\">\n<h2 class=\"wp-block-heading\">Caracter\u00edsticas de las gominolas de vinagre de sidra de manzana al por mayor<\/h2>\n\n\n\n<ul class=\"wp-block-list\">\n<li><strong>Cuida f\u00e1cilmente el est\u00f3mago: <\/strong>Esta gominola de vinagre de sidra de manzana al por mayor selecciona ingredientes de vinagre de sidra de manzana de alta calidad para ayudar a activar la vitalidad gastrointestinal, ayudar suavemente a la digesti\u00f3n y hacer que la digesti\u00f3n despu\u00e9s de cada comida sea m\u00e1s suave y c\u00f3moda.<\/li>\n\n\n\n<li><strong>Una nueva opci\u00f3n para moldear el cuerpo de forma saludable: <\/strong>Los ingredientes naturales de nuestra f\u00f3rmula de gominolas de ACV de marca blanca ayudan a controlar el apetito y la acumulaci\u00f3n de grasa, lo que resulta id\u00f3neo para controlar la dieta diaria y modelar el cuerpo de forma saludable.<\/li>\n\n\n\n<li><strong>Una buena ayuda para estabilizar el az\u00facar en sangre: <\/strong>Nuestra gominola de vinagre de sidra de manzana al por mayor ayuda a regular los niveles de az\u00facar en sangre, evitar subidas y bajadas bruscas de energ\u00eda y proporcionar un apoyo estable para el trabajo y el ejercicio diarios.<\/li>\n\n\n\n<li><strong>Revitaliza la luminosidad de la piel: <\/strong>Internamente limpian el cuerpo y lo desintoxican, y externamente muestran un cutis claro y bueno. Nuestras gominolas de ACV de marca blanca son un suplemento nutricional ideal para la nutrici\u00f3n interna y externa.<\/li>\n<\/ul>\n<\/div>\n\n\n\n<div class=\"wp-block-column is-layout-flow wp-block-column-is-layout-flow\">\n<figure class=\"wp-block-image size-full\"><img decoding=\"async\" width=\"800\" height=\"800\" src=\"https:\/\/www.comehealthgroup.com\/wp-content\/uploads\/2025\/03\/Apple-cider-vinegar-gummy-2.webp\" alt=\"Gominolas de Vinagre de Sidra de Manzana al por mayor y OEM Etiqueta Privada-1\" class=\"wp-image-1902\" srcset=\"https:\/\/www.comehealthgroup.com\/wp-content\/uploads\/2025\/03\/Apple-cider-vinegar-gummy-2.webp 800w, https:\/\/www.comehealthgroup.com\/wp-content\/uploads\/2025\/03\/Apple-cider-vinegar-gummy-2-300x300.webp 300w, https:\/\/www.comehealthgroup.com\/wp-content\/uploads\/2025\/03\/Apple-cider-vinegar-gummy-2-150x150.webp 150w, https:\/\/www.comehealthgroup.com\/wp-content\/uploads\/2025\/03\/Apple-cider-vinegar-gummy-2-768x768.webp 768w, https:\/\/www.comehealthgroup.com\/wp-content\/uploads\/2025\/03\/Apple-cider-vinegar-gummy-2-12x12.webp 12w, https:\/\/www.comehealthgroup.com\/wp-content\/uploads\/2025\/03\/Apple-cider-vinegar-gummy-2-600x600.webp 600w, https:\/\/www.comehealthgroup.com\/wp-content\/uploads\/2025\/03\/Apple-cider-vinegar-gummy-2-100x100.webp 100w\" sizes=\"(max-width: 800px) 100vw, 800px\" \/><\/figure>\n<\/div>\n<\/div>","protected":false},"excerpt":{"rendered":"<p>Bienvenido a comprar gominolas de vinagre de sidra de manzana al por mayor. Estas gominolas de ACV de marca blanca conservan la eficacia tradicional y aportan una experiencia de salud m\u00e1s c\u00f3moda y deliciosa. Integra la digesti\u00f3n, el control de peso, la estabilizaci\u00f3n de az\u00facar en la sangre y el cuidado de la piel, adecuado para el cuidado diario de la salud. Admite personalizaci\u00f3n de marca blanca.<\/p>\n<table style=\"border-collapse: collapse; width: 518px; height: 225px;\" border=\"0\" width=\"799\" cellspacing=\"0\" cellpadding=\"0\">\n<tbody>\n<tr style=\"height: 13.50pt;\">\n<td style=\"height: 13.50pt; width: 132.40pt;\" width=\"353\" height=\"36\">Marca<\/td>\n<td style=\"width: 167.30pt;\" width=\"446\">Marca blanca<\/td>\n<\/tr>\n<tr style=\"height: 13.50pt;\">\n<td style=\"height: 13.50pt;\" height=\"36\">Ventajas del producto<\/td>\n<td>*Apoya la digesti\u00f3n<br \/>*Promueve la p\u00e9rdida de peso<br \/>*Balancea el az\u00facar en sangre<br \/>*Mejora la salud de la piel<\/td>\n<\/tr>\n<tr style=\"height: 13.50pt;\">\n<td style=\"height: 13.50pt;\" height=\"36\">Forma farmac\u00e9utica<\/td>\n<td>Gominola<\/td>\n<\/tr>\n<tr style=\"height: 13.50pt;\">\n<td style=\"height: 13.50pt;\" height=\"36\">Especificaci\u00f3n del producto<\/td>\n<td>60 gominolas\/botella<\/td>\n<\/tr>\n<tr style=\"height: 13.50pt;\">\n<td style=\"height: 13.50pt;\" height=\"36\">Vida \u00fatil<\/td>\n<td>24 meses<\/td>\n<\/tr>\n<tr style=\"height: 13.50pt;\">\n<td style=\"height: 13.50pt;\" height=\"36\">Dimensiones (cm)<\/td>\n<td>7X7X12<\/td>\n<\/tr>\n<tr style=\"height: 13.50pt;\">\n<td style=\"height: 13.50pt;\" height=\"36\">Peso neto (kg)<\/td>\n<td>0,2 kg<\/td>\n<\/tr>\n<tr style=\"height: 13.50pt;\">\n<td style=\"height: 13.50pt;\" height=\"36\">Personalizaci\u00f3n<\/td>\n<td>Gr\u00e1fico, Logotipo, Paquete<\/td>\n<\/tr>\n<tr style=\"height: 13.50pt;\">\n<td style=\"height: 13.50pt;\" height=\"36\">Inventario<\/td>\n<td>En stock<\/td>\n<\/tr>\n<\/tbody>\n<\/table>","protected":false},"featured_media":1904,"comment_status":"closed","ping_status":"closed","template":"","meta":{"_acf_changed":false},"product_brand":[],"product_cat":[40,34,29],"product_tag":[],"class_list":{"0":"post-1899","1":"product","2":"type-product","3":"status-publish","4":"has-post-thumbnail","6":"product_cat-private-label-gummy-supplements","7":"product_cat-private-label-health-supplements","8":"product_cat-sports-supplements-wholesale","10":"first","11":"instock","12":"shipping-taxable","13":"product-type-simple"},"acf":[],"_links":{"self":[{"href":"https:\/\/www.comehealthgroup.com\/es\/wp-json\/wp\/v2\/product\/1899","targetHints":{"allow":["GET"]}}],"collection":[{"href":"https:\/\/www.comehealthgroup.com\/es\/wp-json\/wp\/v2\/product"}],"about":[{"href":"https:\/\/www.comehealthgroup.com\/es\/wp-json\/wp\/v2\/types\/product"}],"replies":[{"embeddable":true,"href":"https:\/\/www.comehealthgroup.com\/es\/wp-json\/wp\/v2\/comments?post=1899"}],"wp:featuredmedia":[{"embeddable":true,"href":"https:\/\/www.comehealthgroup.com\/es\/wp-json\/wp\/v2\/media\/1904"}],"wp:attachment":[{"href":"https:\/\/www.comehealthgroup.com\/es\/wp-json\/wp\/v2\/media?parent=1899"}],"wp:term":[{"taxonomy":"product_brand","embeddable":true,"href":"https:\/\/www.comehealthgroup.com\/es\/wp-json\/wp\/v2\/product_brand?post=1899"},{"taxonomy":"product_cat","embeddable":true,"href":"https:\/\/www.comehealthgroup.com\/es\/wp-json\/wp\/v2\/product_cat?post=1899"},{"taxonomy":"product_tag","embeddable":true,"href":"https:\/\/www.comehealthgroup.com\/es\/wp-json\/wp\/v2\/product_tag?post=1899"}],"curies":[{"name":"wp","href":"https:\/\/api.w.org\/{rel}","templated":true}]}}