{"id":1907,"date":"2025-04-06T02:57:30","date_gmt":"2025-04-06T02:57:30","guid":{"rendered":"https:\/\/www.comehealthgroup.com\/?post_type=product&#038;p=1907"},"modified":"2025-09-05T02:23:22","modified_gmt":"2025-09-05T02:23:22","slug":"private-label-apple-cider-vinegar-gummy","status":"publish","type":"product","link":"https:\/\/www.comehealthgroup.com\/es\/product\/private-label-apple-cider-vinegar-gummy\/","title":{"rendered":"Fabricaci\u00f3n de gominolas de vinagre de sidra de manzana de marca blanca"},"content":{"rendered":"<div class=\"wp-block-columns is-layout-flex wp-container-core-columns-is-layout-9d6595d7 wp-block-columns-is-layout-flex\">\n<div class=\"wp-block-column is-layout-flow wp-block-column-is-layout-flow\">\n<h2 class=\"wp-block-heading\">Caracter\u00edsticas de las gominolas de vinagre de sidra de manzana de marca blanca<\/h2>\n\n\n\n<ul class=\"wp-block-list\">\n<li><strong>Estimula el sistema digestivo: <\/strong>Nuestros suplementos de gominolas de vinagre de sidra de manzana de marca blanca contienen concentraciones muy elevadas de ingredientes naturales de vinagre de sidra de manzana, que estimulan eficazmente la vitalidad intestinal, alivian la hinchaz\u00f3n y las molestias, y ayudan a la funci\u00f3n digestiva general.<\/li>\n\n\n\n<li><strong>Ayuda a controlar el peso de forma saludable: <\/strong>Nuestras gominolas de vinagre de sidra de manzana al por mayor son supresores del apetito y metabolizadores de la grasa, son el suplemento diet\u00e9tico ideal para las personas que vigilan lo que comen y pierden peso.<\/li>\n\n\n\n<li><strong>Ayuda a reducir el az\u00facar en sangre: <\/strong>Los ingredientes activos naturales de esta gominola de vinagre de sidra de manzana de marca blanca pueden ayudar a estabilizar los niveles de az\u00facar en sangre y reducir las fluctuaciones de energ\u00eda, por lo que son adecuados para el consumo diario de personas preocupadas por la salud metab\u00f3lica.<\/li>\n\n\n\n<li><strong>Mejora el estado de la piel: <\/strong>Estas gominolas de vinagre de sidra de manzana al por mayor pueden purificar desde el interior e iluminar desde el exterior, ayudando a aclarar el tono de la piel, equilibrar la grasa y hacer que la piel est\u00e9 m\u00e1s sana desde el interior.<\/li>\n<\/ul>\n<\/div>\n\n\n\n<div class=\"wp-block-column is-layout-flow wp-block-column-is-layout-flow\">\n<figure class=\"wp-block-image size-full\"><img decoding=\"async\" width=\"1470\" height=\"1470\" src=\"https:\/\/www.comehealthgroup.com\/wp-content\/uploads\/2025\/03\/Apple-cider-vinegar-gummy-1-1.webp\" alt=\"Fabricaci\u00f3n de gominolas de vinagre de sidra de manzana de marca blanca-1\" class=\"wp-image-1912\" srcset=\"https:\/\/www.comehealthgroup.com\/wp-content\/uploads\/2025\/03\/Apple-cider-vinegar-gummy-1-1.webp 1470w, https:\/\/www.comehealthgroup.com\/wp-content\/uploads\/2025\/03\/Apple-cider-vinegar-gummy-1-1-300x300.webp 300w, https:\/\/www.comehealthgroup.com\/wp-content\/uploads\/2025\/03\/Apple-cider-vinegar-gummy-1-1-150x150.webp 150w, https:\/\/www.comehealthgroup.com\/wp-content\/uploads\/2025\/03\/Apple-cider-vinegar-gummy-1-1-768x768.webp 768w, https:\/\/www.comehealthgroup.com\/wp-content\/uploads\/2025\/03\/Apple-cider-vinegar-gummy-1-1-12x12.webp 12w, https:\/\/www.comehealthgroup.com\/wp-content\/uploads\/2025\/03\/Apple-cider-vinegar-gummy-1-1-1200x1200.webp 1200w, https:\/\/www.comehealthgroup.com\/wp-content\/uploads\/2025\/03\/Apple-cider-vinegar-gummy-1-1-600x600.webp 600w, https:\/\/www.comehealthgroup.com\/wp-content\/uploads\/2025\/03\/Apple-cider-vinegar-gummy-1-1-100x100.webp 100w\" sizes=\"(max-width: 1470px) 100vw, 1470px\" \/><\/figure>\n<\/div>\n<\/div>","protected":false},"excerpt":{"rendered":"<p>Impulse su marca con el servicio de fabricaci\u00f3n de gominolas de vinagre de sidra de manzana de marca blanca. Nuestras gominolas de ACV al por mayor tienen un sabor natural y un gusto suave, lo que las convierte en una opci\u00f3n c\u00f3moda para la gesti\u00f3n diaria de la salud, y admiten la personalizaci\u00f3n de marca blanca para ayudar a crear l\u00edneas de productos de marca exclusivas.<\/p>\n<table style=\"border-collapse: collapse; width: 514px; height: 225px;\" border=\"0\" width=\"799\" cellspacing=\"0\" cellpadding=\"0\">\n<tbody>\n<tr style=\"height: 13.50pt;\">\n<td style=\"height: 13.50pt; width: 132.40pt;\" width=\"353\" height=\"36\">Marca<\/td>\n<td style=\"width: 167.30pt;\" width=\"446\">Marca blanca<\/td>\n<\/tr>\n<tr style=\"height: 13.50pt;\">\n<td style=\"height: 13.50pt;\" height=\"36\">Ventajas del producto<\/td>\n<td>*Ayuda a la digesti\u00f3n <br \/>*Apoya el control del peso <br \/>*Ayuda a reducir el az\u00facar en sangre<br \/>*Mejora la salud de la piel<\/td>\n<\/tr>\n<tr style=\"height: 13.50pt;\">\n<td style=\"height: 13.50pt;\" height=\"36\">Forma farmac\u00e9utica<\/td>\n<td>Gominola<\/td>\n<\/tr>\n<tr style=\"height: 13.50pt;\">\n<td style=\"height: 13.50pt;\" height=\"36\">Especificaci\u00f3n del producto<\/td>\n<td>60 gominolas\/botella<\/td>\n<\/tr>\n<tr style=\"height: 13.50pt;\">\n<td style=\"height: 13.50pt;\" height=\"36\">Vida \u00fatil<\/td>\n<td>24 meses<\/td>\n<\/tr>\n<tr style=\"height: 13.50pt;\">\n<td style=\"height: 13.50pt;\" height=\"36\">Dimensiones (cm)<\/td>\n<td>7X7X12<\/td>\n<\/tr>\n<tr style=\"height: 13.50pt;\">\n<td style=\"height: 13.50pt;\" height=\"36\">Peso neto (kg)<\/td>\n<td>0,2 kg<\/td>\n<\/tr>\n<tr style=\"height: 13.50pt;\">\n<td style=\"height: 13.50pt;\" height=\"36\">Personalizaci\u00f3n<\/td>\n<td>Gr\u00e1fico, Logotipo, Paquete<\/td>\n<\/tr>\n<tr style=\"height: 13.50pt;\">\n<td style=\"height: 13.50pt;\" height=\"36\">Inventario<\/td>\n<td>En stock<\/td>\n<\/tr>\n<\/tbody>\n<\/table>","protected":false},"featured_media":1909,"comment_status":"closed","ping_status":"closed","template":"","meta":{"_acf_changed":false},"product_brand":[],"product_cat":[40,36,34,29],"product_tag":[],"class_list":{"0":"post-1907","1":"product","2":"type-product","3":"status-publish","4":"has-post-thumbnail","6":"product_cat-private-label-gummy-supplements","7":"product_cat-private-label-beauty-supplements","8":"product_cat-private-label-health-supplements","9":"product_cat-sports-supplements-wholesale","11":"first","12":"instock","13":"shipping-taxable","14":"product-type-simple"},"acf":[],"_links":{"self":[{"href":"https:\/\/www.comehealthgroup.com\/es\/wp-json\/wp\/v2\/product\/1907","targetHints":{"allow":["GET"]}}],"collection":[{"href":"https:\/\/www.comehealthgroup.com\/es\/wp-json\/wp\/v2\/product"}],"about":[{"href":"https:\/\/www.comehealthgroup.com\/es\/wp-json\/wp\/v2\/types\/product"}],"replies":[{"embeddable":true,"href":"https:\/\/www.comehealthgroup.com\/es\/wp-json\/wp\/v2\/comments?post=1907"}],"wp:featuredmedia":[{"embeddable":true,"href":"https:\/\/www.comehealthgroup.com\/es\/wp-json\/wp\/v2\/media\/1909"}],"wp:attachment":[{"href":"https:\/\/www.comehealthgroup.com\/es\/wp-json\/wp\/v2\/media?parent=1907"}],"wp:term":[{"taxonomy":"product_brand","embeddable":true,"href":"https:\/\/www.comehealthgroup.com\/es\/wp-json\/wp\/v2\/product_brand?post=1907"},{"taxonomy":"product_cat","embeddable":true,"href":"https:\/\/www.comehealthgroup.com\/es\/wp-json\/wp\/v2\/product_cat?post=1907"},{"taxonomy":"product_tag","embeddable":true,"href":"https:\/\/www.comehealthgroup.com\/es\/wp-json\/wp\/v2\/product_tag?post=1907"}],"curies":[{"name":"wp","href":"https:\/\/api.w.org\/{rel}","templated":true}]}}