{"id":1925,"date":"2025-03-14T09:43:19","date_gmt":"2025-03-14T09:43:19","guid":{"rendered":"https:\/\/www.comehealthgroup.com\/?post_type=product&#038;p=1925"},"modified":"2025-03-14T09:43:20","modified_gmt":"2025-03-14T09:43:20","slug":"shilajit-gummies-wholesale","status":"publish","type":"product","link":"https:\/\/www.comehealthgroup.com\/es\/product\/shilajit-gummies-wholesale\/","title":{"rendered":"Himalayas Shilajit Gummies Wholesale, Extracto de Shilajit Suplemento a Granel"},"content":{"rendered":"<div class=\"wp-block-columns is-layout-flex wp-container-core-columns-is-layout-9d6595d7 wp-block-columns-is-layout-flex\">\n<div class=\"wp-block-column is-layout-flow wp-block-column-is-layout-flow\">\n<h2 class=\"wp-block-heading\">Caracter\u00edsticas de Shilajit Gummies al por mayor<\/h2>\n\n\n\n<ul class=\"wp-block-list\">\n<li><strong>Aumenta la energ\u00eda y la resistencia: <\/strong>Nuestras gominolas de shilajit al por mayor incluyen abundantes minerales naturales e ingredientes potenciadores de la energ\u00eda, que pueden aumentar potencialmente la producci\u00f3n de energ\u00eda celular, reducir la fatiga y permitir una recuperaci\u00f3n corporal m\u00e1s r\u00e1pida. Perfecto para los entusiastas del deporte, los trabajadores intensivos, y aquellos que requieren un poco de apoyo extra de energ\u00eda.<\/li>\n\n\n\n<li><strong>Mejora la funci\u00f3n cognitiva: <\/strong>Nuestro suplemento de extracto de shilajit a granel con \u00e1cido f\u00falvico e ingredientes antioxidantes activos que pueden inhibir el da\u00f1o oxidativo a las c\u00e9lulas cerebrales, mantener la funci\u00f3n \u00f3ptima del sistema nervioso, mejorar la concentraci\u00f3n, la memoria y la funci\u00f3n intelectual en general, y es ideal para estudiantes, individuos de carrera, de mediana edad y ancianos.<\/li>\n\n\n\n<li><strong>Favorece el sistema inmunitario: <\/strong>Estas gomitas de shilajit al por mayor est\u00e1n llenas de minerales, antioxidantes y compuestos antiinflamatorios. Shilajit aumenta la funci\u00f3n del sistema inmunol\u00f3gico, ayuda a combatir las infecciones por el cuerpo, protege contra el fr\u00edo y el riesgo de infecci\u00f3n, y mantiene el cuerpo en buen estado de salud a largo plazo.<\/li>\n\n\n\n<li><strong>Favorece un envejecimiento saludable: <\/strong>Este suplemento a granel del extracto del shilajit ofrece el antioxidante potente as\u00ed como la actividad antiinflamatoria que puede retardar da\u00f1o del radical libre en el proceso del envejecimiento celular, salvaguardar la funci\u00f3n del cuerpo, mantener el envejecimiento sano en la bah\u00eda, y mantener la piel, los empalmes, y la salud general en buenas condiciones.<\/li>\n<\/ul>\n<\/div>\n\n\n\n<div class=\"wp-block-column is-layout-flow wp-block-column-is-layout-flow\">\n<figure class=\"wp-block-image size-full\"><img decoding=\"async\" width=\"1000\" height=\"1000\" src=\"https:\/\/www.comehealthgroup.com\/wp-content\/uploads\/2025\/03\/shilajit-gummy-4.webp\" alt=\"Himalayas Shilajit Gummies Mayorista, Extracto de Shilajit Suplemento a Granel-4\" class=\"wp-image-1926\" srcset=\"https:\/\/www.comehealthgroup.com\/wp-content\/uploads\/2025\/03\/shilajit-gummy-4.webp 1000w, https:\/\/www.comehealthgroup.com\/wp-content\/uploads\/2025\/03\/shilajit-gummy-4-300x300.webp 300w, https:\/\/www.comehealthgroup.com\/wp-content\/uploads\/2025\/03\/shilajit-gummy-4-150x150.webp 150w, https:\/\/www.comehealthgroup.com\/wp-content\/uploads\/2025\/03\/shilajit-gummy-4-768x768.webp 768w, https:\/\/www.comehealthgroup.com\/wp-content\/uploads\/2025\/03\/shilajit-gummy-4-12x12.webp 12w, https:\/\/www.comehealthgroup.com\/wp-content\/uploads\/2025\/03\/shilajit-gummy-4-600x600.webp 600w, https:\/\/www.comehealthgroup.com\/wp-content\/uploads\/2025\/03\/shilajit-gummy-4-100x100.webp 100w\" sizes=\"(max-width: 1000px) 100vw, 1000px\" \/><\/figure>\n<\/div>\n<\/div>\n\n\n\n<p><\/p>","protected":false},"excerpt":{"rendered":"<p>Bienvenido a comprar suplemento de extracto de shilajit al por mayor. Nuestro Himalaya shilajit gomitas por mayor es rico en minerales y \u00e1cido f\u00falvico, que puede aumentar la fuerza y la energ\u00eda, mejorar la capacidad de pensamiento del cerebro, aumentar la inmunidad y promover el envejecimiento saludable. Suministro directo de f\u00e1brica, soporte al por mayor y personalizaci\u00f3n OEM.<\/p>\n<table style=\"border-collapse: collapse; width: 518px; height: 226px;\" border=\"0\" width=\"799\" cellspacing=\"0\" cellpadding=\"0\">\n<tbody>\n<tr style=\"height: 13.50pt;\">\n<td style=\"height: 13.50pt; width: 132.40pt;\" width=\"353\" height=\"36\">Marca<\/td>\n<td style=\"width: 167.30pt;\" width=\"446\">Marca blanca<\/td>\n<\/tr>\n<tr style=\"height: 13.50pt;\">\n<td style=\"height: 13.50pt;\" height=\"36\">Ventajas del producto<\/td>\n<td>*Aumenta la energ\u00eda y la resistencia<br \/>*Mejora la funci\u00f3n cognitiva<br \/>*Ayuda al sistema inmunitario<br \/>*Promueve un envejecimiento saludable<\/td>\n<\/tr>\n<tr style=\"height: 13.50pt;\">\n<td style=\"height: 13.50pt;\" height=\"36\">Forma farmac\u00e9utica<\/td>\n<td>Gominola<\/td>\n<\/tr>\n<tr style=\"height: 13.50pt;\">\n<td style=\"height: 13.50pt;\" height=\"36\">Especificaci\u00f3n del producto<\/td>\n<td>60 gominolas\/botella<\/td>\n<\/tr>\n<tr style=\"height: 13.50pt;\">\n<td style=\"height: 13.50pt;\" height=\"36\">Vida \u00fatil<\/td>\n<td>24 meses<\/td>\n<\/tr>\n<tr style=\"height: 13.50pt;\">\n<td style=\"height: 13.50pt;\" height=\"36\">Dimensiones (cm)<\/td>\n<td>7X7X12<\/td>\n<\/tr>\n<tr style=\"height: 13.50pt;\">\n<td style=\"height: 13.50pt;\" height=\"36\">Peso neto (kg)<\/td>\n<td>0,2 kg<\/td>\n<\/tr>\n<tr style=\"height: 13.50pt;\">\n<td style=\"height: 13.50pt;\" height=\"36\">Personalizaci\u00f3n<\/td>\n<td>Gr\u00e1fico, Logotipo, Paquete<\/td>\n<\/tr>\n<tr style=\"height: 13.50pt;\">\n<td style=\"height: 13.50pt;\" height=\"36\">Inventario<\/td>\n<td>En stock<\/td>\n<\/tr>\n<\/tbody>\n<\/table>","protected":false},"featured_media":1927,"comment_status":"closed","ping_status":"closed","template":"","meta":{"_acf_changed":false},"product_brand":[],"product_cat":[40,27,34,32],"product_tag":[],"class_list":{"0":"post-1925","1":"product","2":"type-product","3":"status-publish","4":"has-post-thumbnail","6":"product_cat-private-label-gummy-supplements","7":"product_cat-shilajit-bulk-supplements","8":"product_cat-private-label-health-supplements","9":"product_cat-private-label-immune-supplements","11":"first","12":"instock","13":"shipping-taxable","14":"product-type-simple"},"acf":[],"_links":{"self":[{"href":"https:\/\/www.comehealthgroup.com\/es\/wp-json\/wp\/v2\/product\/1925","targetHints":{"allow":["GET"]}}],"collection":[{"href":"https:\/\/www.comehealthgroup.com\/es\/wp-json\/wp\/v2\/product"}],"about":[{"href":"https:\/\/www.comehealthgroup.com\/es\/wp-json\/wp\/v2\/types\/product"}],"replies":[{"embeddable":true,"href":"https:\/\/www.comehealthgroup.com\/es\/wp-json\/wp\/v2\/comments?post=1925"}],"wp:featuredmedia":[{"embeddable":true,"href":"https:\/\/www.comehealthgroup.com\/es\/wp-json\/wp\/v2\/media\/1927"}],"wp:attachment":[{"href":"https:\/\/www.comehealthgroup.com\/es\/wp-json\/wp\/v2\/media?parent=1925"}],"wp:term":[{"taxonomy":"product_brand","embeddable":true,"href":"https:\/\/www.comehealthgroup.com\/es\/wp-json\/wp\/v2\/product_brand?post=1925"},{"taxonomy":"product_cat","embeddable":true,"href":"https:\/\/www.comehealthgroup.com\/es\/wp-json\/wp\/v2\/product_cat?post=1925"},{"taxonomy":"product_tag","embeddable":true,"href":"https:\/\/www.comehealthgroup.com\/es\/wp-json\/wp\/v2\/product_tag?post=1925"}],"curies":[{"name":"wp","href":"https:\/\/api.w.org\/{rel}","templated":true}]}}