{"id":1936,"date":"2025-04-06T02:28:30","date_gmt":"2025-04-06T02:28:30","guid":{"rendered":"https:\/\/www.comehealthgroup.com\/?post_type=product&#038;p=1936"},"modified":"2025-09-05T02:36:32","modified_gmt":"2025-09-05T02:36:32","slug":"turmeric-gummies-private-label","status":"publish","type":"product","link":"https:\/\/www.comehealthgroup.com\/es\/product\/turmeric-gummies-private-label\/","title":{"rendered":"Venta al por mayor Iron + Turmeric Gummies Private Label Service"},"content":{"rendered":"<div class=\"wp-block-columns is-layout-flex wp-container-core-columns-is-layout-9d6595d7 wp-block-columns-is-layout-flex\">\n<div class=\"wp-block-column is-layout-flow wp-block-column-is-layout-flow\">\n<h2 class=\"wp-block-heading\">Caracter\u00edsticas de Iron Turmeric Gummies Private Label<\/h2>\n\n\n\n<ul class=\"wp-block-list\">\n<li><strong>Impulsa el hierro:<\/strong> Nuestras gominolas de hierro+c\u00farcuma de marca blanca contienen hierro de f\u00e1cil absorci\u00f3n, que ayuda a reforzar las carencias de hierro, aumentar los niveles de energ\u00eda y fuerza, y combatir la debilidad y la fatiga.<\/li>\n\n\n\n<li><strong>Efectos antiinflamatorios naturales: <\/strong>Los compuestos activos de la c\u00farcuma (por ejemplo, la curcumina) tienen potentes efectos antiinflamatorios. Nuestro suplemento de c\u00farcuma al por mayor alivia el cuerpo de la inflamaci\u00f3n y mantiene el bienestar general.<\/li>\n\n\n\n<li><strong>Refuerza la funci\u00f3n inmunitaria: <\/strong>Nuestras gominolas de hierro+c\u00farcuma de marca blanca a\u00f1aden vitaminas e ingredientes naturales para ayudar a activar el sistema de defensa del organismo, mejorar la inmunidad y ayudar a combatir las enfermedades cotidianas.<\/li>\n\n\n\n<li><strong>Mejora el sistema digestivo: <\/strong>Los ingredientes de la c\u00farcuma ayudan a adaptar los intestinos. Este suplemento de c\u00farcuma al por mayor ayuda a mejorar la funci\u00f3n del sistema digestivo, aliviar las molestias estomacales y mantener un equilibrio saludable en los intestinos.<\/li>\n<\/ul>\n<\/div>\n\n\n\n<div class=\"wp-block-column is-layout-flow wp-block-column-is-layout-flow\">\n<figure class=\"wp-block-image size-full\"><img decoding=\"async\" width=\"1500\" height=\"1500\" src=\"https:\/\/www.comehealthgroup.com\/wp-content\/uploads\/2025\/03\/iron-turmeric-gummy-4.webp\" alt=\"Venta al por mayor Hierro + C\u00farcuma Gummies Etiqueta Privada Servicio-1\" class=\"wp-image-1937\" srcset=\"https:\/\/www.comehealthgroup.com\/wp-content\/uploads\/2025\/03\/iron-turmeric-gummy-4.webp 1500w, https:\/\/www.comehealthgroup.com\/wp-content\/uploads\/2025\/03\/iron-turmeric-gummy-4-300x300.webp 300w, https:\/\/www.comehealthgroup.com\/wp-content\/uploads\/2025\/03\/iron-turmeric-gummy-4-150x150.webp 150w, https:\/\/www.comehealthgroup.com\/wp-content\/uploads\/2025\/03\/iron-turmeric-gummy-4-768x768.webp 768w, https:\/\/www.comehealthgroup.com\/wp-content\/uploads\/2025\/03\/iron-turmeric-gummy-4-12x12.webp 12w, https:\/\/www.comehealthgroup.com\/wp-content\/uploads\/2025\/03\/iron-turmeric-gummy-4-1200x1200.webp 1200w, https:\/\/www.comehealthgroup.com\/wp-content\/uploads\/2025\/03\/iron-turmeric-gummy-4-600x600.webp 600w, https:\/\/www.comehealthgroup.com\/wp-content\/uploads\/2025\/03\/iron-turmeric-gummy-4-100x100.webp 100w\" sizes=\"(max-width: 1500px) 100vw, 1500px\" \/><\/figure>\n<\/div>\n<\/div>","protected":false},"excerpt":{"rendered":"<p>Bienvenido a comprar suplemento de c\u00farcuma al por mayor. Nuestras gominolas de hierro+c\u00farcuma de marca blanca combinan m\u00faltiples vitaminas para ayudar a potenciar el hierro, combatir la inflamaci\u00f3n, mejorar la inmunidad y contribuir a la salud digestiva. Deliciosas y f\u00e1ciles de tomar, son una opci\u00f3n ideal para suplementos de salud y pueden personalizarse al por mayor para diversas marcas de suplementos nutricionales.<\/p>\n<table style=\"border-collapse: collapse; width: 514px; height: 222px;\" border=\"0\" width=\"799\" cellspacing=\"0\" cellpadding=\"0\">\n<tbody>\n<tr style=\"height: 13.50pt;\">\n<td style=\"height: 13.50pt; width: 132.40pt;\" width=\"353\" height=\"36\">Marca<\/td>\n<td style=\"width: 167.30pt;\" width=\"446\">Marca blanca<\/td>\n<\/tr>\n<tr style=\"height: 13.50pt;\">\n<td style=\"height: 13.50pt;\" height=\"36\">Ventajas del producto<\/td>\n<td>*Aumenta los niveles de hierro<br \/>*Propiedades antiinflamatorias<br \/>*Apoya la funci\u00f3n inmunitaria<br \/>*Mejora la salud digestiva<\/td>\n<\/tr>\n<tr style=\"height: 13.50pt;\">\n<td style=\"height: 13.50pt;\" height=\"36\">Forma farmac\u00e9utica<\/td>\n<td>Gominola<\/td>\n<\/tr>\n<tr style=\"height: 13.50pt;\">\n<td style=\"height: 13.50pt;\" height=\"36\">Especificaci\u00f3n del producto<\/td>\n<td>60 gominolas\/botella<\/td>\n<\/tr>\n<tr style=\"height: 13.50pt;\">\n<td style=\"height: 13.50pt;\" height=\"36\">Vida \u00fatil<\/td>\n<td>24 meses<\/td>\n<\/tr>\n<tr style=\"height: 13.50pt;\">\n<td style=\"height: 13.50pt;\" height=\"36\">Dimensiones (cm)<\/td>\n<td>7X7X12<\/td>\n<\/tr>\n<tr style=\"height: 13.50pt;\">\n<td style=\"height: 13.50pt;\" height=\"36\">Peso neto (kg)<\/td>\n<td>0,2 kg<\/td>\n<\/tr>\n<tr style=\"height: 13.50pt;\">\n<td style=\"height: 13.50pt;\" height=\"36\">Personalizaci\u00f3n<\/td>\n<td>Gr\u00e1fico, Logotipo, Paquete<\/td>\n<\/tr>\n<tr style=\"height: 13.50pt;\">\n<td style=\"height: 13.50pt;\" height=\"36\">Inventario<\/td>\n<td>En stock<\/td>\n<\/tr>\n<\/tbody>\n<\/table>","protected":false},"featured_media":1939,"comment_status":"closed","ping_status":"closed","template":"","meta":{"_acf_changed":false},"product_brand":[],"product_cat":[40,34,32],"product_tag":[],"class_list":{"0":"post-1936","1":"product","2":"type-product","3":"status-publish","4":"has-post-thumbnail","6":"product_cat-private-label-gummy-supplements","7":"product_cat-private-label-health-supplements","8":"product_cat-private-label-immune-supplements","10":"first","11":"instock","12":"shipping-taxable","13":"product-type-simple"},"acf":[],"_links":{"self":[{"href":"https:\/\/www.comehealthgroup.com\/es\/wp-json\/wp\/v2\/product\/1936","targetHints":{"allow":["GET"]}}],"collection":[{"href":"https:\/\/www.comehealthgroup.com\/es\/wp-json\/wp\/v2\/product"}],"about":[{"href":"https:\/\/www.comehealthgroup.com\/es\/wp-json\/wp\/v2\/types\/product"}],"replies":[{"embeddable":true,"href":"https:\/\/www.comehealthgroup.com\/es\/wp-json\/wp\/v2\/comments?post=1936"}],"wp:featuredmedia":[{"embeddable":true,"href":"https:\/\/www.comehealthgroup.com\/es\/wp-json\/wp\/v2\/media\/1939"}],"wp:attachment":[{"href":"https:\/\/www.comehealthgroup.com\/es\/wp-json\/wp\/v2\/media?parent=1936"}],"wp:term":[{"taxonomy":"product_brand","embeddable":true,"href":"https:\/\/www.comehealthgroup.com\/es\/wp-json\/wp\/v2\/product_brand?post=1936"},{"taxonomy":"product_cat","embeddable":true,"href":"https:\/\/www.comehealthgroup.com\/es\/wp-json\/wp\/v2\/product_cat?post=1936"},{"taxonomy":"product_tag","embeddable":true,"href":"https:\/\/www.comehealthgroup.com\/es\/wp-json\/wp\/v2\/product_tag?post=1936"}],"curies":[{"name":"wp","href":"https:\/\/api.w.org\/{rel}","templated":true}]}}