{"id":1941,"date":"2025-04-06T02:14:04","date_gmt":"2025-04-06T02:14:04","guid":{"rendered":"https:\/\/www.comehealthgroup.com\/?post_type=product&#038;p=1941"},"modified":"2025-04-06T02:14:09","modified_gmt":"2025-04-06T02:14:09","slug":"magnesium-supplements-bulk","status":"publish","type":"product","link":"https:\/\/www.comehealthgroup.com\/es\/product\/magnesium-supplements-bulk\/","title":{"rendered":"Suplementos de magnesio a granel, gominolas de magnesio de marca blanca"},"content":{"rendered":"<div class=\"wp-block-columns is-layout-flex wp-container-core-columns-is-layout-9d6595d7 wp-block-columns-is-layout-flex\">\n<div class=\"wp-block-column is-layout-flow wp-block-column-is-layout-flow\">\n<h2 class=\"wp-block-heading\">Caracter\u00edsticas de los suplementos de magnesio a granel<\/h2>\n\n\n\n<ul class=\"wp-block-list\">\n<li><strong>Favorece la funci\u00f3n muscular:<\/strong> Estos suplementos de magnesio a granel son necesarios para la contracci\u00f3n y relajaci\u00f3n de los m\u00fasculos y pueden prevenir potencialmente los espasmos y calambres musculares.<\/li>\n\n\n\n<li><strong>Favorece la relajaci\u00f3n y un mejor sue\u00f1o: <\/strong>Nuestras gominolas de Magnesio de marca blanca crear\u00e1n un efecto relajante en el sistema nervioso, que puede aliviar la ansiedad y dar lugar a un sue\u00f1o mejor y m\u00e1s reparador.<\/li>\n\n\n\n<li><strong>Mantiene la salud \u00f3sea:<\/strong> El magnesio es un mineral esencial para la densidad \u00f3sea. Nuestros suplementos de magnesio a granel mantener los huesos sanos y fuertes y ayudar a la vitamina D y calcio.<\/li>\n\n\n\n<li><strong>Favorece la salud del coraz\u00f3n:<\/strong> Nuestras gominolas de magnesio de marca blanca reducen la presi\u00f3n arterial, mantienen un ritmo cardiaco saludable y conservan la salud cardiovascular en general.<\/li>\n<\/ul>\n<\/div>\n\n\n\n<div class=\"wp-block-column is-layout-flow wp-block-column-is-layout-flow\">\n<figure class=\"wp-block-image size-full\"><img decoding=\"async\" width=\"1500\" height=\"1500\" src=\"https:\/\/www.comehealthgroup.com\/wp-content\/uploads\/2025\/03\/Magnesium-gummy-3-1.webp\" alt=\"Suplementos de magnesio a granel, marca blanca Gominolas de magnesio-2\" class=\"wp-image-1943\" srcset=\"https:\/\/www.comehealthgroup.com\/wp-content\/uploads\/2025\/03\/Magnesium-gummy-3-1.webp 1500w, https:\/\/www.comehealthgroup.com\/wp-content\/uploads\/2025\/03\/Magnesium-gummy-3-1-300x300.webp 300w, https:\/\/www.comehealthgroup.com\/wp-content\/uploads\/2025\/03\/Magnesium-gummy-3-1-150x150.webp 150w, https:\/\/www.comehealthgroup.com\/wp-content\/uploads\/2025\/03\/Magnesium-gummy-3-1-768x768.webp 768w, https:\/\/www.comehealthgroup.com\/wp-content\/uploads\/2025\/03\/Magnesium-gummy-3-1-12x12.webp 12w, https:\/\/www.comehealthgroup.com\/wp-content\/uploads\/2025\/03\/Magnesium-gummy-3-1-1200x1200.webp 1200w, https:\/\/www.comehealthgroup.com\/wp-content\/uploads\/2025\/03\/Magnesium-gummy-3-1-600x600.webp 600w, https:\/\/www.comehealthgroup.com\/wp-content\/uploads\/2025\/03\/Magnesium-gummy-3-1-100x100.webp 100w\" sizes=\"(max-width: 1500px) 100vw, 1500px\" \/><\/figure>\n<\/div>\n<\/div>","protected":false},"excerpt":{"rendered":"<p>Bienvenido a comprar suplementos de magnesio a granel. Nuestras gominolas de magnesio de marca blanca proporcionan una importante ayuda para la funci\u00f3n muscular, la relajaci\u00f3n y un mejor sue\u00f1o, una mejor densidad \u00f3sea y la salud cardiovascular. Las gominolas son una forma f\u00e1cil y eficaz de incorporar magnesio a su rutina para un bienestar general.<\/p>\n<table style=\"border-collapse: collapse; width: 515px; height: 213px;\" border=\"0\" width=\"799\" cellspacing=\"0\" cellpadding=\"0\">\n<tbody>\n<tr style=\"height: 13.50pt;\">\n<td style=\"height: 13.50pt; width: 132.40pt;\" width=\"353\" height=\"36\">Marca<\/td>\n<td style=\"width: 167.30pt;\" width=\"446\">Marca blanca<\/td>\n<\/tr>\n<tr style=\"height: 13.50pt;\">\n<td style=\"height: 13.50pt;\" height=\"36\">Ventajas del producto<\/td>\n<td>*Apoya la funci\u00f3n muscular<br \/>*Promueve la relajaci\u00f3n y un mejor sue\u00f1o<br \/>*Mejora la salud \u00f3sea<br \/>*Favorece la salud del coraz\u00f3n<\/td>\n<\/tr>\n<tr style=\"height: 13.50pt;\">\n<td style=\"height: 13.50pt;\" height=\"36\">Forma farmac\u00e9utica<\/td>\n<td>Gominola<\/td>\n<\/tr>\n<tr style=\"height: 13.50pt;\">\n<td style=\"height: 13.50pt;\" height=\"36\">Especificaci\u00f3n del producto<\/td>\n<td>60 gominolas\/botella<\/td>\n<\/tr>\n<tr style=\"height: 13.50pt;\">\n<td style=\"height: 13.50pt;\" height=\"36\">Vida \u00fatil<\/td>\n<td>24 meses<\/td>\n<\/tr>\n<tr style=\"height: 13.50pt;\">\n<td style=\"height: 13.50pt;\" height=\"36\">Dimensiones (cm)<\/td>\n<td>7X7X12<\/td>\n<\/tr>\n<tr style=\"height: 13.50pt;\">\n<td style=\"height: 13.50pt;\" height=\"36\">Peso neto (kg)<\/td>\n<td>0,2 kg<\/td>\n<\/tr>\n<tr style=\"height: 13.50pt;\">\n<td style=\"height: 13.50pt;\" height=\"36\">Personalizaci\u00f3n<\/td>\n<td>Gr\u00e1fico, Logotipo, Paquete<\/td>\n<\/tr>\n<tr style=\"height: 13.50pt;\">\n<td style=\"height: 13.50pt;\" height=\"36\">Inventario<\/td>\n<td>En stock<\/td>\n<\/tr>\n<\/tbody>\n<\/table>","protected":false},"featured_media":1944,"comment_status":"closed","ping_status":"closed","template":"","meta":{"_acf_changed":false},"product_brand":[],"product_cat":[40,35,34,29,41],"product_tag":[],"class_list":{"0":"post-1941","1":"product","2":"type-product","3":"status-publish","4":"has-post-thumbnail","6":"product_cat-private-label-gummy-supplements","7":"product_cat-sleep-supplements-wholesale","8":"product_cat-private-label-health-supplements","9":"product_cat-sports-supplements-wholesale","10":"product_cat-bulk-vitamins-and-minerals-supplements","12":"first","13":"instock","14":"shipping-taxable","15":"product-type-simple"},"acf":[],"_links":{"self":[{"href":"https:\/\/www.comehealthgroup.com\/es\/wp-json\/wp\/v2\/product\/1941","targetHints":{"allow":["GET"]}}],"collection":[{"href":"https:\/\/www.comehealthgroup.com\/es\/wp-json\/wp\/v2\/product"}],"about":[{"href":"https:\/\/www.comehealthgroup.com\/es\/wp-json\/wp\/v2\/types\/product"}],"replies":[{"embeddable":true,"href":"https:\/\/www.comehealthgroup.com\/es\/wp-json\/wp\/v2\/comments?post=1941"}],"wp:featuredmedia":[{"embeddable":true,"href":"https:\/\/www.comehealthgroup.com\/es\/wp-json\/wp\/v2\/media\/1944"}],"wp:attachment":[{"href":"https:\/\/www.comehealthgroup.com\/es\/wp-json\/wp\/v2\/media?parent=1941"}],"wp:term":[{"taxonomy":"product_brand","embeddable":true,"href":"https:\/\/www.comehealthgroup.com\/es\/wp-json\/wp\/v2\/product_brand?post=1941"},{"taxonomy":"product_cat","embeddable":true,"href":"https:\/\/www.comehealthgroup.com\/es\/wp-json\/wp\/v2\/product_cat?post=1941"},{"taxonomy":"product_tag","embeddable":true,"href":"https:\/\/www.comehealthgroup.com\/es\/wp-json\/wp\/v2\/product_tag?post=1941"}],"curies":[{"name":"wp","href":"https:\/\/api.w.org\/{rel}","templated":true}]}}