{"id":1950,"date":"2025-03-14T07:26:37","date_gmt":"2025-03-14T07:26:37","guid":{"rendered":"https:\/\/www.comehealthgroup.com\/?post_type=product&#038;p=1950"},"modified":"2025-03-14T07:26:38","modified_gmt":"2025-03-14T07:26:38","slug":"private-label-sea-moss-gummies","status":"publish","type":"product","link":"https:\/\/www.comehealthgroup.com\/es\/product\/private-label-sea-moss-gummies\/","title":{"rendered":"Gominolas de musgo marino de marca blanca al por mayor para salud y belleza"},"content":{"rendered":"<div class=\"wp-block-columns is-layout-flex wp-container-core-columns-is-layout-9d6595d7 wp-block-columns-is-layout-flex\">\n<div class=\"wp-block-column is-layout-flow wp-block-column-is-layout-flow\">\n<h2 class=\"wp-block-heading\">Caracter\u00edsticas de las gominolas de musgo marino de marca blanca<\/h2>\n\n\n\n<ul class=\"wp-block-list\">\n<li><strong>Favorece la salud de la tiroides: <\/strong>Las algas marinas son una excelente fuente de yodo y selenio, esenciales para la funci\u00f3n tiroidea. Nuestras gominolas de musgo marino de marca blanca favorecen el equilibrio hormonal, impulsan el metabolismo, evitan problemas como la fatiga, los cambios de peso y los cambios de humor, y mantienen un organismo sano.<\/li>\n\n\n\n<li><strong>Desintoxicaci\u00f3n natural y apoyo digestivo:<\/strong> Nuestras gominolas de musgo marino al por mayor tienen altos niveles de sustancias gelatinosas naturales y fibra diet\u00e9tica que pueden desintoxicar los intestinos, promover la salud digestiva y purificar el cuerpo de toxinas.<\/li>\n\n\n\n<li><strong>Favorece una piel hidratada y suave: <\/strong>Nuestras gominolas de musgo marino de marca blanca est\u00e1n cargadas de gomas naturales y antioxidantes, que fijan la humedad en la piel, refuerzan la funci\u00f3n de barrera cut\u00e1nea, inhiben la sequedad y el embotamiento, suavizan la piel para hacerla m\u00e1s delicada y tersa, y potencian la producci\u00f3n de col\u00e1geno para que la piel sea m\u00e1s el\u00e1stica.<\/li>\n\n\n\n<li><strong>Aumentar los niveles de energ\u00eda: <\/strong>Nuestras gominolas de musgo marino al por mayor contienen cantidades sustanciales de hierro, magnesio y vitaminas del grupo B, fundamentales para el metabolismo energ\u00e9tico, que reducen la fatiga, mejoran la resistencia f\u00edsica y le mantienen con energ\u00eda durante todo el d\u00eda.<\/li>\n<\/ul>\n<\/div>\n\n\n\n<div class=\"wp-block-column is-layout-flow wp-block-column-is-layout-flow\">\n<figure class=\"wp-block-image size-full\"><img decoding=\"async\" width=\"1500\" height=\"1500\" src=\"https:\/\/www.comehealthgroup.com\/wp-content\/uploads\/2025\/03\/Sea-Moss-Gummy-2.webp\" alt=\"Gominolas de musgo marino al por mayor para salud y belleza-1\" class=\"wp-image-1953\" srcset=\"https:\/\/www.comehealthgroup.com\/wp-content\/uploads\/2025\/03\/Sea-Moss-Gummy-2.webp 1500w, https:\/\/www.comehealthgroup.com\/wp-content\/uploads\/2025\/03\/Sea-Moss-Gummy-2-300x300.webp 300w, https:\/\/www.comehealthgroup.com\/wp-content\/uploads\/2025\/03\/Sea-Moss-Gummy-2-150x150.webp 150w, https:\/\/www.comehealthgroup.com\/wp-content\/uploads\/2025\/03\/Sea-Moss-Gummy-2-768x768.webp 768w, https:\/\/www.comehealthgroup.com\/wp-content\/uploads\/2025\/03\/Sea-Moss-Gummy-2-12x12.webp 12w, https:\/\/www.comehealthgroup.com\/wp-content\/uploads\/2025\/03\/Sea-Moss-Gummy-2-1200x1200.webp 1200w, https:\/\/www.comehealthgroup.com\/wp-content\/uploads\/2025\/03\/Sea-Moss-Gummy-2-600x600.webp 600w, https:\/\/www.comehealthgroup.com\/wp-content\/uploads\/2025\/03\/Sea-Moss-Gummy-2-100x100.webp 100w\" sizes=\"(max-width: 1500px) 100vw, 1500px\" \/><\/figure>\n<\/div>\n<\/div>","protected":false},"excerpt":{"rendered":"<p>Bienvenido a comprar gominolas de musgo marino al por mayor. Nuestras gominolas de musgo marino de marca blanca son ricas en extractos de algas marinas de alta calidad para mejorar la inmunidad, el cuidado de la piel, la funci\u00f3n tiroidea y el metabolismo. Las deliciosas gominolas son f\u00e1ciles de tragar y garantizan salud y belleza.<\/p>\n<table style=\"border-collapse: collapse; width: 516px; height: 223px;\" border=\"0\" width=\"799\" cellspacing=\"0\" cellpadding=\"0\">\n<tbody>\n<tr style=\"height: 13.50pt;\">\n<td style=\"height: 13.50pt; width: 132.40pt;\" width=\"353\" height=\"36\">Marca<\/td>\n<td style=\"width: 167.30pt;\" width=\"446\">Marca blanca<\/td>\n<\/tr>\n<tr style=\"height: 13.50pt;\">\n<td style=\"height: 13.50pt;\" height=\"36\">Ventajas del producto<\/td>\n<td>*Rico en minerales esenciales<br \/>*Refuerza el sistema inmunitario<br \/>*Favorece la salud digestiva<br \/>*Mejora la salud de la piel<\/td>\n<\/tr>\n<tr style=\"height: 13.50pt;\">\n<td style=\"height: 13.50pt;\" height=\"36\">Forma farmac\u00e9utica<\/td>\n<td>Gominola<\/td>\n<\/tr>\n<tr style=\"height: 13.50pt;\">\n<td style=\"height: 13.50pt;\" height=\"36\">Especificaci\u00f3n del producto<\/td>\n<td>60 gominolas\/botella<\/td>\n<\/tr>\n<tr style=\"height: 13.50pt;\">\n<td style=\"height: 13.50pt;\" height=\"36\">Vida \u00fatil<\/td>\n<td>24 meses<\/td>\n<\/tr>\n<tr style=\"height: 13.50pt;\">\n<td style=\"height: 13.50pt;\" height=\"36\">Dimensiones (cm)<\/td>\n<td>7X7X12<\/td>\n<\/tr>\n<tr style=\"height: 13.50pt;\">\n<td style=\"height: 13.50pt;\" height=\"36\">Peso neto (kg)<\/td>\n<td>0,2 kg<\/td>\n<\/tr>\n<tr style=\"height: 13.50pt;\">\n<td style=\"height: 13.50pt;\" height=\"36\">Personalizaci\u00f3n<\/td>\n<td>Gr\u00e1fico, Logotipo, Paquete<\/td>\n<\/tr>\n<tr style=\"height: 13.50pt;\">\n<td style=\"height: 13.50pt;\" height=\"36\">Inventario<\/td>\n<td>En stock<\/td>\n<\/tr>\n<\/tbody>\n<\/table>\n<p>&nbsp;<\/p>","protected":false},"featured_media":1955,"comment_status":"closed","ping_status":"closed","template":"","meta":{"_acf_changed":false},"product_brand":[],"product_cat":[40,36,34],"product_tag":[],"class_list":{"0":"post-1950","1":"product","2":"type-product","3":"status-publish","4":"has-post-thumbnail","6":"product_cat-private-label-gummy-supplements","7":"product_cat-private-label-beauty-supplements","8":"product_cat-private-label-health-supplements","10":"first","11":"instock","12":"shipping-taxable","13":"product-type-simple"},"acf":[],"_links":{"self":[{"href":"https:\/\/www.comehealthgroup.com\/es\/wp-json\/wp\/v2\/product\/1950","targetHints":{"allow":["GET"]}}],"collection":[{"href":"https:\/\/www.comehealthgroup.com\/es\/wp-json\/wp\/v2\/product"}],"about":[{"href":"https:\/\/www.comehealthgroup.com\/es\/wp-json\/wp\/v2\/types\/product"}],"replies":[{"embeddable":true,"href":"https:\/\/www.comehealthgroup.com\/es\/wp-json\/wp\/v2\/comments?post=1950"}],"wp:featuredmedia":[{"embeddable":true,"href":"https:\/\/www.comehealthgroup.com\/es\/wp-json\/wp\/v2\/media\/1955"}],"wp:attachment":[{"href":"https:\/\/www.comehealthgroup.com\/es\/wp-json\/wp\/v2\/media?parent=1950"}],"wp:term":[{"taxonomy":"product_brand","embeddable":true,"href":"https:\/\/www.comehealthgroup.com\/es\/wp-json\/wp\/v2\/product_brand?post=1950"},{"taxonomy":"product_cat","embeddable":true,"href":"https:\/\/www.comehealthgroup.com\/es\/wp-json\/wp\/v2\/product_cat?post=1950"},{"taxonomy":"product_tag","embeddable":true,"href":"https:\/\/www.comehealthgroup.com\/es\/wp-json\/wp\/v2\/product_tag?post=1950"}],"curies":[{"name":"wp","href":"https:\/\/api.w.org\/{rel}","templated":true}]}}