{"id":1956,"date":"2025-03-14T07:09:35","date_gmt":"2025-03-14T07:09:35","guid":{"rendered":"https:\/\/www.comehealthgroup.com\/?post_type=product&#038;p=1956"},"modified":"2025-03-14T07:09:36","modified_gmt":"2025-03-14T07:09:36","slug":"iron-gummies-private-label","status":"publish","type":"product","link":"https:\/\/www.comehealthgroup.com\/es\/product\/iron-gummies-private-label\/","title":{"rendered":"Gominolas de hierro de remolacha ecol\u00f3gica Etiqueta Privada y Suministro al por mayor"},"content":{"rendered":"<div class=\"wp-block-columns is-layout-flex wp-container-core-columns-is-layout-9d6595d7 wp-block-columns-is-layout-flex\">\n<div class=\"wp-block-column is-layout-flow wp-block-column-is-layout-flow\">\n<h2 class=\"wp-block-heading\">Caracter\u00edsticas de Iron Gummies Private Label<\/h2>\n\n\n\n<ul class=\"wp-block-list\">\n<li><strong>Aumentar eficazmente el contenido de hierro: <\/strong>Nuestras gominolas de hierro de marca blanca contienen extracto org\u00e1nico de remolacha y hierro, que pueden mejorar eficazmente los niveles de hemoglobina, potenciar la formaci\u00f3n de gl\u00f3bulos rojos, mejorar los s\u00edntomas de la anemia ferrop\u00e9nica, curar la fatiga y los mareos y rejuvenecer el organismo.<\/li>\n\n\n\n<li><strong>Aumenta la energ\u00eda y la resistencia:<\/strong> El hierro es un elemento importante en el metabolismo energ\u00e9tico. Este suplemento de gominolas al por mayor aumenta la eficacia del suministro de ox\u00edgeno, reduce la fatiga y la debilidad, favorece el rendimiento atl\u00e9tico y las necesidades energ\u00e9ticas diarias, y te mantiene lleno de energ\u00eda en el trabajo, el deporte y la vida.<\/li>\n\n\n\n<li><strong>Favorece la salud del coraz\u00f3n: <\/strong>La remolacha es rica en nitratos naturales que ayudan a dilatar los vasos sangu\u00edneos. Esta remolacha Iron gummies marca blanca reduce eficazmente la presi\u00f3n arterial y estimula el flujo sangu\u00edneo, asegurando as\u00ed el bienestar cardiovascular, aligerando la carga de trabajo del coraz\u00f3n y minimizando el riesgo de trastornos como la hipertensi\u00f3n.<\/li>\n\n\n\n<li><strong>Favorece la circulaci\u00f3n sangu\u00ednea: <\/strong>El efecto sin\u00e9rgico de la remolacha y el hierro que se encuentra en este suplemento de gominolas al por mayor puede ayudar a promover el flujo sangu\u00edneo, aumentar la oxigenaci\u00f3n en todo el cuerpo, aliviar las condiciones de mala circulaci\u00f3n, como manos y pies fr\u00edos, y el bienestar general.<\/li>\n<\/ul>\n<\/div>\n\n\n\n<div class=\"wp-block-column is-layout-flow wp-block-column-is-layout-flow\">\n<figure class=\"wp-block-image size-full\"><img decoding=\"async\" width=\"800\" height=\"800\" src=\"https:\/\/www.comehealthgroup.com\/wp-content\/uploads\/2025\/03\/Beets-Iron-Gummy-4.webp\" alt=\"Gominolas de hierro de remolacha ecol\u00f3gica Etiqueta privada y suministro al por mayor-1\" class=\"wp-image-1961\" srcset=\"https:\/\/www.comehealthgroup.com\/wp-content\/uploads\/2025\/03\/Beets-Iron-Gummy-4.webp 800w, https:\/\/www.comehealthgroup.com\/wp-content\/uploads\/2025\/03\/Beets-Iron-Gummy-4-300x300.webp 300w, https:\/\/www.comehealthgroup.com\/wp-content\/uploads\/2025\/03\/Beets-Iron-Gummy-4-150x150.webp 150w, https:\/\/www.comehealthgroup.com\/wp-content\/uploads\/2025\/03\/Beets-Iron-Gummy-4-768x768.webp 768w, https:\/\/www.comehealthgroup.com\/wp-content\/uploads\/2025\/03\/Beets-Iron-Gummy-4-12x12.webp 12w, https:\/\/www.comehealthgroup.com\/wp-content\/uploads\/2025\/03\/Beets-Iron-Gummy-4-600x600.webp 600w, https:\/\/www.comehealthgroup.com\/wp-content\/uploads\/2025\/03\/Beets-Iron-Gummy-4-100x100.webp 100w\" sizes=\"(max-width: 800px) 100vw, 800px\" \/><\/figure>\n<\/div>\n<\/div>","protected":false},"excerpt":{"rendered":"<p>Bienvenido a comprar suplementos de goma al por mayor. Nuestra remolacha Hierro gomitas etiqueta privada proporciona apoyo energ\u00e9tico natural para el cuerpo, mejora la resistencia y la energ\u00eda, mientras que la promoci\u00f3n de la circulaci\u00f3n sangu\u00ednea y la salud del coraz\u00f3n. Rico en fuentes de hierro de origen vegetal, es f\u00e1cil de absorber, ayuda a mejorar los s\u00edntomas de la anemia y mejora la vitalidad f\u00edsica. Admite la venta al por mayor y la personalizaci\u00f3n OEM.<\/p>\n<table style=\"border-collapse: collapse; width: 515px; height: 224px;\" border=\"0\" width=\"799\" cellspacing=\"0\" cellpadding=\"0\">\n<tbody>\n<tr style=\"height: 13.50pt;\">\n<td style=\"height: 13.50pt; width: 132.40pt;\" width=\"353\" height=\"36\">Marca<\/td>\n<td style=\"width: 167.30pt;\" width=\"446\">Marca blanca<\/td>\n<\/tr>\n<tr style=\"height: 13.50pt;\">\n<td style=\"height: 13.50pt;\" height=\"36\">Ventajas del producto<\/td>\n<td>*Aumenta los niveles de hierro<br \/>*Mejora la energ\u00eda y la resistencia<br \/>*Favorece la salud del coraz\u00f3n<br \/>*Ayuda al flujo sangu\u00edneo y a la circulaci\u00f3n<\/td>\n<\/tr>\n<tr style=\"height: 13.50pt;\">\n<td style=\"height: 13.50pt;\" height=\"36\">Forma farmac\u00e9utica<\/td>\n<td>Gominola<\/td>\n<\/tr>\n<tr style=\"height: 13.50pt;\">\n<td style=\"height: 13.50pt;\" height=\"36\">Especificaci\u00f3n del producto<\/td>\n<td>60 gominolas\/botella<\/td>\n<\/tr>\n<tr style=\"height: 13.50pt;\">\n<td style=\"height: 13.50pt;\" height=\"36\">Vida \u00fatil<\/td>\n<td>24 meses<\/td>\n<\/tr>\n<tr style=\"height: 13.50pt;\">\n<td style=\"height: 13.50pt;\" height=\"36\">Dimensiones (cm)<\/td>\n<td>7X7X12<\/td>\n<\/tr>\n<tr style=\"height: 13.50pt;\">\n<td style=\"height: 13.50pt;\" height=\"36\">Peso neto (kg)<\/td>\n<td>0,2 kg<\/td>\n<\/tr>\n<tr style=\"height: 13.50pt;\">\n<td style=\"height: 13.50pt;\" height=\"36\">Personalizaci\u00f3n<\/td>\n<td>Gr\u00e1fico, Logotipo, Paquete<\/td>\n<\/tr>\n<tr style=\"height: 13.50pt;\">\n<td style=\"height: 13.50pt;\" height=\"36\">Inventario<\/td>\n<td>En stock<\/td>\n<\/tr>\n<\/tbody>\n<\/table>","protected":false},"featured_media":1958,"comment_status":"closed","ping_status":"closed","template":"","meta":{"_acf_changed":false},"product_brand":[],"product_cat":[40],"product_tag":[],"class_list":{"0":"post-1956","1":"product","2":"type-product","3":"status-publish","4":"has-post-thumbnail","6":"product_cat-private-label-gummy-supplements","8":"first","9":"instock","10":"shipping-taxable","11":"product-type-simple"},"acf":[],"_links":{"self":[{"href":"https:\/\/www.comehealthgroup.com\/es\/wp-json\/wp\/v2\/product\/1956","targetHints":{"allow":["GET"]}}],"collection":[{"href":"https:\/\/www.comehealthgroup.com\/es\/wp-json\/wp\/v2\/product"}],"about":[{"href":"https:\/\/www.comehealthgroup.com\/es\/wp-json\/wp\/v2\/types\/product"}],"replies":[{"embeddable":true,"href":"https:\/\/www.comehealthgroup.com\/es\/wp-json\/wp\/v2\/comments?post=1956"}],"wp:featuredmedia":[{"embeddable":true,"href":"https:\/\/www.comehealthgroup.com\/es\/wp-json\/wp\/v2\/media\/1958"}],"wp:attachment":[{"href":"https:\/\/www.comehealthgroup.com\/es\/wp-json\/wp\/v2\/media?parent=1956"}],"wp:term":[{"taxonomy":"product_brand","embeddable":true,"href":"https:\/\/www.comehealthgroup.com\/es\/wp-json\/wp\/v2\/product_brand?post=1956"},{"taxonomy":"product_cat","embeddable":true,"href":"https:\/\/www.comehealthgroup.com\/es\/wp-json\/wp\/v2\/product_cat?post=1956"},{"taxonomy":"product_tag","embeddable":true,"href":"https:\/\/www.comehealthgroup.com\/es\/wp-json\/wp\/v2\/product_tag?post=1956"}],"curies":[{"name":"wp","href":"https:\/\/api.w.org\/{rel}","templated":true}]}}