{"id":1966,"date":"2025-04-03T09:19:07","date_gmt":"2025-04-03T09:19:07","guid":{"rendered":"https:\/\/www.comehealthgroup.com\/?post_type=product&#038;p=1966"},"modified":"2025-04-03T09:50:46","modified_gmt":"2025-04-03T09:50:46","slug":"saffron-gummies-wholesale","status":"publish","type":"product","link":"https:\/\/www.comehealthgroup.com\/es\/product\/saffron-gummies-wholesale\/","title":{"rendered":"Gominolas de azafr\u00e1n vegano al por mayor, suplementos de azafr\u00e1n de marca blanca"},"content":{"rendered":"<div class=\"wp-block-columns is-layout-flex wp-container-core-columns-is-layout-9d6595d7 wp-block-columns-is-layout-flex\">\n<div class=\"wp-block-column is-layout-flow wp-block-column-is-layout-flow\">\n<h2 class=\"wp-block-heading\">Caracter\u00edsticas de las Gominolas de Azafr\u00e1n al por mayor<\/h2>\n\n\n\n<ul class=\"wp-block-list\">\n<li><strong>Mejora el estado de \u00e1nimo y reduce el estr\u00e9s: <\/strong>Con azafr\u00e1n puro repleto de poder para controlar el estado de \u00e1nimo, reducir el estr\u00e9s y mejorar el humor, nuestras gominolas de azafr\u00e1n al por mayor estabilizan el estado de \u00e1nimo, reducen la ansiedad y el estr\u00e9s, mejoran tu estado de \u00e1nimo general y te mantienen lleno de energ\u00eda positiva durante todo el d\u00eda.<\/li>\n\n\n\n<li><strong>Favorece la salud ocular: <\/strong>Nuestras gominolas de azafr\u00e1n de marca blanca contienen antioxidantes naturales que protegen la salud ocular, revierten el envejecimiento y favorecen una buena visi\u00f3n.<\/li>\n\n\n\n<li><strong>Mejora la memoria y la funci\u00f3n cognitiva:<\/strong> El uso regular y a largo plazo de nuestras gominolas de azafr\u00e1n al por mayor podr\u00eda mejorar la memoria y la funci\u00f3n cognitiva, apoyar la mejora de la salud cerebral y mantener el pensamiento claro y la concentraci\u00f3n.<\/li>\n\n\n\n<li><strong>Ayuda a controlar el apetito y a controlar el peso: <\/strong>La supresi\u00f3n natural del apetito se produce gracias al azafr\u00e1n, y nuestras gominolas de marca blanca hechas a base de azafr\u00e1n garantizan un control de peso saludable, por lo que es un producto ideal para los usuarios que persiguen una vida sana y el control del peso.<\/li>\n<\/ul>\n<\/div>\n\n\n\n<div class=\"wp-block-column is-layout-flow wp-block-column-is-layout-flow\">\n<figure class=\"wp-block-image size-full\"><img decoding=\"async\" width=\"1500\" height=\"1500\" src=\"https:\/\/www.comehealthgroup.com\/wp-content\/uploads\/2025\/03\/Saffron-gummy-3.webp\" alt=\"Gominolas de azafr\u00e1n vegano al por mayor, suplementos de azafr\u00e1n de marca blanca-1\" class=\"wp-image-1969\" srcset=\"https:\/\/www.comehealthgroup.com\/wp-content\/uploads\/2025\/03\/Saffron-gummy-3.webp 1500w, https:\/\/www.comehealthgroup.com\/wp-content\/uploads\/2025\/03\/Saffron-gummy-3-300x300.webp 300w, https:\/\/www.comehealthgroup.com\/wp-content\/uploads\/2025\/03\/Saffron-gummy-3-150x150.webp 150w, https:\/\/www.comehealthgroup.com\/wp-content\/uploads\/2025\/03\/Saffron-gummy-3-768x768.webp 768w, https:\/\/www.comehealthgroup.com\/wp-content\/uploads\/2025\/03\/Saffron-gummy-3-12x12.webp 12w, https:\/\/www.comehealthgroup.com\/wp-content\/uploads\/2025\/03\/Saffron-gummy-3-1200x1200.webp 1200w, https:\/\/www.comehealthgroup.com\/wp-content\/uploads\/2025\/03\/Saffron-gummy-3-600x600.webp 600w, https:\/\/www.comehealthgroup.com\/wp-content\/uploads\/2025\/03\/Saffron-gummy-3-100x100.webp 100w\" sizes=\"(max-width: 1500px) 100vw, 1500px\" \/><\/figure>\n<\/div>\n<\/div>","protected":false},"excerpt":{"rendered":"<p>Bienvenido a comprar gominolas de azafr\u00e1n al por mayor. Nuestras gominolas de azafr\u00e1n de marca blanca son \u00fatiles para mejorar el estado de \u00e1nimo, combatir el estr\u00e9s, la salud ocular, la memoria y para suprimir el apetito y controlar el peso. Deliciosas y sin estr\u00e9s, vegetarianas y saludables para el consumidor.<\/p>\n<table style=\"border-collapse: collapse; width: 513px; height: 226px;\" border=\"0\" width=\"799\" cellspacing=\"0\" cellpadding=\"0\">\n<tbody>\n<tr style=\"height: 13.50pt;\">\n<td style=\"height: 13.50pt; width: 132.40pt;\" width=\"353\" height=\"36\">Marca<\/td>\n<td style=\"width: 167.30pt;\" width=\"446\">Marca blanca<\/td>\n<\/tr>\n<tr style=\"height: 13.50pt;\">\n<td style=\"height: 13.50pt;\" height=\"36\">Ventajas del producto<\/td>\n<td>*Mejora el estado de \u00e1nimo y reduce el estr\u00e9s<br \/>*Favorece la salud ocular<br \/>*Aumenta la memoria y la funci\u00f3n cognitiva<br \/>*Ayuda a controlar el apetito y el peso<\/td>\n<\/tr>\n<tr style=\"height: 13.50pt;\">\n<td style=\"height: 13.50pt;\" height=\"36\">Forma farmac\u00e9utica<\/td>\n<td>Gominola<\/td>\n<\/tr>\n<tr style=\"height: 13.50pt;\">\n<td style=\"height: 13.50pt;\" height=\"36\">Especificaci\u00f3n del producto<\/td>\n<td>60 gominolas\/botella<\/td>\n<\/tr>\n<tr style=\"height: 13.50pt;\">\n<td style=\"height: 13.50pt;\" height=\"36\">Vida \u00fatil<\/td>\n<td>24 meses<\/td>\n<\/tr>\n<tr style=\"height: 13.50pt;\">\n<td style=\"height: 13.50pt;\" height=\"36\">Dimensiones (cm)<\/td>\n<td>7X7X12<\/td>\n<\/tr>\n<tr style=\"height: 13.50pt;\">\n<td style=\"height: 13.50pt;\" height=\"36\">Peso neto (kg)<\/td>\n<td>0,2 kg<\/td>\n<\/tr>\n<tr style=\"height: 13.50pt;\">\n<td style=\"height: 13.50pt;\" height=\"36\">Personalizaci\u00f3n<\/td>\n<td>Gr\u00e1fico, Logotipo, Paquete<\/td>\n<\/tr>\n<tr style=\"height: 13.50pt;\">\n<td style=\"height: 13.50pt;\" height=\"36\">Inventario<\/td>\n<td>En stock<\/td>\n<\/tr>\n<\/tbody>\n<\/table>","protected":false},"featured_media":1971,"comment_status":"closed","ping_status":"closed","template":"","meta":{"_acf_changed":false},"product_brand":[],"product_cat":[40,34,29],"product_tag":[],"class_list":{"0":"post-1966","1":"product","2":"type-product","3":"status-publish","4":"has-post-thumbnail","6":"product_cat-private-label-gummy-supplements","7":"product_cat-private-label-health-supplements","8":"product_cat-sports-supplements-wholesale","10":"first","11":"instock","12":"shipping-taxable","13":"product-type-simple"},"acf":[],"_links":{"self":[{"href":"https:\/\/www.comehealthgroup.com\/es\/wp-json\/wp\/v2\/product\/1966","targetHints":{"allow":["GET"]}}],"collection":[{"href":"https:\/\/www.comehealthgroup.com\/es\/wp-json\/wp\/v2\/product"}],"about":[{"href":"https:\/\/www.comehealthgroup.com\/es\/wp-json\/wp\/v2\/types\/product"}],"replies":[{"embeddable":true,"href":"https:\/\/www.comehealthgroup.com\/es\/wp-json\/wp\/v2\/comments?post=1966"}],"wp:featuredmedia":[{"embeddable":true,"href":"https:\/\/www.comehealthgroup.com\/es\/wp-json\/wp\/v2\/media\/1971"}],"wp:attachment":[{"href":"https:\/\/www.comehealthgroup.com\/es\/wp-json\/wp\/v2\/media?parent=1966"}],"wp:term":[{"taxonomy":"product_brand","embeddable":true,"href":"https:\/\/www.comehealthgroup.com\/es\/wp-json\/wp\/v2\/product_brand?post=1966"},{"taxonomy":"product_cat","embeddable":true,"href":"https:\/\/www.comehealthgroup.com\/es\/wp-json\/wp\/v2\/product_cat?post=1966"},{"taxonomy":"product_tag","embeddable":true,"href":"https:\/\/www.comehealthgroup.com\/es\/wp-json\/wp\/v2\/product_tag?post=1966"}],"curies":[{"name":"wp","href":"https:\/\/api.w.org\/{rel}","templated":true}]}}