{"id":197,"date":"2024-12-06T05:17:37","date_gmt":"2024-12-06T05:17:37","guid":{"rendered":"https:\/\/www.comehealthgroup.com\/?post_type=product&#038;p=197"},"modified":"2024-12-06T06:42:49","modified_gmt":"2024-12-06T06:42:49","slug":"sports-supplements-wholesale","status":"publish","type":"product","link":"https:\/\/www.comehealthgroup.com\/es\/product\/sports-supplements-wholesale\/","title":{"rendered":"Suplementos deportivos en c\u00e1psulas de marca blanca al por mayor y a medida"},"content":{"rendered":"<div class=\"wp-block-columns is-layout-flex wp-container-core-columns-is-layout-9d6595d7 wp-block-columns-is-layout-flex\">\n<div class=\"wp-block-column is-layout-flow wp-block-column-is-layout-flow\">\n<h2 class=\"wp-block-heading\">Caracter\u00edsticas de los suplementos deportivos al por mayor<\/h2>\n\n\n\n<ul class=\"wp-block-list\">\n<li><strong>Ayuda al crecimiento muscular y a construir un cuerpo fuerte: <\/strong>Esta c\u00e1psula de suplementos deportivos al por mayor es rica en nutrientes que promueven el crecimiento muscular, mejorar eficazmente la masa muscular, ayudar a lograr un rendimiento de entrenamiento m\u00e1s fuerte, y dar forma a un cuerpo perfecto.<\/li>\n\n\n\n<li><strong>Acelera la quema de grasas y la reparaci\u00f3n muscular: <\/strong>Esta f\u00f3rmula especial de suplementos deportivos de marca blanca favorece la r\u00e1pida descomposici\u00f3n de las grasas, al tiempo que reduce la fatiga posterior al ejercicio y acelera la reparaci\u00f3n muscular, para que cada entrenamiento sea m\u00e1s eficaz y te resulte m\u00e1s f\u00e1cil avanzar hacia tus objetivos.<\/li>\n\n\n\n<li><strong>Prevenir la p\u00e9rdida de masa muscular y mantener un rendimiento de alto nivel: <\/strong>Esta c\u00e1psula suplementos deportivos al por mayor puede prevenir la degradaci\u00f3n muscular con ingredientes eficaces para ayudar a proteger los resultados del entrenamiento, mantener la fuerza muscular durante mucho tiempo, y garantizar el progreso continuo y un rendimiento eficiente.<\/li>\n\n\n\n<li><strong>Mejora la concentraci\u00f3n y los niveles de energ\u00eda para superar los l\u00edmites del entrenamiento: <\/strong>Nuestra f\u00f3rmula de suplementos deportivos de marca blanca a\u00f1ade ingredientes que favorecen el enfoque cerebral y la mejora de la energ\u00eda, aumentan la claridad mental y la concentraci\u00f3n y, al mismo tiempo, mejoran el potencial de entrenamiento para ayudar a completar los entrenamientos de alta intensidad.<\/li>\n<\/ul>\n<\/div>\n\n\n\n<div class=\"wp-block-column is-layout-flow wp-block-column-is-layout-flow\">\n<figure class=\"wp-block-image size-full\"><img decoding=\"async\" width=\"1920\" height=\"1920\" src=\"https:\/\/www.comehealthgroup.com\/wp-content\/uploads\/2024\/12\/Private-Label-Capsule-Sports-Supplements-Wholesale-Custom-1.webp\" alt=\"Suplementos deportivos en c\u00e1psulas de marca blanca al por mayor y a medida-1\" class=\"wp-image-198\" srcset=\"https:\/\/www.comehealthgroup.com\/wp-content\/uploads\/2024\/12\/Private-Label-Capsule-Sports-Supplements-Wholesale-Custom-1.webp 1920w, https:\/\/www.comehealthgroup.com\/wp-content\/uploads\/2024\/12\/Private-Label-Capsule-Sports-Supplements-Wholesale-Custom-1-300x300.webp 300w, https:\/\/www.comehealthgroup.com\/wp-content\/uploads\/2024\/12\/Private-Label-Capsule-Sports-Supplements-Wholesale-Custom-1-100x100.webp 100w, https:\/\/www.comehealthgroup.com\/wp-content\/uploads\/2024\/12\/Private-Label-Capsule-Sports-Supplements-Wholesale-Custom-1-600x600.webp 600w, https:\/\/www.comehealthgroup.com\/wp-content\/uploads\/2024\/12\/Private-Label-Capsule-Sports-Supplements-Wholesale-Custom-1-150x150.webp 150w, https:\/\/www.comehealthgroup.com\/wp-content\/uploads\/2024\/12\/Private-Label-Capsule-Sports-Supplements-Wholesale-Custom-1-768x768.webp 768w, https:\/\/www.comehealthgroup.com\/wp-content\/uploads\/2024\/12\/Private-Label-Capsule-Sports-Supplements-Wholesale-Custom-1-12x12.webp 12w\" sizes=\"(max-width: 1920px) 100vw, 1920px\" \/><\/figure>\n<\/div>\n<\/div>\n\n\n\n<p><\/p>","protected":false},"excerpt":{"rendered":"<p>Este mayorista de suplementos deportivos en c\u00e1psulas de marca blanca ayuda a los usuarios a alcanzar objetivos de entrenamiento integrales aumentando la masa muscular, acelerando la quema de grasas, mejorando la velocidad de recuperaci\u00f3n y previniendo la p\u00e9rdida de masa muscular. Combinado con una f\u00f3rmula que mejora los niveles de concentraci\u00f3n y energ\u00eda, ayuda a romper los l\u00edmites de entrenamiento y es una opci\u00f3n ideal para los entusiastas del fitness y athletes.ces para satisfacer las necesidades personalizadas de las marcas, es una opci\u00f3n ideal para el apoyo a la nutrici\u00f3n del cerebro.<\/p>\n<table style=\"border-collapse: collapse; width: 328.02pt;\" border=\"0\" width=\"328\" cellspacing=\"0\" cellpadding=\"0\">\n<tbody>\n<tr style=\"height: 15.20pt;\">\n<td class=\"et2\" style=\"height: 15.20pt; width: 101.70pt;\" width=\"101\" height=\"15\">Marca<\/td>\n<td class=\"et2\" style=\"width: 226.65pt;\" width=\"226\">Come Health\/ Marca blanca<\/td>\n<\/tr>\n<tr style=\"height: 46.00pt;\">\n<td class=\"et2\" style=\"height: 46.00pt;\" height=\"46\">Ventajas del producto<\/td>\n<td class=\"et3\" style=\"width: 226.65pt;\" width=\"226\">*Ayuda a mantener la memoria y la concentraci\u00f3n<br \/>*Suplementos beneficiosos para el cerebro<br \/>*Apoyo cognitivo diario<\/td>\n<\/tr>\n<tr style=\"height: 15.20pt;\">\n<td class=\"et2\" style=\"height: 15.20pt;\" height=\"15\">Forma farmac\u00e9utica<\/td>\n<td class=\"et2\">C\u00e1psula<\/td>\n<\/tr>\n<tr style=\"height: 15.20pt;\">\n<td class=\"et2\" style=\"height: 15.20pt;\" height=\"15\">Apariencia<\/td>\n<td class=\"et2\">Caparaz\u00f3n de gelatina blanca lechosa<\/td>\n<\/tr>\n<tr style=\"height: 15.20pt;\">\n<td class=\"et2\" style=\"height: 15.20pt;\" height=\"15\">Especificaci\u00f3n del producto<\/td>\n<td class=\"et2\">60 c\u00e1psulas\/frasco<\/td>\n<\/tr>\n<tr style=\"height: 15.20pt;\">\n<td class=\"et2\" style=\"height: 15.20pt;\" height=\"15\">Vida \u00fatil<\/td>\n<td class=\"et2\">24 meses<\/td>\n<\/tr>\n<tr style=\"height: 15.20pt;\">\n<td class=\"et2\" style=\"height: 15.20pt;\" height=\"15\">Dimensiones (cm)<\/td>\n<td class=\"et2\">7X7X12<\/td>\n<\/tr>\n<tr style=\"height: 15.20pt;\">\n<td class=\"et2\" style=\"height: 15.20pt;\" height=\"15\">Peso neto (kg)<\/td>\n<td class=\"et2\">0,08 kg<\/td>\n<\/tr>\n<tr style=\"height: 15.20pt;\">\n<td class=\"et2\" style=\"height: 15.20pt;\" height=\"15\">Personalizaci\u00f3n<\/td>\n<td class=\"et2\">Gr\u00e1fico, Logotipo, Paquete<\/td>\n<\/tr>\n<tr style=\"height: 15.20pt;\">\n<td class=\"et2\" style=\"height: 15.20pt;\" height=\"15\">Inventario<\/td>\n<td class=\"et2\">En stock<\/td>\n<\/tr>\n<\/tbody>\n<\/table>","protected":false},"featured_media":201,"comment_status":"closed","ping_status":"closed","template":"","meta":{"_acf_changed":false},"product_brand":[],"product_cat":[29,39],"product_tag":[],"class_list":{"0":"post-197","1":"product","2":"type-product","3":"status-publish","4":"has-post-thumbnail","6":"product_cat-sports-supplements-wholesale","7":"product_cat-bulk-supplements-capsules","9":"first","10":"instock","11":"shipping-taxable","12":"product-type-simple"},"acf":[],"_links":{"self":[{"href":"https:\/\/www.comehealthgroup.com\/es\/wp-json\/wp\/v2\/product\/197","targetHints":{"allow":["GET"]}}],"collection":[{"href":"https:\/\/www.comehealthgroup.com\/es\/wp-json\/wp\/v2\/product"}],"about":[{"href":"https:\/\/www.comehealthgroup.com\/es\/wp-json\/wp\/v2\/types\/product"}],"replies":[{"embeddable":true,"href":"https:\/\/www.comehealthgroup.com\/es\/wp-json\/wp\/v2\/comments?post=197"}],"wp:featuredmedia":[{"embeddable":true,"href":"https:\/\/www.comehealthgroup.com\/es\/wp-json\/wp\/v2\/media\/201"}],"wp:attachment":[{"href":"https:\/\/www.comehealthgroup.com\/es\/wp-json\/wp\/v2\/media?parent=197"}],"wp:term":[{"taxonomy":"product_brand","embeddable":true,"href":"https:\/\/www.comehealthgroup.com\/es\/wp-json\/wp\/v2\/product_brand?post=197"},{"taxonomy":"product_cat","embeddable":true,"href":"https:\/\/www.comehealthgroup.com\/es\/wp-json\/wp\/v2\/product_cat?post=197"},{"taxonomy":"product_tag","embeddable":true,"href":"https:\/\/www.comehealthgroup.com\/es\/wp-json\/wp\/v2\/product_tag?post=197"}],"curies":[{"name":"wp","href":"https:\/\/api.w.org\/{rel}","templated":true}]}}