{"id":1976,"date":"2025-03-14T10:04:21","date_gmt":"2025-03-14T10:04:21","guid":{"rendered":"https:\/\/www.comehealthgroup.com\/?post_type=product&#038;p=1976"},"modified":"2025-03-14T10:04:22","modified_gmt":"2025-03-14T10:04:22","slug":"bulk-melatonin-gummies","status":"publish","type":"product","link":"https:\/\/www.comehealthgroup.com\/es\/product\/bulk-melatonin-gummies\/","title":{"rendered":"Gominolas de Melatonina al por mayor y a granel, Gominolas para dormir de marca blanca"},"content":{"rendered":"<div class=\"wp-block-columns is-layout-flex wp-container-core-columns-is-layout-9d6595d7 wp-block-columns-is-layout-flex\">\n<div class=\"wp-block-column is-layout-flow wp-block-column-is-layout-flow\">\n<h2 class=\"wp-block-heading\">Caracter\u00edsticas de Bulk Melatonin Gummies<\/h2>\n\n\n\n<ul class=\"wp-block-list\">\n<li><strong>Favorece un sue\u00f1o profundo:<\/strong> Nuestras gominolas de Melatonina a granel ayudan a regular el ritmo circadiano natural del cuerpo, acortan el tiempo para conciliar el sue\u00f1o, prolongan el tiempo de sue\u00f1o profundo y evitan la somnolencia matutina.<\/li>\n\n\n\n<li><strong>Aliviar el estr\u00e9s y la ansiedad: <\/strong>La melatonina act\u00faa en sinergia con ingredientes calmantes naturales. Estas gominolas para dormir de marca blanca ayudan a reducir la ansiedad y aliviar el estr\u00e9s diario. Est\u00e1n especialmente indicadas para personas que trabajan bajo mucha presi\u00f3n o padecen trastornos del sue\u00f1o.<\/li>\n\n\n\n<li><strong>No hay dependencia: <\/strong>Nuestras gominolas de melatonina a granel utilizan una f\u00f3rmula no adictiva y no contienen ingredientes irritantes. No causar\u00e1n dependencia ni crear\u00e1n el h\u00e1bito de tomarlas. Su uso a largo plazo no afectar\u00e1 a la secreci\u00f3n natural de melatonina en el organismo. Son seguras y fiables.<\/li>\n\n\n\n<li><strong>Deliciosa f\u00f3rmula sin az\u00facar:<\/strong> Estas gominolas para dormir de marca blanca est\u00e1n elaboradas con sabores de frutas naturales para un sabor delicioso. Adem\u00e1s, no contienen az\u00facar ni edulcorantes artificiales, por lo que son aptas para personas preocupadas por su salud, incluidas las que siguen una dieta baja en az\u00facar, los vegetarianos y los ni\u00f1os.<\/li>\n<\/ul>\n<\/div>\n\n\n\n<div class=\"wp-block-column is-layout-flow wp-block-column-is-layout-flow\">\n<figure class=\"wp-block-image size-full\"><img decoding=\"async\" width=\"1498\" height=\"1498\" src=\"https:\/\/www.comehealthgroup.com\/wp-content\/uploads\/2025\/03\/Sleep-gummy-2.webp\" alt=\"Gominolas de Melatonina al por mayor y a granel, Gominolas para dormir de marca blanca-1\" class=\"wp-image-1977\" srcset=\"https:\/\/www.comehealthgroup.com\/wp-content\/uploads\/2025\/03\/Sleep-gummy-2.webp 1498w, https:\/\/www.comehealthgroup.com\/wp-content\/uploads\/2025\/03\/Sleep-gummy-2-300x300.webp 300w, https:\/\/www.comehealthgroup.com\/wp-content\/uploads\/2025\/03\/Sleep-gummy-2-150x150.webp 150w, https:\/\/www.comehealthgroup.com\/wp-content\/uploads\/2025\/03\/Sleep-gummy-2-768x768.webp 768w, https:\/\/www.comehealthgroup.com\/wp-content\/uploads\/2025\/03\/Sleep-gummy-2-12x12.webp 12w, https:\/\/www.comehealthgroup.com\/wp-content\/uploads\/2025\/03\/Sleep-gummy-2-1200x1200.webp 1200w, https:\/\/www.comehealthgroup.com\/wp-content\/uploads\/2025\/03\/Sleep-gummy-2-600x600.webp 600w, https:\/\/www.comehealthgroup.com\/wp-content\/uploads\/2025\/03\/Sleep-gummy-2-100x100.webp 100w\" sizes=\"(max-width: 1498px) 100vw, 1498px\" \/><\/figure>\n<\/div>\n<\/div>","protected":false},"excerpt":{"rendered":"<p>Bienvenido a comprar gominolas de melatonina a granel. Nuestras gomitas para dormir de marca blanca ayudan a ajustar el reloj biol\u00f3gico, favorecen el sue\u00f1o profundo y alivian el estr\u00e9s y la ansiedad. No hay dependencia, sin efectos secundarios en el uso a largo plazo, y utiliza una f\u00f3rmula sin az\u00facar con un sabor delicioso. Suministro directo de f\u00e1brica, apoyo a la venta al por mayor y personalizaci\u00f3n OEM.<\/p>\n<table style=\"border-collapse: collapse; width: 518px; height: 217px;\" border=\"0\" width=\"799\" cellspacing=\"0\" cellpadding=\"0\">\n<tbody>\n<tr style=\"height: 13.50pt;\">\n<td style=\"height: 13.50pt; width: 132.40pt;\" width=\"353\" height=\"36\">Marca<\/td>\n<td style=\"width: 167.30pt;\" width=\"446\">Marca blanca<\/td>\n<\/tr>\n<tr style=\"height: 13.50pt;\">\n<td style=\"height: 13.50pt;\" height=\"36\">Ventajas del producto<\/td>\n<td>*Promueve un sue\u00f1o reparador<br \/>*Reduce el estr\u00e9s y la ansiedad<br \/>*No formador de h\u00e1bitos<br \/>*Delicioso y sin az\u00facar<\/td>\n<\/tr>\n<tr style=\"height: 13.50pt;\">\n<td style=\"height: 13.50pt;\" height=\"36\">Forma farmac\u00e9utica<\/td>\n<td>Gominola<\/td>\n<\/tr>\n<tr style=\"height: 13.50pt;\">\n<td style=\"height: 13.50pt;\" height=\"36\">Especificaci\u00f3n del producto<\/td>\n<td>60 gominolas\/botella<\/td>\n<\/tr>\n<tr style=\"height: 13.50pt;\">\n<td style=\"height: 13.50pt;\" height=\"36\">Vida \u00fatil<\/td>\n<td>24 meses<\/td>\n<\/tr>\n<tr style=\"height: 13.50pt;\">\n<td style=\"height: 13.50pt;\" height=\"36\">Dimensiones (cm)<\/td>\n<td>7X7X12<\/td>\n<\/tr>\n<tr style=\"height: 13.50pt;\">\n<td style=\"height: 13.50pt;\" height=\"36\">Peso neto (kg)<\/td>\n<td>0,2 kg<\/td>\n<\/tr>\n<tr style=\"height: 13.50pt;\">\n<td style=\"height: 13.50pt;\" height=\"36\">Personalizaci\u00f3n<\/td>\n<td>Gr\u00e1fico, Logotipo, Paquete<\/td>\n<\/tr>\n<tr style=\"height: 13.50pt;\">\n<td style=\"height: 13.50pt;\" height=\"36\">Inventario<\/td>\n<td>En stock<\/td>\n<\/tr>\n<\/tbody>\n<\/table>","protected":false},"featured_media":1977,"comment_status":"closed","ping_status":"closed","template":"","meta":{"_acf_changed":false},"product_brand":[],"product_cat":[40,35],"product_tag":[],"class_list":{"0":"post-1976","1":"product","2":"type-product","3":"status-publish","4":"has-post-thumbnail","6":"product_cat-private-label-gummy-supplements","7":"product_cat-sleep-supplements-wholesale","9":"first","10":"instock","11":"shipping-taxable","12":"product-type-simple"},"acf":[],"_links":{"self":[{"href":"https:\/\/www.comehealthgroup.com\/es\/wp-json\/wp\/v2\/product\/1976","targetHints":{"allow":["GET"]}}],"collection":[{"href":"https:\/\/www.comehealthgroup.com\/es\/wp-json\/wp\/v2\/product"}],"about":[{"href":"https:\/\/www.comehealthgroup.com\/es\/wp-json\/wp\/v2\/types\/product"}],"replies":[{"embeddable":true,"href":"https:\/\/www.comehealthgroup.com\/es\/wp-json\/wp\/v2\/comments?post=1976"}],"wp:featuredmedia":[{"embeddable":true,"href":"https:\/\/www.comehealthgroup.com\/es\/wp-json\/wp\/v2\/media\/1977"}],"wp:attachment":[{"href":"https:\/\/www.comehealthgroup.com\/es\/wp-json\/wp\/v2\/media?parent=1976"}],"wp:term":[{"taxonomy":"product_brand","embeddable":true,"href":"https:\/\/www.comehealthgroup.com\/es\/wp-json\/wp\/v2\/product_brand?post=1976"},{"taxonomy":"product_cat","embeddable":true,"href":"https:\/\/www.comehealthgroup.com\/es\/wp-json\/wp\/v2\/product_cat?post=1976"},{"taxonomy":"product_tag","embeddable":true,"href":"https:\/\/www.comehealthgroup.com\/es\/wp-json\/wp\/v2\/product_tag?post=1976"}],"curies":[{"name":"wp","href":"https:\/\/api.w.org\/{rel}","templated":true}]}}