{"id":1979,"date":"2025-03-20T10:09:37","date_gmt":"2025-03-20T10:09:37","guid":{"rendered":"https:\/\/www.comehealthgroup.com\/?post_type=product&#038;p=1979"},"modified":"2025-10-22T10:26:32","modified_gmt":"2025-10-22T10:26:32","slug":"private-label-liver-supplements","status":"publish","type":"product","link":"https:\/\/www.comehealthgroup.com\/es\/product\/private-label-liver-supplements\/","title":{"rendered":"Suplementos para el h\u00edgado de marca blanca, suministro de c\u00e1psulas de desintoxicaci\u00f3n del h\u00edgado"},"content":{"rendered":"<div class=\"wp-block-columns is-layout-flex wp-container-core-columns-is-layout-9d6595d7 wp-block-columns-is-layout-flex\">\n<div class=\"wp-block-column is-layout-flow wp-block-column-is-layout-flow\">\n<h2 class=\"wp-block-heading\">Caracter\u00edsticas de los suplementos para el h\u00edgado de marca blanca<\/h2>\n\n\n\n<ul class=\"wp-block-list\">\n<li><strong>Apoyo integral para la salud del h\u00edgado y promover la funci\u00f3n de desintoxicaci\u00f3n: <\/strong>Nuestros suplementos hep\u00e1ticos de marca blanca est\u00e1n repletos de ingredientes protectores del h\u00edgado, que act\u00faan para potenciar la capacidad desintoxicante del h\u00edgado, ayudar a eliminar toxinas del organismo y mantener el h\u00edgado en buen estado.<\/li>\n\n\n\n<li><strong>Promueven el metabolismo y ayudan al funcionamiento del sistema digestivo: <\/strong>Nuestra c\u00e1psula de cardo mariano desintoxicante del h\u00edgado ayuda al por mayor a la funci\u00f3n del h\u00edgado y al metabolismo corporal, as\u00ed como a la digesti\u00f3n y absorci\u00f3n y a calmar el malestar estomacal.<\/li>\n\n\n\n<li><strong>Rico en ingredientes antioxidantes para proteger las c\u00e9lulas de los da\u00f1os:<\/strong> Estos suplementos hep\u00e1ticos de marca blanca utilizan hierbas antioxidantes muy eficaces para ayudar a resistir el da\u00f1o de los radicales libres y reducir el envejecimiento de las c\u00e9lulas hep\u00e1ticas.<\/li>\n\n\n\n<li><strong>F\u00f3rmula vegetal pura, apta para vegetarianos: <\/strong>Estas c\u00e1psulas de cardo mariano desintoxicantes del h\u00edgado al por mayor no contienen gluten, productos l\u00e1cteos ni aditivos artificiales. Est\u00e1n especialmente dise\u00f1adas para vegetarianos y personas sanas. Son suaves y sin carga y adecuado para el uso a largo plazo.<\/li>\n\n\n\n<li><strong>Oportunidad de marca blanca:<\/strong> Como producto de marca blanca, estas c\u00e1psulas de desintoxicaci\u00f3n hep\u00e1tica pueden marcarse y envasarse para adaptarse a las necesidades de su empresa. Ideal para empresas que buscan ampliar su gama de productos con suplementos de alta calidad adaptados a su clientela.<\/li>\n<\/ul>\n<\/div>\n\n\n\n<div class=\"wp-block-column is-layout-flow wp-block-column-is-layout-flow\">\n<figure class=\"wp-block-image size-full\"><img decoding=\"async\" width=\"751\" height=\"750\" src=\"https:\/\/www.comehealthgroup.com\/wp-content\/uploads\/2025\/03\/Liver-Detox-Gummy-3.webp\" alt=\"Suplementos para el h\u00edgado de marca blanca, C\u00e1psula de desintoxicaci\u00f3n y limpieza del h\u00edgado-1\" class=\"wp-image-1980\" srcset=\"https:\/\/www.comehealthgroup.com\/wp-content\/uploads\/2025\/03\/Liver-Detox-Gummy-3.webp 751w, https:\/\/www.comehealthgroup.com\/wp-content\/uploads\/2025\/03\/Liver-Detox-Gummy-3-300x300.webp 300w, https:\/\/www.comehealthgroup.com\/wp-content\/uploads\/2025\/03\/Liver-Detox-Gummy-3-150x150.webp 150w, https:\/\/www.comehealthgroup.com\/wp-content\/uploads\/2025\/03\/Liver-Detox-Gummy-3-12x12.webp 12w, https:\/\/www.comehealthgroup.com\/wp-content\/uploads\/2025\/03\/Liver-Detox-Gummy-3-600x599.webp 600w, https:\/\/www.comehealthgroup.com\/wp-content\/uploads\/2025\/03\/Liver-Detox-Gummy-3-100x100.webp 100w\" sizes=\"(max-width: 751px) 100vw, 751px\" \/><\/figure>\n<\/div>\n<\/div>","protected":false},"excerpt":{"rendered":"<p>Bienvenido a pedir suplementos de h\u00edgado de etiqueta privada. Esta c\u00e1psula de cardo de leche desintoxicante del h\u00edgado al por mayor es para promover la mejora del metabolismo del h\u00edgado y la protecci\u00f3n antioxidante. Adopta una f\u00f3rmula de la planta, es libre de gluten, y es rico en esencias de hierbas naturales para permitir la promoci\u00f3n de la funci\u00f3n hep\u00e1tica. Etiqueta privada OEM es adecuado.<\/p>\n<table style=\"border-collapse: collapse; width: 515px; height: 220px;\" border=\"0\" width=\"799\" cellspacing=\"0\" cellpadding=\"0\">\n<tbody>\n<tr style=\"height: 13.50pt;\">\n<td style=\"height: 13.50pt; width: 132.40pt;\" width=\"353\" height=\"36\">Marca<\/td>\n<td style=\"width: 167.30pt;\" width=\"446\">Marca blanca<\/td>\n<\/tr>\n<tr style=\"height: 13.50pt;\">\n<td style=\"height: 13.50pt;\" height=\"36\">Ventajas del producto<\/td>\n<td>*Favorece la salud del h\u00edgado<br \/>*Aumenta el metabolismo y la digesti\u00f3n<br \/>*Rico en antioxidantes<br \/>*Vegano y sin gluten<\/td>\n<\/tr>\n<tr style=\"height: 13.50pt;\">\n<td style=\"height: 13.50pt;\" height=\"36\">Forma farmac\u00e9utica<\/td>\n<td>Gominola<\/td>\n<\/tr>\n<tr style=\"height: 13.50pt;\">\n<td style=\"height: 13.50pt;\" height=\"36\">Especificaci\u00f3n del producto<\/td>\n<td>60 gominolas\/botella<\/td>\n<\/tr>\n<tr style=\"height: 13.50pt;\">\n<td style=\"height: 13.50pt;\" height=\"36\">Vida \u00fatil<\/td>\n<td>24 meses<\/td>\n<\/tr>\n<tr style=\"height: 13.50pt;\">\n<td style=\"height: 13.50pt;\" height=\"36\">Dimensiones (cm)<\/td>\n<td>7X7X12<\/td>\n<\/tr>\n<tr style=\"height: 13.50pt;\">\n<td style=\"height: 13.50pt;\" height=\"36\">Peso neto (kg)<\/td>\n<td>0,2 kg<\/td>\n<\/tr>\n<tr style=\"height: 13.50pt;\">\n<td style=\"height: 13.50pt;\" height=\"36\">Personalizaci\u00f3n<\/td>\n<td>Gr\u00e1fico, Logotipo, Paquete<\/td>\n<\/tr>\n<tr style=\"height: 13.50pt;\">\n<td style=\"height: 13.50pt;\" height=\"36\">Inventario<\/td>\n<td>En stock<\/td>\n<\/tr>\n<\/tbody>\n<\/table>","protected":false},"featured_media":1983,"comment_status":"closed","ping_status":"closed","template":"","meta":{"_acf_changed":false},"product_brand":[],"product_cat":[39,34],"product_tag":[],"class_list":{"0":"post-1979","1":"product","2":"type-product","3":"status-publish","4":"has-post-thumbnail","6":"product_cat-bulk-supplements-capsules","7":"product_cat-private-label-health-supplements","9":"first","10":"instock","11":"shipping-taxable","12":"product-type-simple"},"acf":[],"_links":{"self":[{"href":"https:\/\/www.comehealthgroup.com\/es\/wp-json\/wp\/v2\/product\/1979","targetHints":{"allow":["GET"]}}],"collection":[{"href":"https:\/\/www.comehealthgroup.com\/es\/wp-json\/wp\/v2\/product"}],"about":[{"href":"https:\/\/www.comehealthgroup.com\/es\/wp-json\/wp\/v2\/types\/product"}],"replies":[{"embeddable":true,"href":"https:\/\/www.comehealthgroup.com\/es\/wp-json\/wp\/v2\/comments?post=1979"}],"wp:featuredmedia":[{"embeddable":true,"href":"https:\/\/www.comehealthgroup.com\/es\/wp-json\/wp\/v2\/media\/1983"}],"wp:attachment":[{"href":"https:\/\/www.comehealthgroup.com\/es\/wp-json\/wp\/v2\/media?parent=1979"}],"wp:term":[{"taxonomy":"product_brand","embeddable":true,"href":"https:\/\/www.comehealthgroup.com\/es\/wp-json\/wp\/v2\/product_brand?post=1979"},{"taxonomy":"product_cat","embeddable":true,"href":"https:\/\/www.comehealthgroup.com\/es\/wp-json\/wp\/v2\/product_cat?post=1979"},{"taxonomy":"product_tag","embeddable":true,"href":"https:\/\/www.comehealthgroup.com\/es\/wp-json\/wp\/v2\/product_tag?post=1979"}],"curies":[{"name":"wp","href":"https:\/\/api.w.org\/{rel}","templated":true}]}}