{"id":1984,"date":"2025-03-28T06:48:25","date_gmt":"2025-03-28T06:48:25","guid":{"rendered":"https:\/\/www.comehealthgroup.com\/?post_type=product&#038;p=1984"},"modified":"2025-09-05T04:24:00","modified_gmt":"2025-09-05T04:24:00","slug":"private-label-skin-care-gummies","status":"publish","type":"product","link":"https:\/\/www.comehealthgroup.com\/es\/product\/private-label-skin-care-gummies\/","title":{"rendered":"Gominolas para el cuidado de la piel de marca blanca Suplementos antienvejecimiento a granel"},"content":{"rendered":"<div class=\"wp-block-columns is-layout-flex wp-container-core-columns-is-layout-9d6595d7 wp-block-columns-is-layout-flex\">\n<div class=\"wp-block-column is-layout-flow wp-block-column-is-layout-flow\">\n<h2 class=\"wp-block-heading\">Caracter\u00edsticas de las gominolas para el cuidado de la piel de marca blanca<\/h2>\n\n\n\n<ul class=\"wp-block-list\">\n<li><strong>Ilumina naturalmente el tono de la piel: <\/strong>Nuestras gominolas de marca blanca para el cuidado de la piel tienen antioxidantes naturales que act\u00faan reduciendo la opacidad, unificando el tono de la piel y haciendo que la piel brille desde el interior.<\/li>\n\n\n\n<li><strong>Aten\u00faa manchas e imperfecciones: <\/strong>Estas gominolas blanqueadoras de la piel al por mayor act\u00faan sobre las manchas oscuras, la pigmentaci\u00f3n y las manchas de acn\u00e9, restauran la barrera cut\u00e1nea, mejoran la textura de la piel y proporcionan una piel suave y sin imperfecciones.<\/li>\n\n\n\n<li><strong>Hidrata en profundidad y complementa la nutrici\u00f3n: <\/strong>Estas gominolas de marca blanca para el cuidado de la piel son ricas en \u00e1cido hialur\u00f3nico e ingredientes vitam\u00ednicos, hidratan la piel en profundidad, mejoran el contenido de humedad y mantienen la piel suave y tersa.<\/li>\n\n\n\n<li><strong>Alta absorci\u00f3n y acci\u00f3n r\u00e1pida:<\/strong> La f\u00f3rmula cient\u00edfica de nuestras gominolas blanqueadoras de la piel al por mayor puede absorberse r\u00e1pidamente y hacer efecto en la piel de forma continua, manteniendo la piel sana y joven durante mucho tiempo.<\/li>\n<\/ul>\n<\/div>\n\n\n\n<div class=\"wp-block-column is-layout-flow wp-block-column-is-layout-flow\">\n<figure class=\"wp-block-image size-full\"><img decoding=\"async\" width=\"800\" height=\"800\" src=\"https:\/\/www.comehealthgroup.com\/wp-content\/uploads\/2025\/03\/Skin-Whitening-Gummy-3.webp\" alt=\"Etiqueta Privada Cuidado de la Piel Gummies Granel Anti-Envejecimiento Suplementos-1\" class=\"wp-image-1988\" srcset=\"https:\/\/www.comehealthgroup.com\/wp-content\/uploads\/2025\/03\/Skin-Whitening-Gummy-3.webp 800w, https:\/\/www.comehealthgroup.com\/wp-content\/uploads\/2025\/03\/Skin-Whitening-Gummy-3-300x300.webp 300w, https:\/\/www.comehealthgroup.com\/wp-content\/uploads\/2025\/03\/Skin-Whitening-Gummy-3-150x150.webp 150w, https:\/\/www.comehealthgroup.com\/wp-content\/uploads\/2025\/03\/Skin-Whitening-Gummy-3-768x768.webp 768w, https:\/\/www.comehealthgroup.com\/wp-content\/uploads\/2025\/03\/Skin-Whitening-Gummy-3-12x12.webp 12w, https:\/\/www.comehealthgroup.com\/wp-content\/uploads\/2025\/03\/Skin-Whitening-Gummy-3-600x600.webp 600w, https:\/\/www.comehealthgroup.com\/wp-content\/uploads\/2025\/03\/Skin-Whitening-Gummy-3-100x100.webp 100w\" sizes=\"(max-width: 800px) 100vw, 800px\" \/><\/figure>\n<\/div>\n<\/div>","protected":false},"excerpt":{"rendered":"<p>Impulse su marca con nuestras Gominolas para el cuidado de la piel de marca blanca, dise\u00f1adas para el blanqueamiento de la piel y antienvejecimiento, ayudan a iluminar la piel, reducir los signos de envejecimiento y promover un brillo juvenil. Ofrecemos fabricaci\u00f3n personalizada con ingredientes de alta calidad y totalmente naturales adaptados a su marca.<\/p>\n<table style=\"border-collapse: collapse; width: 515px; height: 225px;\" border=\"0\" width=\"799\" cellspacing=\"0\" cellpadding=\"0\">\n<tbody>\n<tr style=\"height: 13.50pt;\">\n<td style=\"height: 13.50pt; width: 132.40pt;\" width=\"353\" height=\"36\">Marca<\/td>\n<td style=\"width: 167.30pt;\" width=\"446\">Marca blanca<\/td>\n<\/tr>\n<tr style=\"height: 13.50pt;\">\n<td style=\"height: 13.50pt;\" height=\"36\">Ventajas del producto<\/td>\n<td>*Aclara la piel de forma natural<br \/>*Reduce las manchas oscuras y las imperfecciones<br \/>*Hidratante y Nutritiva<br \/>*F\u00f3rmula de r\u00e1pida absorci\u00f3n<\/td>\n<\/tr>\n<tr style=\"height: 13.50pt;\">\n<td style=\"height: 13.50pt;\" height=\"36\">Forma farmac\u00e9utica<\/td>\n<td>Gominola<\/td>\n<\/tr>\n<tr style=\"height: 13.50pt;\">\n<td style=\"height: 13.50pt;\" height=\"36\">Especificaci\u00f3n del producto<\/td>\n<td>60 gominolas\/botella<\/td>\n<\/tr>\n<tr style=\"height: 13.50pt;\">\n<td style=\"height: 13.50pt;\" height=\"36\">Vida \u00fatil<\/td>\n<td>24 meses<\/td>\n<\/tr>\n<tr style=\"height: 13.50pt;\">\n<td style=\"height: 13.50pt;\" height=\"36\">Dimensiones (cm)<\/td>\n<td>7X7X12<\/td>\n<\/tr>\n<tr style=\"height: 13.50pt;\">\n<td style=\"height: 13.50pt;\" height=\"36\">Peso neto (kg)<\/td>\n<td>0,2 kg<\/td>\n<\/tr>\n<tr style=\"height: 13.50pt;\">\n<td style=\"height: 13.50pt;\" height=\"36\">Personalizaci\u00f3n<\/td>\n<td>Gr\u00e1fico, Logotipo, Paquete<\/td>\n<\/tr>\n<tr style=\"height: 13.50pt;\">\n<td style=\"height: 13.50pt;\" height=\"36\">Inventario<\/td>\n<td>En stock<\/td>\n<\/tr>\n<\/tbody>\n<\/table>","protected":false},"featured_media":1987,"comment_status":"closed","ping_status":"closed","template":"","meta":{"_acf_changed":false},"product_brand":[],"product_cat":[40,36],"product_tag":[],"class_list":{"0":"post-1984","1":"product","2":"type-product","3":"status-publish","4":"has-post-thumbnail","6":"product_cat-private-label-gummy-supplements","7":"product_cat-private-label-beauty-supplements","9":"first","10":"instock","11":"shipping-taxable","12":"product-type-simple"},"acf":[],"_links":{"self":[{"href":"https:\/\/www.comehealthgroup.com\/es\/wp-json\/wp\/v2\/product\/1984","targetHints":{"allow":["GET"]}}],"collection":[{"href":"https:\/\/www.comehealthgroup.com\/es\/wp-json\/wp\/v2\/product"}],"about":[{"href":"https:\/\/www.comehealthgroup.com\/es\/wp-json\/wp\/v2\/types\/product"}],"replies":[{"embeddable":true,"href":"https:\/\/www.comehealthgroup.com\/es\/wp-json\/wp\/v2\/comments?post=1984"}],"wp:featuredmedia":[{"embeddable":true,"href":"https:\/\/www.comehealthgroup.com\/es\/wp-json\/wp\/v2\/media\/1987"}],"wp:attachment":[{"href":"https:\/\/www.comehealthgroup.com\/es\/wp-json\/wp\/v2\/media?parent=1984"}],"wp:term":[{"taxonomy":"product_brand","embeddable":true,"href":"https:\/\/www.comehealthgroup.com\/es\/wp-json\/wp\/v2\/product_brand?post=1984"},{"taxonomy":"product_cat","embeddable":true,"href":"https:\/\/www.comehealthgroup.com\/es\/wp-json\/wp\/v2\/product_cat?post=1984"},{"taxonomy":"product_tag","embeddable":true,"href":"https:\/\/www.comehealthgroup.com\/es\/wp-json\/wp\/v2\/product_tag?post=1984"}],"curies":[{"name":"wp","href":"https:\/\/api.w.org\/{rel}","templated":true}]}}