{"id":2000,"date":"2025-04-03T09:08:08","date_gmt":"2025-04-03T09:08:08","guid":{"rendered":"https:\/\/www.comehealthgroup.com\/?post_type=product&#038;p=2000"},"modified":"2025-09-05T03:12:53","modified_gmt":"2025-09-05T03:12:53","slug":"private-label-keto-supplement","status":"publish","type":"product","link":"https:\/\/www.comehealthgroup.com\/es\/product\/private-label-keto-supplement\/","title":{"rendered":"100% Organic Private Label Keto Supplement Gummy Bulk Supply"},"content":{"rendered":"<div class=\"wp-block-columns is-layout-flex wp-container-core-columns-is-layout-9d6595d7 wp-block-columns-is-layout-flex\">\n<div class=\"wp-block-column is-layout-flow wp-block-column-is-layout-flow\">\n<h2 class=\"wp-block-heading\">Caracter\u00edsticas del suplemento Keto de marca blanca<\/h2>\n\n\n\n<ul class=\"wp-block-list\">\n<li><strong>Favorece la cetosis y la quema de grasas: <\/strong>Este suplemento ceto de marca blanca sin az\u00facar ayuda a promover la cetosis, potencia la quema de grasas y favorece una p\u00e9rdida de grasa saludable. Es un compa\u00f1ero ideal para perder peso y esculpir el cuerpo.<\/li>\n\n\n\n<li><strong>Favorece la digesti\u00f3n y la desintoxicaci\u00f3n: <\/strong>Estas gominolas de ceto al por mayor son de ingredientes naturales que desintoxican el cuerpo de elementos t\u00f3xicos, mantener un sistema digestivo saludable, y preservar el equilibrio intestinal.<\/li>\n\n\n\n<li><strong>Aumenta la energ\u00eda y la claridad mental: <\/strong>Nuestro suplemento ceto de marca blanca est\u00e1 repleto de nutrientes cetoamigables para potenciar los niveles de energ\u00eda diarios, al tiempo que mejora la concentraci\u00f3n y la claridad mental para mantenerle productivo y con energ\u00eda.<\/li>\n\n\n\n<li><strong>Delicioso y sin az\u00facar: <\/strong>Nuestras gominolas ceto al por mayor tienen una f\u00f3rmula sin az\u00facar que tiene un sabor rico y sin obstrucciones. Se va a satisfacer sus antojos de dulces sin la entrega de cualquier ingesta de az\u00facar en exceso y est\u00e1 de acuerdo con las reglas de la dieta ceto.<\/li>\n<\/ul>\n<\/div>\n\n\n\n<div class=\"wp-block-column is-layout-flow wp-block-column-is-layout-flow\">\n<figure class=\"wp-block-image size-full\"><img decoding=\"async\" width=\"1920\" height=\"1920\" src=\"https:\/\/www.comehealthgroup.com\/wp-content\/uploads\/2025\/03\/KETO-Gummy-3.webp\" alt=\"Suplemento Keto Gummy a Granel sin Az\u00facar-1\" class=\"wp-image-2004\" srcset=\"https:\/\/www.comehealthgroup.com\/wp-content\/uploads\/2025\/03\/KETO-Gummy-3.webp 1920w, https:\/\/www.comehealthgroup.com\/wp-content\/uploads\/2025\/03\/KETO-Gummy-3-300x300.webp 300w, https:\/\/www.comehealthgroup.com\/wp-content\/uploads\/2025\/03\/KETO-Gummy-3-150x150.webp 150w, https:\/\/www.comehealthgroup.com\/wp-content\/uploads\/2025\/03\/KETO-Gummy-3-768x768.webp 768w, https:\/\/www.comehealthgroup.com\/wp-content\/uploads\/2025\/03\/KETO-Gummy-3-12x12.webp 12w, https:\/\/www.comehealthgroup.com\/wp-content\/uploads\/2025\/03\/KETO-Gummy-3-1200x1200.webp 1200w, https:\/\/www.comehealthgroup.com\/wp-content\/uploads\/2025\/03\/KETO-Gummy-3-600x600.webp 600w, https:\/\/www.comehealthgroup.com\/wp-content\/uploads\/2025\/03\/KETO-Gummy-3-100x100.webp 100w\" sizes=\"(max-width: 1920px) 100vw, 1920px\" \/><\/figure>\n<\/div>\n<\/div>","protected":false},"excerpt":{"rendered":"<p>Bienvenido a pedir suplementos de ceto de marca blanca. Nuestras gominolas de ceto al por mayor ayudan a mejorar la cetosis y el metabolismo de las grasas, ayudan a la digesti\u00f3n y la desintoxicaci\u00f3n, mejoran la energ\u00eda y la claridad mental. Su maravilloso sabor no contiene az\u00facares a\u00f1adidos, por lo que es ideal para los consumidores que desean una dieta baja en az\u00facar o ceto y tambi\u00e9n permite la personalizaci\u00f3n de etiqueta privada.<\/p>\n<table style=\"border-collapse: collapse; width: 514px; height: 216px;\" border=\"0\" width=\"799\" cellspacing=\"0\" cellpadding=\"0\">\n<tbody>\n<tr style=\"height: 13.50pt;\">\n<td style=\"height: 13.50pt; width: 132.40pt;\" width=\"353\" height=\"36\">Marca<\/td>\n<td style=\"width: 167.30pt;\" width=\"446\">Marca blanca<\/td>\n<\/tr>\n<tr style=\"height: 13.50pt;\">\n<td style=\"height: 13.50pt;\" height=\"36\">Ventajas del producto<\/td>\n<td>*Apoya la cetosis y la quema de grasa<br \/>*Ayuda a la digesti\u00f3n y la desintoxicaci\u00f3n<br \/>*Aumenta la energ\u00eda y la claridad mental<br \/>*Delicioso y sin az\u00facar<\/td>\n<\/tr>\n<tr style=\"height: 13.50pt;\">\n<td style=\"height: 13.50pt;\" height=\"36\">Forma farmac\u00e9utica<\/td>\n<td>Gominola<\/td>\n<\/tr>\n<tr style=\"height: 13.50pt;\">\n<td style=\"height: 13.50pt;\" height=\"36\">Especificaci\u00f3n del producto<\/td>\n<td>60 gominolas\/botella<\/td>\n<\/tr>\n<tr style=\"height: 13.50pt;\">\n<td style=\"height: 13.50pt;\" height=\"36\">Vida \u00fatil<\/td>\n<td>24 meses<\/td>\n<\/tr>\n<tr style=\"height: 13.50pt;\">\n<td style=\"height: 13.50pt;\" height=\"36\">Dimensiones (cm)<\/td>\n<td>7X7X12<\/td>\n<\/tr>\n<tr style=\"height: 13.50pt;\">\n<td style=\"height: 13.50pt;\" height=\"36\">Peso neto (kg)<\/td>\n<td>0,2 kg<\/td>\n<\/tr>\n<tr style=\"height: 13.50pt;\">\n<td style=\"height: 13.50pt;\" height=\"36\">Personalizaci\u00f3n<\/td>\n<td>Gr\u00e1fico, Logotipo, Paquete<\/td>\n<\/tr>\n<tr style=\"height: 13.50pt;\">\n<td style=\"height: 13.50pt;\" height=\"36\">Inventario<\/td>\n<td>En stock<\/td>\n<\/tr>\n<\/tbody>\n<\/table>","protected":false},"featured_media":2002,"comment_status":"closed","ping_status":"closed","template":"","meta":{"_acf_changed":false},"product_brand":[],"product_cat":[40,29],"product_tag":[],"class_list":{"0":"post-2000","1":"product","2":"type-product","3":"status-publish","4":"has-post-thumbnail","6":"product_cat-private-label-gummy-supplements","7":"product_cat-sports-supplements-wholesale","9":"first","10":"instock","11":"shipping-taxable","12":"product-type-simple"},"acf":[],"_links":{"self":[{"href":"https:\/\/www.comehealthgroup.com\/es\/wp-json\/wp\/v2\/product\/2000","targetHints":{"allow":["GET"]}}],"collection":[{"href":"https:\/\/www.comehealthgroup.com\/es\/wp-json\/wp\/v2\/product"}],"about":[{"href":"https:\/\/www.comehealthgroup.com\/es\/wp-json\/wp\/v2\/types\/product"}],"replies":[{"embeddable":true,"href":"https:\/\/www.comehealthgroup.com\/es\/wp-json\/wp\/v2\/comments?post=2000"}],"wp:featuredmedia":[{"embeddable":true,"href":"https:\/\/www.comehealthgroup.com\/es\/wp-json\/wp\/v2\/media\/2002"}],"wp:attachment":[{"href":"https:\/\/www.comehealthgroup.com\/es\/wp-json\/wp\/v2\/media?parent=2000"}],"wp:term":[{"taxonomy":"product_brand","embeddable":true,"href":"https:\/\/www.comehealthgroup.com\/es\/wp-json\/wp\/v2\/product_brand?post=2000"},{"taxonomy":"product_cat","embeddable":true,"href":"https:\/\/www.comehealthgroup.com\/es\/wp-json\/wp\/v2\/product_cat?post=2000"},{"taxonomy":"product_tag","embeddable":true,"href":"https:\/\/www.comehealthgroup.com\/es\/wp-json\/wp\/v2\/product_tag?post=2000"}],"curies":[{"name":"wp","href":"https:\/\/api.w.org\/{rel}","templated":true}]}}