{"id":2005,"date":"2025-03-28T06:39:06","date_gmt":"2025-03-28T06:39:06","guid":{"rendered":"https:\/\/www.comehealthgroup.com\/?post_type=product&#038;p=2005"},"modified":"2025-03-28T06:39:07","modified_gmt":"2025-03-28T06:39:07","slug":"apple-cider-vinegar-gummies-private-label","status":"publish","type":"product","link":"https:\/\/www.comehealthgroup.com\/es\/product\/apple-cider-vinegar-gummies-private-label\/","title":{"rendered":"Keto Apple Cider Vinegar Gummies Private Label Manufacturer"},"content":{"rendered":"<div class=\"wp-block-columns is-layout-flex wp-container-core-columns-is-layout-9d6595d7 wp-block-columns-is-layout-flex\">\n<div class=\"wp-block-column is-layout-flow wp-block-column-is-layout-flow\">\n<h2 class=\"wp-block-heading\">Features of Apple Cider Vinegar Gummies Private Label<\/h2>\n\n\n\n<ul class=\"wp-block-list\">\n<li><strong>Accelerate ketosis: <\/strong>Our apple cider vinegar gummies private label are rich in ketogenic-friendly substances that trigger the breakdown of fats in the body, allowing for easier access and nourishment in ketosis, and augmenting fat burning efficiency.<\/li>\n\n\n\n<li><strong>Aumentar los niveles de energ\u00eda:<\/strong> Our wholesale Keto gummies support the body&#8217;s efficient use of fat as fuel, reduce fatigue that may be caused by low carbon water intake, and provide continuous and stable energy to keep you energetic.<\/li>\n\n\n\n<li><strong>Suppress appetite and reduce cravings:<\/strong> Our apple cider vinegar gummies private label help prolong satiety, reduce cravings for carbon water and sweets, and help control diet and weight more easily.<\/li>\n\n\n\n<li><strong>Support brain clarity: <\/strong>Our wholesale Keto gummies provide key nutrients to help optimize cognitive function, reduce the &#8220;brain fog&#8221; that may occur during the ketogenic adaptation period, and make the mind clearer and more focused.<\/li>\n<\/ul>\n<\/div>\n\n\n\n<div class=\"wp-block-column is-layout-flow wp-block-column-is-layout-flow\">\n<figure class=\"wp-block-image size-full\"><img decoding=\"async\" width=\"1667\" height=\"1667\" src=\"https:\/\/www.comehealthgroup.com\/wp-content\/uploads\/2025\/03\/Apple-Cider-Vinegar-Gummies_04-1.webp\" alt=\"Keto Apple Cider Vinegar Gummies Private Label Manufacturer-1\" class=\"wp-image-2182\" srcset=\"https:\/\/www.comehealthgroup.com\/wp-content\/uploads\/2025\/03\/Apple-Cider-Vinegar-Gummies_04-1.webp 1667w, https:\/\/www.comehealthgroup.com\/wp-content\/uploads\/2025\/03\/Apple-Cider-Vinegar-Gummies_04-1-300x300.webp 300w, https:\/\/www.comehealthgroup.com\/wp-content\/uploads\/2025\/03\/Apple-Cider-Vinegar-Gummies_04-1-150x150.webp 150w, https:\/\/www.comehealthgroup.com\/wp-content\/uploads\/2025\/03\/Apple-Cider-Vinegar-Gummies_04-1-768x768.webp 768w, https:\/\/www.comehealthgroup.com\/wp-content\/uploads\/2025\/03\/Apple-Cider-Vinegar-Gummies_04-1-12x12.webp 12w, https:\/\/www.comehealthgroup.com\/wp-content\/uploads\/2025\/03\/Apple-Cider-Vinegar-Gummies_04-1-1200x1200.webp 1200w, https:\/\/www.comehealthgroup.com\/wp-content\/uploads\/2025\/03\/Apple-Cider-Vinegar-Gummies_04-1-600x600.webp 600w, https:\/\/www.comehealthgroup.com\/wp-content\/uploads\/2025\/03\/Apple-Cider-Vinegar-Gummies_04-1-100x100.webp 100w\" sizes=\"(max-width: 1667px) 100vw, 1667px\" \/><\/figure>\n<\/div>\n<\/div>\n\n\n\n<p><\/p>","protected":false},"excerpt":{"rendered":"<p data-start=\"1368\" data-end=\"1749\">Bienvenido a comprar al por mayor Keto gummies. Nuestras gomitas de vinagre de sidra de manzana de marca blanca le ayudan a entrar r\u00e1pidamente en cetosis, aumentan la energ\u00eda y ayudan a controlar el apetito y mejorar la concentraci\u00f3n. Deliciosas y sin cargas, facilitan la gesti\u00f3n de la salud.<\/p>\n<table style=\"border-collapse: collapse; width: 516px; height: 217px;\" border=\"0\" width=\"799\" cellspacing=\"0\" cellpadding=\"0\">\n<tbody>\n<tr style=\"height: 13.50pt;\">\n<td style=\"height: 13.50pt; width: 132.40pt;\" width=\"353\" height=\"36\">Marca<\/td>\n<td style=\"width: 167.30pt;\" width=\"446\">Marca blanca<\/td>\n<\/tr>\n<tr style=\"height: 13.50pt;\">\n<td style=\"height: 13.50pt;\" height=\"36\">Ventajas del producto<\/td>\n<td>*Acelera la cetosis<br \/>*Mejora los niveles de energ\u00eda<br \/>*Controls Appetite &amp; Cravings<br \/>*Apoya la concentraci\u00f3n mental<\/td>\n<\/tr>\n<tr style=\"height: 13.50pt;\">\n<td style=\"height: 13.50pt;\" height=\"36\">Forma farmac\u00e9utica<\/td>\n<td>Gominola<\/td>\n<\/tr>\n<tr style=\"height: 13.50pt;\">\n<td style=\"height: 13.50pt;\" height=\"36\">Especificaci\u00f3n del producto<\/td>\n<td>60 gominolas\/botella<\/td>\n<\/tr>\n<tr style=\"height: 13.50pt;\">\n<td style=\"height: 13.50pt;\" height=\"36\">Vida \u00fatil<\/td>\n<td>24 meses<\/td>\n<\/tr>\n<tr style=\"height: 13.50pt;\">\n<td style=\"height: 13.50pt;\" height=\"36\">Dimensiones (cm)<\/td>\n<td>7X7X12<\/td>\n<\/tr>\n<tr style=\"height: 13.50pt;\">\n<td style=\"height: 13.50pt;\" height=\"36\">Peso neto (kg)<\/td>\n<td>0,2 kg<\/td>\n<\/tr>\n<tr style=\"height: 13.50pt;\">\n<td style=\"height: 13.50pt;\" height=\"36\">Personalizaci\u00f3n<\/td>\n<td>Gr\u00e1fico, Logotipo, Paquete<\/td>\n<\/tr>\n<tr style=\"height: 13.50pt;\">\n<td style=\"height: 13.50pt;\" height=\"36\">Inventario<\/td>\n<td>En stock<\/td>\n<\/tr>\n<\/tbody>\n<\/table>","protected":false},"featured_media":2179,"comment_status":"closed","ping_status":"closed","template":"","meta":{"_acf_changed":false},"product_brand":[],"product_cat":[40,34],"product_tag":[],"class_list":{"0":"post-2005","1":"product","2":"type-product","3":"status-publish","4":"has-post-thumbnail","6":"product_cat-private-label-gummy-supplements","7":"product_cat-private-label-health-supplements","9":"first","10":"instock","11":"shipping-taxable","12":"product-type-simple"},"acf":[],"_links":{"self":[{"href":"https:\/\/www.comehealthgroup.com\/es\/wp-json\/wp\/v2\/product\/2005","targetHints":{"allow":["GET"]}}],"collection":[{"href":"https:\/\/www.comehealthgroup.com\/es\/wp-json\/wp\/v2\/product"}],"about":[{"href":"https:\/\/www.comehealthgroup.com\/es\/wp-json\/wp\/v2\/types\/product"}],"replies":[{"embeddable":true,"href":"https:\/\/www.comehealthgroup.com\/es\/wp-json\/wp\/v2\/comments?post=2005"}],"wp:featuredmedia":[{"embeddable":true,"href":"https:\/\/www.comehealthgroup.com\/es\/wp-json\/wp\/v2\/media\/2179"}],"wp:attachment":[{"href":"https:\/\/www.comehealthgroup.com\/es\/wp-json\/wp\/v2\/media?parent=2005"}],"wp:term":[{"taxonomy":"product_brand","embeddable":true,"href":"https:\/\/www.comehealthgroup.com\/es\/wp-json\/wp\/v2\/product_brand?post=2005"},{"taxonomy":"product_cat","embeddable":true,"href":"https:\/\/www.comehealthgroup.com\/es\/wp-json\/wp\/v2\/product_cat?post=2005"},{"taxonomy":"product_tag","embeddable":true,"href":"https:\/\/www.comehealthgroup.com\/es\/wp-json\/wp\/v2\/product_tag?post=2005"}],"curies":[{"name":"wp","href":"https:\/\/api.w.org\/{rel}","templated":true}]}}