{"id":2010,"date":"2025-03-28T06:25:59","date_gmt":"2025-03-28T06:25:59","guid":{"rendered":"https:\/\/www.comehealthgroup.com\/?post_type=product&#038;p=2010"},"modified":"2025-03-28T06:26:00","modified_gmt":"2025-03-28T06:26:00","slug":"private-label-bbl-gummies","status":"publish","type":"product","link":"https:\/\/www.comehealthgroup.com\/es\/product\/private-label-bbl-gummies\/","title":{"rendered":"Gominolas BBL de marca blanca, fabricaci\u00f3n de suplementos de belleza"},"content":{"rendered":"<div class=\"wp-block-columns is-layout-flex wp-container-core-columns-is-layout-9d6595d7 wp-block-columns-is-layout-flex\">\n<div class=\"wp-block-column is-layout-flow wp-block-column-is-layout-flow\">\n<h2 class=\"wp-block-heading\">Caracter\u00edsticas de las gominolas BBL de marca blanca<\/h2>\n\n\n\n<ul class=\"wp-block-list\">\n<li><strong>Apoya los objetivos del cuerpo curvil\u00edneo: <\/strong>Nuestras gominolas bbl de marca blanca se centran en moldear el cuerpo curvil\u00edneo para ayudarle a conseguir una curva corporal m\u00e1s ideal. Al proporcionar el apoyo nutricional necesario, ayuda a mantener una buena forma corporal durante la p\u00e9rdida de grasa o la ganancia de m\u00fasculo.<\/li>\n\n\n\n<li><strong>Promueve el crecimiento muscular y de los tejidos: <\/strong>Los ingredientes activos de este suplemento de belleza BBL gummies al por mayor pueden promover el crecimiento saludable de los m\u00fasculos y tejidos, aumentar la masa muscular del cuerpo, mejorar las l\u00edneas musculares y la forma del cuerpo, y hacerte m\u00e1s seguro y poderoso.<\/li>\n\n\n\n<li><strong>Mejora la elasticidad de la piel: <\/strong>Nuestras gominolas bbl de marca blanca contienen ingredientes naturales que mejoran la firmeza y elasticidad de la piel, reducen la flacidez cut\u00e1nea, mejoran la textura de la piel y la hacen m\u00e1s tersa y firme.<\/li>\n\n\n\n<li><strong>Rico en ingredientes antioxidantes: <\/strong>Nuestras gominolas BBL al por mayor son ricas en antioxidantes, que tienen la capacidad de eliminar los radicales libres del organismo, inhibir los signos del envejecimiento, proteger la piel contra la contaminaci\u00f3n y tambi\u00e9n contra los da\u00f1os causados por la luz ultravioleta, garantizar una piel sana y resplandeciente y retrasar el ritmo del envejecimiento.<\/li>\n<\/ul>\n<\/div>\n\n\n\n<div class=\"wp-block-column is-layout-flow wp-block-column-is-layout-flow\">\n<figure class=\"wp-block-image size-full\"><img decoding=\"async\" width=\"935\" height=\"935\" src=\"https:\/\/www.comehealthgroup.com\/wp-content\/uploads\/2025\/03\/BBL-Gummies-3.webp\" alt=\"Gominolas BBL de marca blanca, fabricaci\u00f3n de suplementos de belleza-1\" class=\"wp-image-2177\" srcset=\"https:\/\/www.comehealthgroup.com\/wp-content\/uploads\/2025\/03\/BBL-Gummies-3.webp 935w, https:\/\/www.comehealthgroup.com\/wp-content\/uploads\/2025\/03\/BBL-Gummies-3-300x300.webp 300w, https:\/\/www.comehealthgroup.com\/wp-content\/uploads\/2025\/03\/BBL-Gummies-3-150x150.webp 150w, https:\/\/www.comehealthgroup.com\/wp-content\/uploads\/2025\/03\/BBL-Gummies-3-768x768.webp 768w, https:\/\/www.comehealthgroup.com\/wp-content\/uploads\/2025\/03\/BBL-Gummies-3-12x12.webp 12w, https:\/\/www.comehealthgroup.com\/wp-content\/uploads\/2025\/03\/BBL-Gummies-3-600x600.webp 600w, https:\/\/www.comehealthgroup.com\/wp-content\/uploads\/2025\/03\/BBL-Gummies-3-100x100.webp 100w\" sizes=\"(max-width: 935px) 100vw, 935px\" \/><\/figure>\n<\/div>\n<\/div>","protected":false},"excerpt":{"rendered":"<p>ComeHealth proporciona servicios de fabricaci\u00f3n de suplementos de belleza, nuestras gomitas bbl de marca blanca apoyan el cuerpo curvil\u00edneo, promueven la musculatura y mejoran la elasticidad de la piel, y son ricas en antioxidantes.<\/p>\n<table style=\"border-collapse: collapse; width: 515px; height: 216px;\" border=\"0\" width=\"799\" cellspacing=\"0\" cellpadding=\"0\">\n<tbody>\n<tr style=\"height: 13.50pt;\">\n<td style=\"height: 13.50pt; width: 132.40pt;\" width=\"353\" height=\"36\">Marca<\/td>\n<td style=\"width: 167.30pt;\" width=\"446\">Marca blanca<\/td>\n<\/tr>\n<tr style=\"height: 13.50pt;\">\n<td style=\"height: 13.50pt;\" height=\"36\">Ventajas del producto<\/td>\n<td>*Supports Curvy Figure Goals<br \/>*Aumenta el crecimiento muscular y tisular<br \/>*Mejora la elasticidad de la piel<br \/>*Rico en antioxidantes<\/td>\n<\/tr>\n<tr style=\"height: 13.50pt;\">\n<td style=\"height: 13.50pt;\" height=\"36\">Forma farmac\u00e9utica<\/td>\n<td>Gominola<\/td>\n<\/tr>\n<tr style=\"height: 13.50pt;\">\n<td style=\"height: 13.50pt;\" height=\"36\">Especificaci\u00f3n del producto<\/td>\n<td>60 gominolas\/botella<\/td>\n<\/tr>\n<tr style=\"height: 13.50pt;\">\n<td style=\"height: 13.50pt;\" height=\"36\">Vida \u00fatil<\/td>\n<td>24 meses<\/td>\n<\/tr>\n<tr style=\"height: 13.50pt;\">\n<td style=\"height: 13.50pt;\" height=\"36\">Dimensiones (cm)<\/td>\n<td>7X7X12<\/td>\n<\/tr>\n<tr style=\"height: 13.50pt;\">\n<td style=\"height: 13.50pt;\" height=\"36\">Peso neto (kg)<\/td>\n<td>0,2 kg<\/td>\n<\/tr>\n<tr style=\"height: 13.50pt;\">\n<td style=\"height: 13.50pt;\" height=\"36\">Personalizaci\u00f3n<\/td>\n<td>Gr\u00e1fico, Logotipo, Paquete<\/td>\n<\/tr>\n<tr style=\"height: 13.50pt;\">\n<td style=\"height: 13.50pt;\" height=\"36\">Inventario<\/td>\n<td>En stock<\/td>\n<\/tr>\n<\/tbody>\n<\/table>","protected":false},"featured_media":2174,"comment_status":"closed","ping_status":"closed","template":"","meta":{"_acf_changed":false},"product_brand":[],"product_cat":[40,36],"product_tag":[],"class_list":{"0":"post-2010","1":"product","2":"type-product","3":"status-publish","4":"has-post-thumbnail","6":"product_cat-private-label-gummy-supplements","7":"product_cat-private-label-beauty-supplements","9":"first","10":"instock","11":"shipping-taxable","12":"product-type-simple"},"acf":[],"_links":{"self":[{"href":"https:\/\/www.comehealthgroup.com\/es\/wp-json\/wp\/v2\/product\/2010","targetHints":{"allow":["GET"]}}],"collection":[{"href":"https:\/\/www.comehealthgroup.com\/es\/wp-json\/wp\/v2\/product"}],"about":[{"href":"https:\/\/www.comehealthgroup.com\/es\/wp-json\/wp\/v2\/types\/product"}],"replies":[{"embeddable":true,"href":"https:\/\/www.comehealthgroup.com\/es\/wp-json\/wp\/v2\/comments?post=2010"}],"wp:featuredmedia":[{"embeddable":true,"href":"https:\/\/www.comehealthgroup.com\/es\/wp-json\/wp\/v2\/media\/2174"}],"wp:attachment":[{"href":"https:\/\/www.comehealthgroup.com\/es\/wp-json\/wp\/v2\/media?parent=2010"}],"wp:term":[{"taxonomy":"product_brand","embeddable":true,"href":"https:\/\/www.comehealthgroup.com\/es\/wp-json\/wp\/v2\/product_brand?post=2010"},{"taxonomy":"product_cat","embeddable":true,"href":"https:\/\/www.comehealthgroup.com\/es\/wp-json\/wp\/v2\/product_cat?post=2010"},{"taxonomy":"product_tag","embeddable":true,"href":"https:\/\/www.comehealthgroup.com\/es\/wp-json\/wp\/v2\/product_tag?post=2010"}],"curies":[{"name":"wp","href":"https:\/\/api.w.org\/{rel}","templated":true}]}}