{"id":2015,"date":"2025-04-03T08:52:32","date_gmt":"2025-04-03T08:52:32","guid":{"rendered":"https:\/\/www.comehealthgroup.com\/?post_type=product&#038;p=2015"},"modified":"2025-09-05T03:14:46","modified_gmt":"2025-09-05T03:14:46","slug":"wholesale-apple-cider-vinegar-gummies","status":"publish","type":"product","link":"https:\/\/www.comehealthgroup.com\/es\/product\/wholesale-apple-cider-vinegar-gummies\/","title":{"rendered":"Mayorista Gominolas de Vinagre de Sidra de Manzana + OEM Etiqueta Privada"},"content":{"rendered":"<div class=\"wp-block-columns is-layout-flex wp-container-core-columns-is-layout-9d6595d7 wp-block-columns-is-layout-flex\">\n<div class=\"wp-block-column is-layout-flow wp-block-column-is-layout-flow\">\n<h2 class=\"wp-block-heading\">Caracter\u00edsticas de las Gominolas de Vinagre de Sidra de Manzana al por mayor<\/h2>\n\n\n\n<ul class=\"wp-block-list\">\n<li><strong>Ayuda a controlar el peso: <\/strong>Estas gominolas de vinagre de sidra de manzana al por mayor pueden mejorar el metabolismo, as\u00ed como ayudar con el control de peso saludable, por lo que incluirlos en su dieta diaria puede ser la adici\u00f3n m\u00e1s adecuada.<\/li>\n\n\n\n<li><strong>Favorece la digesti\u00f3n y la salud intestinal: <\/strong>Nuestras gominolas de ACV de marca blanca favorecen el equilibrio de la flora intestinal, ayudan a la digesti\u00f3n, mantienen el intestino sano y alivian las molestias.<\/li>\n\n\n\n<li><strong>Desintoxicaci\u00f3n y apoyo inmunol\u00f3gico:<\/strong> Debido a los ingredientes naturales del vinagre de sidra de manzana que desintoxican, nuestras gominolas de vinagre de sidra de manzana al por mayor desintoxican su cuerpo y aumentan la inmunidad para que est\u00e9 sano y lleno de energ\u00eda.<\/li>\n\n\n\n<li><strong>Sabor delicioso, sin sabor a vinagre: <\/strong>A diferencia de otros vinagres de sidra de manzana, estas gominolas de vinagre de sidra de manzana de marca blanca tienen un sabor delicioso y no saben a vinagre, por lo que puede complementar f\u00e1cilmente con vinagre de sidra de manzana.<\/li>\n<\/ul>\n<\/div>\n\n\n\n<div class=\"wp-block-column is-layout-flow wp-block-column-is-layout-flow\">\n<figure class=\"wp-block-image size-full\"><img decoding=\"async\" width=\"1920\" height=\"1920\" src=\"https:\/\/www.comehealthgroup.com\/wp-content\/uploads\/2025\/03\/Apple-Cider-Gummy-3.webp\" alt=\"Mayorista Gominolas de Vinagre de Sidra de Manzana + Etiqueta Privada OEM-1\" class=\"wp-image-2019\" srcset=\"https:\/\/www.comehealthgroup.com\/wp-content\/uploads\/2025\/03\/Apple-Cider-Gummy-3.webp 1920w, https:\/\/www.comehealthgroup.com\/wp-content\/uploads\/2025\/03\/Apple-Cider-Gummy-3-300x300.webp 300w, https:\/\/www.comehealthgroup.com\/wp-content\/uploads\/2025\/03\/Apple-Cider-Gummy-3-150x150.webp 150w, https:\/\/www.comehealthgroup.com\/wp-content\/uploads\/2025\/03\/Apple-Cider-Gummy-3-768x768.webp 768w, https:\/\/www.comehealthgroup.com\/wp-content\/uploads\/2025\/03\/Apple-Cider-Gummy-3-12x12.webp 12w, https:\/\/www.comehealthgroup.com\/wp-content\/uploads\/2025\/03\/Apple-Cider-Gummy-3-1200x1200.webp 1200w, https:\/\/www.comehealthgroup.com\/wp-content\/uploads\/2025\/03\/Apple-Cider-Gummy-3-600x600.webp 600w, https:\/\/www.comehealthgroup.com\/wp-content\/uploads\/2025\/03\/Apple-Cider-Gummy-3-100x100.webp 100w\" sizes=\"(max-width: 1920px) 100vw, 1920px\" \/><\/figure>\n<\/div>\n<\/div>\n\n\n\n<p><\/p>","protected":false},"excerpt":{"rendered":"<p>Bienvenido a comprar gominolas de vinagre de sidra de manzana al por mayor. Nuestras gomitas de ACV de marca blanca no s\u00f3lo promueven el control de peso, la salud digestiva, la desintoxicaci\u00f3n y el sistema inmunol\u00f3gico, sino que tambi\u00e9n son deliciosas y excelentes para los suplementos nutricionales diarios.<\/p>\n<table style=\"border-collapse: collapse; width: 514px; height: 215px;\" border=\"0\" width=\"799\" cellspacing=\"0\" cellpadding=\"0\">\n<tbody>\n<tr style=\"height: 13.50pt;\">\n<td style=\"height: 13.50pt; width: 132.40pt;\" width=\"353\" height=\"36\">Marca<\/td>\n<td style=\"width: 167.30pt;\" width=\"446\">Marca blanca<\/td>\n<\/tr>\n<tr style=\"height: 13.50pt;\">\n<td style=\"height: 13.50pt;\" height=\"36\">Ventajas del producto<\/td>\n<td>*Apoya el control del peso<br \/>*Ayuda a la digesti\u00f3n y a la salud intestinal<br \/>*Desintoxica y refuerza la inmunidad<br \/>*Gran sabor y sin olor a vinagre<\/td>\n<\/tr>\n<tr style=\"height: 13.50pt;\">\n<td style=\"height: 13.50pt;\" height=\"36\">Forma farmac\u00e9utica<\/td>\n<td>Gominola<\/td>\n<\/tr>\n<tr style=\"height: 13.50pt;\">\n<td style=\"height: 13.50pt;\" height=\"36\">Especificaci\u00f3n del producto<\/td>\n<td>60 gominolas\/botella<\/td>\n<\/tr>\n<tr style=\"height: 13.50pt;\">\n<td style=\"height: 13.50pt;\" height=\"36\">Vida \u00fatil<\/td>\n<td>24 meses<\/td>\n<\/tr>\n<tr style=\"height: 13.50pt;\">\n<td style=\"height: 13.50pt;\" height=\"36\">Dimensiones (cm)<\/td>\n<td>7X7X12<\/td>\n<\/tr>\n<tr style=\"height: 13.50pt;\">\n<td style=\"height: 13.50pt;\" height=\"36\">Peso neto (kg)<\/td>\n<td>0,2 kg<\/td>\n<\/tr>\n<tr style=\"height: 13.50pt;\">\n<td style=\"height: 13.50pt;\" height=\"36\">Personalizaci\u00f3n<\/td>\n<td>Gr\u00e1fico, Logotipo, Paquete<\/td>\n<\/tr>\n<tr style=\"height: 13.50pt;\">\n<td style=\"height: 13.50pt;\" height=\"36\">Inventario<\/td>\n<td>En stock<\/td>\n<\/tr>\n<\/tbody>\n<\/table>","protected":false},"featured_media":2018,"comment_status":"closed","ping_status":"closed","template":"","meta":{"_acf_changed":false},"product_brand":[],"product_cat":[40,34,32,29],"product_tag":[],"class_list":{"0":"post-2015","1":"product","2":"type-product","3":"status-publish","4":"has-post-thumbnail","6":"product_cat-private-label-gummy-supplements","7":"product_cat-private-label-health-supplements","8":"product_cat-private-label-immune-supplements","9":"product_cat-sports-supplements-wholesale","11":"first","12":"instock","13":"shipping-taxable","14":"product-type-simple"},"acf":[],"_links":{"self":[{"href":"https:\/\/www.comehealthgroup.com\/es\/wp-json\/wp\/v2\/product\/2015","targetHints":{"allow":["GET"]}}],"collection":[{"href":"https:\/\/www.comehealthgroup.com\/es\/wp-json\/wp\/v2\/product"}],"about":[{"href":"https:\/\/www.comehealthgroup.com\/es\/wp-json\/wp\/v2\/types\/product"}],"replies":[{"embeddable":true,"href":"https:\/\/www.comehealthgroup.com\/es\/wp-json\/wp\/v2\/comments?post=2015"}],"wp:featuredmedia":[{"embeddable":true,"href":"https:\/\/www.comehealthgroup.com\/es\/wp-json\/wp\/v2\/media\/2018"}],"wp:attachment":[{"href":"https:\/\/www.comehealthgroup.com\/es\/wp-json\/wp\/v2\/media?parent=2015"}],"wp:term":[{"taxonomy":"product_brand","embeddable":true,"href":"https:\/\/www.comehealthgroup.com\/es\/wp-json\/wp\/v2\/product_brand?post=2015"},{"taxonomy":"product_cat","embeddable":true,"href":"https:\/\/www.comehealthgroup.com\/es\/wp-json\/wp\/v2\/product_cat?post=2015"},{"taxonomy":"product_tag","embeddable":true,"href":"https:\/\/www.comehealthgroup.com\/es\/wp-json\/wp\/v2\/product_tag?post=2015"}],"curies":[{"name":"wp","href":"https:\/\/api.w.org\/{rel}","templated":true}]}}