{"id":208,"date":"2024-12-06T07:05:29","date_gmt":"2024-12-06T07:05:29","guid":{"rendered":"https:\/\/www.comehealthgroup.com\/?post_type=product&#038;p=208"},"modified":"2024-12-06T07:20:13","modified_gmt":"2024-12-06T07:20:13","slug":"apple-cider-vinegar-gummies-bulk","status":"publish","type":"product","link":"https:\/\/www.comehealthgroup.com\/es\/product\/apple-cider-vinegar-gummies-bulk\/","title":{"rendered":"Gominolas de Vinagre de Sidra de Manzana a Granel, Suplementos de Gominolas de Marca Blanca"},"content":{"rendered":"<div class=\"wp-block-columns is-layout-flex wp-container-core-columns-is-layout-9d6595d7 wp-block-columns-is-layout-flex\">\n<div class=\"wp-block-column is-layout-flow wp-block-column-is-layout-flow\">\n<h2 class=\"wp-block-heading\">Caracter\u00edsticas de las Gominolas de Vinagre de Sidra de Manzana a Granel<\/h2>\n\n\n\n<ul class=\"wp-block-list\">\n<li><strong>Desintoxica y ayuda a perder peso: <\/strong>Nuestras gominolas de vinagre de sidra de manzana a granel ayudan a quemar la grasa extra al mejorar el metabolismo y la digesti\u00f3n, por lo que favorecen los procesos naturales de desintoxicaci\u00f3n del cuerpo para ayudar a perder peso de forma saludable.<\/li>\n\n\n\n<li><strong>Suplemento vitam\u00ednico y nutrici\u00f3n diaria: <\/strong>Ricas en vitaminas e ingredientes naturales, estas gominolas de vinagre de sidra de manzana de marca blanca proporcionan un suplemento nutricional a todo el organismo y permiten a los usuarios obtener f\u00e1cilmente energ\u00eda saludable cada d\u00eda.<\/li>\n\n\n\n<li><strong>Deliciosa f\u00f3rmula masticable para la ingesta diaria: <\/strong>En contraste con el vinagre l\u00edquido tradicional, este vinagre de sidra de manzana gomitas a granel tiene buen sabor, es f\u00e1cil de llevar y c\u00f3modo de tomar, la gesti\u00f3n de la salud es m\u00e1s agradable.<\/li>\n\n\n\n<li><strong>Servicio de personalizaci\u00f3n OEM para crear una marca \u00fanica: <\/strong>Ofrecemos servicios profesionales de producci\u00f3n de gominolas de vinagre de sidra de manzana de marca blanca y dise\u00f1amos f\u00f3rmulas y envases para los clientes seg\u00fan sus necesidades, con el fin de ayudarles a entrar en el mercado de suplementos para la salud, en r\u00e1pido crecimiento.<\/li>\n<\/ul>\n<\/div>\n\n\n\n<div class=\"wp-block-column is-layout-flow wp-block-column-is-layout-flow\">\n<figure class=\"wp-block-image size-full\"><img decoding=\"async\" width=\"1500\" height=\"1500\" src=\"https:\/\/www.comehealthgroup.com\/wp-content\/uploads\/2024\/12\/Apple-Cider-Vinegar-Gummies-Bulk-Private-Label-Gummy-Supplements-3.webp\" alt=\"Gominolas de Vinagre de Sidra de Manzana a Granel, Suplementos de Gominolas de Etiqueta Privada-3\" class=\"wp-image-211\" srcset=\"https:\/\/www.comehealthgroup.com\/wp-content\/uploads\/2024\/12\/Apple-Cider-Vinegar-Gummies-Bulk-Private-Label-Gummy-Supplements-3.webp 1500w, https:\/\/www.comehealthgroup.com\/wp-content\/uploads\/2024\/12\/Apple-Cider-Vinegar-Gummies-Bulk-Private-Label-Gummy-Supplements-3-300x300.webp 300w, https:\/\/www.comehealthgroup.com\/wp-content\/uploads\/2024\/12\/Apple-Cider-Vinegar-Gummies-Bulk-Private-Label-Gummy-Supplements-3-100x100.webp 100w, https:\/\/www.comehealthgroup.com\/wp-content\/uploads\/2024\/12\/Apple-Cider-Vinegar-Gummies-Bulk-Private-Label-Gummy-Supplements-3-600x600.webp 600w, https:\/\/www.comehealthgroup.com\/wp-content\/uploads\/2024\/12\/Apple-Cider-Vinegar-Gummies-Bulk-Private-Label-Gummy-Supplements-3-150x150.webp 150w, https:\/\/www.comehealthgroup.com\/wp-content\/uploads\/2024\/12\/Apple-Cider-Vinegar-Gummies-Bulk-Private-Label-Gummy-Supplements-3-768x768.webp 768w, https:\/\/www.comehealthgroup.com\/wp-content\/uploads\/2024\/12\/Apple-Cider-Vinegar-Gummies-Bulk-Private-Label-Gummy-Supplements-3-12x12.webp 12w\" sizes=\"(max-width: 1500px) 100vw, 1500px\" \/><\/figure>\n<\/div>\n<\/div>\n\n\n\n<p><\/p>","protected":false},"excerpt":{"rendered":"<p>Estas gominolas de vinagre de sidra de manzana de marca blanca a granel ofrecen a los usuarios una c\u00f3moda soluci\u00f3n para el control de la salud, ya que favorecen la p\u00e9rdida de peso, la desintoxicaci\u00f3n y la administraci\u00f3n de suplementos vitam\u00ednicos. Las gominolas tienen un sabor delicioso y admiten la personalizaci\u00f3n OEM, lo que las convierte en una opci\u00f3n ideal para la cooperaci\u00f3n de marca.<\/p>\n<table style=\"border-collapse: collapse; width: 328.02pt;\" border=\"0\" width=\"328\" cellspacing=\"0\" cellpadding=\"0\">\n<tbody>\n<tr style=\"height: 15.20pt;\">\n<td class=\"et2\" style=\"height: 15.20pt; width: 101.70pt;\" width=\"101\" height=\"15\">Marca<\/td>\n<td class=\"et2\" style=\"width: 226.65pt;\" width=\"226\">Come Health\/ Marca blanca<\/td>\n<\/tr>\n<tr style=\"height: 31.00pt;\">\n<td class=\"et2\" style=\"height: 31.00pt;\" height=\"31\">Ventajas del producto<\/td>\n<td class=\"et3\" style=\"width: 226.65pt;\" width=\"226\">*P\u00e9rdida de peso y desintoxicaci\u00f3n<br \/>*Aporta vitaminas<\/td>\n<\/tr>\n<tr style=\"height: 15.20pt;\">\n<td class=\"et2\" style=\"height: 15.20pt;\" height=\"15\">Forma farmac\u00e9utica<\/td>\n<td class=\"et2\">Gominola<\/td>\n<\/tr>\n<tr style=\"height: 15.20pt;\">\n<td class=\"et2\" style=\"height: 15.20pt;\" height=\"15\">Color<\/td>\n<td class=\"et2\">Rojo<\/td>\n<\/tr>\n<tr style=\"height: 15.20pt;\">\n<td class=\"et2\" style=\"height: 15.20pt;\" height=\"15\">Sabor<\/td>\n<td class=\"et2\">Sabor manzana<\/td>\n<\/tr>\n<tr style=\"height: 15.20pt;\">\n<td class=\"et2\" style=\"height: 15.20pt;\" height=\"15\">Forma<\/td>\n<td class=\"et2\">Cubby<\/td>\n<\/tr>\n<tr style=\"height: 15.20pt;\">\n<td class=\"et2\" style=\"height: 15.20pt;\" height=\"15\">Especificaci\u00f3n del producto<\/td>\n<td class=\"et2\">60 unidades\/botella<\/td>\n<\/tr>\n<tr style=\"height: 15.20pt;\">\n<td class=\"et2\" style=\"height: 15.20pt;\" height=\"15\">Vida \u00fatil<\/td>\n<td class=\"et2\">24 meses<\/td>\n<\/tr>\n<tr style=\"height: 15.20pt;\">\n<td class=\"et2\" style=\"height: 15.20pt;\" height=\"15\">Dimensiones (cm)<\/td>\n<td class=\"et2\">7X7X12<\/td>\n<\/tr>\n<tr style=\"height: 15.20pt;\">\n<td class=\"et2\" style=\"height: 15.20pt;\" height=\"15\">Peso neto (kg)<\/td>\n<td class=\"et2\">0,22 kg<\/td>\n<\/tr>\n<tr style=\"height: 15.20pt;\">\n<td class=\"et2\" style=\"height: 15.20pt;\" height=\"15\">Personalizaci\u00f3n<\/td>\n<td class=\"et2\">Gr\u00e1fico, Logotipo, Paquete<\/td>\n<\/tr>\n<tr style=\"height: 15.20pt;\">\n<td class=\"et2\" style=\"height: 15.20pt;\" height=\"15\">Inventario<\/td>\n<td class=\"et2\">En stock<\/td>\n<\/tr>\n<\/tbody>\n<\/table>","protected":false},"featured_media":209,"comment_status":"closed","ping_status":"closed","template":"","meta":{"_acf_changed":false},"product_brand":[],"product_cat":[40,29,41],"product_tag":[],"class_list":{"0":"post-208","1":"product","2":"type-product","3":"status-publish","4":"has-post-thumbnail","6":"product_cat-private-label-gummy-supplements","7":"product_cat-sports-supplements-wholesale","8":"product_cat-bulk-vitamins-and-minerals-supplements","10":"first","11":"instock","12":"shipping-taxable","13":"product-type-simple"},"acf":[],"_links":{"self":[{"href":"https:\/\/www.comehealthgroup.com\/es\/wp-json\/wp\/v2\/product\/208","targetHints":{"allow":["GET"]}}],"collection":[{"href":"https:\/\/www.comehealthgroup.com\/es\/wp-json\/wp\/v2\/product"}],"about":[{"href":"https:\/\/www.comehealthgroup.com\/es\/wp-json\/wp\/v2\/types\/product"}],"replies":[{"embeddable":true,"href":"https:\/\/www.comehealthgroup.com\/es\/wp-json\/wp\/v2\/comments?post=208"}],"wp:featuredmedia":[{"embeddable":true,"href":"https:\/\/www.comehealthgroup.com\/es\/wp-json\/wp\/v2\/media\/209"}],"wp:attachment":[{"href":"https:\/\/www.comehealthgroup.com\/es\/wp-json\/wp\/v2\/media?parent=208"}],"wp:term":[{"taxonomy":"product_brand","embeddable":true,"href":"https:\/\/www.comehealthgroup.com\/es\/wp-json\/wp\/v2\/product_brand?post=208"},{"taxonomy":"product_cat","embeddable":true,"href":"https:\/\/www.comehealthgroup.com\/es\/wp-json\/wp\/v2\/product_cat?post=208"},{"taxonomy":"product_tag","embeddable":true,"href":"https:\/\/www.comehealthgroup.com\/es\/wp-json\/wp\/v2\/product_tag?post=208"}],"curies":[{"name":"wp","href":"https:\/\/api.w.org\/{rel}","templated":true}]}}