{"id":219,"date":"2024-12-06T07:36:31","date_gmt":"2024-12-06T07:36:31","guid":{"rendered":"https:\/\/www.comehealthgroup.com\/?post_type=product&#038;p=219"},"modified":"2025-11-01T03:06:28","modified_gmt":"2025-11-01T03:06:28","slug":"private-label-keto-supplements","status":"publish","type":"product","link":"https:\/\/www.comehealthgroup.com\/es\/product\/private-label-keto-supplements\/","title":{"rendered":"Private Label Keto Supplements, Venta al por mayor de suplementos para la salud"},"content":{"rendered":"<div class=\"wp-block-columns is-layout-flex wp-container-core-columns-is-layout-9d6595d7 wp-block-columns-is-layout-flex\">\n<div class=\"wp-block-column is-layout-flow wp-block-column-is-layout-flow\">\n<h2 class=\"wp-block-heading\">Caracter\u00edsticas de los suplementos Keto de marca blanca<\/h2>\n\n\n\n<ul class=\"wp-block-list\">\n<li><strong>Mantiene los niveles de az\u00facar en sangre y equilibra el suministro de energ\u00eda:<\/strong> Nuestros suplementos ceto de marca blanca est\u00e1n dise\u00f1ados para favorecer la gesti\u00f3n del az\u00facar en sangre, ayudar a mantener niveles saludables de az\u00facar en sangre, estabilizar la liberaci\u00f3n de energ\u00eda y proporcionar energ\u00eda duradera para las actividades diarias.<\/li>\n\n\n\n<li><strong>Promueve una digesti\u00f3n saludable y optimiza la funci\u00f3n metab\u00f3lica: <\/strong>Este suplemento de gominolas de ceto al por mayor contiene ingredientes naturales que ayudan a la digesti\u00f3n, mejoran la salud intestinal, favorecen la absorci\u00f3n de nutrientes y ayudan a los usuarios a mantenerse ligeros y en\u00e9rgicos.<\/li>\n\n\n\n<li><strong>Favorece la salud de las articulaciones y mejora la flexibilidad corporal:<\/strong> La f\u00f3rmula de estos suplementos ceto de marca blanca presta especial atenci\u00f3n a la funci\u00f3n articular, ayuda a reducir la inflamaci\u00f3n y mejora la flexibilidad y la comodidad, lo que permite a los usuarios mantenerse en las mejores condiciones durante la p\u00e9rdida de peso y el ejercicio.<\/li>\n\n\n\n<li><strong>Apoye el control del peso y ayude a alcanzar los objetivos de salud: Nuestro<\/strong> etiqueta ceto suplementos incorporan ingredientes de apoyo a la p\u00e9rdida de peso, combinado con la funci\u00f3n de promover la quema de grasa y el metabolismo, que es un socio ideal para la p\u00e9rdida de peso y el mantenimiento de la forma del cuerpo.<\/li>\n<\/ul>\n<\/div>\n\n\n\n<div class=\"wp-block-column is-layout-flow wp-block-column-is-layout-flow\">\n<figure class=\"wp-block-image size-full\"><img decoding=\"async\" width=\"1920\" height=\"1920\" src=\"https:\/\/www.comehealthgroup.com\/wp-content\/uploads\/2024\/12\/Private-Label-Keto-Supplements-Keto-Gummies-Supplements-Wholesale-1.webp\" alt=\"Suplementos de Keto de marca blanca, Suplementos de Gominolas de Keto al por mayor-1\" class=\"wp-image-221\" srcset=\"https:\/\/www.comehealthgroup.com\/wp-content\/uploads\/2024\/12\/Private-Label-Keto-Supplements-Keto-Gummies-Supplements-Wholesale-1.webp 1920w, https:\/\/www.comehealthgroup.com\/wp-content\/uploads\/2024\/12\/Private-Label-Keto-Supplements-Keto-Gummies-Supplements-Wholesale-1-300x300.webp 300w, https:\/\/www.comehealthgroup.com\/wp-content\/uploads\/2024\/12\/Private-Label-Keto-Supplements-Keto-Gummies-Supplements-Wholesale-1-100x100.webp 100w, https:\/\/www.comehealthgroup.com\/wp-content\/uploads\/2024\/12\/Private-Label-Keto-Supplements-Keto-Gummies-Supplements-Wholesale-1-600x600.webp 600w, https:\/\/www.comehealthgroup.com\/wp-content\/uploads\/2024\/12\/Private-Label-Keto-Supplements-Keto-Gummies-Supplements-Wholesale-1-150x150.webp 150w, https:\/\/www.comehealthgroup.com\/wp-content\/uploads\/2024\/12\/Private-Label-Keto-Supplements-Keto-Gummies-Supplements-Wholesale-1-768x768.webp 768w, https:\/\/www.comehealthgroup.com\/wp-content\/uploads\/2024\/12\/Private-Label-Keto-Supplements-Keto-Gummies-Supplements-Wholesale-1-12x12.webp 12w\" sizes=\"(max-width: 1920px) 100vw, 1920px\" \/><\/figure>\n<\/div>\n<\/div>\n\n\n\n<p><\/p>","protected":false},"excerpt":{"rendered":"<p>Bienvenido a comprar esta etiqueta privada keto suplementos al por mayor combina el apoyo de az\u00facar en la sangre, la digesti\u00f3n saludable, cuidado de las articulaciones, y las funciones de control de peso para proporcionar a los usuarios con el apoyo integral de la salud. Apoyo a la personalizaci\u00f3n OEM, adecuado para la creaci\u00f3n de una l\u00ednea de productos de marca de salud personalizada.<\/p>\n<table style=\"border-collapse: collapse; width: 328.02pt;\" border=\"0\" width=\"328\" cellspacing=\"0\" cellpadding=\"0\">\n<tbody>\n<tr style=\"height: 15.20pt;\">\n<td class=\"et2\" style=\"height: 15.20pt; width: 101.70pt;\" width=\"101\" height=\"15\">Marca<\/td>\n<td class=\"et2\" style=\"width: 226.65pt;\" width=\"226\">Come Health\/ Marca blanca<\/td>\n<\/tr>\n<tr style=\"height: 46.00pt;\">\n<td class=\"et2\" style=\"height: 46.00pt;\" height=\"46\">Ventajas del producto<\/td>\n<td class=\"et3\" style=\"width: 226.65pt;\" width=\"226\">*Apoya los niveles de az\u00facar en sangre<br \/>*Favorece una digesti\u00f3n sana<br \/>*Apoya la salud de las articulaciones y la p\u00e9rdida de peso<\/td>\n<\/tr>\n<tr style=\"height: 15.20pt;\">\n<td class=\"et2\" style=\"height: 15.20pt;\" height=\"15\">Forma farmac\u00e9utica<\/td>\n<td class=\"et2\">Gominola<\/td>\n<\/tr>\n<tr style=\"height: 15.20pt;\">\n<td class=\"et2\" style=\"height: 15.20pt;\" height=\"15\">Color<\/td>\n<td class=\"et2\">Rosa, amarillo, verde, morado<\/td>\n<\/tr>\n<tr style=\"height: 31.00pt;\">\n<td class=\"et2\" style=\"height: 31.00pt;\" height=\"31\">Sabor<\/td>\n<td class=\"et3\" style=\"width: 226.65pt;\" width=\"226\">Sabores variados (fresa, pi\u00f1a, uva, manzana verde)<\/td>\n<\/tr>\n<tr style=\"height: 15.20pt;\">\n<td class=\"et2\" style=\"height: 15.20pt;\" height=\"15\">Forma<\/td>\n<td class=\"et2\">Cubby<\/td>\n<\/tr>\n<tr style=\"height: 15.20pt;\">\n<td class=\"et2\" style=\"height: 15.20pt;\" height=\"15\">Especificaci\u00f3n del producto<\/td>\n<td class=\"et2\">60 unidades\/botella<\/td>\n<\/tr>\n<tr style=\"height: 15.20pt;\">\n<td class=\"et2\" style=\"height: 15.20pt;\" height=\"15\">Vida \u00fatil<\/td>\n<td class=\"et2\">24 meses<\/td>\n<\/tr>\n<tr style=\"height: 15.20pt;\">\n<td class=\"et2\" style=\"height: 15.20pt;\" height=\"15\">Dimensiones (cm)<\/td>\n<td class=\"et2\">7X7X12<\/td>\n<\/tr>\n<tr style=\"height: 15.20pt;\">\n<td class=\"et2\" style=\"height: 15.20pt;\" height=\"15\">Peso neto (kg)<\/td>\n<td class=\"et2\">0,22 kg<\/td>\n<\/tr>\n<tr style=\"height: 15.20pt;\">\n<td class=\"et2\" style=\"height: 15.20pt;\" height=\"15\">Personalizaci\u00f3n<\/td>\n<td class=\"et2\">Gr\u00e1fico, Logotipo, Paquete<\/td>\n<\/tr>\n<tr style=\"height: 15.20pt;\">\n<td class=\"et2\" style=\"height: 15.20pt;\" height=\"15\">Inventario<\/td>\n<td class=\"et2\">En stock<\/td>\n<\/tr>\n<\/tbody>\n<\/table>","protected":false},"featured_media":223,"comment_status":"closed","ping_status":"closed","template":"","meta":{"_acf_changed":false},"product_brand":[],"product_cat":[40,34,29],"product_tag":[],"class_list":{"0":"post-219","1":"product","2":"type-product","3":"status-publish","4":"has-post-thumbnail","6":"product_cat-private-label-gummy-supplements","7":"product_cat-private-label-health-supplements","8":"product_cat-sports-supplements-wholesale","10":"first","11":"instock","12":"shipping-taxable","13":"product-type-simple"},"acf":[],"_links":{"self":[{"href":"https:\/\/www.comehealthgroup.com\/es\/wp-json\/wp\/v2\/product\/219","targetHints":{"allow":["GET"]}}],"collection":[{"href":"https:\/\/www.comehealthgroup.com\/es\/wp-json\/wp\/v2\/product"}],"about":[{"href":"https:\/\/www.comehealthgroup.com\/es\/wp-json\/wp\/v2\/types\/product"}],"replies":[{"embeddable":true,"href":"https:\/\/www.comehealthgroup.com\/es\/wp-json\/wp\/v2\/comments?post=219"}],"wp:featuredmedia":[{"embeddable":true,"href":"https:\/\/www.comehealthgroup.com\/es\/wp-json\/wp\/v2\/media\/223"}],"wp:attachment":[{"href":"https:\/\/www.comehealthgroup.com\/es\/wp-json\/wp\/v2\/media?parent=219"}],"wp:term":[{"taxonomy":"product_brand","embeddable":true,"href":"https:\/\/www.comehealthgroup.com\/es\/wp-json\/wp\/v2\/product_brand?post=219"},{"taxonomy":"product_cat","embeddable":true,"href":"https:\/\/www.comehealthgroup.com\/es\/wp-json\/wp\/v2\/product_cat?post=219"},{"taxonomy":"product_tag","embeddable":true,"href":"https:\/\/www.comehealthgroup.com\/es\/wp-json\/wp\/v2\/product_tag?post=219"}],"curies":[{"name":"wp","href":"https:\/\/api.w.org\/{rel}","templated":true}]}}