{"id":224,"date":"2024-12-06T07:49:18","date_gmt":"2024-12-06T07:49:18","guid":{"rendered":"https:\/\/www.comehealthgroup.com\/?post_type=product&#038;p=224"},"modified":"2024-12-06T07:57:52","modified_gmt":"2024-12-06T07:57:52","slug":"wholesale-keto-supplements","status":"publish","type":"product","link":"https:\/\/www.comehealthgroup.com\/es\/product\/wholesale-keto-supplements\/","title":{"rendered":"Venta al por mayor de suplementos de ceto, Suplementos de gominola de marca blanca"},"content":{"rendered":"<div class=\"wp-block-columns is-layout-flex wp-container-core-columns-is-layout-9d6595d7 wp-block-columns-is-layout-flex\">\n<div class=\"wp-block-column is-layout-flow wp-block-column-is-layout-flow\">\n<h2 class=\"wp-block-heading\">Caracter\u00edsticas de los suplementos Keto al por mayor<\/h2>\n\n\n\n<ul class=\"wp-block-list\">\n<li><strong>Equilibra los niveles de az\u00facar en sangre y mantiene estable la energ\u00eda: <\/strong>Nuestros suplementos de ceto al por mayor est\u00e1n dise\u00f1ados para la gesti\u00f3n de az\u00facar en la sangre, ayudando a mantener niveles saludables de az\u00facar en la sangre y ayudar a los usuarios a mantenerse con energ\u00eda durante todo el d\u00eda.<\/li>\n\n\n\n<li><strong>Promueve la salud intestinal y mejora la funci\u00f3n digestiva:<\/strong> Los ingredientes naturales de este suplemento de gominolas ceto de marca blanca favorecen una digesti\u00f3n saludable, optimizan el entorno microecol\u00f3gico intestinal, mejoran la eficacia de la absorci\u00f3n de nutrientes y ayudan a la salud en general.<\/li>\n\n\n\n<li><strong>Mejora del apoyo articular y del confort: <\/strong>Nuestros suplementos de ceto al por mayor est\u00e1n especialmente formulados para centrarse en la salud de las articulaciones, aliviar las molestias y ayudar a los usuarios a mantener la flexibilidad y la comodidad de las articulaciones durante las actividades diarias y el ejercicio.<\/li>\n\n\n\n<li><strong>Ayuda a controlar el peso y a conseguir la forma corporal ideal: <\/strong>Esta f\u00f3rmula de suplemento de gominolas keto de marca blanca ayuda a la quema de grasa y al metabolismo, y es una herramienta eficaz para perder peso o mantener un peso ideal, adecuado para las necesidades del plan de dieta Keto.<\/li>\n<\/ul>\n<\/div>\n\n\n\n<div class=\"wp-block-column is-layout-flow wp-block-column-is-layout-flow\">\n<figure class=\"wp-block-image size-full\"><img decoding=\"async\" width=\"1500\" height=\"1500\" src=\"https:\/\/www.comehealthgroup.com\/wp-content\/uploads\/2024\/12\/Wholesale-Keto-Supplements-White-Label-Gummy-Supplements-2.webp\" alt=\"Venta al por mayor de suplementos de ceto, suplementos de gominola de marca blanca-2\" class=\"wp-image-226\" srcset=\"https:\/\/www.comehealthgroup.com\/wp-content\/uploads\/2024\/12\/Wholesale-Keto-Supplements-White-Label-Gummy-Supplements-2.webp 1500w, https:\/\/www.comehealthgroup.com\/wp-content\/uploads\/2024\/12\/Wholesale-Keto-Supplements-White-Label-Gummy-Supplements-2-300x300.webp 300w, https:\/\/www.comehealthgroup.com\/wp-content\/uploads\/2024\/12\/Wholesale-Keto-Supplements-White-Label-Gummy-Supplements-2-100x100.webp 100w, https:\/\/www.comehealthgroup.com\/wp-content\/uploads\/2024\/12\/Wholesale-Keto-Supplements-White-Label-Gummy-Supplements-2-600x600.webp 600w, https:\/\/www.comehealthgroup.com\/wp-content\/uploads\/2024\/12\/Wholesale-Keto-Supplements-White-Label-Gummy-Supplements-2-150x150.webp 150w, https:\/\/www.comehealthgroup.com\/wp-content\/uploads\/2024\/12\/Wholesale-Keto-Supplements-White-Label-Gummy-Supplements-2-768x768.webp 768w, https:\/\/www.comehealthgroup.com\/wp-content\/uploads\/2024\/12\/Wholesale-Keto-Supplements-White-Label-Gummy-Supplements-2-12x12.webp 12w\" sizes=\"(max-width: 1500px) 100vw, 1500px\" \/><\/figure>\n<\/div>\n<\/div>\n\n\n\n<p><\/p>","protected":false},"excerpt":{"rendered":"<p>Nuestra venta al por mayor keto suplementos gummy proporcionar a los usuarios con el apoyo integral de la salud mediante el apoyo a la gesti\u00f3n de az\u00facar en la sangre, la promoci\u00f3n de la digesti\u00f3n, la mejora de la salud de las articulaciones y ayudar a la gesti\u00f3n del peso. El apoyo a la personalizaci\u00f3n de marca blanca es una excelente opci\u00f3n para crear una marca de suplementos de salud personalizada.<\/p>\n<table style=\"border-collapse: collapse; width: 328.02pt;\" border=\"0\" width=\"328\" cellspacing=\"0\" cellpadding=\"0\">\n<tbody>\n<tr style=\"height: 15.20pt;\">\n<td class=\"et2\" style=\"height: 15.20pt; width: 101.70pt;\" width=\"101\" height=\"15\">Marca<\/td>\n<td class=\"et2\" style=\"width: 226.65pt;\" width=\"226\">Come Health\/ Marca blanca<\/td>\n<\/tr>\n<tr style=\"height: 46.00pt;\">\n<td class=\"et2\" style=\"height: 46.00pt;\" height=\"46\">Ventajas del producto<\/td>\n<td class=\"et3\" style=\"width: 226.65pt;\" width=\"226\">*Apoya los niveles de az\u00facar en sangre<br \/>*Favorece una digesti\u00f3n sana<br \/>*Apoya la salud de las articulaciones y la p\u00e9rdida de peso<\/td>\n<\/tr>\n<tr style=\"height: 15.20pt;\">\n<td class=\"et2\" style=\"height: 15.20pt;\" height=\"15\">Forma farmac\u00e9utica<\/td>\n<td class=\"et2\">Gominola<\/td>\n<\/tr>\n<tr style=\"height: 15.20pt;\">\n<td class=\"et2\" style=\"height: 15.20pt;\" height=\"15\">Color<\/td>\n<td class=\"et2\">Rojo<\/td>\n<\/tr>\n<tr style=\"height: 16.00pt;\">\n<td class=\"et2\" style=\"height: 16.00pt;\" height=\"16\">Sabor<\/td>\n<td class=\"et3\" style=\"width: 226.65pt;\" width=\"226\">Sabor manzana<\/td>\n<\/tr>\n<tr style=\"height: 15.20pt;\">\n<td class=\"et2\" style=\"height: 15.20pt;\" height=\"15\">Forma<\/td>\n<td class=\"et2\">Cubby<\/td>\n<\/tr>\n<tr style=\"height: 15.20pt;\">\n<td class=\"et2\" style=\"height: 15.20pt;\" height=\"15\">Especificaci\u00f3n del producto<\/td>\n<td class=\"et2\">60 unidades\/botella<\/td>\n<\/tr>\n<tr style=\"height: 15.20pt;\">\n<td class=\"et2\" style=\"height: 15.20pt;\" height=\"15\">Vida \u00fatil<\/td>\n<td class=\"et2\">24 meses<\/td>\n<\/tr>\n<tr style=\"height: 15.20pt;\">\n<td class=\"et2\" style=\"height: 15.20pt;\" height=\"15\">Dimensiones (cm)<\/td>\n<td class=\"et2\">7X7X12<\/td>\n<\/tr>\n<tr style=\"height: 15.20pt;\">\n<td class=\"et2\" style=\"height: 15.20pt;\" height=\"15\">Peso neto (kg)<\/td>\n<td class=\"et2\">0,22 kg<\/td>\n<\/tr>\n<tr style=\"height: 15.20pt;\">\n<td class=\"et2\" style=\"height: 15.20pt;\" height=\"15\">Personalizaci\u00f3n<\/td>\n<td class=\"et2\">Gr\u00e1fico, Logotipo, Paquete<\/td>\n<\/tr>\n<tr style=\"height: 15.20pt;\">\n<td class=\"et2\" style=\"height: 15.20pt;\" height=\"15\">Inventario<\/td>\n<td class=\"et2\">En stock<\/td>\n<\/tr>\n<\/tbody>\n<\/table>","protected":false},"featured_media":228,"comment_status":"closed","ping_status":"closed","template":"","meta":{"_acf_changed":false},"product_brand":[],"product_cat":[40,34,29],"product_tag":[],"class_list":{"0":"post-224","1":"product","2":"type-product","3":"status-publish","4":"has-post-thumbnail","6":"product_cat-private-label-gummy-supplements","7":"product_cat-private-label-health-supplements","8":"product_cat-sports-supplements-wholesale","10":"first","11":"instock","12":"shipping-taxable","13":"product-type-simple"},"acf":[],"_links":{"self":[{"href":"https:\/\/www.comehealthgroup.com\/es\/wp-json\/wp\/v2\/product\/224","targetHints":{"allow":["GET"]}}],"collection":[{"href":"https:\/\/www.comehealthgroup.com\/es\/wp-json\/wp\/v2\/product"}],"about":[{"href":"https:\/\/www.comehealthgroup.com\/es\/wp-json\/wp\/v2\/types\/product"}],"replies":[{"embeddable":true,"href":"https:\/\/www.comehealthgroup.com\/es\/wp-json\/wp\/v2\/comments?post=224"}],"wp:featuredmedia":[{"embeddable":true,"href":"https:\/\/www.comehealthgroup.com\/es\/wp-json\/wp\/v2\/media\/228"}],"wp:attachment":[{"href":"https:\/\/www.comehealthgroup.com\/es\/wp-json\/wp\/v2\/media?parent=224"}],"wp:term":[{"taxonomy":"product_brand","embeddable":true,"href":"https:\/\/www.comehealthgroup.com\/es\/wp-json\/wp\/v2\/product_brand?post=224"},{"taxonomy":"product_cat","embeddable":true,"href":"https:\/\/www.comehealthgroup.com\/es\/wp-json\/wp\/v2\/product_cat?post=224"},{"taxonomy":"product_tag","embeddable":true,"href":"https:\/\/www.comehealthgroup.com\/es\/wp-json\/wp\/v2\/product_tag?post=224"}],"curies":[{"name":"wp","href":"https:\/\/api.w.org\/{rel}","templated":true}]}}