{"id":2302,"date":"2025-05-23T02:38:07","date_gmt":"2025-05-23T02:38:07","guid":{"rendered":"https:\/\/www.comehealthgroup.com\/?post_type=product&#038;p=2302"},"modified":"2025-09-05T01:59:52","modified_gmt":"2025-09-05T01:59:52","slug":"private-label-biotin-gummies","status":"publish","type":"product","link":"https:\/\/www.comehealthgroup.com\/es\/product\/private-label-biotin-gummies\/","title":{"rendered":"Gominolas de Biotina de marca blanca, Vitaminas a granel para cabello, piel y u\u00f1as"},"content":{"rendered":"<div class=\"wp-block-columns is-layout-flex wp-container-core-columns-is-layout-9d6595d7 wp-block-columns-is-layout-flex\">\n<div class=\"wp-block-column is-layout-flow wp-block-column-is-layout-flow\">\n<h2 class=\"wp-block-heading\">Caracter\u00edsticas de las gominolas de biotina de marca blanca<\/h2>\n\n\n\n<ul class=\"wp-block-list\">\n<li><strong>Cuidado del cabello, de la piel y de las u\u00f1as, todo en uno: <\/strong>Nuestras gominolas de biotina de marca blanca son ricas en biotina, vitamina C y E, que pueden promover eficazmente el crecimiento sano del cabello, mejorar el estado de la piel, fortalecer la dureza de las u\u00f1as y dejar que la belleza brille naturalmente desde dentro hacia fuera.<\/li>\n\n\n\n<li><strong>Delicioso sabor a fresa, suplemento nutricional f\u00e1cil: <\/strong>Estas gominolas de biotina al por mayor tienen un rico sabor a fresa, agridulce, y son tan f\u00e1ciles de comer como un caramelo, lo que le ayudar\u00e1 a cumplir f\u00e1cilmente con sus suplementos nutricionales diarios.<\/li>\n\n\n\n<li><strong>F\u00f3rmula vegana, sin gelatina: <\/strong>Estas gominolas de biotina de marca blanca utilizan ingredientes vegetales, aptos para vegetarianos y personas que prestan atenci\u00f3n a un estilo de vida saludable. Son suaves y sin carga, y seguro para comer todos los d\u00edas.<\/li>\n\n\n\n<li><strong>Ayuda al metabolismo y soporte energ\u00e9tico: <\/strong>Nuestras gominolas de biotina al por mayor est\u00e1n especialmente adicionadas con vitaminas C y E, que ayudan a mejorar el metabolismo energ\u00e9tico del cuerpo y la capacidad antioxidante, para que el cuerpo est\u00e9 lleno de vitalidad y el estado mental sea mejor.<\/li>\n<\/ul>\n<\/div>\n\n\n\n<div class=\"wp-block-column is-layout-flow wp-block-column-is-layout-flow\">\n<figure class=\"wp-block-image size-full\"><img decoding=\"async\" width=\"900\" height=\"900\" src=\"https:\/\/www.comehealthgroup.com\/wp-content\/uploads\/2025\/05\/Biotin-Gummies_04.webp\" alt=\"Gominolas de Biotina de marca blanca, a granel Vitaminas Cabello Piel U\u00f1as-1\" class=\"wp-image-2310\" srcset=\"https:\/\/www.comehealthgroup.com\/wp-content\/uploads\/2025\/05\/Biotin-Gummies_04.webp 900w, https:\/\/www.comehealthgroup.com\/wp-content\/uploads\/2025\/05\/Biotin-Gummies_04-300x300.webp 300w, https:\/\/www.comehealthgroup.com\/wp-content\/uploads\/2025\/05\/Biotin-Gummies_04-150x150.webp 150w, https:\/\/www.comehealthgroup.com\/wp-content\/uploads\/2025\/05\/Biotin-Gummies_04-768x768.webp 768w, https:\/\/www.comehealthgroup.com\/wp-content\/uploads\/2025\/05\/Biotin-Gummies_04-12x12.webp 12w, https:\/\/www.comehealthgroup.com\/wp-content\/uploads\/2025\/05\/Biotin-Gummies_04-600x600.webp 600w, https:\/\/www.comehealthgroup.com\/wp-content\/uploads\/2025\/05\/Biotin-Gummies_04-100x100.webp 100w\" sizes=\"(max-width: 900px) 100vw, 900px\" \/><\/figure>\n<\/div>\n<\/div>\n\n\n\n<p><\/p>","protected":false},"excerpt":{"rendered":"<p>Impulse su marca con nuestras gominolas de biotina de marca blanca. Nuestros suplementos de belleza al por mayor con sabor a fresa para el cabello, la piel y las u\u00f1as, con vitaminas C y E, est\u00e1n disponibles con envase de marca OEM a precios competitivos.<\/p>\n<table style=\"border-collapse: collapse; width: 504px; height: 276px;\" border=\"0\" width=\"799\" cellspacing=\"0\" cellpadding=\"0\">\n<tbody>\n<tr style=\"height: 13.50pt;\">\n<td style=\"height: 13.50pt; width: 132.40pt;\" width=\"353\" height=\"36\">Marca<\/td>\n<td style=\"width: 167.30pt;\" width=\"446\">Marca blanca<\/td>\n<\/tr>\n<tr style=\"height: 13.50pt;\">\n<td style=\"height: 13.50pt;\" height=\"36\">Ventajas del producto<\/td>\n<td><strong>*<\/strong>Favorece la salud del cabello, la piel y las u\u00f1as<br \/>*Delicioso y f\u00e1cil de tomar<br \/>*Apoya el metabolismo y la energ\u00eda<br \/>*F\u00f3rmula vegana y sin gelatina<\/td>\n<\/tr>\n<tr style=\"height: 13.50pt;\">\n<td style=\"height: 13.50pt;\" height=\"36\">Forma farmac\u00e9utica<\/td>\n<td>Gominola<\/td>\n<\/tr>\n<tr style=\"height: 13.50pt;\">\n<td style=\"height: 13.50pt;\" height=\"36\">Especificaci\u00f3n del producto<\/td>\n<td>60 gominolas\/botella<\/td>\n<\/tr>\n<tr style=\"height: 13.50pt;\">\n<td style=\"height: 13.50pt;\" height=\"36\">Vida \u00fatil<\/td>\n<td>24 meses<\/td>\n<\/tr>\n<tr style=\"height: 13.50pt;\">\n<td style=\"height: 13.50pt;\" height=\"36\">Dimensiones (cm)<\/td>\n<td>7X7X12<\/td>\n<\/tr>\n<tr style=\"height: 13.50pt;\">\n<td style=\"height: 13.50pt;\" height=\"36\">Peso neto (kg)<\/td>\n<td>0,2 kg<\/td>\n<\/tr>\n<tr style=\"height: 13.50pt;\">\n<td style=\"height: 13.50pt;\" height=\"36\">Personalizaci\u00f3n<\/td>\n<td>Gr\u00e1fico, Logotipo, Paquete<\/td>\n<\/tr>\n<tr style=\"height: 13.50pt;\">\n<td style=\"height: 13.50pt;\" height=\"36\">Inventario<\/td>\n<td>En stock<\/td>\n<\/tr>\n<\/tbody>\n<\/table>","protected":false},"featured_media":2312,"comment_status":"closed","ping_status":"closed","template":"","meta":{"_acf_changed":false},"product_brand":[],"product_cat":[34,40,36],"product_tag":[],"class_list":{"0":"post-2302","1":"product","2":"type-product","3":"status-publish","4":"has-post-thumbnail","6":"product_cat-private-label-health-supplements","7":"product_cat-private-label-gummy-supplements","8":"product_cat-private-label-beauty-supplements","10":"first","11":"instock","12":"shipping-taxable","13":"product-type-simple"},"acf":[],"_links":{"self":[{"href":"https:\/\/www.comehealthgroup.com\/es\/wp-json\/wp\/v2\/product\/2302","targetHints":{"allow":["GET"]}}],"collection":[{"href":"https:\/\/www.comehealthgroup.com\/es\/wp-json\/wp\/v2\/product"}],"about":[{"href":"https:\/\/www.comehealthgroup.com\/es\/wp-json\/wp\/v2\/types\/product"}],"replies":[{"embeddable":true,"href":"https:\/\/www.comehealthgroup.com\/es\/wp-json\/wp\/v2\/comments?post=2302"}],"wp:featuredmedia":[{"embeddable":true,"href":"https:\/\/www.comehealthgroup.com\/es\/wp-json\/wp\/v2\/media\/2312"}],"wp:attachment":[{"href":"https:\/\/www.comehealthgroup.com\/es\/wp-json\/wp\/v2\/media?parent=2302"}],"wp:term":[{"taxonomy":"product_brand","embeddable":true,"href":"https:\/\/www.comehealthgroup.com\/es\/wp-json\/wp\/v2\/product_brand?post=2302"},{"taxonomy":"product_cat","embeddable":true,"href":"https:\/\/www.comehealthgroup.com\/es\/wp-json\/wp\/v2\/product_cat?post=2302"},{"taxonomy":"product_tag","embeddable":true,"href":"https:\/\/www.comehealthgroup.com\/es\/wp-json\/wp\/v2\/product_tag?post=2302"}],"curies":[{"name":"wp","href":"https:\/\/api.w.org\/{rel}","templated":true}]}}