{"id":234,"date":"2024-12-06T08:11:10","date_gmt":"2024-12-06T08:11:10","guid":{"rendered":"https:\/\/www.comehealthgroup.com\/?post_type=product&#038;p=234"},"modified":"2024-12-06T08:20:43","modified_gmt":"2024-12-06T08:20:43","slug":"private-label-sports-supplements","status":"publish","type":"product","link":"https:\/\/www.comehealthgroup.com\/es\/product\/private-label-sports-supplements\/","title":{"rendered":"Suplementos deportivos de marca blanca, Suplementos a granel C\u00e1psula de biotina"},"content":{"rendered":"<div class=\"wp-block-columns is-layout-flex wp-container-core-columns-is-layout-9d6595d7 wp-block-columns-is-layout-flex\">\n<div class=\"wp-block-column is-layout-flow wp-block-column-is-layout-flow\">\n<h2 class=\"wp-block-heading\">Caracter\u00edsticas de los suplementos deportivos de marca blanca<\/h2>\n\n\n\n<ul class=\"wp-block-list\">\n<li><strong>Promueve el crecimiento muscular y mejora el rendimiento f\u00edsico: <\/strong>Estos suplementos deportivos de marca blanca ayudan a los usuarios a aumentar r\u00e1pidamente la masa muscular y mejorar el rendimiento atl\u00e9tico general favoreciendo la s\u00edntesis muscular.<\/li>\n\n\n\n<li><strong>Acelera la quema de grasa y ayuda a perder grasa de forma saludable: <\/strong>Esta c\u00e1psula de biotina a granel suplementos est\u00e1 dise\u00f1ado para promover el metabolismo de las grasas, ayudando a los usuarios a alcanzar los objetivos de p\u00e9rdida de grasa, mientras que el mantenimiento de altos niveles de energ\u00eda durante la aptitud.<\/li>\n\n\n\n<li><strong>Mejora la recuperaci\u00f3n del ejercicio y reduce la fatiga:<\/strong> Nuestros suplementos deportivos de marca blanca ayudan a los m\u00fasculos a recuperarse r\u00e1pidamente y reducen la fatiga causada por el ejercicio de alta intensidad, lo que permite a los usuarios realizar los ejercicios diarios con mayor eficacia.<\/li>\n\n\n\n<li><strong>Favorece la concentraci\u00f3n y la energ\u00eda para mejorar el potencial de entrenamiento:<\/strong> Al potenciar la energ\u00eda f\u00edsica y la claridad mental, nuestra c\u00e1psula de biotina a granel permite a los usuarios mantenerse en las mejores condiciones en el deporte y la vida cotidiana y maximizar su potencial de entrenamiento.<\/li>\n<\/ul>\n<\/div>\n\n\n\n<div class=\"wp-block-column is-layout-flow wp-block-column-is-layout-flow\">\n<figure class=\"wp-block-image size-full\"><img decoding=\"async\" width=\"800\" height=\"800\" src=\"https:\/\/www.comehealthgroup.com\/wp-content\/uploads\/2024\/12\/Private-Label-Sports-Supplements-Bulk-Supplements-Biotin-Capsule-3.webp\" alt=\"Private Label Suplementos Deportivos, Suplementos a Granel Biotina C\u00e1psula-3\" class=\"wp-image-237\" srcset=\"https:\/\/www.comehealthgroup.com\/wp-content\/uploads\/2024\/12\/Private-Label-Sports-Supplements-Bulk-Supplements-Biotin-Capsule-3.webp 800w, https:\/\/www.comehealthgroup.com\/wp-content\/uploads\/2024\/12\/Private-Label-Sports-Supplements-Bulk-Supplements-Biotin-Capsule-3-300x300.webp 300w, https:\/\/www.comehealthgroup.com\/wp-content\/uploads\/2024\/12\/Private-Label-Sports-Supplements-Bulk-Supplements-Biotin-Capsule-3-100x100.webp 100w, https:\/\/www.comehealthgroup.com\/wp-content\/uploads\/2024\/12\/Private-Label-Sports-Supplements-Bulk-Supplements-Biotin-Capsule-3-600x600.webp 600w, https:\/\/www.comehealthgroup.com\/wp-content\/uploads\/2024\/12\/Private-Label-Sports-Supplements-Bulk-Supplements-Biotin-Capsule-3-150x150.webp 150w, https:\/\/www.comehealthgroup.com\/wp-content\/uploads\/2024\/12\/Private-Label-Sports-Supplements-Bulk-Supplements-Biotin-Capsule-3-768x768.webp 768w, https:\/\/www.comehealthgroup.com\/wp-content\/uploads\/2024\/12\/Private-Label-Sports-Supplements-Bulk-Supplements-Biotin-Capsule-3-12x12.webp 12w\" sizes=\"(max-width: 800px) 100vw, 800px\" \/><\/figure>\n<\/div>\n<\/div>\n\n\n\n<p><\/p>","protected":false},"excerpt":{"rendered":"<p>Esta c\u00e1psula de biotina de suplementos deportivos de marca blanca se centra en favorecer el crecimiento muscular, promover la quema de grasas, acelerar la recuperaci\u00f3n del ejercicio y mejorar la concentraci\u00f3n mental. Es un suplemento ideal para optimizar de forma integral el rendimiento del entrenamiento. Apoyando el etiquetado privado, es una opci\u00f3n de alta calidad para la construcci\u00f3n de una marca de nutrici\u00f3n deportiva.<\/p>\n<table style=\"border-collapse: collapse; width: 328.02pt;\" border=\"0\" width=\"328\" cellspacing=\"0\" cellpadding=\"0\">\n<tbody>\n<tr style=\"height: 15.20pt;\">\n<td class=\"et2\" style=\"height: 15.20pt; width: 101.70pt;\" width=\"101\" height=\"15\">Marca<\/td>\n<td class=\"et2\" style=\"width: 226.65pt;\" width=\"226\">Come Health\/ Marca blanca<\/td>\n<\/tr>\n<tr style=\"height: 107.00pt;\">\n<td class=\"et2\" style=\"height: 107.00pt;\" height=\"107\">Ventajas del producto<\/td>\n<td class=\"et3\" style=\"width: 226.65pt;\" width=\"226\">*Aumenta la masa muscular<br \/>*Acelera la p\u00e9rdida de grasa<br \/>*Mejora la recuperaci\u00f3n y reduce la fatiga<br \/>*Previene la degradaci\u00f3n muscular<br \/>*Apoya la claridad mental y la concentraci\u00f3n<br \/>*Aumenta los niveles de energ\u00eda y maximiza el potencial de entrenamiento<\/td>\n<\/tr>\n<tr style=\"height: 15.20pt;\">\n<td class=\"et2\" style=\"height: 15.20pt;\" height=\"15\">Forma farmac\u00e9utica<\/td>\n<td class=\"et2\">C\u00e1psula<\/td>\n<\/tr>\n<tr style=\"height: 15.20pt;\">\n<td class=\"et2\" style=\"height: 15.20pt;\" height=\"15\">Apariencia<\/td>\n<td class=\"et2\">Caparaz\u00f3n de gelatina blanca lechosa<\/td>\n<\/tr>\n<tr style=\"height: 15.20pt;\">\n<td class=\"et2\" style=\"height: 15.20pt;\" height=\"15\">Especificaci\u00f3n del producto<\/td>\n<td class=\"et2\">60 c\u00e1psulas\/frasco<\/td>\n<\/tr>\n<tr style=\"height: 15.20pt;\">\n<td class=\"et2\" style=\"height: 15.20pt;\" height=\"15\">Vida \u00fatil<\/td>\n<td class=\"et2\">24 meses<\/td>\n<\/tr>\n<tr style=\"height: 15.20pt;\">\n<td class=\"et2\" style=\"height: 15.20pt;\" height=\"15\">Dimensiones (cm)<\/td>\n<td class=\"et2\">7X7X12<\/td>\n<\/tr>\n<tr style=\"height: 15.20pt;\">\n<td class=\"et2\" style=\"height: 15.20pt;\" height=\"15\">Peso neto (kg)<\/td>\n<td class=\"et2\">0,08 kg<\/td>\n<\/tr>\n<tr style=\"height: 15.20pt;\">\n<td class=\"et2\" style=\"height: 15.20pt;\" height=\"15\">Personalizaci\u00f3n<\/td>\n<td class=\"et2\">Gr\u00e1fico, Logotipo, Paquete<\/td>\n<\/tr>\n<tr style=\"height: 15.20pt;\">\n<td class=\"et2\" style=\"height: 15.20pt;\" height=\"15\">Inventario<\/td>\n<td class=\"et2\">En stock<\/td>\n<\/tr>\n<\/tbody>\n<\/table>","protected":false},"featured_media":236,"comment_status":"closed","ping_status":"closed","template":"","meta":{"_acf_changed":false},"product_brand":[],"product_cat":[29,39],"product_tag":[],"class_list":{"0":"post-234","1":"product","2":"type-product","3":"status-publish","4":"has-post-thumbnail","6":"product_cat-sports-supplements-wholesale","7":"product_cat-bulk-supplements-capsules","9":"first","10":"instock","11":"shipping-taxable","12":"product-type-simple"},"acf":[],"_links":{"self":[{"href":"https:\/\/www.comehealthgroup.com\/es\/wp-json\/wp\/v2\/product\/234","targetHints":{"allow":["GET"]}}],"collection":[{"href":"https:\/\/www.comehealthgroup.com\/es\/wp-json\/wp\/v2\/product"}],"about":[{"href":"https:\/\/www.comehealthgroup.com\/es\/wp-json\/wp\/v2\/types\/product"}],"replies":[{"embeddable":true,"href":"https:\/\/www.comehealthgroup.com\/es\/wp-json\/wp\/v2\/comments?post=234"}],"wp:featuredmedia":[{"embeddable":true,"href":"https:\/\/www.comehealthgroup.com\/es\/wp-json\/wp\/v2\/media\/236"}],"wp:attachment":[{"href":"https:\/\/www.comehealthgroup.com\/es\/wp-json\/wp\/v2\/media?parent=234"}],"wp:term":[{"taxonomy":"product_brand","embeddable":true,"href":"https:\/\/www.comehealthgroup.com\/es\/wp-json\/wp\/v2\/product_brand?post=234"},{"taxonomy":"product_cat","embeddable":true,"href":"https:\/\/www.comehealthgroup.com\/es\/wp-json\/wp\/v2\/product_cat?post=234"},{"taxonomy":"product_tag","embeddable":true,"href":"https:\/\/www.comehealthgroup.com\/es\/wp-json\/wp\/v2\/product_tag?post=234"}],"curies":[{"name":"wp","href":"https:\/\/api.w.org\/{rel}","templated":true}]}}