{"id":242,"date":"2024-12-07T01:08:10","date_gmt":"2024-12-07T01:08:10","guid":{"rendered":"https:\/\/www.comehealthgroup.com\/?post_type=product&#038;p=242"},"modified":"2024-12-07T01:40:22","modified_gmt":"2024-12-07T01:40:22","slug":"private-label-hair-skin-and-nail-supplements","status":"publish","type":"product","link":"https:\/\/www.comehealthgroup.com\/es\/product\/private-label-hair-skin-and-nail-supplements\/","title":{"rendered":"Marca de distribuidor Suplementos para cabello, piel y u\u00f1as C\u00e1psula de biotina"},"content":{"rendered":"<div class=\"wp-block-columns is-layout-flex wp-container-core-columns-is-layout-9d6595d7 wp-block-columns-is-layout-flex\">\n<div class=\"wp-block-column is-layout-flow wp-block-column-is-layout-flow\">\n<h2 class=\"wp-block-heading\">Caracter\u00edsticas de los suplementos para cabello, piel y u\u00f1as de marca blanca<\/h2>\n\n\n\n<ul class=\"wp-block-list\">\n<li><strong>Promueve la salud del cabello, lo fortalece y le da brillo: <\/strong>Estos suplementos de marca blanca para cabello, piel y u\u00f1as son ricos en ingredientes nutritivos, especialmente dise\u00f1ados para promover un cabello sano, reducir la rotura y mejorar la fuerza y el brillo natural del cabello.<\/li>\n\n\n\n<li><strong>Aporta luminosidad y mejora el estado de la piel:<\/strong> Este suplemento de belleza de marca blanca favorece la producci\u00f3n de col\u00e1geno, ayudando a la piel a mantenerse hidratada y tersa, al tiempo que reduce las l\u00edneas de expresi\u00f3n y el tono apagado, lo que hace que la piel est\u00e9 radiante y m\u00e1s atractiva.<\/li>\n\n\n\n<li><strong>Fortalece las u\u00f1as y reduce su rotura:<\/strong> Los ingredientes de Biotina de nuestros suplementos de marca blanca para cabello, piel y u\u00f1as aportan los nutrientes necesarios para que las u\u00f1as mejoren su fragilidad y deslaminaci\u00f3n, ayudando as\u00ed al usuario a tener unas u\u00f1as m\u00e1s fuertes y sanas.<\/li>\n\n\n\n<li><strong>Apoyo integral a la belleza y mejora de la imagen general: <\/strong>Este suplemento de belleza de marca blanca con m\u00faltiples beneficios combina el cuidado del cabello, la piel y las u\u00f1as en uno, apoyando la belleza de forma integral y ayudando a los usuarios a renovar la confianza en s\u00ed mismos.<\/li>\n<\/ul>\n<\/div>\n\n\n\n<div class=\"wp-block-column is-layout-flow wp-block-column-is-layout-flow\">\n<figure class=\"wp-block-image size-full\"><img decoding=\"async\" width=\"720\" height=\"720\" src=\"https:\/\/www.comehealthgroup.com\/wp-content\/uploads\/2024\/12\/Private-Label-Hair-Skin-And-Nail-Supplements-Biotin-Capsule-1.webp\" alt=\"Private Label Cabello Piel Y U\u00f1as Suplementos Biotina Capsule-1\" class=\"wp-image-243\" srcset=\"https:\/\/www.comehealthgroup.com\/wp-content\/uploads\/2024\/12\/Private-Label-Hair-Skin-And-Nail-Supplements-Biotin-Capsule-1.webp 720w, https:\/\/www.comehealthgroup.com\/wp-content\/uploads\/2024\/12\/Private-Label-Hair-Skin-And-Nail-Supplements-Biotin-Capsule-1-300x300.webp 300w, https:\/\/www.comehealthgroup.com\/wp-content\/uploads\/2024\/12\/Private-Label-Hair-Skin-And-Nail-Supplements-Biotin-Capsule-1-100x100.webp 100w, https:\/\/www.comehealthgroup.com\/wp-content\/uploads\/2024\/12\/Private-Label-Hair-Skin-And-Nail-Supplements-Biotin-Capsule-1-600x600.webp 600w, https:\/\/www.comehealthgroup.com\/wp-content\/uploads\/2024\/12\/Private-Label-Hair-Skin-And-Nail-Supplements-Biotin-Capsule-1-150x150.webp 150w, https:\/\/www.comehealthgroup.com\/wp-content\/uploads\/2024\/12\/Private-Label-Hair-Skin-And-Nail-Supplements-Biotin-Capsule-1-12x12.webp 12w\" sizes=\"(max-width: 720px) 100vw, 720px\" \/><\/figure>\n<\/div>\n<\/div>\n\n\n\n<p><\/p>","protected":false},"excerpt":{"rendered":"<p>Nuestros suplementos de marca blanca para cabello, piel y u\u00f1as est\u00e1n dise\u00f1ados para mantener un cabello sano, una piel radiante y fortalecer las u\u00f1as, lo que los convierte en el suplemento de belleza integral perfecto. Apoye hoy el etiquetado privado para ayudar a las marcas a crear l\u00edneas de productos de cuidado personal de alta calidad.<\/p>\n<table style=\"border-collapse: collapse; width: 328.02pt;\" border=\"0\" width=\"328\" cellspacing=\"0\" cellpadding=\"0\">\n<tbody>\n<tr style=\"height: 15.20pt;\">\n<td class=\"et2\" style=\"height: 15.20pt; width: 101.70pt;\" width=\"101\" height=\"15\">Marca<\/td>\n<td class=\"et2\" style=\"width: 226.65pt;\" width=\"226\">Come Health\/ Marca blanca<\/td>\n<\/tr>\n<tr style=\"height: 46.00pt;\">\n<td class=\"et2\" style=\"height: 46.00pt;\" height=\"46\">Ventajas del producto<\/td>\n<td class=\"et3\" style=\"width: 226.65pt;\" width=\"226\">*Cabello sano<br \/>*Piel brillante<br \/>*U\u00f1as fuertes<\/td>\n<\/tr>\n<tr style=\"height: 15.20pt;\">\n<td class=\"et2\" style=\"height: 15.20pt;\" height=\"15\">Forma farmac\u00e9utica<\/td>\n<td class=\"et2\">C\u00e1psula<\/td>\n<\/tr>\n<tr style=\"height: 15.20pt;\">\n<td class=\"et2\" style=\"height: 15.20pt;\" height=\"15\">Apariencia<\/td>\n<td class=\"et2\">Caparaz\u00f3n de gelatina blanca lechosa<\/td>\n<\/tr>\n<tr style=\"height: 15.20pt;\">\n<td class=\"et2\" style=\"height: 15.20pt;\" height=\"15\">Especificaci\u00f3n del producto<\/td>\n<td class=\"et2\">60 c\u00e1psulas\/frasco<\/td>\n<\/tr>\n<tr style=\"height: 15.20pt;\">\n<td class=\"et2\" style=\"height: 15.20pt;\" height=\"15\">Vida \u00fatil<\/td>\n<td class=\"et2\">24 meses<\/td>\n<\/tr>\n<tr style=\"height: 15.20pt;\">\n<td class=\"et2\" style=\"height: 15.20pt;\" height=\"15\">Dimensiones (cm)<\/td>\n<td class=\"et2\">7X7X12<\/td>\n<\/tr>\n<tr style=\"height: 15.20pt;\">\n<td class=\"et2\" style=\"height: 15.20pt;\" height=\"15\">Peso neto (kg)<\/td>\n<td class=\"et2\">0,08 kg<\/td>\n<\/tr>\n<tr style=\"height: 15.20pt;\">\n<td class=\"et2\" style=\"height: 15.20pt;\" height=\"15\">Personalizaci\u00f3n<\/td>\n<td class=\"et2\">Gr\u00e1fico, Logotipo, Paquete<\/td>\n<\/tr>\n<tr style=\"height: 15.20pt;\">\n<td class=\"et2\" style=\"height: 15.20pt;\" height=\"15\">Inventario<\/td>\n<td class=\"et2\">En stock<\/td>\n<\/tr>\n<\/tbody>\n<\/table>","protected":false},"featured_media":247,"comment_status":"closed","ping_status":"closed","template":"","meta":{"_acf_changed":false},"product_brand":[],"product_cat":[36,39],"product_tag":[],"class_list":{"0":"post-242","1":"product","2":"type-product","3":"status-publish","4":"has-post-thumbnail","6":"product_cat-private-label-beauty-supplements","7":"product_cat-bulk-supplements-capsules","9":"first","10":"instock","11":"shipping-taxable","12":"product-type-simple"},"acf":[],"_links":{"self":[{"href":"https:\/\/www.comehealthgroup.com\/es\/wp-json\/wp\/v2\/product\/242","targetHints":{"allow":["GET"]}}],"collection":[{"href":"https:\/\/www.comehealthgroup.com\/es\/wp-json\/wp\/v2\/product"}],"about":[{"href":"https:\/\/www.comehealthgroup.com\/es\/wp-json\/wp\/v2\/types\/product"}],"replies":[{"embeddable":true,"href":"https:\/\/www.comehealthgroup.com\/es\/wp-json\/wp\/v2\/comments?post=242"}],"wp:featuredmedia":[{"embeddable":true,"href":"https:\/\/www.comehealthgroup.com\/es\/wp-json\/wp\/v2\/media\/247"}],"wp:attachment":[{"href":"https:\/\/www.comehealthgroup.com\/es\/wp-json\/wp\/v2\/media?parent=242"}],"wp:term":[{"taxonomy":"product_brand","embeddable":true,"href":"https:\/\/www.comehealthgroup.com\/es\/wp-json\/wp\/v2\/product_brand?post=242"},{"taxonomy":"product_cat","embeddable":true,"href":"https:\/\/www.comehealthgroup.com\/es\/wp-json\/wp\/v2\/product_cat?post=242"},{"taxonomy":"product_tag","embeddable":true,"href":"https:\/\/www.comehealthgroup.com\/es\/wp-json\/wp\/v2\/product_tag?post=242"}],"curies":[{"name":"wp","href":"https:\/\/api.w.org\/{rel}","templated":true}]}}