{"id":248,"date":"2024-12-07T01:41:23","date_gmt":"2024-12-07T01:41:23","guid":{"rendered":"https:\/\/www.comehealthgroup.com\/?post_type=product&#038;p=248"},"modified":"2024-12-14T06:30:26","modified_gmt":"2024-12-14T06:30:26","slug":"bulk-supplements-nmn-capsules","status":"publish","type":"product","link":"https:\/\/www.comehealthgroup.com\/es\/product\/bulk-supplements-nmn-capsules\/","title":{"rendered":"Suplementos a granel NMN C\u00e1psulas, Suplementos antienvejecimiento al por mayor"},"content":{"rendered":"<div class=\"wp-block-columns is-layout-flex wp-container-core-columns-is-layout-9d6595d7 wp-block-columns-is-layout-flex\">\n<div class=\"wp-block-column is-layout-flow wp-block-column-is-layout-flow\">\n<h2 class=\"wp-block-heading\">Caracter\u00edsticas de las c\u00e1psulas NMN de Bulk Supplements<\/h2>\n\n\n\n<ul class=\"wp-block-list\">\n<li><strong>Ayuda antienvejecimiento, rejuvenece la juventud:<\/strong> Este suplemento a granel nmn c\u00e1psulas ayuda a ralentizar el proceso de envejecimiento mediante la promoci\u00f3n de la reparaci\u00f3n celular y efectos antioxidantes, el mantenimiento de un estado juvenil y apariencia saludable.<\/li>\n\n\n\n<li><strong>Alta biodisponibilidad, efecto de absorci\u00f3n optimizado: <\/strong>La f\u00f3rmula profesional de este suplemento antienvejecimiento al por mayor mejora la biodisponibilidad de los ingredientes NMN, asegurando que los ingredientes activos se absorban r\u00e1pidamente y maximizando el efecto de apoyo a la salud.<\/li>\n\n\n\n<li><strong>Mejorar la fuerza f\u00edsica y la resistencia, aumentar el rendimiento atl\u00e9tico:<\/strong> Al optimizar el metabolismo energ\u00e9tico, este suplemento a granel nmn c\u00e1psulas favorece la mejora de la fuerza y la resistencia, lo que permite a los usuarios mantener un rendimiento eficiente en la vida diaria y en el deporte.<\/li>\n\n\n\n<li><strong>Reparaci\u00f3n del ADN y protecci\u00f3n de los tel\u00f3meros, mantienen la salud celular:<\/strong> Este suplemento antienvejecimiento al por mayor apoya la reparaci\u00f3n del ADN y protege la integridad de los tel\u00f3meros, lo que ayuda a la salud a largo plazo y proporciona una protecci\u00f3n b\u00e1sica para la salud general y la vida.<\/li>\n<\/ul>\n<\/div>\n\n\n\n<div class=\"wp-block-column is-layout-flow wp-block-column-is-layout-flow\">\n<figure class=\"wp-block-image size-full\"><img decoding=\"async\" width=\"750\" height=\"750\" src=\"https:\/\/www.comehealthgroup.com\/wp-content\/uploads\/2024\/12\/Bulk-Supplements-NMN-Capsules-Anti-aging-Supplements-Wholesale-2.webp\" alt=\"Suplementos a granel NMN C\u00e1psulas, Suplementos antienvejecimiento al por mayor-2\" class=\"wp-image-250\" srcset=\"https:\/\/www.comehealthgroup.com\/wp-content\/uploads\/2024\/12\/Bulk-Supplements-NMN-Capsules-Anti-aging-Supplements-Wholesale-2.webp 750w, https:\/\/www.comehealthgroup.com\/wp-content\/uploads\/2024\/12\/Bulk-Supplements-NMN-Capsules-Anti-aging-Supplements-Wholesale-2-300x300.webp 300w, https:\/\/www.comehealthgroup.com\/wp-content\/uploads\/2024\/12\/Bulk-Supplements-NMN-Capsules-Anti-aging-Supplements-Wholesale-2-100x100.webp 100w, https:\/\/www.comehealthgroup.com\/wp-content\/uploads\/2024\/12\/Bulk-Supplements-NMN-Capsules-Anti-aging-Supplements-Wholesale-2-600x600.webp 600w, https:\/\/www.comehealthgroup.com\/wp-content\/uploads\/2024\/12\/Bulk-Supplements-NMN-Capsules-Anti-aging-Supplements-Wholesale-2-150x150.webp 150w, https:\/\/www.comehealthgroup.com\/wp-content\/uploads\/2024\/12\/Bulk-Supplements-NMN-Capsules-Anti-aging-Supplements-Wholesale-2-12x12.webp 12w\" sizes=\"(max-width: 750px) 100vw, 750px\" \/><\/figure>\n<\/div>\n<\/div>\n\n\n\n<p><\/p>","protected":false},"excerpt":{"rendered":"<p>Nuestros suplementos a granel nmn c\u00e1psulas se centran en anti-envejecimiento, mejora de la energ\u00eda y apoyo a la salud celular, con alta biodisponibilidad, fuerza y funciones de mejora de la resistencia, que es una opci\u00f3n ideal para la mejora integral del estado de salud. Apoyar al por mayor a granel y etiqueta privada, ayudando a las marcas a ampliar sus l\u00edneas de productos anti-envejecimiento.<\/p>\n<table style=\"border-collapse: collapse; width: 328.02pt;\" border=\"0\" width=\"328\" cellspacing=\"0\" cellpadding=\"0\">\n<tbody>\n<tr style=\"height: 15.20pt;\">\n<td class=\"et2\" style=\"height: 15.20pt; width: 101.70pt;\" width=\"101\" height=\"15\">Marca<\/td>\n<td class=\"et2\" style=\"width: 226.65pt;\" width=\"226\">Come Health\/ Marca blanca<\/td>\n<\/tr>\n<tr style=\"height: 76.00pt;\">\n<td class=\"et2\" style=\"height: 76.00pt;\" height=\"76\">Ventajas del producto<\/td>\n<td class=\"et3\" style=\"width: 226.65pt;\" width=\"226\">*Antienvejecimiento<br \/>*Biodisponibilidad mejorada<br \/>*Aumento de la fuerza y la resistencia<br \/>*Apoyo al ADN y a los tel\u00f3meros<br \/>*Mayor energ\u00eda y salud en general<\/td>\n<\/tr>\n<tr style=\"height: 15.20pt;\">\n<td class=\"et2\" style=\"height: 15.20pt;\" height=\"15\">Forma farmac\u00e9utica<\/td>\n<td class=\"et2\">C\u00e1psula<\/td>\n<\/tr>\n<tr style=\"height: 15.20pt;\">\n<td class=\"et2\" style=\"height: 15.20pt;\" height=\"15\">Apariencia<\/td>\n<td class=\"et2\">Caparaz\u00f3n de gelatina blanca lechosa<\/td>\n<\/tr>\n<tr style=\"height: 15.20pt;\">\n<td class=\"et2\" style=\"height: 15.20pt;\" height=\"15\">Especificaci\u00f3n del producto<\/td>\n<td class=\"et2\">60 c\u00e1psulas\/frasco<\/td>\n<\/tr>\n<tr style=\"height: 15.20pt;\">\n<td class=\"et2\" style=\"height: 15.20pt;\" height=\"15\">Vida \u00fatil<\/td>\n<td class=\"et2\">24 meses<\/td>\n<\/tr>\n<tr style=\"height: 15.20pt;\">\n<td class=\"et2\" style=\"height: 15.20pt;\" height=\"15\">Dimensiones (cm)<\/td>\n<td class=\"et2\">7X7X12<\/td>\n<\/tr>\n<tr style=\"height: 15.20pt;\">\n<td class=\"et2\" style=\"height: 15.20pt;\" height=\"15\">Peso neto (kg)<\/td>\n<td class=\"et2\">0,08 kg<\/td>\n<\/tr>\n<tr style=\"height: 15.20pt;\">\n<td class=\"et2\" style=\"height: 15.20pt;\" height=\"15\">Personalizaci\u00f3n<\/td>\n<td class=\"et2\">Gr\u00e1fico, Logotipo, Paquete<\/td>\n<\/tr>\n<tr style=\"height: 15.20pt;\">\n<td class=\"et2\" style=\"height: 15.20pt;\" height=\"15\">Inventario<\/td>\n<td class=\"et2\">En stock<\/td>\n<\/tr>\n<\/tbody>\n<\/table>","protected":false},"featured_media":253,"comment_status":"closed","ping_status":"closed","template":"","meta":{"_acf_changed":false},"product_brand":[],"product_cat":[36,39,34,49],"product_tag":[],"class_list":{"0":"post-248","1":"product","2":"type-product","3":"status-publish","4":"has-post-thumbnail","6":"product_cat-private-label-beauty-supplements","7":"product_cat-bulk-supplements-capsules","8":"product_cat-private-label-health-supplements","9":"product_cat-nutritional-supplement-wholesale","11":"first","12":"instock","13":"shipping-taxable","14":"product-type-simple"},"acf":[],"_links":{"self":[{"href":"https:\/\/www.comehealthgroup.com\/es\/wp-json\/wp\/v2\/product\/248","targetHints":{"allow":["GET"]}}],"collection":[{"href":"https:\/\/www.comehealthgroup.com\/es\/wp-json\/wp\/v2\/product"}],"about":[{"href":"https:\/\/www.comehealthgroup.com\/es\/wp-json\/wp\/v2\/types\/product"}],"replies":[{"embeddable":true,"href":"https:\/\/www.comehealthgroup.com\/es\/wp-json\/wp\/v2\/comments?post=248"}],"wp:featuredmedia":[{"embeddable":true,"href":"https:\/\/www.comehealthgroup.com\/es\/wp-json\/wp\/v2\/media\/253"}],"wp:attachment":[{"href":"https:\/\/www.comehealthgroup.com\/es\/wp-json\/wp\/v2\/media?parent=248"}],"wp:term":[{"taxonomy":"product_brand","embeddable":true,"href":"https:\/\/www.comehealthgroup.com\/es\/wp-json\/wp\/v2\/product_brand?post=248"},{"taxonomy":"product_cat","embeddable":true,"href":"https:\/\/www.comehealthgroup.com\/es\/wp-json\/wp\/v2\/product_cat?post=248"},{"taxonomy":"product_tag","embeddable":true,"href":"https:\/\/www.comehealthgroup.com\/es\/wp-json\/wp\/v2\/product_tag?post=248"}],"curies":[{"name":"wp","href":"https:\/\/api.w.org\/{rel}","templated":true}]}}