{"id":262,"date":"2024-12-07T05:17:22","date_gmt":"2024-12-07T05:17:22","guid":{"rendered":"https:\/\/www.comehealthgroup.com\/?post_type=product&#038;p=262"},"modified":"2024-12-07T05:36:45","modified_gmt":"2024-12-07T05:36:45","slug":"bulk-supplements-curcumin","status":"publish","type":"product","link":"https:\/\/www.comehealthgroup.com\/es\/product\/bulk-supplements-curcumin\/","title":{"rendered":"Private Label Bulk Supplements C\u00e1psulas de curcumina, Suplementos para la salud"},"content":{"rendered":"<div class=\"wp-block-columns is-layout-flex wp-container-core-columns-is-layout-9d6595d7 wp-block-columns-is-layout-flex\">\n<div class=\"wp-block-column is-layout-flow wp-block-column-is-layout-flow\">\n<h2 class=\"wp-block-heading\">Caracter\u00edsticas de las c\u00e1psulas de curcumina de Bulk Supplements<\/h2>\n\n\n\n<ul class=\"wp-block-list\">\n<li><strong>Refuerza la funci\u00f3n del sistema inmunitario y favorece la salud general:<\/strong> Los antioxidantes contenidos en nuestros suplementos a granel c\u00e1psulas de curcumina ayudan en gran medida a mejorar la inmunidad, la protecci\u00f3n contra el da\u00f1o de los radicales libres, y una alta guardia para el cuerpo.<\/li>\n\n\n\n<li><strong>F\u00f3rmula altamente biodisponible para una absorci\u00f3n optimizada: <\/strong>Este suplemento de salud de marca blanca incorpora la \u00faltima tecnolog\u00eda en absorci\u00f3n de alta eficacia para mejorar a\u00fan m\u00e1s la biodisponibilidad de la curcumina y acelerar su absorci\u00f3n en el organismo, aprovechando plenamente sus beneficios para la salud.<\/li>\n\n\n\n<li><strong>Favorece una respuesta inflamatoria sana y reduce las molestias:<\/strong> Nuestros suplementos a granel c\u00e1psulas de curcumina apoyar el mantenimiento de los niveles de inflamaci\u00f3n y, a su vez, aliviar las molestias inflamatorias dentro del cuerpo para apoyar a los usuarios con un estilo de vida saludable y equilibrado.<\/li>\n\n\n\n<li><strong>Promueve la movilidad articular y la salud muscular:<\/strong> Mejora la movilidad de las articulaciones gracias a los efectos antiinflamatorios y antioxidantes de la curcumina. Este suplemento diet\u00e9tico de marca blanca alivia las molestias articulares y musculares, favorece la libertad de movimientos y mejora la calidad de vida.<\/li>\n<\/ul>\n<\/div>\n\n\n\n<div class=\"wp-block-column is-layout-flow wp-block-column-is-layout-flow\">\n<figure class=\"wp-block-image size-full\"><img decoding=\"async\" width=\"800\" height=\"800\" src=\"https:\/\/www.comehealthgroup.com\/wp-content\/uploads\/2024\/12\/Private-Label-Bulk-Supplements-Curcumin-Capsules-Health-Supplements-1.webp\" alt=\"Private Label Bulk Supplements C\u00e1psulas de curcumina, Suplementos para la salud-1\" class=\"wp-image-263\" srcset=\"https:\/\/www.comehealthgroup.com\/wp-content\/uploads\/2024\/12\/Private-Label-Bulk-Supplements-Curcumin-Capsules-Health-Supplements-1.webp 800w, https:\/\/www.comehealthgroup.com\/wp-content\/uploads\/2024\/12\/Private-Label-Bulk-Supplements-Curcumin-Capsules-Health-Supplements-1-300x300.webp 300w, https:\/\/www.comehealthgroup.com\/wp-content\/uploads\/2024\/12\/Private-Label-Bulk-Supplements-Curcumin-Capsules-Health-Supplements-1-100x100.webp 100w, https:\/\/www.comehealthgroup.com\/wp-content\/uploads\/2024\/12\/Private-Label-Bulk-Supplements-Curcumin-Capsules-Health-Supplements-1-600x600.webp 600w, https:\/\/www.comehealthgroup.com\/wp-content\/uploads\/2024\/12\/Private-Label-Bulk-Supplements-Curcumin-Capsules-Health-Supplements-1-150x150.webp 150w, https:\/\/www.comehealthgroup.com\/wp-content\/uploads\/2024\/12\/Private-Label-Bulk-Supplements-Curcumin-Capsules-Health-Supplements-1-768x768.webp 768w, https:\/\/www.comehealthgroup.com\/wp-content\/uploads\/2024\/12\/Private-Label-Bulk-Supplements-Curcumin-Capsules-Health-Supplements-1-12x12.webp 12w\" sizes=\"(max-width: 800px) 100vw, 800px\" \/><\/figure>\n<\/div>\n<\/div>\n\n\n\n<p><\/p>","protected":false},"excerpt":{"rendered":"<p>Nuestra etiqueta privada suplementos a granel c\u00e1psulas de curcumina proporciona apoyo integral a la salud a trav\u00e9s de la absorci\u00f3n de f\u00f3rmulas altamente disponibles, centr\u00e1ndose en el apoyo del sistema inmunol\u00f3gico, la gesti\u00f3n de la inflamaci\u00f3n saludable, y la salud general de las articulaciones y los m\u00fasculos. Apoyando el etiquetado privado, este suplemento a granel c\u00e1psulas de curcumina es una opci\u00f3n ideal para crear una l\u00ednea de productos de suplementos de salud de alta calidad.<\/p>\n<table style=\"border-collapse: collapse; width: 328.02pt;\" border=\"0\" width=\"328\" cellspacing=\"0\" cellpadding=\"0\">\n<tbody>\n<tr style=\"height: 15.20pt;\">\n<td class=\"et2\" style=\"height: 15.20pt; width: 101.70pt;\" width=\"101\" height=\"15\">Marca<\/td>\n<td class=\"et2\" style=\"width: 226.65pt;\" width=\"226\">Come Health\/ Marca blanca<\/td>\n<\/tr>\n<tr style=\"height: 76.00pt;\">\n<td class=\"et2\" style=\"height: 76.00pt;\" height=\"76\">Ventajas del producto<\/td>\n<td class=\"et3\" style=\"width: 226.65pt;\" width=\"226\">*Apoyo al sistema inmunitario<br \/>*Biodisponibilidad mejorada<br \/>*Favorece una respuesta inflamatoria saludable<br \/>*Favorece la correcta flexibilidad articular y la salud muscular<\/td>\n<\/tr>\n<tr style=\"height: 15.20pt;\">\n<td class=\"et2\" style=\"height: 15.20pt;\" height=\"15\">Forma farmac\u00e9utica<\/td>\n<td class=\"et2\">C\u00e1psula<\/td>\n<\/tr>\n<tr style=\"height: 15.20pt;\">\n<td class=\"et2\" style=\"height: 15.20pt;\" height=\"15\">Apariencia<\/td>\n<td class=\"et2\">Caparaz\u00f3n de gelatina blanca lechosa<\/td>\n<\/tr>\n<tr style=\"height: 15.20pt;\">\n<td class=\"et2\" style=\"height: 15.20pt;\" height=\"15\">Especificaci\u00f3n del producto<\/td>\n<td class=\"et2\">60 c\u00e1psulas\/frasco<\/td>\n<\/tr>\n<tr style=\"height: 15.20pt;\">\n<td class=\"et2\" style=\"height: 15.20pt;\" height=\"15\">Vida \u00fatil<\/td>\n<td class=\"et2\">24 meses<\/td>\n<\/tr>\n<tr style=\"height: 15.20pt;\">\n<td class=\"et2\" style=\"height: 15.20pt;\" height=\"15\">Dimensiones (cm)<\/td>\n<td class=\"et2\">7X7X12<\/td>\n<\/tr>\n<tr style=\"height: 15.20pt;\">\n<td class=\"et2\" style=\"height: 15.20pt;\" height=\"15\">Peso neto (kg)<\/td>\n<td class=\"et2\">0,08 kg<\/td>\n<\/tr>\n<tr style=\"height: 15.20pt;\">\n<td class=\"et2\" style=\"height: 15.20pt;\" height=\"15\">Personalizaci\u00f3n<\/td>\n<td class=\"et2\">Gr\u00e1fico, Logotipo, Paquete<\/td>\n<\/tr>\n<tr style=\"height: 15.20pt;\">\n<td class=\"et2\" style=\"height: 15.20pt;\" height=\"15\">Inventario<\/td>\n<td class=\"et2\">En stock<\/td>\n<\/tr>\n<\/tbody>\n<\/table>","protected":false},"featured_media":267,"comment_status":"closed","ping_status":"closed","template":"","meta":{"_acf_changed":false},"product_brand":[],"product_cat":[34,39],"product_tag":[],"class_list":{"0":"post-262","1":"product","2":"type-product","3":"status-publish","4":"has-post-thumbnail","6":"product_cat-private-label-health-supplements","7":"product_cat-bulk-supplements-capsules","9":"first","10":"instock","11":"shipping-taxable","12":"product-type-simple"},"acf":[],"_links":{"self":[{"href":"https:\/\/www.comehealthgroup.com\/es\/wp-json\/wp\/v2\/product\/262","targetHints":{"allow":["GET"]}}],"collection":[{"href":"https:\/\/www.comehealthgroup.com\/es\/wp-json\/wp\/v2\/product"}],"about":[{"href":"https:\/\/www.comehealthgroup.com\/es\/wp-json\/wp\/v2\/types\/product"}],"replies":[{"embeddable":true,"href":"https:\/\/www.comehealthgroup.com\/es\/wp-json\/wp\/v2\/comments?post=262"}],"wp:featuredmedia":[{"embeddable":true,"href":"https:\/\/www.comehealthgroup.com\/es\/wp-json\/wp\/v2\/media\/267"}],"wp:attachment":[{"href":"https:\/\/www.comehealthgroup.com\/es\/wp-json\/wp\/v2\/media?parent=262"}],"wp:term":[{"taxonomy":"product_brand","embeddable":true,"href":"https:\/\/www.comehealthgroup.com\/es\/wp-json\/wp\/v2\/product_brand?post=262"},{"taxonomy":"product_cat","embeddable":true,"href":"https:\/\/www.comehealthgroup.com\/es\/wp-json\/wp\/v2\/product_cat?post=262"},{"taxonomy":"product_tag","embeddable":true,"href":"https:\/\/www.comehealthgroup.com\/es\/wp-json\/wp\/v2\/product_tag?post=262"}],"curies":[{"name":"wp","href":"https:\/\/api.w.org\/{rel}","templated":true}]}}