{"id":268,"date":"2024-12-07T05:37:48","date_gmt":"2024-12-07T05:37:48","guid":{"rendered":"https:\/\/www.comehealthgroup.com\/?post_type=product&#038;p=268"},"modified":"2024-12-07T05:54:26","modified_gmt":"2024-12-07T05:54:26","slug":"collagen-supplement-manufacturing","status":"publish","type":"product","link":"https:\/\/www.comehealthgroup.com\/es\/product\/collagen-supplement-manufacturing\/","title":{"rendered":"Fabricaci\u00f3n de suplementos de col\u00e1geno en c\u00e1psulas, c\u00e1psulas de col\u00e1geno a granel"},"content":{"rendered":"<div class=\"wp-block-columns is-layout-flex wp-container-core-columns-is-layout-9d6595d7 wp-block-columns-is-layout-flex\">\n<div class=\"wp-block-column is-layout-flow wp-block-column-is-layout-flow\">\n<h2 class=\"wp-block-heading\">Caracter\u00edsticas de la fabricaci\u00f3n de suplementos de col\u00e1geno<\/h2>\n\n\n\n<ul class=\"wp-block-list\">\n<li><strong>Ayuda a la renovaci\u00f3n celular y favorece la salud: <\/strong>Nuestra fabricaci\u00f3n de suplementos de col\u00e1geno en c\u00e1psulas puede favorecer el metabolismo y la renovaci\u00f3n celular, ayudar a eliminar las c\u00e9lulas envejecidas, mejorar la vitalidad general del organismo y proporcionar un poder duradero para la salud.<\/li>\n\n\n\n<li><strong>Ayuda a perder peso y consigue f\u00e1cilmente la forma corporal ideal:<\/strong> La f\u00f3rmula \u00fanica de estas c\u00e1psulas de col\u00e1geno a granel favorece la regulaci\u00f3n metab\u00f3lica y la descomposici\u00f3n de las grasas, ayudando a los usuarios a alcanzar los objetivos de control de peso de forma m\u00e1s eficaz y saludable, manteniendo al mismo tiempo los niveles de energ\u00eda corporal.<\/li>\n\n\n\n<li><strong>Rejuvenece la piel y reduce las l\u00edneas de expresi\u00f3n y las arrugas: <\/strong>El col\u00e1geno, como componente clave de la elasticidad de la piel, reduce eficazmente las arrugas y repara la barrera cut\u00e1nea. Nuestra fabricaci\u00f3n de suplementos de col\u00e1geno en c\u00e1psulas puede hacer que la piel est\u00e9 m\u00e1s tersa, firme y joven.<\/li>\n\n\n\n<li><strong>Fortalece el cabello y las u\u00f1as y protege la salud de las articulaciones: <\/strong>Los suplementos de col\u00e1geno pueden mejorar la dureza y la salud del cabello y las u\u00f1as, al tiempo que favorecen la reparaci\u00f3n del cart\u00edlago articular. Nuestras c\u00e1psulas de col\u00e1geno a granel alivian las molestias, mejoran la flexibilidad y proporcionan protecci\u00f3n para la movilidad.<\/li>\n<\/ul>\n<\/div>\n\n\n\n<div class=\"wp-block-column is-layout-flow wp-block-column-is-layout-flow\">\n<figure class=\"wp-block-image size-full\"><img decoding=\"async\" width=\"1500\" height=\"1500\" src=\"https:\/\/www.comehealthgroup.com\/wp-content\/uploads\/2024\/12\/Capsule-Collagen-Supplement-Manufacturing-Bulk-Collagen-Capsules-4.webp\" alt=\"Fabricaci\u00f3n de suplementos de col\u00e1geno en c\u00e1psulas, c\u00e1psulas de col\u00e1geno a granel-4\" class=\"wp-image-272\" srcset=\"https:\/\/www.comehealthgroup.com\/wp-content\/uploads\/2024\/12\/Capsule-Collagen-Supplement-Manufacturing-Bulk-Collagen-Capsules-4.webp 1500w, https:\/\/www.comehealthgroup.com\/wp-content\/uploads\/2024\/12\/Capsule-Collagen-Supplement-Manufacturing-Bulk-Collagen-Capsules-4-300x300.webp 300w, https:\/\/www.comehealthgroup.com\/wp-content\/uploads\/2024\/12\/Capsule-Collagen-Supplement-Manufacturing-Bulk-Collagen-Capsules-4-100x100.webp 100w, https:\/\/www.comehealthgroup.com\/wp-content\/uploads\/2024\/12\/Capsule-Collagen-Supplement-Manufacturing-Bulk-Collagen-Capsules-4-600x600.webp 600w, https:\/\/www.comehealthgroup.com\/wp-content\/uploads\/2024\/12\/Capsule-Collagen-Supplement-Manufacturing-Bulk-Collagen-Capsules-4-150x150.webp 150w, https:\/\/www.comehealthgroup.com\/wp-content\/uploads\/2024\/12\/Capsule-Collagen-Supplement-Manufacturing-Bulk-Collagen-Capsules-4-768x768.webp 768w, https:\/\/www.comehealthgroup.com\/wp-content\/uploads\/2024\/12\/Capsule-Collagen-Supplement-Manufacturing-Bulk-Collagen-Capsules-4-12x12.webp 12w\" sizes=\"(max-width: 1500px) 100vw, 1500px\" \/><\/figure>\n<\/div>\n<\/div>\n\n\n\n<p><\/p>","protected":false},"excerpt":{"rendered":"<p>Dise\u00f1ado para mejorar la salud en general, esta fabricaci\u00f3n de suplementos de col\u00e1geno en c\u00e1psulas a granel ayuda a la renovaci\u00f3n celular, ayuda a la p\u00e9rdida de peso, rejuvenece la piel joven, al tiempo que fortalece el cabello y las u\u00f1as y protege la salud de las articulaciones. Es una opci\u00f3n ideal para alcanzar objetivos integrales de salud y belleza. Admite la producci\u00f3n en masa y la personalizaci\u00f3n de etiquetas privadas.<\/p>\n<table style=\"border-collapse: collapse; width: 328.02pt;\" border=\"0\" width=\"328\" cellspacing=\"0\" cellpadding=\"0\">\n<tbody>\n<tr style=\"height: 15.20pt;\">\n<td class=\"et2\" style=\"height: 15.20pt; width: 101.70pt;\" width=\"101\" height=\"15\">Marca<\/td>\n<td class=\"et2\" style=\"width: 226.65pt;\" width=\"226\">Come Health\/ Marca blanca<\/td>\n<\/tr>\n<tr style=\"height: 92.00pt;\">\n<td class=\"et2\" style=\"height: 92.00pt;\" height=\"92\">Ventajas del producto<\/td>\n<td class=\"et3\" style=\"width: 226.65pt;\" width=\"226\">*Eliminar c\u00e9lulas<br \/>*P\u00e9rdida de peso m\u00e1s f\u00e1cil<br \/>*Piel joven y vibrante<br \/>*Eliminar arrugas<br \/>*Cabello y u\u00f1as m\u00e1s fuertes<br \/>*Refuerza y alivia las articulaciones<\/td>\n<\/tr>\n<tr style=\"height: 15.20pt;\">\n<td class=\"et2\" style=\"height: 15.20pt;\" height=\"15\">Forma farmac\u00e9utica<\/td>\n<td class=\"et2\">C\u00e1psula<\/td>\n<\/tr>\n<tr style=\"height: 15.20pt;\">\n<td class=\"et2\" style=\"height: 15.20pt;\" height=\"15\">Apariencia<\/td>\n<td class=\"et2\">Caparaz\u00f3n de gelatina blanca lechosa<\/td>\n<\/tr>\n<tr style=\"height: 15.20pt;\">\n<td class=\"et2\" style=\"height: 15.20pt;\" height=\"15\">Especificaci\u00f3n del producto<\/td>\n<td class=\"et2\">60 c\u00e1psulas\/frasco<\/td>\n<\/tr>\n<tr style=\"height: 15.20pt;\">\n<td class=\"et2\" style=\"height: 15.20pt;\" height=\"15\">Vida \u00fatil<\/td>\n<td class=\"et2\">24 meses<\/td>\n<\/tr>\n<tr style=\"height: 15.20pt;\">\n<td class=\"et2\" style=\"height: 15.20pt;\" height=\"15\">Dimensiones (cm)<\/td>\n<td class=\"et2\">7X7X12<\/td>\n<\/tr>\n<tr style=\"height: 15.20pt;\">\n<td class=\"et2\" style=\"height: 15.20pt;\" height=\"15\">Peso neto (kg)<\/td>\n<td class=\"et2\">0,08 kg<\/td>\n<\/tr>\n<tr style=\"height: 15.20pt;\">\n<td class=\"et2\" style=\"height: 15.20pt;\" height=\"15\">Personalizaci\u00f3n<\/td>\n<td class=\"et2\">Gr\u00e1fico, Logotipo, Paquete<\/td>\n<\/tr>\n<tr style=\"height: 15.20pt;\">\n<td class=\"et2\" style=\"height: 15.20pt;\" height=\"15\">Inventario<\/td>\n<td class=\"et2\">En stock<\/td>\n<\/tr>\n<\/tbody>\n<\/table>","protected":false},"featured_media":271,"comment_status":"closed","ping_status":"closed","template":"","meta":{"_acf_changed":false},"product_brand":[],"product_cat":[39,36,29],"product_tag":[],"class_list":{"0":"post-268","1":"product","2":"type-product","3":"status-publish","4":"has-post-thumbnail","6":"product_cat-bulk-supplements-capsules","7":"product_cat-private-label-beauty-supplements","8":"product_cat-sports-supplements-wholesale","10":"first","11":"instock","12":"shipping-taxable","13":"product-type-simple"},"acf":[],"_links":{"self":[{"href":"https:\/\/www.comehealthgroup.com\/es\/wp-json\/wp\/v2\/product\/268","targetHints":{"allow":["GET"]}}],"collection":[{"href":"https:\/\/www.comehealthgroup.com\/es\/wp-json\/wp\/v2\/product"}],"about":[{"href":"https:\/\/www.comehealthgroup.com\/es\/wp-json\/wp\/v2\/types\/product"}],"replies":[{"embeddable":true,"href":"https:\/\/www.comehealthgroup.com\/es\/wp-json\/wp\/v2\/comments?post=268"}],"wp:featuredmedia":[{"embeddable":true,"href":"https:\/\/www.comehealthgroup.com\/es\/wp-json\/wp\/v2\/media\/271"}],"wp:attachment":[{"href":"https:\/\/www.comehealthgroup.com\/es\/wp-json\/wp\/v2\/media?parent=268"}],"wp:term":[{"taxonomy":"product_brand","embeddable":true,"href":"https:\/\/www.comehealthgroup.com\/es\/wp-json\/wp\/v2\/product_brand?post=268"},{"taxonomy":"product_cat","embeddable":true,"href":"https:\/\/www.comehealthgroup.com\/es\/wp-json\/wp\/v2\/product_cat?post=268"},{"taxonomy":"product_tag","embeddable":true,"href":"https:\/\/www.comehealthgroup.com\/es\/wp-json\/wp\/v2\/product_tag?post=268"}],"curies":[{"name":"wp","href":"https:\/\/api.w.org\/{rel}","templated":true}]}}