{"id":279,"date":"2024-12-07T06:22:26","date_gmt":"2024-12-07T06:22:26","guid":{"rendered":"https:\/\/www.comehealthgroup.com\/?post_type=product&#038;p=279"},"modified":"2024-12-14T06:31:17","modified_gmt":"2024-12-14T06:31:17","slug":"bulk-probiotic-capsules","status":"publish","type":"product","link":"https:\/\/www.comehealthgroup.com\/es\/product\/bulk-probiotic-capsules\/","title":{"rendered":"C\u00e1psulas probi\u00f3ticas a granel, suplementos para la salud digestiva de marca blanca"},"content":{"rendered":"<div class=\"wp-block-columns is-layout-flex wp-container-core-columns-is-layout-9d6595d7 wp-block-columns-is-layout-flex\">\n<div class=\"wp-block-column is-layout-flow wp-block-column-is-layout-flow\">\n<h2 class=\"wp-block-heading\">Caracter\u00edsticas de Bulk Probiotic Capsules<\/h2>\n\n\n\n<ul class=\"wp-block-list\">\n<li><strong>Mejora la funci\u00f3n inmunitaria y favorece la salud de forma integral: <\/strong>Nuestras c\u00e1psulas probi\u00f3ticas a granel favorecen la funci\u00f3n del sistema inmunitario en la resistencia a pat\u00f3genos externos para una buena salud, lo que resulta especialmente adecuado para las necesidades de protecci\u00f3n diarias.<\/li>\n\n\n\n<li><strong>Mejora el funcionamiento del aparato digestivo y alivia las molestias gastrointestinales: <\/strong>Nuestros suplementos para la salud digestiva de marca blanca est\u00e1n formulados de forma profesional y espec\u00edfica para ayudar a optimizar la flora intestinal, mejorar la digesti\u00f3n y la absorci\u00f3n y, a continuaci\u00f3n, ayudar eficazmente a aliviar problemas comunes como la hinchaz\u00f3n y la indigesti\u00f3n.<\/li>\n\n\n\n<li><strong>Mantiene el equilibrio de la flora intestinal y favorece la salud a largo plazo: <\/strong>Nuestras c\u00e1psulas probi\u00f3ticas a granel contienen una variedad de cepas probi\u00f3ticas activas que le ayudar\u00e1n a restaurar y mantener un entorno de flora intestinal saludable, favorecer la absorci\u00f3n de nutrientes y mejorar su salud en general.<\/li>\n\n\n\n<li><strong>Suave y f\u00e1cil de absorber, adecuado para una amplia gama de personas: <\/strong>Su f\u00f3rmula natural no irrita. Nuestros suplementos de salud digestiva de marca blanca son ampliamente aplicables para diversos tipos de personas para su uso a largo plazo, ya sea en el cuidado diario de la salud o para necesidades particulares, para cumplir con sus objetivos de gesti\u00f3n de la salud.<\/li>\n<\/ul>\n<\/div>\n\n\n\n<div class=\"wp-block-column is-layout-flow wp-block-column-is-layout-flow\">\n<figure class=\"wp-block-image size-full\"><img decoding=\"async\" width=\"800\" height=\"800\" src=\"https:\/\/www.comehealthgroup.com\/wp-content\/uploads\/2024\/12\/Bulk-Probiotic-Capsules-Private-Label-Digestive-Health-Supplements-3.webp\" alt=\"C\u00e1psulas probi\u00f3ticas a granel, suplementos para la salud digestiva de marca blanca-3\" class=\"wp-image-282\" srcset=\"https:\/\/www.comehealthgroup.com\/wp-content\/uploads\/2024\/12\/Bulk-Probiotic-Capsules-Private-Label-Digestive-Health-Supplements-3.webp 800w, https:\/\/www.comehealthgroup.com\/wp-content\/uploads\/2024\/12\/Bulk-Probiotic-Capsules-Private-Label-Digestive-Health-Supplements-3-300x300.webp 300w, https:\/\/www.comehealthgroup.com\/wp-content\/uploads\/2024\/12\/Bulk-Probiotic-Capsules-Private-Label-Digestive-Health-Supplements-3-100x100.webp 100w, https:\/\/www.comehealthgroup.com\/wp-content\/uploads\/2024\/12\/Bulk-Probiotic-Capsules-Private-Label-Digestive-Health-Supplements-3-600x600.webp 600w, https:\/\/www.comehealthgroup.com\/wp-content\/uploads\/2024\/12\/Bulk-Probiotic-Capsules-Private-Label-Digestive-Health-Supplements-3-150x150.webp 150w, https:\/\/www.comehealthgroup.com\/wp-content\/uploads\/2024\/12\/Bulk-Probiotic-Capsules-Private-Label-Digestive-Health-Supplements-3-768x768.webp 768w, https:\/\/www.comehealthgroup.com\/wp-content\/uploads\/2024\/12\/Bulk-Probiotic-Capsules-Private-Label-Digestive-Health-Supplements-3-12x12.webp 12w\" sizes=\"(max-width: 800px) 100vw, 800px\" \/><\/figure>\n<\/div>\n<\/div>\n\n\n\n<p><\/p>","protected":false},"excerpt":{"rendered":"<p>Nuestras c\u00e1psulas probi\u00f3ticas a granel de marca blanca favorecen la funci\u00f3n inmunitaria, mejoran la salud digestiva y contribuyen a la salud general manteniendo el equilibrio de la flora intestinal. La f\u00f3rmula natural es ligera y f\u00e1cil de digerir; es una opci\u00f3n ideal para las necesidades diarias de salud. Es compatible con el etiquetado privado y ayuda a las marcas a ampliar su serie de suplementos para la salud de alta calidad.<\/p>\n<table style=\"border-collapse: collapse; width: 328.02pt;\" border=\"0\" width=\"328\" cellspacing=\"0\" cellpadding=\"0\">\n<tbody>\n<tr style=\"height: 15.20pt;\">\n<td class=\"et2\" style=\"height: 15.20pt; width: 101.70pt;\" width=\"101\" height=\"15\">Marca<\/td>\n<td class=\"et2\" style=\"width: 226.65pt;\" width=\"226\">Come Health\/ Marca blanca<\/td>\n<\/tr>\n<tr style=\"height: 46.00pt;\">\n<td class=\"et2\" style=\"height: 46.00pt;\" height=\"46\">Ventajas del producto<\/td>\n<td class=\"et3\" style=\"width: 226.65pt;\" width=\"226\">*Favorece la funci\u00f3n inmunitaria<br \/>*Apoya la salud digestiva e intestinal<br \/>*Mantiene el equilibrio de la flora intestinal<\/td>\n<\/tr>\n<tr style=\"height: 15.20pt;\">\n<td class=\"et2\" style=\"height: 15.20pt;\" height=\"15\">Forma farmac\u00e9utica<\/td>\n<td class=\"et2\">C\u00e1psula<\/td>\n<\/tr>\n<tr style=\"height: 15.20pt;\">\n<td class=\"et2\" style=\"height: 15.20pt;\" height=\"15\">Apariencia<\/td>\n<td class=\"et2\">Caparaz\u00f3n de gelatina blanca lechosa<\/td>\n<\/tr>\n<tr style=\"height: 15.20pt;\">\n<td class=\"et2\" style=\"height: 15.20pt;\" height=\"15\">Especificaci\u00f3n del producto<\/td>\n<td class=\"et2\">60 c\u00e1psulas\/frasco<\/td>\n<\/tr>\n<tr style=\"height: 15.20pt;\">\n<td class=\"et2\" style=\"height: 15.20pt;\" height=\"15\">Vida \u00fatil<\/td>\n<td class=\"et2\">24 meses<\/td>\n<\/tr>\n<tr style=\"height: 15.20pt;\">\n<td class=\"et2\" style=\"height: 15.20pt;\" height=\"15\">Dimensiones (cm)<\/td>\n<td class=\"et2\">7X7X12<\/td>\n<\/tr>\n<tr style=\"height: 15.20pt;\">\n<td class=\"et2\" style=\"height: 15.20pt;\" height=\"15\">Peso neto (kg)<\/td>\n<td class=\"et2\">0,08 kg<\/td>\n<\/tr>\n<tr style=\"height: 15.20pt;\">\n<td class=\"et2\" style=\"height: 15.20pt;\" height=\"15\">Personalizaci\u00f3n<\/td>\n<td class=\"et2\">Gr\u00e1fico, Logotipo, Paquete<\/td>\n<\/tr>\n<tr style=\"height: 15.20pt;\">\n<td class=\"et2\" style=\"height: 15.20pt;\" height=\"15\">Inventario<\/td>\n<td class=\"et2\">En stock<\/td>\n<\/tr>\n<\/tbody>\n<\/table>","protected":false},"featured_media":280,"comment_status":"closed","ping_status":"closed","template":"","meta":{"_acf_changed":false},"product_brand":[],"product_cat":[39,34,49],"product_tag":[],"class_list":{"0":"post-279","1":"product","2":"type-product","3":"status-publish","4":"has-post-thumbnail","6":"product_cat-bulk-supplements-capsules","7":"product_cat-private-label-health-supplements","8":"product_cat-nutritional-supplement-wholesale","10":"first","11":"instock","12":"shipping-taxable","13":"product-type-simple"},"acf":[],"_links":{"self":[{"href":"https:\/\/www.comehealthgroup.com\/es\/wp-json\/wp\/v2\/product\/279","targetHints":{"allow":["GET"]}}],"collection":[{"href":"https:\/\/www.comehealthgroup.com\/es\/wp-json\/wp\/v2\/product"}],"about":[{"href":"https:\/\/www.comehealthgroup.com\/es\/wp-json\/wp\/v2\/types\/product"}],"replies":[{"embeddable":true,"href":"https:\/\/www.comehealthgroup.com\/es\/wp-json\/wp\/v2\/comments?post=279"}],"wp:featuredmedia":[{"embeddable":true,"href":"https:\/\/www.comehealthgroup.com\/es\/wp-json\/wp\/v2\/media\/280"}],"wp:attachment":[{"href":"https:\/\/www.comehealthgroup.com\/es\/wp-json\/wp\/v2\/media?parent=279"}],"wp:term":[{"taxonomy":"product_brand","embeddable":true,"href":"https:\/\/www.comehealthgroup.com\/es\/wp-json\/wp\/v2\/product_brand?post=279"},{"taxonomy":"product_cat","embeddable":true,"href":"https:\/\/www.comehealthgroup.com\/es\/wp-json\/wp\/v2\/product_cat?post=279"},{"taxonomy":"product_tag","embeddable":true,"href":"https:\/\/www.comehealthgroup.com\/es\/wp-json\/wp\/v2\/product_tag?post=279"}],"curies":[{"name":"wp","href":"https:\/\/api.w.org\/{rel}","templated":true}]}}