{"id":288,"date":"2024-12-07T07:21:36","date_gmt":"2024-12-07T07:21:36","guid":{"rendered":"https:\/\/www.comehealthgroup.com\/?post_type=product&#038;p=288"},"modified":"2024-12-07T07:50:14","modified_gmt":"2024-12-07T07:50:14","slug":"bulk-dietary-supplement","status":"publish","type":"product","link":"https:\/\/www.comehealthgroup.com\/es\/product\/bulk-dietary-supplement\/","title":{"rendered":"Suplemento diet\u00e9tico a granel, suplementos en c\u00e1psulas de cardo mariano"},"content":{"rendered":"<div class=\"wp-block-columns is-layout-flex wp-container-core-columns-is-layout-9d6595d7 wp-block-columns-is-layout-flex\">\n<div class=\"wp-block-column is-layout-flow wp-block-column-is-layout-flow\">\n<h2 class=\"wp-block-heading\">Caracter\u00edsticas del suplemento diet\u00e9tico Bulk<\/h2>\n\n\n\n<ul class=\"wp-block-list\">\n<li><strong>Aumenta la inmunidad y mejora las defensas sanitarias:<\/strong> Este suplemento diet\u00e9tico a granel en c\u00e1psulas de cardo mariano, rico en principios activos naturales, ayuda a potenciar la funci\u00f3n inmunitaria del cuerpo humano, mejora eficazmente la capacidad de resistencia a las amenazas externas y protege la salud.<\/li>\n\n\n\n<li><strong>Apoya la purificaci\u00f3n profunda y la desintoxicaci\u00f3n del cuerpo: <\/strong>El cardo mariano es un producto desintoxicante muy eficaz. Nuestra c\u00e1psula de cardo mariano al por mayor puede ayudar al h\u00edgado a excretar las toxinas con mayor eficacia, optimizar el metabolismo y hacer que los usuarios se sientan m\u00e1s ligeros y con m\u00e1s energ\u00eda.<\/li>\n\n\n\n<li><strong>F\u00f3rmula natural, segura y suave: <\/strong>Nuestro suplemento diet\u00e9tico de extracto de cardo mariano a granel se basa en extracto de cardo mariano de alta calidad sin aditivos artificiales, suave y no irritante; es muy adecuado para los clientes que buscan soluciones de salud naturales.<\/li>\n\n\n\n<li><strong>C\u00f3modo suplemento nutricional diario: <\/strong>Cada c\u00e1psula de cardo mariano al por mayor est\u00e1 en proporciones cuidadosamente medidas, por lo que es una forma muy conveniente de ingesta de principio activo de cardo mariano para satisfacer las necesidades de salud al ritmo de la vida moderna.<\/li>\n<\/ul>\n<\/div>\n\n\n\n<div class=\"wp-block-column is-layout-flow wp-block-column-is-layout-flow\">\n<figure class=\"wp-block-image size-full\"><img decoding=\"async\" width=\"960\" height=\"960\" src=\"https:\/\/www.comehealthgroup.com\/wp-content\/uploads\/2024\/12\/Bulk-Dietary-Supplement-Milk-Thistle-Capsule-Supplements-1.webp\" alt=\"Suplemento diet\u00e9tico a granel, C\u00e1psula de cardo mariano Suplementos-1\" class=\"wp-image-289\" srcset=\"https:\/\/www.comehealthgroup.com\/wp-content\/uploads\/2024\/12\/Bulk-Dietary-Supplement-Milk-Thistle-Capsule-Supplements-1.webp 960w, https:\/\/www.comehealthgroup.com\/wp-content\/uploads\/2024\/12\/Bulk-Dietary-Supplement-Milk-Thistle-Capsule-Supplements-1-300x300.webp 300w, https:\/\/www.comehealthgroup.com\/wp-content\/uploads\/2024\/12\/Bulk-Dietary-Supplement-Milk-Thistle-Capsule-Supplements-1-100x100.webp 100w, https:\/\/www.comehealthgroup.com\/wp-content\/uploads\/2024\/12\/Bulk-Dietary-Supplement-Milk-Thistle-Capsule-Supplements-1-600x600.webp 600w, https:\/\/www.comehealthgroup.com\/wp-content\/uploads\/2024\/12\/Bulk-Dietary-Supplement-Milk-Thistle-Capsule-Supplements-1-150x150.webp 150w, https:\/\/www.comehealthgroup.com\/wp-content\/uploads\/2024\/12\/Bulk-Dietary-Supplement-Milk-Thistle-Capsule-Supplements-1-768x768.webp 768w, https:\/\/www.comehealthgroup.com\/wp-content\/uploads\/2024\/12\/Bulk-Dietary-Supplement-Milk-Thistle-Capsule-Supplements-1-12x12.webp 12w\" sizes=\"(max-width: 960px) 100vw, 960px\" \/><\/figure>\n<\/div>\n<\/div>\n\n\n\n<p><\/p>","protected":false},"excerpt":{"rendered":"<p>Este suplemento diet\u00e9tico en c\u00e1psulas de cardo mariano a granel ayuda a los usuarios a lograr una gesti\u00f3n integral de la salud al mejorar la inmunidad y favorecer la desintoxicaci\u00f3n del h\u00edgado. Su f\u00f3rmula natural y segura es adecuada para el uso a largo plazo y es ideal para la limpieza y el cuidado de la salud. Apoyando el etiquetado privado, es un producto excelente para ampliar la serie de suplementos diet\u00e9ticos de la marca.<\/p>\n<table style=\"border-collapse: collapse; width: 328.02pt;\" border=\"0\" width=\"328\" cellspacing=\"0\" cellpadding=\"0\">\n<tbody>\n<tr style=\"height: 15.20pt;\">\n<td class=\"et2\" style=\"height: 15.20pt; width: 101.70pt;\" width=\"101\" height=\"15\">Marca<\/td>\n<td class=\"et2\" style=\"width: 226.65pt;\" width=\"226\">Come Health\/ Marca blanca<\/td>\n<\/tr>\n<tr style=\"height: 31.00pt;\">\n<td class=\"et2\" style=\"height: 31.00pt;\" height=\"31\">Ventajas del producto<\/td>\n<td class=\"et3\" style=\"width: 226.65pt;\" width=\"226\">*Aumenta la inmunidad<br \/>*Apoya la limpieza y la desintoxicaci\u00f3n<\/td>\n<\/tr>\n<tr style=\"height: 15.20pt;\">\n<td class=\"et2\" style=\"height: 15.20pt;\" height=\"15\">Forma farmac\u00e9utica<\/td>\n<td class=\"et2\">C\u00e1psula<\/td>\n<\/tr>\n<tr style=\"height: 15.20pt;\">\n<td class=\"et2\" style=\"height: 15.20pt;\" height=\"15\">Apariencia<\/td>\n<td class=\"et2\">Caparaz\u00f3n de gelatina blanca lechosa<\/td>\n<\/tr>\n<tr style=\"height: 15.20pt;\">\n<td class=\"et2\" style=\"height: 15.20pt;\" height=\"15\">Especificaci\u00f3n del producto<\/td>\n<td class=\"et2\">120 c\u00e1psulas\/frasco<\/td>\n<\/tr>\n<tr style=\"height: 15.20pt;\">\n<td class=\"et2\" style=\"height: 15.20pt;\" height=\"15\">Vida \u00fatil<\/td>\n<td class=\"et2\">24 meses<\/td>\n<\/tr>\n<tr style=\"height: 15.20pt;\">\n<td class=\"et2\" style=\"height: 15.20pt;\" height=\"15\">Dimensiones (cm)<\/td>\n<td class=\"et2\">\/<\/td>\n<\/tr>\n<tr style=\"height: 15.20pt;\">\n<td class=\"et2\" style=\"height: 15.20pt;\" height=\"15\">Peso neto (kg)<\/td>\n<td class=\"et2\">0,14 kg<\/td>\n<\/tr>\n<tr style=\"height: 15.20pt;\">\n<td class=\"et2\" style=\"height: 15.20pt;\" height=\"15\">Personalizaci\u00f3n<\/td>\n<td class=\"et2\">Gr\u00e1fico, Logotipo, Paquete<\/td>\n<\/tr>\n<tr style=\"height: 15.20pt;\">\n<td class=\"et2\" style=\"height: 15.20pt;\" height=\"15\">Inventario<\/td>\n<td class=\"et2\">En stock<\/td>\n<\/tr>\n<\/tbody>\n<\/table>","protected":false},"featured_media":293,"comment_status":"closed","ping_status":"closed","template":"","meta":{"_acf_changed":false},"product_brand":[],"product_cat":[39,34],"product_tag":[],"class_list":{"0":"post-288","1":"product","2":"type-product","3":"status-publish","4":"has-post-thumbnail","6":"product_cat-bulk-supplements-capsules","7":"product_cat-private-label-health-supplements","9":"first","10":"instock","11":"shipping-taxable","12":"product-type-simple"},"acf":[],"_links":{"self":[{"href":"https:\/\/www.comehealthgroup.com\/es\/wp-json\/wp\/v2\/product\/288","targetHints":{"allow":["GET"]}}],"collection":[{"href":"https:\/\/www.comehealthgroup.com\/es\/wp-json\/wp\/v2\/product"}],"about":[{"href":"https:\/\/www.comehealthgroup.com\/es\/wp-json\/wp\/v2\/types\/product"}],"replies":[{"embeddable":true,"href":"https:\/\/www.comehealthgroup.com\/es\/wp-json\/wp\/v2\/comments?post=288"}],"wp:featuredmedia":[{"embeddable":true,"href":"https:\/\/www.comehealthgroup.com\/es\/wp-json\/wp\/v2\/media\/293"}],"wp:attachment":[{"href":"https:\/\/www.comehealthgroup.com\/es\/wp-json\/wp\/v2\/media?parent=288"}],"wp:term":[{"taxonomy":"product_brand","embeddable":true,"href":"https:\/\/www.comehealthgroup.com\/es\/wp-json\/wp\/v2\/product_brand?post=288"},{"taxonomy":"product_cat","embeddable":true,"href":"https:\/\/www.comehealthgroup.com\/es\/wp-json\/wp\/v2\/product_cat?post=288"},{"taxonomy":"product_tag","embeddable":true,"href":"https:\/\/www.comehealthgroup.com\/es\/wp-json\/wp\/v2\/product_tag?post=288"}],"curies":[{"name":"wp","href":"https:\/\/api.w.org\/{rel}","templated":true}]}}