{"id":977,"date":"2024-12-16T09:04:26","date_gmt":"2024-12-16T09:04:26","guid":{"rendered":"https:\/\/www.comehealthgroup.com\/?post_type=product&#038;p=977"},"modified":"2024-12-16T09:21:43","modified_gmt":"2024-12-16T09:21:43","slug":"bulk-elderberry-gummies","status":"publish","type":"product","link":"https:\/\/www.comehealthgroup.com\/es\/product\/bulk-elderberry-gummies\/","title":{"rendered":"Gominolas de sa\u00faco a granel Suplementos para el sistema inmunitario"},"content":{"rendered":"<div class=\"wp-block-columns is-layout-flex wp-container-core-columns-is-layout-9d6595d7 wp-block-columns-is-layout-flex\">\n<div class=\"wp-block-column is-layout-flow wp-block-column-is-layout-flow\">\n<h2 class=\"wp-block-heading\">Caracter\u00edsticas de las Gominolas de Sa\u00faco a Granel<\/h2>\n\n\n\n<ul class=\"wp-block-list\">\n<li><strong>Potente apoyo a la tiroides:<\/strong> Ricas en algas marinas y bayas de sa\u00faco, nuestras gominolas de bayas de sa\u00faco a granel contribuir\u00e1n a la regulaci\u00f3n y el funcionamiento de la tiroides, equilibrando a\u00fan m\u00e1s el metabolismo para una mayor vitalidad y salud.<\/li>\n\n\n\n<li><strong>Aliviar los s\u00edntomas de la gripe: <\/strong>Estas gominolas de sa\u00faco de marca blanca contienen antioxidantes naturales procedentes de extractos de sa\u00faco que ayudan a estimular el sistema inmunitario, acelerando as\u00ed el alivio de los s\u00edntomas inducidos por la gripe como la tos, el dolor de garganta y la fatiga.<\/li>\n\n\n\n<li><strong>Apoyo inmunitario y digestivo:<\/strong> Nuestras gominolas de sa\u00faco a granel aumentar\u00e1n la inmunidad, mejorar\u00e1n las funciones digestivas y la salud intestinal en general gracias a los minerales y la fibra diet\u00e9tica presentes en las algas, que ayudan a reforzar la inmunidad del organismo.<\/li>\n\n\n\n<li><strong>Reduce la inflamaci\u00f3n y las reacciones al\u00e9rgicas: <\/strong>Gracias a la combinaci\u00f3n de ambos ingredientes principales, las gominolas de sa\u00faco de marca blanca te mantendr\u00e1n c\u00f3modo durante los cambios estacionales o los picos de alergia, al tiempo que alivia los s\u00edntomas relacionados con ellos gracias a sus propiedades antiinflamatorias.<\/li>\n<\/ul>\n<\/div>\n\n\n\n<div class=\"wp-block-column is-layout-flow wp-block-column-is-layout-flow\">\n<figure class=\"wp-block-image size-full\"><img decoding=\"async\" width=\"1500\" height=\"1500\" src=\"https:\/\/www.comehealthgroup.com\/wp-content\/uploads\/2024\/12\/Bulk-Elderberry-Gummies-Supplements-For-Immune-Support-2.webp\" alt=\"Gominolas de Sa\u00faco a Granel Suplementos para el Apoyo Inmunol\u00f3gico-2\" class=\"wp-image-979\" srcset=\"https:\/\/www.comehealthgroup.com\/wp-content\/uploads\/2024\/12\/Bulk-Elderberry-Gummies-Supplements-For-Immune-Support-2.webp 1500w, https:\/\/www.comehealthgroup.com\/wp-content\/uploads\/2024\/12\/Bulk-Elderberry-Gummies-Supplements-For-Immune-Support-2-300x300.webp 300w, https:\/\/www.comehealthgroup.com\/wp-content\/uploads\/2024\/12\/Bulk-Elderberry-Gummies-Supplements-For-Immune-Support-2-150x150.webp 150w, https:\/\/www.comehealthgroup.com\/wp-content\/uploads\/2024\/12\/Bulk-Elderberry-Gummies-Supplements-For-Immune-Support-2-768x768.webp 768w, https:\/\/www.comehealthgroup.com\/wp-content\/uploads\/2024\/12\/Bulk-Elderberry-Gummies-Supplements-For-Immune-Support-2-1200x1200.webp 1200w, https:\/\/www.comehealthgroup.com\/wp-content\/uploads\/2024\/12\/Bulk-Elderberry-Gummies-Supplements-For-Immune-Support-2-600x600.webp 600w, https:\/\/www.comehealthgroup.com\/wp-content\/uploads\/2024\/12\/Bulk-Elderberry-Gummies-Supplements-For-Immune-Support-2-100x100.webp 100w\" sizes=\"(max-width: 1500px) 100vw, 1500px\" \/><\/figure>\n<\/div>\n<\/div>\n\n\n\n<p><\/p>","protected":false},"excerpt":{"rendered":"<p>Bienvenido a las gominolas de sa\u00faco personalizadas de marca blanca. Este suplemento de gominolas de sa\u00faco a granel proporciona un apoyo multidireccional a la salud que refuerza la inmunidad, normaliza el funcionamiento de la tiroides, ayuda a la digesti\u00f3n, alivia las condiciones al\u00e9rgicas y disminuye las condiciones inflamatorias.<\/p>\n<table style=\"border-collapse: collapse; width: 328.02pt;\" border=\"0\" width=\"328\" cellspacing=\"0\" cellpadding=\"0\">\n<tbody>\n<tr style=\"height: 15.20pt;\">\n<td class=\"et2\" style=\"height: 15.20pt; width: 101.70pt;\" width=\"101\" height=\"15\">Marca<\/td>\n<td class=\"et2\" style=\"width: 226.65pt;\" width=\"226\">Come Health\/ Marca blanca<\/td>\n<\/tr>\n<tr style=\"height: 61.00pt;\">\n<td class=\"et2\" style=\"height: 61.00pt;\" height=\"61\">Ventajas del producto<\/td>\n<td class=\"et3\" style=\"width: 226.65pt;\" width=\"226\">*Apoyo a la tiroides<br \/>*Alivio de los s\u00edntomas de la gripe<br \/>*Apoyo inmunitario y digestivo<br \/>*Apoyo a la inflamaci\u00f3n y la alergia<\/td>\n<\/tr>\n<tr style=\"height: 15.20pt;\">\n<td class=\"et2\" style=\"height: 15.20pt;\" height=\"15\">Forma farmac\u00e9utica<\/td>\n<td class=\"et2\">Gominola<\/td>\n<\/tr>\n<tr style=\"height: 15.20pt;\">\n<td class=\"et2\" style=\"height: 15.20pt;\" height=\"15\">Color<\/td>\n<td class=\"et2\">Morado<\/td>\n<\/tr>\n<tr style=\"height: 16.00pt;\">\n<td class=\"et2\" style=\"height: 16.00pt;\" height=\"16\">Sabor<\/td>\n<td class=\"et3\" style=\"width: 226.65pt;\" width=\"226\">Ar\u00e1ndanos<\/td>\n<\/tr>\n<tr style=\"height: 15.20pt;\">\n<td class=\"et2\" style=\"height: 15.20pt;\" height=\"15\">Forma<\/td>\n<td class=\"et2\">Cubby<\/td>\n<\/tr>\n<tr style=\"height: 15.20pt;\">\n<td class=\"et2\" style=\"height: 15.20pt;\" height=\"15\">Especificaci\u00f3n del producto<\/td>\n<td class=\"et2\">60 unidades\/botella<\/td>\n<\/tr>\n<tr style=\"height: 15.20pt;\">\n<td class=\"et2\" style=\"height: 15.20pt;\" height=\"15\">Vida \u00fatil<\/td>\n<td class=\"et2\">24 meses<\/td>\n<\/tr>\n<tr style=\"height: 15.20pt;\">\n<td class=\"et2\" style=\"height: 15.20pt;\" height=\"15\">Dimensiones (cm)<\/td>\n<td class=\"et2\">7X7X12<\/td>\n<\/tr>\n<tr style=\"height: 15.20pt;\">\n<td class=\"et2\" style=\"height: 15.20pt;\" height=\"15\">Peso neto (kg)<\/td>\n<td class=\"et2\">0,22 kg<\/td>\n<\/tr>\n<tr style=\"height: 15.20pt;\">\n<td class=\"et2\" style=\"height: 15.20pt;\" height=\"15\">Personalizaci\u00f3n<\/td>\n<td class=\"et2\">Gr\u00e1fico, Logotipo, Paquete<\/td>\n<\/tr>\n<tr style=\"height: 15.20pt;\">\n<td class=\"et2\" style=\"height: 15.20pt;\" height=\"15\">Inventario<\/td>\n<td class=\"et2\">En stock<\/td>\n<\/tr>\n<\/tbody>\n<\/table>","protected":false},"featured_media":981,"comment_status":"closed","ping_status":"closed","template":"","meta":{"_acf_changed":false},"product_brand":[],"product_cat":[40,36,34,32,29],"product_tag":[],"class_list":{"0":"post-977","1":"product","2":"type-product","3":"status-publish","4":"has-post-thumbnail","6":"product_cat-private-label-gummy-supplements","7":"product_cat-private-label-beauty-supplements","8":"product_cat-private-label-health-supplements","9":"product_cat-private-label-immune-supplements","10":"product_cat-sports-supplements-wholesale","12":"first","13":"instock","14":"shipping-taxable","15":"product-type-simple"},"acf":[],"_links":{"self":[{"href":"https:\/\/www.comehealthgroup.com\/es\/wp-json\/wp\/v2\/product\/977","targetHints":{"allow":["GET"]}}],"collection":[{"href":"https:\/\/www.comehealthgroup.com\/es\/wp-json\/wp\/v2\/product"}],"about":[{"href":"https:\/\/www.comehealthgroup.com\/es\/wp-json\/wp\/v2\/types\/product"}],"replies":[{"embeddable":true,"href":"https:\/\/www.comehealthgroup.com\/es\/wp-json\/wp\/v2\/comments?post=977"}],"wp:featuredmedia":[{"embeddable":true,"href":"https:\/\/www.comehealthgroup.com\/es\/wp-json\/wp\/v2\/media\/981"}],"wp:attachment":[{"href":"https:\/\/www.comehealthgroup.com\/es\/wp-json\/wp\/v2\/media?parent=977"}],"wp:term":[{"taxonomy":"product_brand","embeddable":true,"href":"https:\/\/www.comehealthgroup.com\/es\/wp-json\/wp\/v2\/product_brand?post=977"},{"taxonomy":"product_cat","embeddable":true,"href":"https:\/\/www.comehealthgroup.com\/es\/wp-json\/wp\/v2\/product_cat?post=977"},{"taxonomy":"product_tag","embeddable":true,"href":"https:\/\/www.comehealthgroup.com\/es\/wp-json\/wp\/v2\/product_tag?post=977"}],"curies":[{"name":"wp","href":"https:\/\/api.w.org\/{rel}","templated":true}]}}