{"id":987,"date":"2024-12-16T10:04:17","date_gmt":"2024-12-16T10:04:17","guid":{"rendered":"https:\/\/www.comehealthgroup.com\/?post_type=product&#038;p=987"},"modified":"2025-03-21T03:57:34","modified_gmt":"2025-03-21T03:57:34","slug":"bulk-supplements-gummy","status":"publish","type":"product","link":"https:\/\/www.comehealthgroup.com\/es\/product\/bulk-supplements-gummy\/","title":{"rendered":"Private Label Bulk Supplements Gummy Para Desintoxicaci\u00f3n Del H\u00edgado"},"content":{"rendered":"<div class=\"wp-block-columns is-layout-flex wp-container-core-columns-is-layout-9d6595d7 wp-block-columns-is-layout-flex\">\n<div class=\"wp-block-column is-layout-flow wp-block-column-is-layout-flow\">\n<h2 class=\"wp-block-heading\">Caracter\u00edsticas de Bulk Supplements Gummy<\/h2>\n\n\n\n<ul class=\"wp-block-list\">\n<li><strong>Refuerzo de la inmunidad: <\/strong>Esta gominola de suplementos desintoxicantes del h\u00edgado a granel est\u00e1 llena de ingredientes naturales que son muy eficaces para reforzar el sistema inmunol\u00f3gico para ayudar al cuerpo a resistir los ataques del exterior y mantener la salud.<\/li>\n\n\n\n<li><strong>Apoyo hep\u00e1tico y desintoxicaci\u00f3n: <\/strong>Nuestros suplementos de gominolas de marca blanca incluyen ingredientes de alto rendimiento, como el cardo mariano, que favorecen los procesos naturales de desintoxicaci\u00f3n y limpieza del h\u00edgado para que su organismo se libere de venenos y vuelva a estar en plena forma.<\/li>\n\n\n\n<li><strong>Ingredientes naturales, suaves y eficaces: <\/strong>Con el cardo mariano como ingrediente principal, esta gominola de suplementos a granel ayudar\u00e1 a tu h\u00edgado a desintoxicarse y regenerarse sin que tu cuerpo se resienta.<\/li>\n\n\n\n<li><strong>Conveniente para la suplementaci\u00f3n diaria: <\/strong>Nuestros suplementos de gominolas de marca blanca son sabrosos y, por lo tanto, muy f\u00e1ciles de tomar a diario; incluso son f\u00e1ciles de reponer en cualquier momento sin agua, lo que ayuda en los estilos de vida ajetreados.<\/li>\n<\/ul>\n<\/div>\n\n\n\n<div class=\"wp-block-column is-layout-flow wp-block-column-is-layout-flow\">\n<figure class=\"wp-block-image size-full\"><img decoding=\"async\" width=\"751\" height=\"750\" src=\"https:\/\/www.comehealthgroup.com\/wp-content\/uploads\/2024\/12\/Gummy-For-Liver-Detox_01.webp\" alt=\"\" class=\"wp-image-2147\" srcset=\"https:\/\/www.comehealthgroup.com\/wp-content\/uploads\/2024\/12\/Gummy-For-Liver-Detox_01.webp 751w, https:\/\/www.comehealthgroup.com\/wp-content\/uploads\/2024\/12\/Gummy-For-Liver-Detox_01-300x300.webp 300w, https:\/\/www.comehealthgroup.com\/wp-content\/uploads\/2024\/12\/Gummy-For-Liver-Detox_01-150x150.webp 150w, https:\/\/www.comehealthgroup.com\/wp-content\/uploads\/2024\/12\/Gummy-For-Liver-Detox_01-12x12.webp 12w, https:\/\/www.comehealthgroup.com\/wp-content\/uploads\/2024\/12\/Gummy-For-Liver-Detox_01-600x599.webp 600w, https:\/\/www.comehealthgroup.com\/wp-content\/uploads\/2024\/12\/Gummy-For-Liver-Detox_01-100x100.webp 100w\" sizes=\"(max-width: 751px) 100vw, 751px\" \/><\/figure>\n<\/div>\n<\/div>\n\n\n\n<p><\/p>","protected":false},"excerpt":{"rendered":"<p>Nuestra gominola de suplementos a granel de marca blanca es una gominola de desintoxicaci\u00f3n natural para la salud del h\u00edgado y la inmunidad. Es una mezcla de extractos naturales de cardo mariano que ayuda al cuerpo a deshacerse de sus toxinas y rejuvenecer la salud y la vitalidad.<\/p>\n<table style=\"border-collapse: collapse;width: 328.02pt\" border=\"0\" width=\"328\" cellspacing=\"0\" cellpadding=\"0\">\n<tbody>\n<tr style=\"height: 15.20pt\">\n<td class=\"et2\" style=\"height: 15.20pt;width: 101.70pt\" width=\"101\" height=\"15\">Marca<\/td>\n<td class=\"et2\" style=\"width: 226.65pt\" width=\"226\">Come Health\/ Marca blanca<\/td>\n<\/tr>\n<tr style=\"height: 31.00pt\">\n<td class=\"et2\" style=\"height: 31.00pt\" height=\"31\">Ventajas del producto<\/td>\n<td class=\"et3\" style=\"width: 226.65pt\" width=\"226\">*Aumenta la inmunidad<br \/>*Apoya la limpieza y la desintoxicaci\u00f3n<\/td>\n<\/tr>\n<tr style=\"height: 15.20pt\">\n<td class=\"et2\" style=\"height: 15.20pt\" height=\"15\">Forma farmac\u00e9utica<\/td>\n<td class=\"et2\">Gominola<\/td>\n<\/tr>\n<tr style=\"height: 15.20pt\">\n<td class=\"et2\" style=\"height: 15.20pt\" height=\"15\">Color<\/td>\n<td class=\"et2\">Morado<\/td>\n<\/tr>\n<tr style=\"height: 16.00pt\">\n<td class=\"et2\" style=\"height: 16.00pt\" height=\"16\">Sabor<\/td>\n<td class=\"et3\" style=\"width: 226.65pt\" width=\"226\">Ar\u00e1ndanos<\/td>\n<\/tr>\n<tr style=\"height: 15.20pt\">\n<td class=\"et2\" style=\"height: 15.20pt\" height=\"15\">Forma<\/td>\n<td class=\"et2\">Cubby<\/td>\n<\/tr>\n<tr style=\"height: 15.20pt\">\n<td class=\"et2\" style=\"height: 15.20pt\" height=\"15\">Especificaci\u00f3n del producto<\/td>\n<td class=\"et2\">60 unidades\/botella<\/td>\n<\/tr>\n<tr style=\"height: 15.20pt\">\n<td class=\"et2\" style=\"height: 15.20pt\" height=\"15\">Vida \u00fatil<\/td>\n<td class=\"et2\">24 meses<\/td>\n<\/tr>\n<tr style=\"height: 15.20pt\">\n<td class=\"et2\" style=\"height: 15.20pt\" height=\"15\">Dimensiones (cm)<\/td>\n<td class=\"et2\">7X7X12<\/td>\n<\/tr>\n<tr style=\"height: 15.20pt\">\n<td class=\"et2\" style=\"height: 15.20pt\" height=\"15\">Peso neto (kg)<\/td>\n<td class=\"et2\">0,22 kg<\/td>\n<\/tr>\n<tr style=\"height: 15.20pt\">\n<td class=\"et2\" style=\"height: 15.20pt\" height=\"15\">Personalizaci\u00f3n<\/td>\n<td class=\"et2\">Gr\u00e1fico, Logotipo, Paquete<\/td>\n<\/tr>\n<tr style=\"height: 15.20pt\">\n<td class=\"et2\" style=\"height: 15.20pt\" height=\"15\">Inventario<\/td>\n<td class=\"et2\">En stock<\/td>\n<\/tr>\n<\/tbody>\n<\/table>","protected":false},"featured_media":2151,"comment_status":"closed","ping_status":"closed","template":"","meta":{"_acf_changed":false},"product_brand":[],"product_cat":[40,34,32,49],"product_tag":[],"class_list":{"0":"post-987","1":"product","2":"type-product","3":"status-publish","4":"has-post-thumbnail","6":"product_cat-private-label-gummy-supplements","7":"product_cat-private-label-health-supplements","8":"product_cat-private-label-immune-supplements","9":"product_cat-nutritional-supplement-wholesale","11":"first","12":"instock","13":"shipping-taxable","14":"product-type-simple"},"acf":[],"_links":{"self":[{"href":"https:\/\/www.comehealthgroup.com\/es\/wp-json\/wp\/v2\/product\/987","targetHints":{"allow":["GET"]}}],"collection":[{"href":"https:\/\/www.comehealthgroup.com\/es\/wp-json\/wp\/v2\/product"}],"about":[{"href":"https:\/\/www.comehealthgroup.com\/es\/wp-json\/wp\/v2\/types\/product"}],"replies":[{"embeddable":true,"href":"https:\/\/www.comehealthgroup.com\/es\/wp-json\/wp\/v2\/comments?post=987"}],"wp:featuredmedia":[{"embeddable":true,"href":"https:\/\/www.comehealthgroup.com\/es\/wp-json\/wp\/v2\/media\/2151"}],"wp:attachment":[{"href":"https:\/\/www.comehealthgroup.com\/es\/wp-json\/wp\/v2\/media?parent=987"}],"wp:term":[{"taxonomy":"product_brand","embeddable":true,"href":"https:\/\/www.comehealthgroup.com\/es\/wp-json\/wp\/v2\/product_brand?post=987"},{"taxonomy":"product_cat","embeddable":true,"href":"https:\/\/www.comehealthgroup.com\/es\/wp-json\/wp\/v2\/product_cat?post=987"},{"taxonomy":"product_tag","embeddable":true,"href":"https:\/\/www.comehealthgroup.com\/es\/wp-json\/wp\/v2\/product_tag?post=987"}],"curies":[{"name":"wp","href":"https:\/\/api.w.org\/{rel}","templated":true}]}}