{"id":992,"date":"2024-12-16T10:08:55","date_gmt":"2024-12-16T10:08:55","guid":{"rendered":"https:\/\/www.comehealthgroup.com\/?post_type=product&#038;p=992"},"modified":"2024-12-16T10:20:59","modified_gmt":"2024-12-16T10:20:59","slug":"bulk-glucosamine-chondroitin","status":"publish","type":"product","link":"https:\/\/www.comehealthgroup.com\/es\/product\/bulk-glucosamine-chondroitin\/","title":{"rendered":"Gominolas de glucosamina y condroitina a granel para la funci\u00f3n articular"},"content":{"rendered":"<div class=\"wp-block-columns is-layout-flex wp-container-core-columns-is-layout-9d6595d7 wp-block-columns-is-layout-flex\">\n<div class=\"wp-block-column is-layout-flow wp-block-column-is-layout-flow\">\n<h2 class=\"wp-block-heading\">Caracter\u00edsticas de Bulk Glucosamine Chondroitin Gummy<\/h2>\n\n\n\n<ul class=\"wp-block-list\">\n<li><strong>Mejorar la flexibilidad y movilidad de las articulaciones: <\/strong>Nuestras gominolas de glucosamina y condroitina a granel son ricas en glucosamina y condroitina, lo que sin duda contribuir\u00e1 a mejorar la flexibilidad y movilidad de las articulaciones, ayudando a mantener altos niveles de movilidad y reduciendo al mismo tiempo la rigidez y las molestias articulares.<\/li>\n\n\n\n<li><strong>Favorece la funci\u00f3n articular:<\/strong> Este suplemento de gominolas de glucosamina a granel con MSM y sa\u00faco repara y protege los tejidos blandos de las articulaciones, garantiza la salud articular y la recuperaci\u00f3n funcional, y ayuda a aliviar las molestias causadas por el uso excesivo o simplemente por el envejecimiento.<\/li>\n\n\n\n<li><strong>Fortalecer el sistema inmunitario:<\/strong> Esta glucosamina a granel condroitina gomitas mezcla antioxidante natural y la inmunidad de mejora de las acciones de la baya del sa\u00faco que le puede permitir reforzar la defensa de su inmunidad y reforzar el mecanismo de resistencia del cuerpo hacia la garant\u00eda de una buena salud.<\/li>\n\n\n\n<li><strong>Deliciosos y f\u00e1ciles de comer, sin presiones para tomar suplementos todos los d\u00edas: <\/strong>Este suplemento de gominolas de glucosamina a granel hace que el cuidado de las articulaciones sea m\u00e1s f\u00e1cil y delicioso. No es necesario tragar c\u00e1psulas ni comprimidos. Es f\u00e1cil de disfrutar a diario y adecuado para todo tipo de estilos de vida ajetreados.<\/li>\n<\/ul>\n<\/div>\n\n\n\n<div class=\"wp-block-column is-layout-flow wp-block-column-is-layout-flow\">\n<figure class=\"wp-block-image size-full\"><img decoding=\"async\" width=\"679\" height=\"679\" src=\"https:\/\/www.comehealthgroup.com\/wp-content\/uploads\/2024\/12\/Bulk-Glucosamine-Chondroitin-Gummy-For-Joint-Function-2.webp\" alt=\"Gominolas de glucosamina y condroitina a granel para la funci\u00f3n articular-2\" class=\"wp-image-994\" srcset=\"https:\/\/www.comehealthgroup.com\/wp-content\/uploads\/2024\/12\/Bulk-Glucosamine-Chondroitin-Gummy-For-Joint-Function-2.webp 679w, https:\/\/www.comehealthgroup.com\/wp-content\/uploads\/2024\/12\/Bulk-Glucosamine-Chondroitin-Gummy-For-Joint-Function-2-300x300.webp 300w, https:\/\/www.comehealthgroup.com\/wp-content\/uploads\/2024\/12\/Bulk-Glucosamine-Chondroitin-Gummy-For-Joint-Function-2-150x150.webp 150w, https:\/\/www.comehealthgroup.com\/wp-content\/uploads\/2024\/12\/Bulk-Glucosamine-Chondroitin-Gummy-For-Joint-Function-2-600x600.webp 600w, https:\/\/www.comehealthgroup.com\/wp-content\/uploads\/2024\/12\/Bulk-Glucosamine-Chondroitin-Gummy-For-Joint-Function-2-100x100.webp 100w\" sizes=\"(max-width: 679px) 100vw, 679px\" \/><\/figure>\n<\/div>\n<\/div>\n\n\n\n<p><\/p>","protected":false},"excerpt":{"rendered":"<p>Formuladas para la salud de las articulaciones, nuestras gominolas de glucosamina y condroitina a granel a\u00f1aden ingredientes naturales a su r\u00e9gimen de salud, incluyendo glucosamina, condroitina, MSM y baya del sa\u00faco para mejorar la flexibilidad articular, promover un mejor funcionamiento de las articulaciones y mejorar la inmunidad.<\/p>\n<table style=\"border-collapse: collapse; width: 328.02pt;\" border=\"0\" width=\"328\" cellspacing=\"0\" cellpadding=\"0\">\n<tbody>\n<tr style=\"height: 15.20pt;\">\n<td class=\"et2\" style=\"height: 15.20pt; width: 101.70pt;\" width=\"101\" height=\"15\">Marca<\/td>\n<td class=\"et2\" style=\"width: 226.65pt;\" width=\"226\">Come Health\/ Marca blanca<\/td>\n<\/tr>\n<tr style=\"height: 46.00pt;\">\n<td class=\"et2\" style=\"height: 46.00pt;\" height=\"46\">Ventajas del producto<\/td>\n<td class=\"et3\" style=\"width: 226.65pt;\" width=\"226\">*Movilidad y flexibilidad<br \/>*Apoyo a la funci\u00f3n articular<br \/>*Apoyo al sistema inmunitario<\/td>\n<\/tr>\n<tr style=\"height: 15.20pt;\">\n<td class=\"et2\" style=\"height: 15.20pt;\" height=\"15\">Forma farmac\u00e9utica<\/td>\n<td class=\"et2\">Gominola<\/td>\n<\/tr>\n<tr style=\"height: 15.20pt;\">\n<td class=\"et2\" style=\"height: 15.20pt;\" height=\"15\">Color<\/td>\n<td class=\"et2\">Morado<\/td>\n<\/tr>\n<tr style=\"height: 16.00pt;\">\n<td class=\"et2\" style=\"height: 16.00pt;\" height=\"16\">Sabor<\/td>\n<td class=\"et3\" style=\"width: 226.65pt;\" width=\"226\">Ar\u00e1ndanos<\/td>\n<\/tr>\n<tr style=\"height: 15.20pt;\">\n<td class=\"et2\" style=\"height: 15.20pt;\" height=\"15\">Forma<\/td>\n<td class=\"et2\">Cubby<\/td>\n<\/tr>\n<tr style=\"height: 15.20pt;\">\n<td class=\"et2\" style=\"height: 15.20pt;\" height=\"15\">Especificaci\u00f3n del producto<\/td>\n<td class=\"et2\">60 unidades\/botella<\/td>\n<\/tr>\n<tr style=\"height: 15.20pt;\">\n<td class=\"et2\" style=\"height: 15.20pt;\" height=\"15\">Vida \u00fatil<\/td>\n<td class=\"et2\">24 meses<\/td>\n<\/tr>\n<tr style=\"height: 15.20pt;\">\n<td class=\"et2\" style=\"height: 15.20pt;\" height=\"15\">Dimensiones (cm)<\/td>\n<td class=\"et2\">7X7X12<\/td>\n<\/tr>\n<tr style=\"height: 15.20pt;\">\n<td class=\"et2\" style=\"height: 15.20pt;\" height=\"15\">Peso neto (kg)<\/td>\n<td class=\"et2\">0,22 kg<\/td>\n<\/tr>\n<tr style=\"height: 15.20pt;\">\n<td class=\"et2\" style=\"height: 15.20pt;\" height=\"15\">Personalizaci\u00f3n<\/td>\n<td class=\"et2\">Gr\u00e1fico, Logotipo, Paquete<\/td>\n<\/tr>\n<tr style=\"height: 15.20pt;\">\n<td class=\"et2\" style=\"height: 15.20pt;\" height=\"15\">Inventario<\/td>\n<td class=\"et2\">En stock<\/td>\n<\/tr>\n<\/tbody>\n<\/table>","protected":false},"featured_media":996,"comment_status":"closed","ping_status":"closed","template":"","meta":{"_acf_changed":false},"product_brand":[],"product_cat":[40,34,32,49],"product_tag":[],"class_list":{"0":"post-992","1":"product","2":"type-product","3":"status-publish","4":"has-post-thumbnail","6":"product_cat-private-label-gummy-supplements","7":"product_cat-private-label-health-supplements","8":"product_cat-private-label-immune-supplements","9":"product_cat-nutritional-supplement-wholesale","11":"first","12":"instock","13":"shipping-taxable","14":"product-type-simple"},"acf":[],"_links":{"self":[{"href":"https:\/\/www.comehealthgroup.com\/es\/wp-json\/wp\/v2\/product\/992","targetHints":{"allow":["GET"]}}],"collection":[{"href":"https:\/\/www.comehealthgroup.com\/es\/wp-json\/wp\/v2\/product"}],"about":[{"href":"https:\/\/www.comehealthgroup.com\/es\/wp-json\/wp\/v2\/types\/product"}],"replies":[{"embeddable":true,"href":"https:\/\/www.comehealthgroup.com\/es\/wp-json\/wp\/v2\/comments?post=992"}],"wp:featuredmedia":[{"embeddable":true,"href":"https:\/\/www.comehealthgroup.com\/es\/wp-json\/wp\/v2\/media\/996"}],"wp:attachment":[{"href":"https:\/\/www.comehealthgroup.com\/es\/wp-json\/wp\/v2\/media?parent=992"}],"wp:term":[{"taxonomy":"product_brand","embeddable":true,"href":"https:\/\/www.comehealthgroup.com\/es\/wp-json\/wp\/v2\/product_brand?post=992"},{"taxonomy":"product_cat","embeddable":true,"href":"https:\/\/www.comehealthgroup.com\/es\/wp-json\/wp\/v2\/product_cat?post=992"},{"taxonomy":"product_tag","embeddable":true,"href":"https:\/\/www.comehealthgroup.com\/es\/wp-json\/wp\/v2\/product_tag?post=992"}],"curies":[{"name":"wp","href":"https:\/\/api.w.org\/{rel}","templated":true}]}}