{"id":81,"date":"2024-12-03T13:51:35","date_gmt":"2024-12-03T13:51:35","guid":{"rendered":"https:\/\/www.comehealthgroup.com\/?page_id=81"},"modified":"2025-04-18T03:53:28","modified_gmt":"2025-04-18T03:53:28","slug":"home","status":"publish","type":"page","link":"https:\/\/www.comehealthgroup.com\/fr\/","title":{"rendered":"Accueil"},"content":{"rendered":"<h1 style=\"color:white\">Principal fabricant de compl\u00e9ments alimentaires<\/h1>\n<p>Trusted dietary supplement manufacturer specializing in custom formulas, private-label solutions, and dietary supplement contract manufacturing. Partner with us for high-quality nutraceuticals and health supplements.Partner With Us\t\t\t\t<\/p>\n<h3>Service OEM\/ODM<\/h3>\n<p>Des services de labellisation et de cofabrication pour concr\u00e9tiser toutes vos id\u00e9es<\/p>\n<h3>Production \u00e0 grande \u00e9chelle<\/h3>\n<p>Plusieurs ensembles d'\u00e9quipements de production enti\u00e8rement automatiques \u00e0 grande \u00e9chelle<\/p>\n<h3>Prix comp\u00e9titif<\/h3>\n<p>Ventes directes de l'usine, garantie de prix<\/p>\n<h3>Livraison rapide<\/h3>\n<p>Des solutions logistiques efficaces et des capacit\u00e9s de production \u00e0 l'\u00e9tranger<\/p>","protected":false},"excerpt":{"rendered":"<p>Leading Dietary Supplement Manufacturer Trusted dietary supplement manufacturer specializing in custom formulas, private-label solutions, and dietary supplement contract manufacturing. Partner with us for high-quality nutraceuticals and health supplements.Partner With Us OEM\/ODM Service Private label and co-manufacturing services to realize all your ideas Large-Scale Production Multiple sets of large-scale fully automatic production equipment Competitive Price Direct [&hellip;]<\/p>","protected":false},"author":1,"featured_media":0,"parent":0,"menu_order":0,"comment_status":"closed","ping_status":"closed","template":"","meta":{"_acf_changed":false,"footnotes":""},"class_list":["post-81","page","type-page","status-publish","hentry"],"acf":[],"_links":{"self":[{"href":"https:\/\/www.comehealthgroup.com\/fr\/wp-json\/wp\/v2\/pages\/81","targetHints":{"allow":["GET"]}}],"collection":[{"href":"https:\/\/www.comehealthgroup.com\/fr\/wp-json\/wp\/v2\/pages"}],"about":[{"href":"https:\/\/www.comehealthgroup.com\/fr\/wp-json\/wp\/v2\/types\/page"}],"author":[{"embeddable":true,"href":"https:\/\/www.comehealthgroup.com\/fr\/wp-json\/wp\/v2\/users\/1"}],"replies":[{"embeddable":true,"href":"https:\/\/www.comehealthgroup.com\/fr\/wp-json\/wp\/v2\/comments?post=81"}],"version-history":[{"count":0,"href":"https:\/\/www.comehealthgroup.com\/fr\/wp-json\/wp\/v2\/pages\/81\/revisions"}],"wp:attachment":[{"href":"https:\/\/www.comehealthgroup.com\/fr\/wp-json\/wp\/v2\/media?parent=81"}],"curies":[{"name":"wp","href":"https:\/\/api.w.org\/{rel}","templated":true}]}}