{"id":1042,"date":"2024-12-17T08:08:50","date_gmt":"2024-12-17T08:08:50","guid":{"rendered":"https:\/\/www.comehealthgroup.com\/?post_type=product&#038;p=1042"},"modified":"2024-12-17T08:52:09","modified_gmt":"2024-12-17T08:52:09","slug":"private-label-beauty-supplements","status":"publish","type":"product","link":"https:\/\/www.comehealthgroup.com\/fr\/product\/private-label-beauty-supplements\/","title":{"rendered":"Private Label Beauty Supplements Gummy For Buttock Enhancement (Suppl\u00e9ments de beaut\u00e9 \u00e0 marque priv\u00e9e) pour l'am\u00e9lioration des fesses"},"content":{"rendered":"<div class=\"wp-block-columns is-layout-flex wp-container-core-columns-is-layout-9d6595d7 wp-block-columns-is-layout-flex\">\n<div class=\"wp-block-column is-layout-flow wp-block-column-is-layout-flow\">\n<h2 class=\"wp-block-heading\">Caract\u00e9ristiques de Private Label Beauty Supplements Gummy<\/h2>\n\n\n\n<ul class=\"wp-block-list\">\n<li><strong>Con\u00e7u pour le lifting des fesses : <\/strong>Cette g\u00e9lule de suppl\u00e9ments de beaut\u00e9 de marque priv\u00e9e est une combinaison d'extraits de plantes naturelles, visant \u00e0 raffermir et \u00e0 modeler les muscles des fesses pour aider \u00e0 cr\u00e9er une courbe plus ronde et plus pleine des fesses.<\/li>\n\n\n\n<li><strong>Am\u00e9liore l'\u00e9lasticit\u00e9 et la fermet\u00e9 de la peau : <\/strong>Nos gommes de compl\u00e9ment de beaut\u00e9 en gros sont pleines de nutriments qui maintiennent la peau en bonne sant\u00e9, am\u00e9liorent l'\u00e9lasticit\u00e9 et la fermet\u00e9 de la peau, et lissent la peau de vos fesses pour la rendre plus d\u00e9licate tout en r\u00e9duisant l'affaissement.<\/li>\n\n\n\n<li><strong>Am\u00e9liore le modelage des contours du corps : <\/strong>Ce suppl\u00e9ment de beaut\u00e9 sous forme de gomme est fabriqu\u00e9 \u00e0 partir de plantes naturelles et peut am\u00e9liorer les courbes du corps, modelant une ligne en S pour les fesses afin de former une silhouette externe sym\u00e9trique sur le plan sexuel.<\/li>\n\n\n\n<li><strong>De d\u00e9licieuses gommes \u00e0 m\u00e2cher pour une prise facile : <\/strong>Nos gommes de compl\u00e9ment de beaut\u00e9 en gros sont d\u00e9licieuses au go\u00fbt et, en m\u00eame temps, faciles \u00e0 absorber, de sorte que l'on peut facilement obtenir les r\u00e9sultats souhait\u00e9s en mati\u00e8re de beaut\u00e9 tout en savourant un d\u00e9licieux repas.<\/li>\n<\/ul>\n<\/div>\n\n\n\n<div class=\"wp-block-column is-layout-flow wp-block-column-is-layout-flow\">\n<figure class=\"wp-block-image size-full\"><img decoding=\"async\" width=\"800\" height=\"800\" src=\"https:\/\/www.comehealthgroup.com\/wp-content\/uploads\/2024\/12\/Private-Label-Beauty-Supplements-Gummy-For-Buttock-Enhancement-1.webp\" alt=\"\" class=\"wp-image-1047\" srcset=\"https:\/\/www.comehealthgroup.com\/wp-content\/uploads\/2024\/12\/Private-Label-Beauty-Supplements-Gummy-For-Buttock-Enhancement-1.webp 800w, https:\/\/www.comehealthgroup.com\/wp-content\/uploads\/2024\/12\/Private-Label-Beauty-Supplements-Gummy-For-Buttock-Enhancement-1-300x300.webp 300w, https:\/\/www.comehealthgroup.com\/wp-content\/uploads\/2024\/12\/Private-Label-Beauty-Supplements-Gummy-For-Buttock-Enhancement-1-150x150.webp 150w, https:\/\/www.comehealthgroup.com\/wp-content\/uploads\/2024\/12\/Private-Label-Beauty-Supplements-Gummy-For-Buttock-Enhancement-1-768x768.webp 768w, https:\/\/www.comehealthgroup.com\/wp-content\/uploads\/2024\/12\/Private-Label-Beauty-Supplements-Gummy-For-Buttock-Enhancement-1-600x600.webp 600w, https:\/\/www.comehealthgroup.com\/wp-content\/uploads\/2024\/12\/Private-Label-Beauty-Supplements-Gummy-For-Buttock-Enhancement-1-100x100.webp 100w\" sizes=\"(max-width: 800px) 100vw, 800px\" \/><\/figure>\n<\/div>\n<\/div>\n\n\n\n<p><\/p>","protected":false},"excerpt":{"rendered":"<p>Ces gommes de suppl\u00e9ments de beaut\u00e9 de marque priv\u00e9e sont con\u00e7ues pour modeler et soulever les fesses, aider \u00e0 am\u00e9liorer les courbes des fesses, am\u00e9liorer la fermet\u00e9 des muscles des fesses et promouvoir l'\u00e9lasticit\u00e9 et la fermet\u00e9 de la peau. D\u00e9licieuses, les gommes rendent la suppl\u00e9mentation si simple et agr\u00e9able que l'on peut profiter d'un corps sexy et charmant tout en savourant des plats d\u00e9licieux.<\/p>\n<table style=\"border-collapse: collapse; width: 328.02pt;\" border=\"0\" width=\"328\" cellspacing=\"0\" cellpadding=\"0\">\n<tbody>\n<tr style=\"height: 15.20pt;\">\n<td class=\"et2\" style=\"height: 15.20pt; width: 101.70pt;\" width=\"101\" height=\"15\">Nom de la marque<\/td>\n<td class=\"et2\" style=\"width: 226.65pt;\" width=\"226\">Come Health\/ White Label<\/td>\n<\/tr>\n<tr style=\"height: 16.00pt;\">\n<td class=\"et2\" style=\"height: 16.00pt;\" height=\"16\">Avantages du produit<\/td>\n<td class=\"et3\" style=\"width: 226.65pt;\" width=\"226\">*Am\u00e9lioration des fesses<\/td>\n<\/tr>\n<tr style=\"height: 15.20pt;\">\n<td class=\"et2\" style=\"height: 15.20pt;\" height=\"15\">Forme posologique<\/td>\n<td class=\"et2\">Gomme<\/td>\n<\/tr>\n<tr style=\"height: 15.20pt;\">\n<td class=\"et2\" style=\"height: 15.20pt;\" height=\"15\">Couleur<\/td>\n<td class=\"et2\">Rouge<\/td>\n<\/tr>\n<tr style=\"height: 16.00pt;\">\n<td class=\"et2\" style=\"height: 16.00pt;\" height=\"16\">Saveur<\/td>\n<td class=\"et3\" style=\"width: 226.65pt;\" width=\"226\">Ar\u00f4me de fraise<\/td>\n<\/tr>\n<tr style=\"height: 15.20pt;\">\n<td class=\"et2\" style=\"height: 15.20pt;\" height=\"15\">Forme<\/td>\n<td class=\"et2\">Louveteau<\/td>\n<\/tr>\n<tr style=\"height: 15.20pt;\">\n<td class=\"et2\" style=\"height: 15.20pt;\" height=\"15\">Sp\u00e9cification du produit<\/td>\n<td class=\"et2\">60 unit\u00e9s\/bouteille<\/td>\n<\/tr>\n<tr style=\"height: 15.20pt;\">\n<td class=\"et2\" style=\"height: 15.20pt;\" height=\"15\">Dur\u00e9e de vie en rayon<\/td>\n<td class=\"et2\">24 mois<\/td>\n<\/tr>\n<tr style=\"height: 15.20pt;\">\n<td class=\"et2\" style=\"height: 15.20pt;\" height=\"15\">Dimensions (cm)<\/td>\n<td class=\"et2\">7X7X12<\/td>\n<\/tr>\n<tr style=\"height: 15.20pt;\">\n<td class=\"et2\" style=\"height: 15.20pt;\" height=\"15\">Poids net (kg)<\/td>\n<td class=\"et2\">0,22 kg<\/td>\n<\/tr>\n<tr style=\"height: 15.20pt;\">\n<td class=\"et2\" style=\"height: 15.20pt;\" height=\"15\">Personnalisation<\/td>\n<td class=\"et2\">Graphique, Logo, Paquet<\/td>\n<\/tr>\n<tr style=\"height: 15.20pt;\">\n<td class=\"et2\" style=\"height: 15.20pt;\" height=\"15\">Inventaire<\/td>\n<td class=\"et2\">En stock<\/td>\n<\/tr>\n<\/tbody>\n<\/table>","protected":false},"featured_media":1050,"comment_status":"closed","ping_status":"closed","template":"","meta":{"_acf_changed":false},"product_brand":[],"product_cat":[40,36],"product_tag":[],"class_list":{"0":"post-1042","1":"product","2":"type-product","3":"status-publish","4":"has-post-thumbnail","6":"product_cat-private-label-gummy-supplements","7":"product_cat-private-label-beauty-supplements","9":"first","10":"instock","11":"shipping-taxable","12":"product-type-simple"},"acf":[],"_links":{"self":[{"href":"https:\/\/www.comehealthgroup.com\/fr\/wp-json\/wp\/v2\/product\/1042","targetHints":{"allow":["GET"]}}],"collection":[{"href":"https:\/\/www.comehealthgroup.com\/fr\/wp-json\/wp\/v2\/product"}],"about":[{"href":"https:\/\/www.comehealthgroup.com\/fr\/wp-json\/wp\/v2\/types\/product"}],"replies":[{"embeddable":true,"href":"https:\/\/www.comehealthgroup.com\/fr\/wp-json\/wp\/v2\/comments?post=1042"}],"wp:featuredmedia":[{"embeddable":true,"href":"https:\/\/www.comehealthgroup.com\/fr\/wp-json\/wp\/v2\/media\/1050"}],"wp:attachment":[{"href":"https:\/\/www.comehealthgroup.com\/fr\/wp-json\/wp\/v2\/media?parent=1042"}],"wp:term":[{"taxonomy":"product_brand","embeddable":true,"href":"https:\/\/www.comehealthgroup.com\/fr\/wp-json\/wp\/v2\/product_brand?post=1042"},{"taxonomy":"product_cat","embeddable":true,"href":"https:\/\/www.comehealthgroup.com\/fr\/wp-json\/wp\/v2\/product_cat?post=1042"},{"taxonomy":"product_tag","embeddable":true,"href":"https:\/\/www.comehealthgroup.com\/fr\/wp-json\/wp\/v2\/product_tag?post=1042"}],"curies":[{"name":"wp","href":"https:\/\/api.w.org\/{rel}","templated":true}]}}