{"id":1060,"date":"2024-12-17T09:28:12","date_gmt":"2024-12-17T09:28:12","guid":{"rendered":"https:\/\/www.comehealthgroup.com\/?post_type=product&#038;p=1060"},"modified":"2024-12-17T10:03:35","modified_gmt":"2024-12-17T10:03:35","slug":"bulk-liquid-vitamin-b-12","status":"publish","type":"product","link":"https:\/\/www.comehealthgroup.com\/fr\/product\/bulk-liquid-vitamin-b-12\/","title":{"rendered":"Vitamine B-12 liquide en vrac, Suppl\u00e9ments liquides sous marque de distributeur"},"content":{"rendered":"<div class=\"wp-block-columns is-layout-flex wp-container-core-columns-is-layout-9d6595d7 wp-block-columns-is-layout-flex\">\n<div class=\"wp-block-column is-layout-flow wp-block-column-is-layout-flow\">\n<h2 class=\"wp-block-heading\">Caract\u00e9ristiques de la vitamine B-12 liquide en vrac<\/h2>\n\n\n\n<ul class=\"wp-block-list\">\n<li><strong>Pr\u00e9venir la d\u00e9g\u00e9n\u00e9rescence c\u00e9r\u00e9brale : <\/strong>Cette vitamine B-12 liquide en vrac aide notre cerveau \u00e0 rester en bonne sant\u00e9, et le syst\u00e8me nerveux \u00e0 ne pas d\u00e9g\u00e9n\u00e9rer, \u00e0 maintenir le fonctionnement cognitif, \u00e0 am\u00e9liorer la m\u00e9moire et la concentration, ce qui est particuli\u00e8rement important pour les personnes \u00e2g\u00e9es.<\/li>\n\n\n\n<li><strong>Pr\u00e9vention des maladies cardiovasculaires :<\/strong> Nos compl\u00e9ments liquides sous marque de distributeur sont riches en vitamine B-12 en formule liquide qui aidera \u00e0 r\u00e9duire les niveaux d'homocyst\u00e9ine, \u00e0 r\u00e9duire le risque de maladie cardiovasculaire et \u00e0 soutenir les vaisseaux sanguins et la fonction cardiaque.<\/li>\n\n\n\n<li><strong>Am\u00e9lioration de la force physique : <\/strong>Notre vitamine b-12 liquide en vrac contribue \u00e0 am\u00e9liorer la force physique, \u00e0 augmenter la production d'\u00e9nergie et \u00e0 promouvoir le m\u00e9tabolisme afin d'am\u00e9liorer les niveaux d'\u00e9nergie et d'endurance d'une personne dans ses activit\u00e9s quotidiennes.<\/li>\n\n\n\n<li><strong>Am\u00e9liorer l'humeur : <\/strong>Nos compl\u00e9ments liquides sous marque de distributeur contiennent de la vitamine B-12, qui joue un r\u00f4le important dans le syst\u00e8me nerveux et peut aider \u00e0 contr\u00f4ler l'humeur, \u00e0 r\u00e9duire le stress et l'anxi\u00e9t\u00e9, \u00e0 am\u00e9liorer l'humeur et \u00e0 maintenir une bonne sant\u00e9 mentale.<\/li>\n<\/ul>\n<\/div>\n\n\n\n<div class=\"wp-block-column is-layout-flow wp-block-column-is-layout-flow\">\n<figure class=\"wp-block-image size-full\"><img decoding=\"async\" width=\"477\" height=\"491\" src=\"https:\/\/www.comehealthgroup.com\/wp-content\/uploads\/2024\/12\/Bulk-Liquid-Vitamin-B-12-Private-Label-Liquid-Supplements-1.webp\" alt=\"Vitamine B-12 liquide en vrac, Suppl\u00e9ments liquides de marque priv\u00e9e-1\" class=\"wp-image-1061\" srcset=\"https:\/\/www.comehealthgroup.com\/wp-content\/uploads\/2024\/12\/Bulk-Liquid-Vitamin-B-12-Private-Label-Liquid-Supplements-1.webp 477w, https:\/\/www.comehealthgroup.com\/wp-content\/uploads\/2024\/12\/Bulk-Liquid-Vitamin-B-12-Private-Label-Liquid-Supplements-1-291x300.webp 291w\" sizes=\"(max-width: 477px) 100vw, 477px\" \/><\/figure>\n<\/div>\n<\/div>\n\n\n\n<p><\/p>","protected":false},"excerpt":{"rendered":"<p>Notre suppl\u00e9ment de vitamine b-12 liquide en vrac sous marque de distributeur est sp\u00e9cialement pr\u00e9par\u00e9 pour maintenir la sant\u00e9 du cerveau, pr\u00e9venir les maladies cardiovasculaires, am\u00e9liorer la force physique et renforcer l'humeur. Sa formulation liquide est facilement absorb\u00e9e par l'organisme en un rien de temps, ce qui permet de maintenir le fonctionnement normal du cerveau et du syst\u00e8me nerveux et d'am\u00e9liorer l'\u00e9tat de sant\u00e9 g\u00e9n\u00e9ral.<\/p>\n<table style=\"border-collapse: collapse; width: 328.02pt;\" border=\"0\" width=\"328\" cellspacing=\"0\" cellpadding=\"0\">\n<tbody>\n<tr style=\"height: 15.20pt;\">\n<td class=\"et2\" style=\"height: 15.20pt; width: 101.70pt;\" width=\"101\" height=\"15\">Nom de la marque<\/td>\n<td class=\"et2\" style=\"width: 226.65pt;\" width=\"226\">Come Health\/ White Label<\/td>\n<\/tr>\n<tr style=\"height: 61.00pt;\">\n<td class=\"et2\" style=\"height: 61.00pt;\" height=\"61\">Avantages du produit<\/td>\n<td class=\"et3\" style=\"width: 226.65pt;\" width=\"226\">*Pr\u00e9vention de la d\u00e9g\u00e9n\u00e9rescence c\u00e9r\u00e9brale<br \/>*Pr\u00e9venir les maladies cardiovasculaires<br \/>*Am\u00e9liore la force physique<br \/>*Am\u00e9liore l'humeur<\/td>\n<\/tr>\n<tr style=\"height: 15.20pt;\">\n<td class=\"et2\" style=\"height: 15.20pt;\" height=\"15\">Forme posologique<\/td>\n<td class=\"et2\">Goutte liquide<\/td>\n<\/tr>\n<tr style=\"height: 15.20pt;\">\n<td class=\"et2\" style=\"height: 15.20pt;\" height=\"15\">Couleur<\/td>\n<td class=\"et2\">Transparent<\/td>\n<\/tr>\n<tr style=\"height: 16.00pt;\">\n<td class=\"et2\" style=\"height: 16.00pt;\" height=\"16\">Sp\u00e9cification du produit<\/td>\n<td class=\"et3\" style=\"width: 226.65pt;\" width=\"226\">30ml \/bouteille<\/td>\n<\/tr>\n<tr style=\"height: 15.20pt;\">\n<td class=\"et2\" style=\"height: 15.20pt;\" height=\"15\">Dur\u00e9e de vie en rayon<\/td>\n<td class=\"et2\">24 mois<\/td>\n<\/tr>\n<tr style=\"height: 16.00pt;\">\n<td class=\"et2\" style=\"height: 16.00pt;\" height=\"16\">Dimensions (cm)<\/td>\n<td class=\"et3\" style=\"width: 226.65pt;\" width=\"226\">5*5*13cm<\/td>\n<\/tr>\n<tr style=\"height: 16.00pt;\">\n<td class=\"et2\" style=\"height: 16.00pt;\" height=\"16\">Poids net (kg)<\/td>\n<td class=\"et3\" style=\"width: 226.65pt;\" width=\"226\">0,1 kg<\/td>\n<\/tr>\n<tr style=\"height: 15.20pt;\">\n<td class=\"et2\" style=\"height: 15.20pt;\" height=\"15\">Personnalisation<\/td>\n<td class=\"et2\">Graphique, Logo, Paquet<\/td>\n<\/tr>\n<tr style=\"height: 15.20pt;\">\n<td class=\"et2\" style=\"height: 15.20pt;\" height=\"15\">Inventaire<\/td>\n<td class=\"et2\">Fabriqu\u00e9 sur mesure, En rupture de stock<\/td>\n<\/tr>\n<\/tbody>\n<\/table>","protected":false},"featured_media":1061,"comment_status":"closed","ping_status":"closed","template":"","meta":{"_acf_changed":false},"product_brand":[],"product_cat":[34,47,41],"product_tag":[],"class_list":{"0":"post-1060","1":"product","2":"type-product","3":"status-publish","4":"has-post-thumbnail","6":"product_cat-private-label-health-supplements","7":"product_cat-liquid-supplements-wholesale","8":"product_cat-bulk-vitamins-and-minerals-supplements","10":"first","11":"instock","12":"shipping-taxable","13":"product-type-simple"},"acf":[],"_links":{"self":[{"href":"https:\/\/www.comehealthgroup.com\/fr\/wp-json\/wp\/v2\/product\/1060","targetHints":{"allow":["GET"]}}],"collection":[{"href":"https:\/\/www.comehealthgroup.com\/fr\/wp-json\/wp\/v2\/product"}],"about":[{"href":"https:\/\/www.comehealthgroup.com\/fr\/wp-json\/wp\/v2\/types\/product"}],"replies":[{"embeddable":true,"href":"https:\/\/www.comehealthgroup.com\/fr\/wp-json\/wp\/v2\/comments?post=1060"}],"wp:featuredmedia":[{"embeddable":true,"href":"https:\/\/www.comehealthgroup.com\/fr\/wp-json\/wp\/v2\/media\/1061"}],"wp:attachment":[{"href":"https:\/\/www.comehealthgroup.com\/fr\/wp-json\/wp\/v2\/media?parent=1060"}],"wp:term":[{"taxonomy":"product_brand","embeddable":true,"href":"https:\/\/www.comehealthgroup.com\/fr\/wp-json\/wp\/v2\/product_brand?post=1060"},{"taxonomy":"product_cat","embeddable":true,"href":"https:\/\/www.comehealthgroup.com\/fr\/wp-json\/wp\/v2\/product_cat?post=1060"},{"taxonomy":"product_tag","embeddable":true,"href":"https:\/\/www.comehealthgroup.com\/fr\/wp-json\/wp\/v2\/product_tag?post=1060"}],"curies":[{"name":"wp","href":"https:\/\/api.w.org\/{rel}","templated":true}]}}