{"id":1066,"date":"2024-12-17T09:44:07","date_gmt":"2024-12-17T09:44:07","guid":{"rendered":"https:\/\/www.comehealthgroup.com\/?post_type=product&#038;p=1066"},"modified":"2024-12-17T10:02:58","modified_gmt":"2024-12-17T10:02:58","slug":"private-label-vitamin-d3","status":"publish","type":"product","link":"https:\/\/www.comehealthgroup.com\/fr\/product\/private-label-vitamin-d3\/","title":{"rendered":"Suppl\u00e9ment liquide de vitamine D3+K2 de marque priv\u00e9e en gros"},"content":{"rendered":"<div class=\"wp-block-columns is-layout-flex wp-container-core-columns-is-layout-9d6595d7 wp-block-columns-is-layout-flex\">\n<div class=\"wp-block-column is-layout-flow wp-block-column-is-layout-flow\">\n<h2 class=\"wp-block-heading\">Caract\u00e9ristiques de la marque priv\u00e9e Vitamine D3+K2<\/h2>\n\n\n\n<ul class=\"wp-block-list\">\n<li><strong>Alternative \u00e0 la lumi\u00e8re du soleil, vitamine D3+K2 :<\/strong> Ce suppl\u00e9ment liquide de marque priv\u00e9e de vitamine D3+K2 fournit \u00e0 l'organisme la sant\u00e9 de la lumi\u00e8re du soleil et maintient des niveaux normaux de vitamine D et l'absorption du calcium pendant les saisons o\u00f9 la lumi\u00e8re du soleil est insuffisante ou lorsque la lumi\u00e8re du soleil n'est pas disponible en quantit\u00e9 suffisante.<\/li>\n\n\n\n<li><strong>Favorise la sant\u00e9 du c\u0153ur et des os : <\/strong>Les vitamines D3 et K2 peuvent \u00eatre combin\u00e9es pour favoriser la sant\u00e9 des os. Ce suppl\u00e9ment liquide en gros aidera le calcium \u00e0 mieux se d\u00e9poser dans les os, \u00e9vitera l'accumulation de calcium dans les vaisseaux sanguins et contribuera ainsi \u00e0 maintenir le syst\u00e8me cardiovasculaire en bonne sant\u00e9.<\/li>\n\n\n\n<li><strong>Soutien immunitaire : <\/strong>La vitamine D3 est consid\u00e9r\u00e9e comme l'un des nutriments les plus pr\u00e9cieux qui contribuent \u00e0 l'am\u00e9lioration de la fonction immunitaire. Gr\u00e2ce \u00e0 l'activation des cellules immunitaires, ce suppl\u00e9ment liquide de vitamine D3+K2 de marque d\u00e9pos\u00e9e renforcera la r\u00e9sistance de l'organisme contre les germes ext\u00e9rieurs et maintiendra votre syst\u00e8me immunitaire en bonne sant\u00e9.<\/li>\n\n\n\n<li><strong>Forme liquide, absorption rapide :<\/strong> Notre suppl\u00e9ment liquide en gros est facilement absorb\u00e9 rapidement, l'effet est plus significatif, et il ne contient pas de colorants et d'ar\u00f4mes artificiels, convenant aux personnes de tous \u00e2ges.<\/li>\n<\/ul>\n<\/div>\n\n\n\n<div class=\"wp-block-column is-layout-flow wp-block-column-is-layout-flow\">\n<figure class=\"wp-block-image size-full\"><img decoding=\"async\" width=\"1200\" height=\"1200\" src=\"https:\/\/www.comehealthgroup.com\/wp-content\/uploads\/2024\/12\/Private-Label-Vitamin-D3K2-Liquid-Supplement-Wholesale-3.webp\" alt=\"Suppl\u00e9ment liquide de vitamine D3+K2 sous marque de distributeur Wholesale-3\" class=\"wp-image-1069\" srcset=\"https:\/\/www.comehealthgroup.com\/wp-content\/uploads\/2024\/12\/Private-Label-Vitamin-D3K2-Liquid-Supplement-Wholesale-3.webp 1200w, https:\/\/www.comehealthgroup.com\/wp-content\/uploads\/2024\/12\/Private-Label-Vitamin-D3K2-Liquid-Supplement-Wholesale-3-300x300.webp 300w, https:\/\/www.comehealthgroup.com\/wp-content\/uploads\/2024\/12\/Private-Label-Vitamin-D3K2-Liquid-Supplement-Wholesale-3-150x150.webp 150w, https:\/\/www.comehealthgroup.com\/wp-content\/uploads\/2024\/12\/Private-Label-Vitamin-D3K2-Liquid-Supplement-Wholesale-3-768x768.webp 768w, https:\/\/www.comehealthgroup.com\/wp-content\/uploads\/2024\/12\/Private-Label-Vitamin-D3K2-Liquid-Supplement-Wholesale-3-600x600.webp 600w, https:\/\/www.comehealthgroup.com\/wp-content\/uploads\/2024\/12\/Private-Label-Vitamin-D3K2-Liquid-Supplement-Wholesale-3-100x100.webp 100w\" sizes=\"(max-width: 1200px) 100vw, 1200px\" \/><\/figure>\n<\/div>\n<\/div>\n\n\n\n<p><\/p>","protected":false},"excerpt":{"rendered":"<p>Ce suppl\u00e9ment liquide de vitamine D3+K2 de marque priv\u00e9e fournit un soutien de sant\u00e9 semblable \u00e0 la lumi\u00e8re du soleil pour aider \u00e0 promouvoir la sant\u00e9 des os, \u00e0 renforcer l'immunit\u00e9 et \u00e0 maintenir la fonction cardiaque. Il convient particuli\u00e8rement aux saisons o\u00f9 la lumi\u00e8re du soleil est insuffisante ou en tant que suppl\u00e9ment quotidien pour garantir une quantit\u00e9 suffisante de vitamine D et favoriser une absorption saine du calcium. La formule liquide permet une absorption rapide qui aide \u00e0 rester actif et en bonne sant\u00e9, et renforce l'immunit\u00e9 g\u00e9n\u00e9rale et le fonctionnement du corps.<\/p>\n<table style=\"border-collapse: collapse; width: 328.02pt;\" border=\"0\" width=\"328\" cellspacing=\"0\" cellpadding=\"0\">\n<tbody>\n<tr style=\"height: 15.20pt;\">\n<td class=\"et2\" style=\"height: 15.20pt; width: 101.70pt;\" width=\"101\" height=\"15\">Nom de la marque<\/td>\n<td class=\"et2\" style=\"width: 226.65pt;\" width=\"226\">Come Health\/ White Label<\/td>\n<\/tr>\n<tr style=\"height: 61.00pt;\">\n<td class=\"et2\" style=\"height: 61.00pt;\" height=\"61\">Avantages du produit<\/td>\n<td class=\"et3\" style=\"width: 226.65pt;\" width=\"226\">*Pr\u00e9vention de la d\u00e9g\u00e9n\u00e9rescence c\u00e9r\u00e9brale<br \/>*Pr\u00e9venir les maladies cardiovasculaires<br \/>*Am\u00e9liore la force physique<br \/>*Am\u00e9liore l'humeur<\/td>\n<\/tr>\n<tr style=\"height: 15.20pt;\">\n<td class=\"et2\" style=\"height: 15.20pt;\" height=\"15\">Forme posologique<\/td>\n<td class=\"et2\">Goutte liquide<\/td>\n<\/tr>\n<tr style=\"height: 15.20pt;\">\n<td class=\"et2\" style=\"height: 15.20pt;\" height=\"15\">Couleur<\/td>\n<td class=\"et2\">Transparent<\/td>\n<\/tr>\n<tr style=\"height: 16.00pt;\">\n<td class=\"et2\" style=\"height: 16.00pt;\" height=\"16\">Sp\u00e9cification du produit<\/td>\n<td class=\"et3\" style=\"width: 226.65pt;\" width=\"226\">30ml \/bouteille<\/td>\n<\/tr>\n<tr style=\"height: 15.20pt;\">\n<td class=\"et2\" style=\"height: 15.20pt;\" height=\"15\">Dur\u00e9e de vie en rayon<\/td>\n<td class=\"et2\">24 mois<\/td>\n<\/tr>\n<tr style=\"height: 16.00pt;\">\n<td class=\"et2\" style=\"height: 16.00pt;\" height=\"16\">Dimensions (cm)<\/td>\n<td class=\"et3\" style=\"width: 226.65pt;\" width=\"226\">5*5*13cm<\/td>\n<\/tr>\n<tr style=\"height: 16.00pt;\">\n<td class=\"et2\" style=\"height: 16.00pt;\" height=\"16\">Poids net (kg)<\/td>\n<td class=\"et3\" style=\"width: 226.65pt;\" width=\"226\">0,1 kg<\/td>\n<\/tr>\n<tr style=\"height: 15.20pt;\">\n<td class=\"et2\" style=\"height: 15.20pt;\" height=\"15\">Personnalisation<\/td>\n<td class=\"et2\">Graphique, Logo, Paquet<\/td>\n<\/tr>\n<tr style=\"height: 15.20pt;\">\n<td class=\"et2\" style=\"height: 15.20pt;\" height=\"15\">Inventaire<\/td>\n<td class=\"et2\">Fabriqu\u00e9 sur mesure, En rupture de stock<\/td>\n<\/tr>\n<\/tbody>\n<\/table>","protected":false},"featured_media":1070,"comment_status":"closed","ping_status":"closed","template":"","meta":{"_acf_changed":false},"product_brand":[],"product_cat":[34,47,32,41],"product_tag":[],"class_list":{"0":"post-1066","1":"product","2":"type-product","3":"status-publish","4":"has-post-thumbnail","6":"product_cat-private-label-health-supplements","7":"product_cat-liquid-supplements-wholesale","8":"product_cat-private-label-immune-supplements","9":"product_cat-bulk-vitamins-and-minerals-supplements","11":"first","12":"instock","13":"shipping-taxable","14":"product-type-simple"},"acf":[],"_links":{"self":[{"href":"https:\/\/www.comehealthgroup.com\/fr\/wp-json\/wp\/v2\/product\/1066","targetHints":{"allow":["GET"]}}],"collection":[{"href":"https:\/\/www.comehealthgroup.com\/fr\/wp-json\/wp\/v2\/product"}],"about":[{"href":"https:\/\/www.comehealthgroup.com\/fr\/wp-json\/wp\/v2\/types\/product"}],"replies":[{"embeddable":true,"href":"https:\/\/www.comehealthgroup.com\/fr\/wp-json\/wp\/v2\/comments?post=1066"}],"wp:featuredmedia":[{"embeddable":true,"href":"https:\/\/www.comehealthgroup.com\/fr\/wp-json\/wp\/v2\/media\/1070"}],"wp:attachment":[{"href":"https:\/\/www.comehealthgroup.com\/fr\/wp-json\/wp\/v2\/media?parent=1066"}],"wp:term":[{"taxonomy":"product_brand","embeddable":true,"href":"https:\/\/www.comehealthgroup.com\/fr\/wp-json\/wp\/v2\/product_brand?post=1066"},{"taxonomy":"product_cat","embeddable":true,"href":"https:\/\/www.comehealthgroup.com\/fr\/wp-json\/wp\/v2\/product_cat?post=1066"},{"taxonomy":"product_tag","embeddable":true,"href":"https:\/\/www.comehealthgroup.com\/fr\/wp-json\/wp\/v2\/product_tag?post=1066"}],"curies":[{"name":"wp","href":"https:\/\/api.w.org\/{rel}","templated":true}]}}