{"id":1075,"date":"2024-12-18T01:31:02","date_gmt":"2024-12-18T01:31:02","guid":{"rendered":"https:\/\/www.comehealthgroup.com\/?post_type=product&#038;p=1075"},"modified":"2024-12-18T02:18:19","modified_gmt":"2024-12-18T02:18:19","slug":"bulk-hydrolyzed-whey-protein","status":"publish","type":"product","link":"https:\/\/www.comehealthgroup.com\/fr\/product\/bulk-hydrolyzed-whey-protein\/","title":{"rendered":"Poudre de prot\u00e9ines de lactos\u00e9rum hydrolys\u00e9es en vrac de marque priv\u00e9e Wholesale"},"content":{"rendered":"<div class=\"wp-block-columns is-layout-flex wp-container-core-columns-is-layout-9d6595d7 wp-block-columns-is-layout-flex\">\n<div class=\"wp-block-column is-layout-flow wp-block-column-is-layout-flow\">\n<h2 class=\"wp-block-heading\">Features of Bulk Hydrolyzed Whey Protein Powder<\/h2>\n\n\n\n<ul class=\"wp-block-list\">\n<li><strong>Increase muscle mass: <\/strong>This bulk hydrolyzed whey protein powder is packed with high-quality protein that can help your body gain muscle, lean body mass, and generally improve the results of muscles in fitness and exercise.<\/li>\n\n\n\n<li><strong>Accelerate fat burning: <\/strong>Hydrolyzed whey protein powder wholesale can improve metabolism, speed up the burning of fat, reduce body fat while ensuring muscle mass, and help you keep a healthy figure.<\/li>\n\n\n\n<li><strong>Improve recovery and reduce fatigue: <\/strong>This bulk hydrolyzed whey protein powder quickly enhances muscle repair and takes care of any exercise-induced fatigue. That way, it will help speed up your body&#8217;s recovery process so you can be all the more energetic during your next training session.<\/li>\n\n\n\n<li><strong>Pr\u00e9venir la d\u00e9gradation des muscles : <\/strong>This protein powder wholesale is rich in amino acids, especially BCAAs, which can help to reduce muscle breakdown effectively. It will also help guard your muscles from overtraining or malnutrition to maintain good health during the growth of muscles.<\/li>\n<\/ul>\n<\/div>\n\n\n\n<div class=\"wp-block-column is-layout-flow wp-block-column-is-layout-flow\">\n<figure class=\"wp-block-image size-full\"><img decoding=\"async\" width=\"960\" height=\"960\" src=\"https:\/\/www.comehealthgroup.com\/wp-content\/uploads\/2024\/12\/Private-Label-Bulk-Hydrolyzed-Whey-Protein-Powder-Wholesale-3.webp\" alt=\"Private Label Bulk Hydrolyzed Whey Protein Powder Wholesale-3\" class=\"wp-image-1078\" srcset=\"https:\/\/www.comehealthgroup.com\/wp-content\/uploads\/2024\/12\/Private-Label-Bulk-Hydrolyzed-Whey-Protein-Powder-Wholesale-3.webp 960w, https:\/\/www.comehealthgroup.com\/wp-content\/uploads\/2024\/12\/Private-Label-Bulk-Hydrolyzed-Whey-Protein-Powder-Wholesale-3-300x300.webp 300w, https:\/\/www.comehealthgroup.com\/wp-content\/uploads\/2024\/12\/Private-Label-Bulk-Hydrolyzed-Whey-Protein-Powder-Wholesale-3-150x150.webp 150w, https:\/\/www.comehealthgroup.com\/wp-content\/uploads\/2024\/12\/Private-Label-Bulk-Hydrolyzed-Whey-Protein-Powder-Wholesale-3-768x768.webp 768w, https:\/\/www.comehealthgroup.com\/wp-content\/uploads\/2024\/12\/Private-Label-Bulk-Hydrolyzed-Whey-Protein-Powder-Wholesale-3-600x600.webp 600w, https:\/\/www.comehealthgroup.com\/wp-content\/uploads\/2024\/12\/Private-Label-Bulk-Hydrolyzed-Whey-Protein-Powder-Wholesale-3-100x100.webp 100w\" sizes=\"(max-width: 960px) 100vw, 960px\" \/><\/figure>\n<\/div>\n<\/div>\n\n\n\n<p><\/p>","protected":false},"excerpt":{"rendered":"<p>This private label bulk hydrolyzed whey protein powder wholesale augments the amount of muscle mass and accelerate burning fat, improving recovery from exercise and lessening the feeling of tiredness very effectively. So, by preventing muscle breakdown and stimulating muscle repair, you&#8217;re going to realize improved gains from your training.\u00a0<\/p>\n<table style=\"border-collapse: collapse; width: 534.02pt;\" border=\"0\" width=\"534\" cellspacing=\"0\" cellpadding=\"0\">\n<tbody>\n<tr style=\"height: 15.20pt;\">\n<td class=\"et2\" style=\"height: 15.20pt; width: 101.70pt;\" width=\"101\" height=\"15\">Nom de la marque<\/td>\n<td class=\"et2\" style=\"width: 206.65pt;\" width=\"206\">Come Health\/ White Label<\/td>\n<td class=\"et2\" style=\"width: 84.80pt;\" width=\"84\">Dur\u00e9e de vie en rayon<\/td>\n<td class=\"et2\" style=\"width: 141.60pt;\" width=\"141\">24 mois<\/td>\n<\/tr>\n<tr style=\"height: 61.00pt;\">\n<td class=\"et2\" style=\"height: 61.00pt;\" height=\"61\">Avantages du produit<\/td>\n<td class=\"et3\" style=\"width: 206.65pt;\" width=\"206\">*Augmentation de la masse musculaire<br \/>*Acc\u00e9l\u00e8re la perte de graisse<br \/>*Am\u00e9liore la r\u00e9cup\u00e9ration et r\u00e9duit la fatigue<br \/>*Pr\u00e9vient la d\u00e9gradation des muscles<\/td>\n<td class=\"et2\">Dimensions (cm)<\/td>\n<td class=\"et3\" style=\"width: 141.60pt;\" width=\"141\">15*15*23cm<br \/>20*20*28cm<br \/>25*25*32cm<\/td>\n<\/tr>\n<tr style=\"height: 46.00pt;\">\n<td class=\"et2\" style=\"height: 46.00pt;\" height=\"46\">Forme posologique<\/td>\n<td class=\"et4\">Poudre<\/td>\n<td class=\"et2\">Poids net (kg)<\/td>\n<td class=\"et3\" style=\"width: 141.60pt;\" width=\"141\">0,6 kg<br \/>1,1 kg<br \/>1,7 kg<\/td>\n<\/tr>\n<tr style=\"height: 15.20pt;\">\n<td class=\"et2\" style=\"height: 15.20pt;\" height=\"15\">Couleur<\/td>\n<td class=\"et2\">blanc cass\u00e9<\/td>\n<td class=\"et2\">Personnalisation<\/td>\n<td class=\"et2\">Graphique, Logo, Paquet<\/td>\n<\/tr>\n<tr style=\"height: 46.00pt;\">\n<td class=\"et2\" style=\"height: 46.00pt;\" height=\"46\">Sp\u00e9cification du produit<\/td>\n<td class=\"et3\" style=\"width: 206.65pt;\" width=\"206\">1 lb \/bouteille<br \/>2 lb \/bouteille<br \/>2.5 lb\/bouteille<\/td>\n<td class=\"et2\">Inventaire<\/td>\n<td class=\"et2\">Fabriqu\u00e9 sur mesure, En rupture de stock<\/td>\n<\/tr>\n<\/tbody>\n<\/table>","protected":false},"featured_media":1077,"comment_status":"closed","ping_status":"closed","template":"","meta":{"_acf_changed":false},"product_brand":[],"product_cat":[29,45,49],"product_tag":[],"class_list":{"0":"post-1075","1":"product","2":"type-product","3":"status-publish","4":"has-post-thumbnail","6":"product_cat-sports-supplements-wholesale","7":"product_cat-bulk-powder-supplements","8":"product_cat-nutritional-supplement-wholesale","10":"first","11":"instock","12":"shipping-taxable","13":"product-type-simple"},"acf":[],"_links":{"self":[{"href":"https:\/\/www.comehealthgroup.com\/fr\/wp-json\/wp\/v2\/product\/1075","targetHints":{"allow":["GET"]}}],"collection":[{"href":"https:\/\/www.comehealthgroup.com\/fr\/wp-json\/wp\/v2\/product"}],"about":[{"href":"https:\/\/www.comehealthgroup.com\/fr\/wp-json\/wp\/v2\/types\/product"}],"replies":[{"embeddable":true,"href":"https:\/\/www.comehealthgroup.com\/fr\/wp-json\/wp\/v2\/comments?post=1075"}],"wp:featuredmedia":[{"embeddable":true,"href":"https:\/\/www.comehealthgroup.com\/fr\/wp-json\/wp\/v2\/media\/1077"}],"wp:attachment":[{"href":"https:\/\/www.comehealthgroup.com\/fr\/wp-json\/wp\/v2\/media?parent=1075"}],"wp:term":[{"taxonomy":"product_brand","embeddable":true,"href":"https:\/\/www.comehealthgroup.com\/fr\/wp-json\/wp\/v2\/product_brand?post=1075"},{"taxonomy":"product_cat","embeddable":true,"href":"https:\/\/www.comehealthgroup.com\/fr\/wp-json\/wp\/v2\/product_cat?post=1075"},{"taxonomy":"product_tag","embeddable":true,"href":"https:\/\/www.comehealthgroup.com\/fr\/wp-json\/wp\/v2\/product_tag?post=1075"}],"curies":[{"name":"wp","href":"https:\/\/api.w.org\/{rel}","templated":true}]}}