{"id":1082,"date":"2024-12-18T02:18:35","date_gmt":"2024-12-18T02:18:35","guid":{"rendered":"https:\/\/www.comehealthgroup.com\/?post_type=product&#038;p=1082"},"modified":"2024-12-18T03:03:54","modified_gmt":"2024-12-18T03:03:54","slug":"whey-protein-powder-bulk","status":"publish","type":"product","link":"https:\/\/www.comehealthgroup.com\/fr\/product\/whey-protein-powder-bulk\/","title":{"rendered":"Hydrolyzed Whey Protein Powder Bulk, Private Label Powder Supplements"},"content":{"rendered":"<div class=\"wp-block-columns is-layout-flex wp-container-core-columns-is-layout-9d6595d7 wp-block-columns-is-layout-flex\">\n<div class=\"wp-block-column is-layout-flow wp-block-column-is-layout-flow\">\n<h2 class=\"wp-block-heading\">Caract\u00e9ristiques de la poudre de prot\u00e9ines de lactos\u00e9rum en vrac<\/h2>\n\n\n\n<ul class=\"wp-block-list\">\n<li><strong>Favorise efficacement la croissance musculaire :<\/strong> Une technologie d'hydrolyse avanc\u00e9e est utilis\u00e9e dans cette poudre de prot\u00e9ines de lactos\u00e9rum en vrac pour rendre les mol\u00e9cules de prot\u00e9ines plus petites et plus faciles \u00e0 absorber. Elle peut fournir rapidement des acides amin\u00e9s, favoriser la r\u00e9cup\u00e9ration et la croissance musculaire et am\u00e9liorer les effets de l'entra\u00eenement.<\/li>\n\n\n\n<li><strong>Am\u00e9liorer le m\u00e9tabolisme des graisses : <\/strong>Ce suppl\u00e9ment de prot\u00e9ines en poudre de marque d\u00e9pos\u00e9e aide \u00e0 br\u00fbler les graisses et \u00e0 acc\u00e9l\u00e9rer le m\u00e9tabolisme des graisses pour obtenir une silhouette plus ferme et plus saine. Il convient aux personnes en forme qui souhaitent r\u00e9duire leur masse graisseuse et gagner en masse musculaire.<\/li>\n\n\n\n<li><strong>Acc\u00e9l\u00e8re la r\u00e9cup\u00e9ration et r\u00e9duit la fatigue : <\/strong>Apr\u00e8s l'exercice, prenez cette prot\u00e9ine en poudre WHEY en vrac rapidement pour r\u00e9parer les muscles, r\u00e9duire la fatigue de l'exercice, aider votre corps \u00e0 r\u00e9cup\u00e9rer plus rapidement, et maintenir une fr\u00e9quence d'entra\u00eenement efficace.<\/li>\n\n\n\n<li><strong>Pr\u00e9venir la d\u00e9gradation des muscles : <\/strong>Ce suppl\u00e9ment de prot\u00e9ines en poudre sous marque de distributeur est riche en acides amin\u00e9s \u00e0 cha\u00eene ramifi\u00e9e (BCAA), qui peuvent emp\u00eacher la d\u00e9gradation musculaire et maintenir vos muscles en bonne sant\u00e9 pendant l'entra\u00eenement et favoriser une croissance musculaire continue.<\/li>\n<\/ul>\n<\/div>\n\n\n\n<div class=\"wp-block-column is-layout-flow wp-block-column-is-layout-flow\">\n<figure class=\"wp-block-image size-full\"><img decoding=\"async\" width=\"600\" height=\"600\" src=\"https:\/\/www.comehealthgroup.com\/wp-content\/uploads\/2024\/12\/Hydrolyzed-Whey-Protein-Powder-Bulk-Private-Label-Powder-Supplements-2.webp\" alt=\"Hydrolyzed Whey Protein Powder Bulk, Private Label Powder Supplements-2\" class=\"wp-image-1100\" srcset=\"https:\/\/www.comehealthgroup.com\/wp-content\/uploads\/2024\/12\/Hydrolyzed-Whey-Protein-Powder-Bulk-Private-Label-Powder-Supplements-2.webp 600w, https:\/\/www.comehealthgroup.com\/wp-content\/uploads\/2024\/12\/Hydrolyzed-Whey-Protein-Powder-Bulk-Private-Label-Powder-Supplements-2-300x300.webp 300w, https:\/\/www.comehealthgroup.com\/wp-content\/uploads\/2024\/12\/Hydrolyzed-Whey-Protein-Powder-Bulk-Private-Label-Powder-Supplements-2-150x150.webp 150w, https:\/\/www.comehealthgroup.com\/wp-content\/uploads\/2024\/12\/Hydrolyzed-Whey-Protein-Powder-Bulk-Private-Label-Powder-Supplements-2-100x100.webp 100w\" sizes=\"(max-width: 600px) 100vw, 600px\" \/><\/figure>\n<\/div>\n<\/div>\n\n\n\n<p><\/p>","protected":false},"excerpt":{"rendered":"<p>Cette poudre de prot\u00e9ine de lactos\u00e9rum en vrac de marque priv\u00e9e a pour fonctions l'absorption rapide, la promotion de la croissance musculaire et l'acc\u00e9l\u00e9ration de la combustion des graisses, et convient \u00e0 tous les amateurs de fitness qui ont besoin d'am\u00e9liorer la r\u00e9cup\u00e9ration musculaire et de r\u00e9duire la fatigue li\u00e9e \u00e0 l'exercice. Qu'il s'agisse de gain musculaire ou de perte de graisse, c'est un choix id\u00e9al de suppl\u00e9ment prot\u00e9ique.<\/p>\n<table style=\"border-collapse: collapse; width: 534.02pt;\" border=\"0\" width=\"534\" cellspacing=\"0\" cellpadding=\"0\">\n<tbody>\n<tr style=\"height: 15.20pt;\">\n<td class=\"et2\" style=\"height: 15.20pt; width: 101.70pt;\" width=\"101\" height=\"15\">Nom de la marque<\/td>\n<td class=\"et2\" style=\"width: 206.65pt;\" width=\"206\">Come Health\/ White Label<\/td>\n<td class=\"et2\" style=\"width: 84.80pt;\" width=\"84\">Dur\u00e9e de vie en rayon<\/td>\n<td class=\"et2\" style=\"width: 141.60pt;\" width=\"141\">24 mois<\/td>\n<\/tr>\n<tr style=\"height: 61.00pt;\">\n<td class=\"et2\" style=\"height: 61.00pt;\" height=\"61\">Avantages du produit<\/td>\n<td class=\"et3\" style=\"width: 206.65pt;\" width=\"206\">*Augmentation de la masse musculaire<br \/>*Acc\u00e9l\u00e8re la perte de graisse<br \/>*Am\u00e9liore la r\u00e9cup\u00e9ration et r\u00e9duit la fatigue<br \/>*Pr\u00e9vient la d\u00e9gradation des muscles<\/td>\n<td class=\"et2\">Dimensions (cm)<\/td>\n<td class=\"et3\" style=\"width: 141.60pt;\" width=\"141\">15*15*23cm<br \/>20*20*28cm<br \/>25*25*32cm<\/td>\n<\/tr>\n<tr style=\"height: 46.00pt;\">\n<td class=\"et2\" style=\"height: 46.00pt;\" height=\"46\">Forme posologique<\/td>\n<td class=\"et4\">Poudre<\/td>\n<td class=\"et2\">Poids net (kg)<\/td>\n<td class=\"et3\" style=\"width: 141.60pt;\" width=\"141\">0,6 kg<br \/>1,1 kg<br \/>1,7 kg<\/td>\n<\/tr>\n<tr style=\"height: 15.20pt;\">\n<td class=\"et2\" style=\"height: 15.20pt;\" height=\"15\">Couleur<\/td>\n<td class=\"et2\">blanc cass\u00e9<\/td>\n<td class=\"et2\">Personnalisation<\/td>\n<td class=\"et2\">Graphique, Logo, Paquet<\/td>\n<\/tr>\n<tr style=\"height: 46.00pt;\">\n<td class=\"et2\" style=\"height: 46.00pt;\" height=\"46\">Sp\u00e9cification du produit<\/td>\n<td class=\"et3\" style=\"width: 206.65pt;\" width=\"206\">1 lb \/bouteille<br \/>2 lb \/bouteille<br \/>2.5 lb\/bouteille<\/td>\n<td class=\"et2\">Inventaire<\/td>\n<td class=\"et2\">Fabriqu\u00e9 sur mesure, En rupture de stock<\/td>\n<\/tr>\n<\/tbody>\n<\/table>","protected":false},"featured_media":1102,"comment_status":"closed","ping_status":"closed","template":"","meta":{"_acf_changed":false},"product_brand":[],"product_cat":[29,45,49],"product_tag":[],"class_list":{"0":"post-1082","1":"product","2":"type-product","3":"status-publish","4":"has-post-thumbnail","6":"product_cat-sports-supplements-wholesale","7":"product_cat-bulk-powder-supplements","8":"product_cat-nutritional-supplement-wholesale","10":"first","11":"instock","12":"shipping-taxable","13":"product-type-simple"},"acf":[],"_links":{"self":[{"href":"https:\/\/www.comehealthgroup.com\/fr\/wp-json\/wp\/v2\/product\/1082","targetHints":{"allow":["GET"]}}],"collection":[{"href":"https:\/\/www.comehealthgroup.com\/fr\/wp-json\/wp\/v2\/product"}],"about":[{"href":"https:\/\/www.comehealthgroup.com\/fr\/wp-json\/wp\/v2\/types\/product"}],"replies":[{"embeddable":true,"href":"https:\/\/www.comehealthgroup.com\/fr\/wp-json\/wp\/v2\/comments?post=1082"}],"wp:featuredmedia":[{"embeddable":true,"href":"https:\/\/www.comehealthgroup.com\/fr\/wp-json\/wp\/v2\/media\/1102"}],"wp:attachment":[{"href":"https:\/\/www.comehealthgroup.com\/fr\/wp-json\/wp\/v2\/media?parent=1082"}],"wp:term":[{"taxonomy":"product_brand","embeddable":true,"href":"https:\/\/www.comehealthgroup.com\/fr\/wp-json\/wp\/v2\/product_brand?post=1082"},{"taxonomy":"product_cat","embeddable":true,"href":"https:\/\/www.comehealthgroup.com\/fr\/wp-json\/wp\/v2\/product_cat?post=1082"},{"taxonomy":"product_tag","embeddable":true,"href":"https:\/\/www.comehealthgroup.com\/fr\/wp-json\/wp\/v2\/product_tag?post=1082"}],"curies":[{"name":"wp","href":"https:\/\/api.w.org\/{rel}","templated":true}]}}