{"id":1112,"date":"2024-12-18T03:32:30","date_gmt":"2024-12-18T03:32:30","guid":{"rendered":"https:\/\/www.comehealthgroup.com\/?post_type=product&#038;p=1112"},"modified":"2024-12-18T03:43:28","modified_gmt":"2024-12-18T03:43:28","slug":"bulk-protein-powder","status":"publish","type":"product","link":"https:\/\/www.comehealthgroup.com\/fr\/product\/bulk-protein-powder\/","title":{"rendered":"Poudre de prot\u00e9ines en vrac, poudre de prot\u00e9ines de lactos\u00e9rum hydrolys\u00e9es sur mesure"},"content":{"rendered":"<div class=\"wp-block-columns is-layout-flex wp-container-core-columns-is-layout-9d6595d7 wp-block-columns-is-layout-flex\">\n<div class=\"wp-block-column is-layout-flow wp-block-column-is-layout-flow\">\n<h2 class=\"wp-block-heading\">Features of Bulk Protein Powder<\/h2>\n\n\n\n<ul class=\"wp-block-list\">\n<li><strong>Fast absorption, enhanced muscle growth: <\/strong>This bulk protein powder adopts hydrolyzed whey protein powder with fast absorption by the body to help muscles provide quality amino acids, contributing toward muscle growth and repair, especially supplementation after high-intensity training.<\/li>\n\n\n\n<li><strong>Accelerate fat burning and shape an ideal body shape:<\/strong>Hydrolyzed whey protein not only contributes to muscle growth but also contributes to metabolism. This custom protein powder will contribute to a reduction of body fat and mold a tighter, healthier body shape, perfectly suited for fat loss and muscle gain plans.<\/li>\n\n\n\n<li><strong>Improve post-exercise recovery and reduce muscle fatigue: <\/strong>This bulk protein powder will help you recover fast after training, decrease muscle fatigue, increase recovery speed after exercise so that one can maintain continuous motivation for training and results.<\/li>\n\n\n\n<li><strong>Maintain muscle mass and prevent breakdown: <\/strong>This custom protein powder is rich in BCAAs, which effectively prevents muscle breakdown during intense exercise, helps maintain muscle mass, and ensures that precious muscle is not lost during fat loss.<\/li>\n<\/ul>\n<\/div>\n\n\n\n<div class=\"wp-block-column is-layout-flow wp-block-column-is-layout-flow\">\n<figure class=\"wp-block-image size-full\"><img decoding=\"async\" width=\"750\" height=\"750\" src=\"https:\/\/www.comehealthgroup.com\/wp-content\/uploads\/2024\/12\/Bulk-Protein-Powder-Custom-Hydrolyzed-Whey-Protein-Powder-3.webp\" alt=\"Bulk Protein Powder, Custom Hydrolyzed Whey Protein Powder-3\" class=\"wp-image-1115\" srcset=\"https:\/\/www.comehealthgroup.com\/wp-content\/uploads\/2024\/12\/Bulk-Protein-Powder-Custom-Hydrolyzed-Whey-Protein-Powder-3.webp 750w, https:\/\/www.comehealthgroup.com\/wp-content\/uploads\/2024\/12\/Bulk-Protein-Powder-Custom-Hydrolyzed-Whey-Protein-Powder-3-300x300.webp 300w, https:\/\/www.comehealthgroup.com\/wp-content\/uploads\/2024\/12\/Bulk-Protein-Powder-Custom-Hydrolyzed-Whey-Protein-Powder-3-150x150.webp 150w, https:\/\/www.comehealthgroup.com\/wp-content\/uploads\/2024\/12\/Bulk-Protein-Powder-Custom-Hydrolyzed-Whey-Protein-Powder-3-600x600.webp 600w, https:\/\/www.comehealthgroup.com\/wp-content\/uploads\/2024\/12\/Bulk-Protein-Powder-Custom-Hydrolyzed-Whey-Protein-Powder-3-100x100.webp 100w\" sizes=\"(max-width: 750px) 100vw, 750px\" \/><\/figure>\n<\/div>\n<\/div>\n\n\n\n<p><\/p>","protected":false},"excerpt":{"rendered":"<p>Cette poudre de prot\u00e9ines en vrac clean label est con\u00e7ue pour les amateurs de fitness et les athl\u00e8tes afin de fournir rapidement un soutien prot\u00e9ique efficace, de favoriser la croissance musculaire, d'acc\u00e9l\u00e9rer la combustion des graisses, d'acc\u00e9l\u00e9rer la r\u00e9cup\u00e9ration et de pr\u00e9venir la d\u00e9gradation musculaire. Sa formule facilement absorb\u00e9e vous aide \u00e0 maintenir votre forme corporelle id\u00e9ale tout en d\u00e9veloppant vos muscles et en perdant de la graisse, am\u00e9liorant ainsi vos r\u00e9sultats globaux en mati\u00e8re de remise en forme.<\/p>\n<table style=\"border-collapse: collapse; width: 534.02pt;\" border=\"0\" width=\"534\" cellspacing=\"0\" cellpadding=\"0\">\n<tbody>\n<tr style=\"height: 15.20pt;\">\n<td class=\"et2\" style=\"height: 15.20pt; width: 101.70pt;\" width=\"101\" height=\"15\">Nom de la marque<\/td>\n<td class=\"et2\" style=\"width: 206.65pt;\" width=\"206\">Come Health\/ White Label<\/td>\n<td class=\"et2\" style=\"width: 84.80pt;\" width=\"84\">Dur\u00e9e de vie en rayon<\/td>\n<td class=\"et2\" style=\"width: 141.60pt;\" width=\"141\">24 mois<\/td>\n<\/tr>\n<tr style=\"height: 61.00pt;\">\n<td class=\"et2\" style=\"height: 61.00pt;\" height=\"61\">Avantages du produit<\/td>\n<td class=\"et3\" style=\"width: 206.65pt;\" width=\"206\">*Augmentation de la masse musculaire<br \/>*Acc\u00e9l\u00e8re la perte de graisse<br \/>*Am\u00e9liore la r\u00e9cup\u00e9ration et r\u00e9duit la fatigue<br \/>*Pr\u00e9vient la d\u00e9gradation des muscles<\/td>\n<td class=\"et2\">Dimensions (cm)<\/td>\n<td class=\"et3\" style=\"width: 141.60pt;\" width=\"141\">15*15*23cm<br \/>20*20*28cm<br \/>25*25*32cm<\/td>\n<\/tr>\n<tr style=\"height: 46.00pt;\">\n<td class=\"et2\" style=\"height: 46.00pt;\" height=\"46\">Forme posologique<\/td>\n<td class=\"et4\">Poudre<\/td>\n<td class=\"et2\">Poids net (kg)<\/td>\n<td class=\"et3\" style=\"width: 141.60pt;\" width=\"141\">0,6 kg<br \/>1,1 kg<br \/>1,7 kg<\/td>\n<\/tr>\n<tr style=\"height: 15.20pt;\">\n<td class=\"et2\" style=\"height: 15.20pt;\" height=\"15\">Couleur<\/td>\n<td class=\"et2\">blanc cass\u00e9<\/td>\n<td class=\"et2\">Personnalisation<\/td>\n<td class=\"et2\">Graphique, Logo, Paquet<\/td>\n<\/tr>\n<tr style=\"height: 46.00pt;\">\n<td class=\"et2\" style=\"height: 46.00pt;\" height=\"46\">Sp\u00e9cification du produit<\/td>\n<td class=\"et3\" style=\"width: 206.65pt;\" width=\"206\">1 lb \/bouteille<br \/>2 lb \/bouteille<br \/>2.5 lb\/bouteille<\/td>\n<td class=\"et2\">Inventaire<\/td>\n<td class=\"et2\">Fabriqu\u00e9 sur mesure, En rupture de stock<\/td>\n<\/tr>\n<\/tbody>\n<\/table>","protected":false},"featured_media":1114,"comment_status":"closed","ping_status":"closed","template":"","meta":{"_acf_changed":false},"product_brand":[],"product_cat":[29,45,49],"product_tag":[],"class_list":{"0":"post-1112","1":"product","2":"type-product","3":"status-publish","4":"has-post-thumbnail","6":"product_cat-sports-supplements-wholesale","7":"product_cat-bulk-powder-supplements","8":"product_cat-nutritional-supplement-wholesale","10":"first","11":"instock","12":"shipping-taxable","13":"product-type-simple"},"acf":[],"_links":{"self":[{"href":"https:\/\/www.comehealthgroup.com\/fr\/wp-json\/wp\/v2\/product\/1112","targetHints":{"allow":["GET"]}}],"collection":[{"href":"https:\/\/www.comehealthgroup.com\/fr\/wp-json\/wp\/v2\/product"}],"about":[{"href":"https:\/\/www.comehealthgroup.com\/fr\/wp-json\/wp\/v2\/types\/product"}],"replies":[{"embeddable":true,"href":"https:\/\/www.comehealthgroup.com\/fr\/wp-json\/wp\/v2\/comments?post=1112"}],"wp:featuredmedia":[{"embeddable":true,"href":"https:\/\/www.comehealthgroup.com\/fr\/wp-json\/wp\/v2\/media\/1114"}],"wp:attachment":[{"href":"https:\/\/www.comehealthgroup.com\/fr\/wp-json\/wp\/v2\/media?parent=1112"}],"wp:term":[{"taxonomy":"product_brand","embeddable":true,"href":"https:\/\/www.comehealthgroup.com\/fr\/wp-json\/wp\/v2\/product_brand?post=1112"},{"taxonomy":"product_cat","embeddable":true,"href":"https:\/\/www.comehealthgroup.com\/fr\/wp-json\/wp\/v2\/product_cat?post=1112"},{"taxonomy":"product_tag","embeddable":true,"href":"https:\/\/www.comehealthgroup.com\/fr\/wp-json\/wp\/v2\/product_tag?post=1112"}],"curies":[{"name":"wp","href":"https:\/\/api.w.org\/{rel}","templated":true}]}}