{"id":1151,"date":"2024-12-18T07:19:59","date_gmt":"2024-12-18T07:19:59","guid":{"rendered":"https:\/\/www.comehealthgroup.com\/?post_type=product&#038;p=1151"},"modified":"2024-12-18T07:39:13","modified_gmt":"2024-12-18T07:39:13","slug":"private-label-diet-drops","status":"publish","type":"product","link":"https:\/\/www.comehealthgroup.com\/fr\/product\/private-label-diet-drops\/","title":{"rendered":"Private Label Diet Drops, Bulk Supplements Ashwagandha"},"content":{"rendered":"<div class=\"wp-block-columns is-layout-flex wp-container-core-columns-is-layout-9d6595d7 wp-block-columns-is-layout-flex\">\n<div class=\"wp-block-column is-layout-flow wp-block-column-is-layout-flow\">\n<h2 class=\"wp-block-heading\">Features of Private Label Diet Drops<\/h2>\n\n\n\n<ul class=\"wp-block-list\">\n<li><strong>Am\u00e9liorer l'humeur : <\/strong>The inclusion of Ashwagandha in our private label diet drops works effectively to improve one&#8217;s mood, reduce anxiety, and maintain a positive outlook on life for the purpose of dealing with stress and other challenges.<\/li>\n\n\n\n<li><strong>Enhance Endurance: <\/strong>The natural ingredients supported Ashwagandha increase physical endurance and energy. This Ashwagandha liquid supplement wholesale enables you to maintain more efficient performance in sports and daily activities, increase physical strength and endurance.<\/li>\n\n\n\n<li><strong>Promote Relaxation and Peace: <\/strong>Our private label diet drops have the ability to relieve anxiety and tension, promote the relaxation of body and mind, and bring a calmer state of mind to allow you to stay calm in your busy life.<\/li>\n\n\n\n<li><strong>Support Healthy Sleep: <\/strong>Ashwagandha herb is recognized as a natural sleep solution. Our Ashwagandha liquid supplement wholesale helps improve sleep quality, making it easier for you to fall asleep and stay in deep sleep, restoring your body and mind.<\/li>\n<\/ul>\n<\/div>\n\n\n\n<div class=\"wp-block-column is-layout-flow wp-block-column-is-layout-flow\">\n<figure class=\"wp-block-image size-full\"><img decoding=\"async\" width=\"2000\" height=\"2000\" src=\"https:\/\/www.comehealthgroup.com\/wp-content\/uploads\/2024\/12\/Private-Label-Diet-Drops-Bulk-Supplements-Ashwagandha-6.webp\" alt=\"Private Label Diet Drops, Bulk Supplements Ashwagandha-6\" class=\"wp-image-1157\" srcset=\"https:\/\/www.comehealthgroup.com\/wp-content\/uploads\/2024\/12\/Private-Label-Diet-Drops-Bulk-Supplements-Ashwagandha-6.webp 2000w, https:\/\/www.comehealthgroup.com\/wp-content\/uploads\/2024\/12\/Private-Label-Diet-Drops-Bulk-Supplements-Ashwagandha-6-300x300.webp 300w, https:\/\/www.comehealthgroup.com\/wp-content\/uploads\/2024\/12\/Private-Label-Diet-Drops-Bulk-Supplements-Ashwagandha-6-150x150.webp 150w, https:\/\/www.comehealthgroup.com\/wp-content\/uploads\/2024\/12\/Private-Label-Diet-Drops-Bulk-Supplements-Ashwagandha-6-768x768.webp 768w, https:\/\/www.comehealthgroup.com\/wp-content\/uploads\/2024\/12\/Private-Label-Diet-Drops-Bulk-Supplements-Ashwagandha-6-1200x1200.webp 1200w, https:\/\/www.comehealthgroup.com\/wp-content\/uploads\/2024\/12\/Private-Label-Diet-Drops-Bulk-Supplements-Ashwagandha-6-600x600.webp 600w, https:\/\/www.comehealthgroup.com\/wp-content\/uploads\/2024\/12\/Private-Label-Diet-Drops-Bulk-Supplements-Ashwagandha-6-100x100.webp 100w\" sizes=\"(max-width: 2000px) 100vw, 2000px\" \/><\/figure>\n<\/div>\n<\/div>\n\n\n\n<p><\/p>","protected":false},"excerpt":{"rendered":"<p>Nos gouttes di\u00e9t\u00e9tiques de marque d\u00e9pos\u00e9e \u00e0 base d'ashwagandha contiennent un m\u00e9lange d'ingr\u00e9dients naturels \u00e0 base de plantes qui aident \u00e0 am\u00e9liorer efficacement l'humeur, \u00e0 renforcer l'endurance et \u00e0 promouvoir la relaxation physique. Dot\u00e9es d'une forte fonction anti-stress, elles r\u00e9duisent la tension et l'anxi\u00e9t\u00e9, favorisant ainsi un sommeil plus sain et am\u00e9liorant la qualit\u00e9 de vie. Pour les consommateurs finaux qui souhaitent am\u00e9liorer leur force physique et r\u00e9duire le stress pour maintenir une bonne sant\u00e9 mentale.<\/p>\n<table style=\"border-collapse: collapse; width: 534.02pt;\" border=\"0\" width=\"534\" cellspacing=\"0\" cellpadding=\"0\">\n<tbody>\n<tr style=\"height: 15.20pt;\">\n<td class=\"et2\" style=\"height: 15.20pt; width: 101.70pt;\" width=\"101\" height=\"15\">Nom de la marque<\/td>\n<td class=\"et2\" style=\"width: 206.65pt;\" width=\"206\">Come Health\/ White Label<\/td>\n<td class=\"et2\" style=\"width: 84.80pt;\" width=\"84\">Dur\u00e9e de vie en rayon<\/td>\n<td class=\"et2\" style=\"width: 141.60pt;\" width=\"141\">24 mois<\/td>\n<\/tr>\n<tr style=\"height: 92.00pt;\">\n<td class=\"et2\" style=\"height: 92.00pt;\" height=\"92\">Avantages du produit<\/td>\n<td class=\"et3\" style=\"width: 206.65pt;\" width=\"206\">*Am\u00e9liore l'humeur<br \/>*Aide \u00e0 l'endurance<br \/>*Favorise le calme<br \/>*Favorise un sommeil sain<br \/>*R\u00e9duit le stress et la tension<br \/>*Soutien de la force musculaire<\/td>\n<td class=\"et2\">Dimensions (cm)<\/td>\n<td class=\"et3\" style=\"width: 141.60pt;\" width=\"141\">8*8*13cm<\/td>\n<\/tr>\n<tr style=\"height: 16.00pt;\">\n<td class=\"et2\" style=\"height: 16.00pt;\" height=\"16\">Forme posologique<\/td>\n<td class=\"et4\">Goutte liquide<\/td>\n<td class=\"et2\">Poids net (kg)<\/td>\n<td class=\"et3\" style=\"width: 141.60pt;\" width=\"141\">0,18 kg<\/td>\n<\/tr>\n<tr style=\"height: 15.20pt;\">\n<td class=\"et2\" style=\"height: 15.20pt;\" height=\"15\">Couleur<\/td>\n<td class=\"et2\">Transparent<\/td>\n<td class=\"et2\">Personnalisation<\/td>\n<td class=\"et2\">Graphique, Logo, Paquet<\/td>\n<\/tr>\n<tr style=\"height: 16.00pt;\">\n<td class=\"et2\" style=\"height: 16.00pt;\" height=\"16\">Sp\u00e9cification du produit<\/td>\n<td class=\"et3\" style=\"width: 206.65pt;\" width=\"206\">60ml \/bouteille<\/td>\n<td class=\"et2\">Inventaire<\/td>\n<td class=\"et2\">Fabriqu\u00e9 sur mesure, En rupture de stock<\/td>\n<\/tr>\n<\/tbody>\n<\/table>","protected":false},"featured_media":1152,"comment_status":"closed","ping_status":"closed","template":"","meta":{"_acf_changed":false},"product_brand":[],"product_cat":[29,47,35,34,49],"product_tag":[],"class_list":{"0":"post-1151","1":"product","2":"type-product","3":"status-publish","4":"has-post-thumbnail","6":"product_cat-sports-supplements-wholesale","7":"product_cat-liquid-supplements-wholesale","8":"product_cat-sleep-supplements-wholesale","9":"product_cat-private-label-health-supplements","10":"product_cat-nutritional-supplement-wholesale","12":"first","13":"instock","14":"shipping-taxable","15":"product-type-simple"},"acf":[],"_links":{"self":[{"href":"https:\/\/www.comehealthgroup.com\/fr\/wp-json\/wp\/v2\/product\/1151","targetHints":{"allow":["GET"]}}],"collection":[{"href":"https:\/\/www.comehealthgroup.com\/fr\/wp-json\/wp\/v2\/product"}],"about":[{"href":"https:\/\/www.comehealthgroup.com\/fr\/wp-json\/wp\/v2\/types\/product"}],"replies":[{"embeddable":true,"href":"https:\/\/www.comehealthgroup.com\/fr\/wp-json\/wp\/v2\/comments?post=1151"}],"wp:featuredmedia":[{"embeddable":true,"href":"https:\/\/www.comehealthgroup.com\/fr\/wp-json\/wp\/v2\/media\/1152"}],"wp:attachment":[{"href":"https:\/\/www.comehealthgroup.com\/fr\/wp-json\/wp\/v2\/media?parent=1151"}],"wp:term":[{"taxonomy":"product_brand","embeddable":true,"href":"https:\/\/www.comehealthgroup.com\/fr\/wp-json\/wp\/v2\/product_brand?post=1151"},{"taxonomy":"product_cat","embeddable":true,"href":"https:\/\/www.comehealthgroup.com\/fr\/wp-json\/wp\/v2\/product_cat?post=1151"},{"taxonomy":"product_tag","embeddable":true,"href":"https:\/\/www.comehealthgroup.com\/fr\/wp-json\/wp\/v2\/product_tag?post=1151"}],"curies":[{"name":"wp","href":"https:\/\/api.w.org\/{rel}","templated":true}]}}