{"id":1159,"date":"2024-12-18T07:45:01","date_gmt":"2024-12-18T07:45:01","guid":{"rendered":"https:\/\/www.comehealthgroup.com\/?post_type=product&#038;p=1159"},"modified":"2024-12-18T08:00:11","modified_gmt":"2024-12-18T08:00:11","slug":"private-label-liquid-supplements","status":"publish","type":"product","link":"https:\/\/www.comehealthgroup.com\/fr\/product\/private-label-liquid-supplements\/","title":{"rendered":"Private Label Liquid Supplements, Brazilian Green Propolis Drops Bulk"},"content":{"rendered":"<div class=\"wp-block-columns is-layout-flex wp-container-core-columns-is-layout-9d6595d7 wp-block-columns-is-layout-flex\">\n<div class=\"wp-block-column is-layout-flow wp-block-column-is-layout-flow\">\n<h2 class=\"wp-block-heading\">Caract\u00e9ristiques des suppl\u00e9ments liquides sous marque de distributeur<\/h2>\n\n\n\n<ul class=\"wp-block-list\">\n<li><strong>Effets anti-\u00e2ge et antioxydants : <\/strong>Nos suppl\u00e9ments liquides de propolis verte br\u00e9silienne sont riches en antioxydants naturels, qui aident \u00e0 neutraliser les radicaux libres, retardent le processus de vieillissement et prot\u00e8gent la peau ou les cellules contre la pollution environnementale ou le vieillissement.<\/li>\n\n\n\n<li><strong>Protection du foie : <\/strong>Ce suppl\u00e9ment liquide en gros est destin\u00e9 au bon fonctionnement du foie, \u00e0 l'am\u00e9lioration de la d\u00e9sintoxication par le foie, aidant ainsi le corps \u00e0 se d\u00e9barrasser des composants nocifs et \u00e0 r\u00e9tablir le fonctionnement normal du m\u00e9tabolisme.<\/li>\n\n\n\n<li><strong>Am\u00e9liorer l'immunit\u00e9 : <\/strong>La propolis verte br\u00e9silienne est connue comme un extrait naturel pour renforcer l'immunit\u00e9. Les suppl\u00e9ments liquides de marque priv\u00e9e que nous fournissons peuvent renforcer efficacement le syst\u00e8me immunitaire du corps, am\u00e9liorer la r\u00e9sistance contre les germes externes et les attaques de virus, et le maintenir dans un \u00e9tat sain.<\/li>\n\n\n\n<li><strong>Absorption rapide, suppl\u00e9mentation efficace : <\/strong>Notre formule liquide est facilement et rapidement absorb\u00e9e par l'organisme et plus biodisponible que les suppl\u00e9ments solides, vous apportant le soutien nutritionnel dont vous avez besoin rapidement et vous aidant \u00e0 profiter plus vite des bienfaits de la sant\u00e9.<\/li>\n<\/ul>\n<\/div>\n\n\n\n<div class=\"wp-block-column is-layout-flow wp-block-column-is-layout-flow\">\n<figure class=\"wp-block-image size-full\"><img decoding=\"async\" width=\"1706\" height=\"1706\" src=\"https:\/\/www.comehealthgroup.com\/wp-content\/uploads\/2024\/12\/Private-Label-Liquid-Supplements-Brazilian-Green-Propolis-Drops-Bulk-2.webp\" alt=\"Suppl\u00e9ments liquides de marque priv\u00e9e, Propolis verte br\u00e9silienne en gouttes Bulk-2\" class=\"wp-image-1161\" srcset=\"https:\/\/www.comehealthgroup.com\/wp-content\/uploads\/2024\/12\/Private-Label-Liquid-Supplements-Brazilian-Green-Propolis-Drops-Bulk-2.webp 1706w, https:\/\/www.comehealthgroup.com\/wp-content\/uploads\/2024\/12\/Private-Label-Liquid-Supplements-Brazilian-Green-Propolis-Drops-Bulk-2-300x300.webp 300w, https:\/\/www.comehealthgroup.com\/wp-content\/uploads\/2024\/12\/Private-Label-Liquid-Supplements-Brazilian-Green-Propolis-Drops-Bulk-2-150x150.webp 150w, https:\/\/www.comehealthgroup.com\/wp-content\/uploads\/2024\/12\/Private-Label-Liquid-Supplements-Brazilian-Green-Propolis-Drops-Bulk-2-768x768.webp 768w, https:\/\/www.comehealthgroup.com\/wp-content\/uploads\/2024\/12\/Private-Label-Liquid-Supplements-Brazilian-Green-Propolis-Drops-Bulk-2-1200x1200.webp 1200w, https:\/\/www.comehealthgroup.com\/wp-content\/uploads\/2024\/12\/Private-Label-Liquid-Supplements-Brazilian-Green-Propolis-Drops-Bulk-2-600x600.webp 600w, https:\/\/www.comehealthgroup.com\/wp-content\/uploads\/2024\/12\/Private-Label-Liquid-Supplements-Brazilian-Green-Propolis-Drops-Bulk-2-100x100.webp 100w\" sizes=\"(max-width: 1706px) 100vw, 1706px\" \/><\/figure>\n<\/div>\n<\/div>\n\n\n\n<p><\/p>","protected":false},"excerpt":{"rendered":"<p>Nos suppl\u00e9ments liquides \u00e0 base de propolis verte br\u00e9silienne sont parfaits pour les soins de sant\u00e9 quotidiens et poss\u00e8dent de puissantes fonctions anti-\u00e2ge, antioxydantes, de protection du foie et de renforcement de l'immunit\u00e9. La forme liquide est facile \u00e0 absorber et peut fournir rapidement des suppl\u00e9ments nutritionnels \u00e0 l'organisme afin de maintenir la vitalit\u00e9 de la jeunesse, de renforcer l'immunit\u00e9 et d'am\u00e9liorer l'\u00e9tat de sant\u00e9 g\u00e9n\u00e9ral.<\/p>\n<table style=\"border-collapse: collapse; width: 534.02pt;\" border=\"0\" width=\"534\" cellspacing=\"0\" cellpadding=\"0\">\n<tbody>\n<tr style=\"height: 15.20pt;\">\n<td class=\"et2\" style=\"height: 15.20pt; width: 101.70pt;\" width=\"101\" height=\"15\">Nom de la marque<\/td>\n<td class=\"et2\" style=\"width: 206.65pt;\" width=\"206\">Come Health\/ White Label<\/td>\n<td class=\"et2\" style=\"width: 84.80pt;\" width=\"84\">Dur\u00e9e de vie en rayon<\/td>\n<td class=\"et2\" style=\"width: 141.60pt;\" width=\"141\">24 mois<\/td>\n<\/tr>\n<tr style=\"height: 46.00pt;\">\n<td class=\"et2\" style=\"height: 46.00pt;\" height=\"46\">Avantages du produit<\/td>\n<td class=\"et3\" style=\"width: 206.65pt;\" width=\"206\">*Effets antivieillissement et antioxydants<br \/>*Protection du foie<br \/>*Renforcement de l'immunit\u00e9<\/td>\n<td class=\"et2\">Dimensions (cm)<\/td>\n<td class=\"et3\" style=\"width: 141.60pt;\" width=\"141\">5*5*13cm<\/td>\n<\/tr>\n<tr style=\"height: 16.00pt;\">\n<td class=\"et2\" style=\"height: 16.00pt;\" height=\"16\">Forme posologique<\/td>\n<td class=\"et4\">Goutte liquide<\/td>\n<td class=\"et2\">Poids net (kg)<\/td>\n<td class=\"et3\" style=\"width: 141.60pt;\" width=\"141\">0,1 kg<\/td>\n<\/tr>\n<tr style=\"height: 15.20pt;\">\n<td class=\"et2\" style=\"height: 15.20pt;\" height=\"15\">Couleur<\/td>\n<td class=\"et2\">Transparent<\/td>\n<td class=\"et2\">Personnalisation<\/td>\n<td class=\"et2\">Graphique, Logo, Paquet<\/td>\n<\/tr>\n<tr style=\"height: 16.00pt;\">\n<td class=\"et2\" style=\"height: 16.00pt;\" height=\"16\">Sp\u00e9cification du produit<\/td>\n<td class=\"et3\" style=\"width: 206.65pt;\" width=\"206\">30ml \/bouteille<\/td>\n<td class=\"et2\">Inventaire<\/td>\n<td class=\"et2\">Fabriqu\u00e9 sur mesure, En rupture de stock<\/td>\n<\/tr>\n<\/tbody>\n<\/table>","protected":false},"featured_media":1163,"comment_status":"closed","ping_status":"closed","template":"","meta":{"_acf_changed":false},"product_brand":[],"product_cat":[34,47,36,32,49],"product_tag":[],"class_list":{"0":"post-1159","1":"product","2":"type-product","3":"status-publish","4":"has-post-thumbnail","6":"product_cat-private-label-health-supplements","7":"product_cat-liquid-supplements-wholesale","8":"product_cat-private-label-beauty-supplements","9":"product_cat-private-label-immune-supplements","10":"product_cat-nutritional-supplement-wholesale","12":"first","13":"instock","14":"shipping-taxable","15":"product-type-simple"},"acf":[],"_links":{"self":[{"href":"https:\/\/www.comehealthgroup.com\/fr\/wp-json\/wp\/v2\/product\/1159","targetHints":{"allow":["GET"]}}],"collection":[{"href":"https:\/\/www.comehealthgroup.com\/fr\/wp-json\/wp\/v2\/product"}],"about":[{"href":"https:\/\/www.comehealthgroup.com\/fr\/wp-json\/wp\/v2\/types\/product"}],"replies":[{"embeddable":true,"href":"https:\/\/www.comehealthgroup.com\/fr\/wp-json\/wp\/v2\/comments?post=1159"}],"wp:featuredmedia":[{"embeddable":true,"href":"https:\/\/www.comehealthgroup.com\/fr\/wp-json\/wp\/v2\/media\/1163"}],"wp:attachment":[{"href":"https:\/\/www.comehealthgroup.com\/fr\/wp-json\/wp\/v2\/media?parent=1159"}],"wp:term":[{"taxonomy":"product_brand","embeddable":true,"href":"https:\/\/www.comehealthgroup.com\/fr\/wp-json\/wp\/v2\/product_brand?post=1159"},{"taxonomy":"product_cat","embeddable":true,"href":"https:\/\/www.comehealthgroup.com\/fr\/wp-json\/wp\/v2\/product_cat?post=1159"},{"taxonomy":"product_tag","embeddable":true,"href":"https:\/\/www.comehealthgroup.com\/fr\/wp-json\/wp\/v2\/product_tag?post=1159"}],"curies":[{"name":"wp","href":"https:\/\/api.w.org\/{rel}","templated":true}]}}