{"id":1204,"date":"2024-12-23T09:29:02","date_gmt":"2024-12-23T09:29:02","guid":{"rendered":"https:\/\/www.comehealthgroup.com\/?post_type=product&#038;p=1204"},"modified":"2024-12-23T10:04:07","modified_gmt":"2024-12-23T10:04:07","slug":"liquid-chlorophyll-bulk","status":"publish","type":"product","link":"https:\/\/www.comehealthgroup.com\/fr\/product\/liquid-chlorophyll-bulk\/","title":{"rendered":"Chlorophylle liquide en vrac, Suppl\u00e9ments liquides sous marque de distributeur"},"content":{"rendered":"<div class=\"wp-block-columns is-layout-flex wp-container-core-columns-is-layout-9d6595d7 wp-block-columns-is-layout-flex\">\n<div class=\"wp-block-column is-layout-flow wp-block-column-is-layout-flow\">\n<h2 class=\"wp-block-heading\">Caract\u00e9ristiques de la chlorophylle liquide en vrac<\/h2>\n\n\n\n<ul class=\"wp-block-list\">\n<li><strong>Chlorophylle liquide en vrac pour une \u00e9nergie naturelle :<\/strong> Rempli de phyto-nutriments provenant de plantes naturelles, notre chlorophylle liquide en vrac augmentera naturellement votre niveau d'\u00e9nergie et am\u00e9liorera votre concentration mentale en enrichissant l'apport d'oxyg\u00e8ne dans les cellules et en vous gardant frais tout au long de la journ\u00e9e.<\/li>\n\n\n\n<li><strong>Favorise le nettoyage et la d\u00e9sintoxication :<\/strong> Ce suppl\u00e9ment de chlorophylle liquide de marque priv\u00e9e contribue aux processus naturels de d\u00e9sintoxication du corps, en aidant \u00e0 \u00e9liminer les substances nocives et les toxines par le biais des syst\u00e8mes excr\u00e9teurs afin de maintenir une fonction saine du foie et des intestins. Le produit maintient l'\u00e9quilibre int\u00e9rieur en favorisant la d\u00e9sintoxication naturelle du corps.<\/li>\n\n\n\n<li><strong>Am\u00e9liore la sant\u00e9 du sang : <\/strong>Cette chlorophylle liquide en vrac contient des nutriments v\u00e9g\u00e9taux, en particulier du chlorure, qui am\u00e9liore la circulation sanguine et donc la production de globules rouges. Il am\u00e9liore la capacit\u00e9 du sang \u00e0 transporter l'oxyg\u00e8ne et favorise une circulation sanguine saine dans l'organisme.<\/li>\n\n\n\n<li><strong>Renforcement du syst\u00e8me immunitaire : <\/strong>La chlorophylle liquide elle-m\u00eame renforce le pouvoir protecteur du syst\u00e8me immunitaire en \u00e9liminant les radicaux libres de l'organisme, en r\u00e9duisant le stress oxydatif et en aidant le corps \u00e0 r\u00e9sister aux d\u00e9fis ext\u00e9rieurs en mati\u00e8re de sant\u00e9.<\/li>\n<\/ul>\n<\/div>\n\n\n\n<div class=\"wp-block-column is-layout-flow wp-block-column-is-layout-flow\">\n<figure class=\"wp-block-image size-full\"><img decoding=\"async\" width=\"1500\" height=\"1500\" src=\"https:\/\/www.comehealthgroup.com\/wp-content\/uploads\/2024\/12\/Liquid-Chlorophyll-Bulk-Private-Label-Liquid-Supplements-5.webp\" alt=\"Chlorophylle liquide en vrac, Suppl\u00e9ments liquides de marque priv\u00e9e-5\" class=\"wp-image-1209\" srcset=\"https:\/\/www.comehealthgroup.com\/wp-content\/uploads\/2024\/12\/Liquid-Chlorophyll-Bulk-Private-Label-Liquid-Supplements-5.webp 1500w, https:\/\/www.comehealthgroup.com\/wp-content\/uploads\/2024\/12\/Liquid-Chlorophyll-Bulk-Private-Label-Liquid-Supplements-5-300x300.webp 300w, https:\/\/www.comehealthgroup.com\/wp-content\/uploads\/2024\/12\/Liquid-Chlorophyll-Bulk-Private-Label-Liquid-Supplements-5-150x150.webp 150w, https:\/\/www.comehealthgroup.com\/wp-content\/uploads\/2024\/12\/Liquid-Chlorophyll-Bulk-Private-Label-Liquid-Supplements-5-768x768.webp 768w, https:\/\/www.comehealthgroup.com\/wp-content\/uploads\/2024\/12\/Liquid-Chlorophyll-Bulk-Private-Label-Liquid-Supplements-5-12x12.webp 12w, https:\/\/www.comehealthgroup.com\/wp-content\/uploads\/2024\/12\/Liquid-Chlorophyll-Bulk-Private-Label-Liquid-Supplements-5-1200x1200.webp 1200w, https:\/\/www.comehealthgroup.com\/wp-content\/uploads\/2024\/12\/Liquid-Chlorophyll-Bulk-Private-Label-Liquid-Supplements-5-600x600.webp 600w, https:\/\/www.comehealthgroup.com\/wp-content\/uploads\/2024\/12\/Liquid-Chlorophyll-Bulk-Private-Label-Liquid-Supplements-5-100x100.webp 100w\" sizes=\"(max-width: 1500px) 100vw, 1500px\" \/><\/figure>\n<\/div>\n<\/div>","protected":false},"excerpt":{"rendered":"<p>Notre chlorophylle liquide en vrac sous marque de distributeur est tr\u00e8s b\u00e9n\u00e9fique pour les pouss\u00e9es d'\u00e9nergie et le soutien au nettoyage et \u00e0 la d\u00e9sintoxication. En am\u00e9liorant la sant\u00e9 du sang et en renfor\u00e7ant l'immunit\u00e9, elle prend soin de votre corps de mani\u00e8re globale pour vous permettre de rester \u00e9nergique et en bonne sant\u00e9 \u00e0 tout moment. Les ingr\u00e9dients v\u00e9g\u00e9taux d'origine naturelle vous aideront \u00e0 \u00e9liminer les toxines de l'organisme et \u00e0 retrouver vitalit\u00e9 et \u00e9nergie.<\/p>\n<table style=\"border-collapse: collapse; width: 534.02pt;\" border=\"0\" width=\"534\" cellspacing=\"0\" cellpadding=\"0\">\n<tbody>\n<tr style=\"height: 15.20pt;\">\n<td class=\"et2\" style=\"height: 15.20pt; width: 101.70pt;\" width=\"101\" height=\"15\">Nom de la marque<\/td>\n<td class=\"et2\" style=\"width: 206.65pt;\" width=\"206\">Come Health\/ White Label<\/td>\n<td class=\"et2\" style=\"width: 84.80pt;\" width=\"84\">Dur\u00e9e de vie en rayon<\/td>\n<td class=\"et2\" style=\"width: 141.60pt;\" width=\"141\">24 mois<\/td>\n<\/tr>\n<tr style=\"height: 31.00pt;\">\n<td class=\"et2\" style=\"height: 31.00pt;\" height=\"31\">Avantages du produit<\/td>\n<td class=\"et3\" style=\"width: 206.65pt;\" width=\"206\">*Stimule l'\u00e9nergie<br \/>*Favorise la purification et la d\u00e9sintoxication<\/td>\n<td class=\"et2\">Dimensions (cm)<\/td>\n<td class=\"et3\" style=\"width: 141.60pt;\" width=\"141\">8*8*13cm<\/td>\n<\/tr>\n<tr style=\"height: 16.00pt;\">\n<td class=\"et2\" style=\"height: 16.00pt;\" height=\"16\">Forme posologique<\/td>\n<td class=\"et4\">Goutte liquide<\/td>\n<td class=\"et2\">Poids net (kg)<\/td>\n<td class=\"et3\" style=\"width: 141.60pt;\" width=\"141\">0,18 kg<\/td>\n<\/tr>\n<tr style=\"height: 15.20pt;\">\n<td class=\"et2\" style=\"height: 15.20pt;\" height=\"15\">Couleur<\/td>\n<td class=\"et2\">Vert<\/td>\n<td class=\"et2\">Personnalisation<\/td>\n<td class=\"et2\">Graphique, Logo, Paquet<\/td>\n<\/tr>\n<tr style=\"height: 16.00pt;\">\n<td class=\"et2\" style=\"height: 16.00pt;\" height=\"16\">Sp\u00e9cification du produit<\/td>\n<td class=\"et3\" style=\"width: 206.65pt;\" width=\"206\">60ml \/bouteille<\/td>\n<td class=\"et2\">Inventaire<\/td>\n<td class=\"et2\">Fabriqu\u00e9 sur mesure, En rupture de stock<\/td>\n<\/tr>\n<\/tbody>\n<\/table>","protected":false},"featured_media":1205,"comment_status":"closed","ping_status":"closed","template":"","meta":{"_acf_changed":false},"product_brand":[],"product_cat":[34,47,49],"product_tag":[],"class_list":{"0":"post-1204","1":"product","2":"type-product","3":"status-publish","4":"has-post-thumbnail","6":"product_cat-private-label-health-supplements","7":"product_cat-liquid-supplements-wholesale","8":"product_cat-nutritional-supplement-wholesale","10":"first","11":"instock","12":"shipping-taxable","13":"product-type-simple"},"acf":[],"_links":{"self":[{"href":"https:\/\/www.comehealthgroup.com\/fr\/wp-json\/wp\/v2\/product\/1204","targetHints":{"allow":["GET"]}}],"collection":[{"href":"https:\/\/www.comehealthgroup.com\/fr\/wp-json\/wp\/v2\/product"}],"about":[{"href":"https:\/\/www.comehealthgroup.com\/fr\/wp-json\/wp\/v2\/types\/product"}],"replies":[{"embeddable":true,"href":"https:\/\/www.comehealthgroup.com\/fr\/wp-json\/wp\/v2\/comments?post=1204"}],"wp:featuredmedia":[{"embeddable":true,"href":"https:\/\/www.comehealthgroup.com\/fr\/wp-json\/wp\/v2\/media\/1205"}],"wp:attachment":[{"href":"https:\/\/www.comehealthgroup.com\/fr\/wp-json\/wp\/v2\/media?parent=1204"}],"wp:term":[{"taxonomy":"product_brand","embeddable":true,"href":"https:\/\/www.comehealthgroup.com\/fr\/wp-json\/wp\/v2\/product_brand?post=1204"},{"taxonomy":"product_cat","embeddable":true,"href":"https:\/\/www.comehealthgroup.com\/fr\/wp-json\/wp\/v2\/product_cat?post=1204"},{"taxonomy":"product_tag","embeddable":true,"href":"https:\/\/www.comehealthgroup.com\/fr\/wp-json\/wp\/v2\/product_tag?post=1204"}],"curies":[{"name":"wp","href":"https:\/\/api.w.org\/{rel}","templated":true}]}}