{"id":1211,"date":"2024-12-23T09:44:17","date_gmt":"2024-12-23T09:44:17","guid":{"rendered":"https:\/\/www.comehealthgroup.com\/?post_type=product&#038;p=1211"},"modified":"2024-12-23T10:03:38","modified_gmt":"2024-12-23T10:03:38","slug":"liquid-chlorophyll-wholesale","status":"publish","type":"product","link":"https:\/\/www.comehealthgroup.com\/fr\/product\/liquid-chlorophyll-wholesale\/","title":{"rendered":"Chlorophylle liquide sous marque de distributeur Wholesale, Chlorophylle en gouttes"},"content":{"rendered":"<div class=\"wp-block-columns is-layout-flex wp-container-core-columns-is-layout-9d6595d7 wp-block-columns-is-layout-flex\">\n<div class=\"wp-block-column is-layout-flow wp-block-column-is-layout-flow\">\n<h2 class=\"wp-block-heading\">Caract\u00e9ristiques de la chlorophylle liquide en gros<\/h2>\n\n\n\n<ul class=\"wp-block-list\">\n<li><strong>Nettoyage et d\u00e9sintoxication puissants :<\/strong> La chlorophylle liquide aide l'organisme \u00e0 \u00e9liminer les toxines, les d\u00e9chets et les accumulations suppl\u00e9mentaires gr\u00e2ce \u00e0 son processus naturel de d\u00e9sintoxication. Notre chlorophylle liquide en gros nettoie le foie et les intestins, ce qui contribue \u00e0 am\u00e9liorer la digestion et \u00e0 maintenir le bien-\u00eatre g\u00e9n\u00e9ral et le confort.<\/li>\n\n\n\n<li><strong>Favorise la circulation sanguine : <\/strong>La chlorophylle, associ\u00e9e \u00e0 d'autres phytonutriments contenus dans notre suppl\u00e9ment de chlorophylle sous marque de distributeur, augmente la capacit\u00e9 de transport de l'oxyg\u00e8ne dans le sang, favorisant ainsi une bonne circulation sanguine. Elle am\u00e9liore le flux sanguin et veille \u00e0 ce que toutes les parties du corps soient suffisamment aliment\u00e9es en oxyg\u00e8ne pour am\u00e9liorer le bien-\u00eatre g\u00e9n\u00e9ral d'une personne.<\/li>\n\n\n\n<li><strong>Stimulation naturelle de l'\u00e9nergie : <\/strong>Il s'agit d'une chlorophylle liquide \u00e0 base de plantes utilis\u00e9e en gros pour augmenter les niveaux d'\u00e9nergie et am\u00e9liorer la concentration mentale et la vitalit\u00e9 g\u00e9n\u00e9rale. Il offre un soutien \u00e9nerg\u00e9tique tout au long de la journ\u00e9e pour vous donner une sensation de vitalit\u00e9, ce qui vous permettra de continuer \u00e0 produire, que ce soit au milieu d'une journ\u00e9e de travail bien remplie ou apr\u00e8s la s\u00e9ance de sport.<\/li>\n\n\n\n<li><strong>Renforcement du syst\u00e8me immunitaire :<\/strong> L'action antioxydante de ce suppl\u00e9ment de chlorophylle de marque priv\u00e9e \u00e9limine les radicaux libres dans l'organisme, r\u00e9duit le stress oxydatif et renforce la fonction immunitaire afin de combattre les agents pathog\u00e8nes exog\u00e8nes pour une sant\u00e9 \u00e0 long terme.<\/li>\n<\/ul>\n<\/div>\n\n\n\n<div class=\"wp-block-column is-layout-flow wp-block-column-is-layout-flow\">\n<figure class=\"wp-block-image size-full\"><img decoding=\"async\" width=\"1920\" height=\"2560\" src=\"https:\/\/www.comehealthgroup.com\/wp-content\/uploads\/2024\/12\/Private-Label-Liquid-Chlorophyll-Wholesale-Chlorophyll-Drop-6.webp\" alt=\"Chlorophylle liquide sous marque de distributeur Wholesale, Chlorophylle Drop-6\" class=\"wp-image-1217\" srcset=\"https:\/\/www.comehealthgroup.com\/wp-content\/uploads\/2024\/12\/Private-Label-Liquid-Chlorophyll-Wholesale-Chlorophyll-Drop-6.webp 1920w, https:\/\/www.comehealthgroup.com\/wp-content\/uploads\/2024\/12\/Private-Label-Liquid-Chlorophyll-Wholesale-Chlorophyll-Drop-6-225x300.webp 225w, https:\/\/www.comehealthgroup.com\/wp-content\/uploads\/2024\/12\/Private-Label-Liquid-Chlorophyll-Wholesale-Chlorophyll-Drop-6-768x1024.webp 768w, https:\/\/www.comehealthgroup.com\/wp-content\/uploads\/2024\/12\/Private-Label-Liquid-Chlorophyll-Wholesale-Chlorophyll-Drop-6-9x12.webp 9w, https:\/\/www.comehealthgroup.com\/wp-content\/uploads\/2024\/12\/Private-Label-Liquid-Chlorophyll-Wholesale-Chlorophyll-Drop-6-1200x1600.webp 1200w, https:\/\/www.comehealthgroup.com\/wp-content\/uploads\/2024\/12\/Private-Label-Liquid-Chlorophyll-Wholesale-Chlorophyll-Drop-6-600x800.webp 600w\" sizes=\"(max-width: 1920px) 100vw, 1920px\" \/><\/figure>\n<\/div>\n<\/div>","protected":false},"excerpt":{"rendered":"<p>Cette marque priv\u00e9e de chlorophylle liquide en gros \u00e9limine efficacement les toxines du corps, favorise une circulation sanguine saine et renforce le syst\u00e8me immunitaire. Utilisable 24 heures sur 24 et 7 jours sur 7, elle vous permet de rester actif et concentr\u00e9 tout en favorisant le processus naturel de d\u00e9sintoxication de l'organisme pour une meilleure sant\u00e9 et une plus grande vitalit\u00e9.<\/p>\n<table style=\"border-collapse: collapse; width: 534.02pt;\" border=\"0\" width=\"534\" cellspacing=\"0\" cellpadding=\"0\">\n<tbody>\n<tr style=\"height: 15.20pt;\">\n<td class=\"et2\" style=\"height: 15.20pt; width: 101.70pt;\" width=\"101\" height=\"15\">Nom de la marque<\/td>\n<td class=\"et2\" style=\"width: 206.65pt;\" width=\"206\">Come Health\/ White Label<\/td>\n<td class=\"et2\" style=\"width: 84.80pt;\" width=\"84\">Dur\u00e9e de vie en rayon<\/td>\n<td class=\"et2\" style=\"width: 141.60pt;\" width=\"141\">24 mois<\/td>\n<\/tr>\n<tr style=\"height: 31.00pt;\">\n<td class=\"et2\" style=\"height: 31.00pt;\" height=\"31\">Avantages du produit<\/td>\n<td class=\"et3\" style=\"width: 206.65pt;\" width=\"206\">*Stimule l'\u00e9nergie<br \/>*Favorise la purification et la d\u00e9sintoxication<\/td>\n<td class=\"et2\">Dimensions (cm)<\/td>\n<td class=\"et3\" style=\"width: 141.60pt;\" width=\"141\">8*8*13cm<\/td>\n<\/tr>\n<tr style=\"height: 16.00pt;\">\n<td class=\"et2\" style=\"height: 16.00pt;\" height=\"16\">Forme posologique<\/td>\n<td class=\"et4\">Goutte liquide<\/td>\n<td class=\"et2\">Poids net (kg)<\/td>\n<td class=\"et3\" style=\"width: 141.60pt;\" width=\"141\">0,18 kg<\/td>\n<\/tr>\n<tr style=\"height: 15.20pt;\">\n<td class=\"et2\" style=\"height: 15.20pt;\" height=\"15\">Couleur<\/td>\n<td class=\"et2\">Vert<\/td>\n<td class=\"et2\">Personnalisation<\/td>\n<td class=\"et2\">Graphique, Logo, Paquet<\/td>\n<\/tr>\n<tr style=\"height: 16.00pt;\">\n<td class=\"et2\" style=\"height: 16.00pt;\" height=\"16\">Sp\u00e9cification du produit<\/td>\n<td class=\"et3\" style=\"width: 206.65pt;\" width=\"206\">60ml \/bouteille<\/td>\n<td class=\"et2\">Inventaire<\/td>\n<td class=\"et2\">Fabriqu\u00e9 sur mesure, En rupture de stock<\/td>\n<\/tr>\n<\/tbody>\n<\/table>","protected":false},"featured_media":1212,"comment_status":"closed","ping_status":"closed","template":"","meta":{"_acf_changed":false},"product_brand":[],"product_cat":[34,47,49],"product_tag":[],"class_list":{"0":"post-1211","1":"product","2":"type-product","3":"status-publish","4":"has-post-thumbnail","6":"product_cat-private-label-health-supplements","7":"product_cat-liquid-supplements-wholesale","8":"product_cat-nutritional-supplement-wholesale","10":"first","11":"instock","12":"shipping-taxable","13":"product-type-simple"},"acf":[],"_links":{"self":[{"href":"https:\/\/www.comehealthgroup.com\/fr\/wp-json\/wp\/v2\/product\/1211","targetHints":{"allow":["GET"]}}],"collection":[{"href":"https:\/\/www.comehealthgroup.com\/fr\/wp-json\/wp\/v2\/product"}],"about":[{"href":"https:\/\/www.comehealthgroup.com\/fr\/wp-json\/wp\/v2\/types\/product"}],"replies":[{"embeddable":true,"href":"https:\/\/www.comehealthgroup.com\/fr\/wp-json\/wp\/v2\/comments?post=1211"}],"wp:featuredmedia":[{"embeddable":true,"href":"https:\/\/www.comehealthgroup.com\/fr\/wp-json\/wp\/v2\/media\/1212"}],"wp:attachment":[{"href":"https:\/\/www.comehealthgroup.com\/fr\/wp-json\/wp\/v2\/media?parent=1211"}],"wp:term":[{"taxonomy":"product_brand","embeddable":true,"href":"https:\/\/www.comehealthgroup.com\/fr\/wp-json\/wp\/v2\/product_brand?post=1211"},{"taxonomy":"product_cat","embeddable":true,"href":"https:\/\/www.comehealthgroup.com\/fr\/wp-json\/wp\/v2\/product_cat?post=1211"},{"taxonomy":"product_tag","embeddable":true,"href":"https:\/\/www.comehealthgroup.com\/fr\/wp-json\/wp\/v2\/product_tag?post=1211"}],"curies":[{"name":"wp","href":"https:\/\/api.w.org\/{rel}","templated":true}]}}