{"id":1259,"date":"2024-12-24T06:18:21","date_gmt":"2024-12-24T06:18:21","guid":{"rendered":"https:\/\/www.comehealthgroup.com\/?post_type=product&#038;p=1259"},"modified":"2024-12-24T06:28:59","modified_gmt":"2024-12-24T06:28:59","slug":"custom-protein-powder","status":"publish","type":"product","link":"https:\/\/www.comehealthgroup.com\/fr\/product\/custom-protein-powder\/","title":{"rendered":"Poudre de prot\u00e9ines sur mesure, poudres de prot\u00e9ines de lactos\u00e9rum de marque priv\u00e9e"},"content":{"rendered":"<div class=\"wp-block-columns is-layout-flex wp-container-core-columns-is-layout-9d6595d7 wp-block-columns-is-layout-flex\">\n<div class=\"wp-block-column is-layout-flow wp-block-column-is-layout-flow\">\n<h2 class=\"wp-block-heading\">Features of Custom Protein Powder<\/h2>\n\n\n\n<ul class=\"wp-block-list\">\n<li><strong>Augmenter la masse musculaire : <\/strong>This custom protein powder is of high quality and hence may stimulate muscle synthesis and repair. Supplementing with adequate protein helps increase the mass of muscles, enhances the strength of the muscles, and perfects the shape of the body to reach your goals in keeping fit.<\/li>\n\n\n\n<li><strong>Acc\u00e9l\u00e9rer la perte de graisse :<\/strong> This private label protein powder is rich in essential amino acids, and after exercise, it will be repaired quickly for the damages of muscles; then, it can reduce the exercise-induced fatigue, support muscle recovery and repair, shorten recovery time, and keep you energetic.<\/li>\n\n\n\n<li><strong>Am\u00e9liorer la r\u00e9cup\u00e9ration et r\u00e9duire la fatigue : <\/strong>This custom protein powder involves a high content of essential amino acids, which can quickly repair muscle damage after exercise and reduce the feeling of fatigue after exercising. Support muscle recovery and repair to help shorten recovery time and keep you energized.<\/li>\n\n\n\n<li><strong>Pr\u00e9venir la d\u00e9gradation des muscles : <\/strong>This private label protein powder prevents the wasting of muscles, which one might experience during exercises or loss of weight. An appropriate whey protein supplementation will hinder any loss in lean muscle and hence have lean muscles maintained or stronger through the process of weight control or fat loss.<\/li>\n<\/ul>\n<\/div>\n\n\n\n<div class=\"wp-block-column is-layout-flow wp-block-column-is-layout-flow\">\n<figure class=\"wp-block-image size-full\"><img decoding=\"async\" width=\"1455\" height=\"1455\" src=\"https:\/\/www.comehealthgroup.com\/wp-content\/uploads\/2024\/12\/Custom-Protein-Powder-Private-Label-Whey-Protein-Powders-2.webp\" alt=\"Custom Protein Powder, Private Label Whey Protein Powders-2\" class=\"wp-image-1261\" srcset=\"https:\/\/www.comehealthgroup.com\/wp-content\/uploads\/2024\/12\/Custom-Protein-Powder-Private-Label-Whey-Protein-Powders-2.webp 1455w, https:\/\/www.comehealthgroup.com\/wp-content\/uploads\/2024\/12\/Custom-Protein-Powder-Private-Label-Whey-Protein-Powders-2-300x300.webp 300w, https:\/\/www.comehealthgroup.com\/wp-content\/uploads\/2024\/12\/Custom-Protein-Powder-Private-Label-Whey-Protein-Powders-2-150x150.webp 150w, https:\/\/www.comehealthgroup.com\/wp-content\/uploads\/2024\/12\/Custom-Protein-Powder-Private-Label-Whey-Protein-Powders-2-768x768.webp 768w, https:\/\/www.comehealthgroup.com\/wp-content\/uploads\/2024\/12\/Custom-Protein-Powder-Private-Label-Whey-Protein-Powders-2-12x12.webp 12w, https:\/\/www.comehealthgroup.com\/wp-content\/uploads\/2024\/12\/Custom-Protein-Powder-Private-Label-Whey-Protein-Powders-2-1200x1200.webp 1200w, https:\/\/www.comehealthgroup.com\/wp-content\/uploads\/2024\/12\/Custom-Protein-Powder-Private-Label-Whey-Protein-Powders-2-600x600.webp 600w, https:\/\/www.comehealthgroup.com\/wp-content\/uploads\/2024\/12\/Custom-Protein-Powder-Private-Label-Whey-Protein-Powders-2-100x100.webp 100w\" sizes=\"(max-width: 1455px) 100vw, 1455px\" \/><\/figure>\n<\/div>\n<\/div>\n\n\n\n<p><\/p>","protected":false},"excerpt":{"rendered":"<p>Welcome to custom protein powder. Our private label protein powder provides efficient muscle growth, fat burning and fast recovery support. It helps increase muscle mass, promotes fat loss, reduces fatigue after exercise, and effectively prevents muscle breakdown. It is your ideal companion for fitness, fat loss and physical recovery.<\/p>\n<table style=\"border-collapse: collapse; width: 534.02pt;\" border=\"0\" width=\"534\" cellspacing=\"0\" cellpadding=\"0\">\n<tbody>\n<tr style=\"height: 15.20pt;\">\n<td class=\"et2\" style=\"height: 15.20pt; width: 101.70pt;\" width=\"101\" height=\"15\">Nom de la marque<\/td>\n<td class=\"et2\" style=\"width: 206.65pt;\" width=\"206\">Come Health\/ White Label<\/td>\n<td class=\"et2\" style=\"width: 84.80pt;\" width=\"84\">Dur\u00e9e de vie en rayon<\/td>\n<td class=\"et2\" style=\"width: 141.60pt;\" width=\"141\">24 mois<\/td>\n<\/tr>\n<tr style=\"height: 61.00pt;\">\n<td class=\"et2\" style=\"height: 61.00pt;\" height=\"61\">Avantages du produit<\/td>\n<td class=\"et3\" style=\"width: 206.65pt;\" width=\"206\">*Augmentation de la masse musculaire<br \/>*Acc\u00e9l\u00e8re la perte de graisse<br \/>*Am\u00e9liore la r\u00e9cup\u00e9ration et r\u00e9duit la fatigue<br \/>*Pr\u00e9vient la d\u00e9gradation des muscles<\/td>\n<td class=\"et2\">Dimensions (cm)<\/td>\n<td class=\"et3\" style=\"width: 141.60pt;\" width=\"141\">15*15*23cm<br \/>20*20*28cm<br \/>25*25*32cm<\/td>\n<\/tr>\n<tr style=\"height: 46.00pt;\">\n<td class=\"et2\" style=\"height: 46.00pt;\" height=\"46\">Forme posologique<\/td>\n<td class=\"et4\">Poudre<\/td>\n<td class=\"et2\">Poids net (kg)<\/td>\n<td class=\"et3\" style=\"width: 141.60pt;\" width=\"141\">0,6 kg<br \/>1,1 kg<br \/>1,7 kg<\/td>\n<\/tr>\n<tr style=\"height: 15.20pt;\">\n<td class=\"et2\" style=\"height: 15.20pt;\" height=\"15\">Couleur<\/td>\n<td class=\"et2\">blanc cass\u00e9<\/td>\n<td class=\"et2\">Personnalisation<\/td>\n<td class=\"et2\">Graphique, Logo, Paquet<\/td>\n<\/tr>\n<tr style=\"height: 46.00pt;\">\n<td class=\"et2\" style=\"height: 46.00pt;\" height=\"46\">Sp\u00e9cification du produit<\/td>\n<td class=\"et3\" style=\"width: 206.65pt;\" width=\"206\">1 lb \/bouteille<br \/>2 lb \/bouteille<br \/>2.5 lb\/bouteille<\/td>\n<td class=\"et2\">Inventaire<\/td>\n<td class=\"et2\">Fabriqu\u00e9 sur mesure, En rupture de stock<\/td>\n<\/tr>\n<\/tbody>\n<\/table>","protected":false},"featured_media":1260,"comment_status":"closed","ping_status":"closed","template":"","meta":{"_acf_changed":false},"product_brand":[],"product_cat":[29,45,49],"product_tag":[],"class_list":{"0":"post-1259","1":"product","2":"type-product","3":"status-publish","4":"has-post-thumbnail","6":"product_cat-sports-supplements-wholesale","7":"product_cat-bulk-powder-supplements","8":"product_cat-nutritional-supplement-wholesale","10":"first","11":"instock","12":"shipping-taxable","13":"product-type-simple"},"acf":[],"_links":{"self":[{"href":"https:\/\/www.comehealthgroup.com\/fr\/wp-json\/wp\/v2\/product\/1259","targetHints":{"allow":["GET"]}}],"collection":[{"href":"https:\/\/www.comehealthgroup.com\/fr\/wp-json\/wp\/v2\/product"}],"about":[{"href":"https:\/\/www.comehealthgroup.com\/fr\/wp-json\/wp\/v2\/types\/product"}],"replies":[{"embeddable":true,"href":"https:\/\/www.comehealthgroup.com\/fr\/wp-json\/wp\/v2\/comments?post=1259"}],"wp:featuredmedia":[{"embeddable":true,"href":"https:\/\/www.comehealthgroup.com\/fr\/wp-json\/wp\/v2\/media\/1260"}],"wp:attachment":[{"href":"https:\/\/www.comehealthgroup.com\/fr\/wp-json\/wp\/v2\/media?parent=1259"}],"wp:term":[{"taxonomy":"product_brand","embeddable":true,"href":"https:\/\/www.comehealthgroup.com\/fr\/wp-json\/wp\/v2\/product_brand?post=1259"},{"taxonomy":"product_cat","embeddable":true,"href":"https:\/\/www.comehealthgroup.com\/fr\/wp-json\/wp\/v2\/product_cat?post=1259"},{"taxonomy":"product_tag","embeddable":true,"href":"https:\/\/www.comehealthgroup.com\/fr\/wp-json\/wp\/v2\/product_tag?post=1259"}],"curies":[{"name":"wp","href":"https:\/\/api.w.org\/{rel}","templated":true}]}}