{"id":1264,"date":"2024-12-24T06:29:20","date_gmt":"2024-12-24T06:29:20","guid":{"rendered":"https:\/\/www.comehealthgroup.com\/?post_type=product&#038;p=1264"},"modified":"2024-12-24T06:41:12","modified_gmt":"2024-12-24T06:41:12","slug":"protein-powder-wholesale","status":"publish","type":"product","link":"https:\/\/www.comehealthgroup.com\/fr\/product\/protein-powder-wholesale\/","title":{"rendered":"Prot\u00e9ines en poudre de marque priv\u00e9e Wholesale, OEM Prot\u00e9ines en poudre"},"content":{"rendered":"<div class=\"wp-block-columns is-layout-flex wp-container-core-columns-is-layout-9d6595d7 wp-block-columns-is-layout-flex\">\n<div class=\"wp-block-column is-layout-flow wp-block-column-is-layout-flow\">\n<h2 class=\"wp-block-heading\">Caract\u00e9ristiques de la poudre de prot\u00e9ines en gros<\/h2>\n\n\n\n<ul class=\"wp-block-list\">\n<li><strong>Augmentation de la masse musculaire :<\/strong> Cette poudre de prot\u00e9ine OEM en gros est charg\u00e9e de prot\u00e9ines de haute qualit\u00e9, qui peuvent favoriser la synth\u00e8se des muscles, contribuant ainsi \u00e0 l'augmentation de la masse musculaire. Elle fournit le soutien nutritionnel dont votre entra\u00eenement a besoin, favorisant ainsi une croissance plus rapide des muscles et une augmentation de la force.<\/li>\n\n\n\n<li><strong>Acc\u00e9l\u00e9rer la perte de graisse : <\/strong>Ce nutriment est tr\u00e8s important pour maintenir et br\u00fbler les graisses. Cette poudre de prot\u00e9ines en vrac augmente le taux m\u00e9tabolique, favorisant la combustion des graisses et donc l'acc\u00e9l\u00e9ration de la perte de graisse en vue de modeler un corps plus ferme.<\/li>\n\n\n\n<li><strong>R\u00e9cup\u00e9ration et am\u00e9lioration de la fatigue : <\/strong>Cette prot\u00e9ine en poudre de marque priv\u00e9e est riche en acides amin\u00e9s essentiels, ce qui permet d'acc\u00e9l\u00e9rer le processus de r\u00e9cup\u00e9ration juste apr\u00e8s une s\u00e9ance d'entra\u00eenement. Cela permet de r\u00e9duire les douleurs musculaires et la fatigue. Elle donne \u00e0 votre corps la nutrition dont il a besoin pour r\u00e9parer les muscles plus rapidement et pr\u00e9parer votre corps pour le prochain d\u00e9fi.<\/li>\n\n\n\n<li><strong>Pr\u00e9venir la d\u00e9gradation des muscles : <\/strong>Lors d'un exercice ou d'une perte de poids, une suppl\u00e9mentation ad\u00e9quate en prot\u00e9ines pr\u00e9vient efficacement la d\u00e9gradation des muscles. Puisque vous \u00eates assur\u00e9 d'obtenir des quantit\u00e9s ad\u00e9quates de prot\u00e9ines, cette poudre de prot\u00e9ines en vrac vous aidera \u00e0 prot\u00e9ger vos muscles et \u00e0 pr\u00e9venir la perte musculaire pendant la perte de graisse ou la remise en forme.<\/li>\n<\/ul>\n<\/div>\n\n\n\n<div class=\"wp-block-column is-layout-flow wp-block-column-is-layout-flow\">\n<figure class=\"wp-block-image size-full\"><img decoding=\"async\" width=\"750\" height=\"750\" src=\"https:\/\/www.comehealthgroup.com\/wp-content\/uploads\/2024\/12\/Private-Label-Protein-Powder-Wholesale-OEM-Protein-Powder-3.webp\" alt=\"Prot\u00e9ines en poudre de marque priv\u00e9e Wholesale, OEM Prot\u00e9ines en poudre-3\" class=\"wp-image-1267\" srcset=\"https:\/\/www.comehealthgroup.com\/wp-content\/uploads\/2024\/12\/Private-Label-Protein-Powder-Wholesale-OEM-Protein-Powder-3.webp 750w, https:\/\/www.comehealthgroup.com\/wp-content\/uploads\/2024\/12\/Private-Label-Protein-Powder-Wholesale-OEM-Protein-Powder-3-300x300.webp 300w, https:\/\/www.comehealthgroup.com\/wp-content\/uploads\/2024\/12\/Private-Label-Protein-Powder-Wholesale-OEM-Protein-Powder-3-150x150.webp 150w, https:\/\/www.comehealthgroup.com\/wp-content\/uploads\/2024\/12\/Private-Label-Protein-Powder-Wholesale-OEM-Protein-Powder-3-12x12.webp 12w, https:\/\/www.comehealthgroup.com\/wp-content\/uploads\/2024\/12\/Private-Label-Protein-Powder-Wholesale-OEM-Protein-Powder-3-600x600.webp 600w, https:\/\/www.comehealthgroup.com\/wp-content\/uploads\/2024\/12\/Private-Label-Protein-Powder-Wholesale-OEM-Protein-Powder-3-100x100.webp 100w\" sizes=\"(max-width: 750px) 100vw, 750px\" \/><\/figure>\n<\/div>\n<\/div>\n\n\n\n<p><\/p>","protected":false},"excerpt":{"rendered":"<p>Cette poudre de prot\u00e9ine OEM en gros aide \u00e0 construire la masse musculaire plus rapidement et \u00e0 acc\u00e9l\u00e9rer les processus de perte de graisse pour finalement assurer une meilleure r\u00e9cup\u00e9ration. En outre, elle favorise la construction des muscles et diminue la fatigue apr\u00e8s l'exercice, mettant ainsi un terme \u00e0 la casse musculaire. Que ce soit pour le fitness et la construction musculaire ou pour la perte de graisse et le modelage du corps, la prot\u00e9ine en poudre est un excellent suppl\u00e9ment nutritionnel.<\/p>\n<table style=\"border-collapse: collapse; width: 534.02pt;\" border=\"0\" width=\"534\" cellspacing=\"0\" cellpadding=\"0\">\n<tbody>\n<tr style=\"height: 15.20pt;\">\n<td class=\"et2\" style=\"height: 15.20pt; width: 101.70pt;\" width=\"101\" height=\"15\">Nom de la marque<\/td>\n<td class=\"et2\" style=\"width: 206.65pt;\" width=\"206\">Come Health\/ White Label<\/td>\n<td class=\"et2\" style=\"width: 84.80pt;\" width=\"84\">Dur\u00e9e de vie en rayon<\/td>\n<td class=\"et2\" style=\"width: 141.60pt;\" width=\"141\">24 mois<\/td>\n<\/tr>\n<tr style=\"height: 61.00pt;\">\n<td class=\"et2\" style=\"height: 61.00pt;\" height=\"61\">Avantages du produit<\/td>\n<td class=\"et3\" style=\"width: 206.65pt;\" width=\"206\">*Augmentation de la masse musculaire<br \/>*Acc\u00e9l\u00e8re la perte de graisse<br \/>*Am\u00e9liore la r\u00e9cup\u00e9ration et r\u00e9duit la fatigue<br \/>*Pr\u00e9vient la d\u00e9gradation des muscles<\/td>\n<td class=\"et2\">Dimensions (cm)<\/td>\n<td class=\"et3\" style=\"width: 141.60pt;\" width=\"141\">15*15*23cm<br \/>20*20*28cm<br \/>25*25*32cm<\/td>\n<\/tr>\n<tr style=\"height: 46.00pt;\">\n<td class=\"et2\" style=\"height: 46.00pt;\" height=\"46\">Forme posologique<\/td>\n<td class=\"et4\">Poudre<\/td>\n<td class=\"et2\">Poids net (kg)<\/td>\n<td class=\"et3\" style=\"width: 141.60pt;\" width=\"141\">0,6 kg<br \/>1,1 kg<br \/>1,7 kg<\/td>\n<\/tr>\n<tr style=\"height: 15.20pt;\">\n<td class=\"et2\" style=\"height: 15.20pt;\" height=\"15\">Couleur<\/td>\n<td class=\"et2\">blanc cass\u00e9<\/td>\n<td class=\"et2\">Personnalisation<\/td>\n<td class=\"et2\">Graphique, Logo, Paquet<\/td>\n<\/tr>\n<tr style=\"height: 46.00pt;\">\n<td class=\"et2\" style=\"height: 46.00pt;\" height=\"46\">Sp\u00e9cification du produit<\/td>\n<td class=\"et3\" style=\"width: 206.65pt;\" width=\"206\">1 lb \/bouteille<br \/>2 lb \/bouteille<br \/>2.5 lb\/bouteille<\/td>\n<td class=\"et2\">Inventaire<\/td>\n<td class=\"et2\">Fabriqu\u00e9 sur mesure, En rupture de stock<\/td>\n<\/tr>\n<\/tbody>\n<\/table>","protected":false},"featured_media":1266,"comment_status":"closed","ping_status":"closed","template":"","meta":{"_acf_changed":false},"product_brand":[],"product_cat":[29,45,49],"product_tag":[],"class_list":{"0":"post-1264","1":"product","2":"type-product","3":"status-publish","4":"has-post-thumbnail","6":"product_cat-sports-supplements-wholesale","7":"product_cat-bulk-powder-supplements","8":"product_cat-nutritional-supplement-wholesale","10":"first","11":"instock","12":"shipping-taxable","13":"product-type-simple"},"acf":[],"_links":{"self":[{"href":"https:\/\/www.comehealthgroup.com\/fr\/wp-json\/wp\/v2\/product\/1264","targetHints":{"allow":["GET"]}}],"collection":[{"href":"https:\/\/www.comehealthgroup.com\/fr\/wp-json\/wp\/v2\/product"}],"about":[{"href":"https:\/\/www.comehealthgroup.com\/fr\/wp-json\/wp\/v2\/types\/product"}],"replies":[{"embeddable":true,"href":"https:\/\/www.comehealthgroup.com\/fr\/wp-json\/wp\/v2\/comments?post=1264"}],"wp:featuredmedia":[{"embeddable":true,"href":"https:\/\/www.comehealthgroup.com\/fr\/wp-json\/wp\/v2\/media\/1266"}],"wp:attachment":[{"href":"https:\/\/www.comehealthgroup.com\/fr\/wp-json\/wp\/v2\/media?parent=1264"}],"wp:term":[{"taxonomy":"product_brand","embeddable":true,"href":"https:\/\/www.comehealthgroup.com\/fr\/wp-json\/wp\/v2\/product_brand?post=1264"},{"taxonomy":"product_cat","embeddable":true,"href":"https:\/\/www.comehealthgroup.com\/fr\/wp-json\/wp\/v2\/product_cat?post=1264"},{"taxonomy":"product_tag","embeddable":true,"href":"https:\/\/www.comehealthgroup.com\/fr\/wp-json\/wp\/v2\/product_tag?post=1264"}],"curies":[{"name":"wp","href":"https:\/\/api.w.org\/{rel}","templated":true}]}}