{"id":1295,"date":"2024-12-28T01:23:30","date_gmt":"2024-12-28T01:23:30","guid":{"rendered":"https:\/\/www.comehealthgroup.com\/?post_type=product&#038;p=1295"},"modified":"2025-03-21T03:16:14","modified_gmt":"2025-03-21T03:16:14","slug":"private-label-gummy-beauty-supplements","status":"publish","type":"product","link":"https:\/\/www.comehealthgroup.com\/fr\/product\/private-label-gummy-beauty-supplements\/","title":{"rendered":"Suppl\u00e9ments de beaut\u00e9 sous forme de chewing-gum \u00e0 marque priv\u00e9e, chewing-gum blanchissant pour la peau"},"content":{"rendered":"<div class=\"wp-block-columns is-layout-flex wp-container-core-columns-is-layout-9d6595d7 wp-block-columns-is-layout-flex\">\n<div class=\"wp-block-column is-layout-flow wp-block-column-is-layout-flow\">\n<h2 class=\"wp-block-heading\">Caract\u00e9ristiques des gommes de beaut\u00e9 sous marque de distributeur<\/h2>\n\n\n\n<ul class=\"wp-block-list\">\n<li><strong>Ingr\u00e9dients naturels pour \u00e9claircir la peau : <\/strong>Nos compl\u00e9ments alimentaires sous forme de chewing-gum utilisent des ingr\u00e9dients hautement actifs tels que le glutathion et la vitamine C qui peuvent p\u00e9n\u00e9trer profond\u00e9ment dans la peau pour inhiber la production de m\u00e9lanine et aider \u00e0 \u00e9claircir et \u00e0 unifier la texture de la peau.<\/li>\n\n\n\n<li><strong>Double effet de la beaut\u00e9 et de la sant\u00e9 : <\/strong>Le collag\u00e8ne et d'autres ingr\u00e9dients de beaut\u00e9 ajout\u00e9s sont m\u00e9lang\u00e9s dans cette gomme blanchissante en vrac pour am\u00e9liorer l'\u00e9lasticit\u00e9 de la peau, r\u00e9duire les ridules et am\u00e9liorer la texture g\u00e9n\u00e9rale de la peau. Elle est riche en nutriments qui peuvent contribuer \u00e0 la sant\u00e9 des ongles et des os.<\/li>\n\n\n\n<li><strong>Pratique \u00e0 manger et de bon go\u00fbt :<\/strong> Nos suppl\u00e9ments de beaut\u00e9 sous forme de gomme peuvent \u00eatre consomm\u00e9s \u00e0 tout moment et en tout lieu sans avoir \u00e0 prendre de l'eau ou \u00e0 avaler des pilules. Gr\u00e2ce \u00e0 leur texture douce et \u00e0 leur go\u00fbt rafra\u00eechissant, ils sont mieux accept\u00e9s par les consommateurs.<\/li>\n\n\n\n<li><strong>Personnalisation exclusive de la marque : <\/strong>Nous proposons des services flexibles de personnalisation de marques priv\u00e9es pour les gommes blanchissantes en vrac, qui permettent d'ajuster la formule, de s\u00e9lectionner les ar\u00f4mes, de concevoir l'emballage et de personnaliser les \u00e9tiquettes fonctionnelles en fonction des besoins du client.<\/li>\n<\/ul>\n<\/div>\n\n\n\n<div class=\"wp-block-column is-layout-flow wp-block-column-is-layout-flow\">\n<figure class=\"wp-block-image size-full\"><img decoding=\"async\" width=\"1000\" height=\"992\" src=\"https:\/\/www.comehealthgroup.com\/wp-content\/uploads\/2024\/12\/Skin-Whitening-Gummy_03.webp\" alt=\"\" class=\"wp-image-2131\" srcset=\"https:\/\/www.comehealthgroup.com\/wp-content\/uploads\/2024\/12\/Skin-Whitening-Gummy_03.webp 1000w, https:\/\/www.comehealthgroup.com\/wp-content\/uploads\/2024\/12\/Skin-Whitening-Gummy_03-300x298.webp 300w, https:\/\/www.comehealthgroup.com\/wp-content\/uploads\/2024\/12\/Skin-Whitening-Gummy_03-150x150.webp 150w, https:\/\/www.comehealthgroup.com\/wp-content\/uploads\/2024\/12\/Skin-Whitening-Gummy_03-768x762.webp 768w, https:\/\/www.comehealthgroup.com\/wp-content\/uploads\/2024\/12\/Skin-Whitening-Gummy_03-12x12.webp 12w, https:\/\/www.comehealthgroup.com\/wp-content\/uploads\/2024\/12\/Skin-Whitening-Gummy_03-600x595.webp 600w, https:\/\/www.comehealthgroup.com\/wp-content\/uploads\/2024\/12\/Skin-Whitening-Gummy_03-100x100.webp 100w\" sizes=\"(max-width: 1000px) 100vw, 1000px\" \/><\/figure>\n<\/div>\n<\/div>\n\n\n\n<p><\/p>","protected":false},"excerpt":{"rendered":"<p>Cette marque priv\u00e9e de suppl\u00e9ments de beaut\u00e9 sous forme de gomme pour le blanchiment de la peau est destin\u00e9e \u00e0 tous ceux qui recherchent la beaut\u00e9 et la sant\u00e9. Le glutathion et le collag\u00e8ne sont r\u00e9unis dans ce m\u00e9lange, favorisant le blanchiment et l'\u00e9claircissement de la peau, am\u00e9liorant l'\u00e9lasticit\u00e9 et la texture. Le format gomme est facile \u00e0 consommer et a un go\u00fbt d\u00e9licieux.<\/p>\n<table style=\"border-collapse: collapse;width: 308.02pt\" border=\"0\" width=\"308\" cellspacing=\"0\" cellpadding=\"0\">\n<tbody>\n<tr style=\"height: 15.20pt\">\n<td class=\"et2\" style=\"height: 15.20pt;width: 101.70pt\" width=\"101\" height=\"15\">Nom de la marque<\/td>\n<td class=\"et2\" style=\"width: 206.65pt\" width=\"206\">Come Health\/ White Label<\/td>\n<\/tr>\n<tr style=\"height: 16.00pt\">\n<td class=\"et2\" style=\"height: 16.00pt\" height=\"16\">Avantages du produit<\/td>\n<td class=\"et3\" style=\"width: 206.65pt\" width=\"206\">*Favorise le blanchiment et l'\u00e9claircissement de la peau<\/td>\n<\/tr>\n<tr style=\"height: 15.20pt\">\n<td class=\"et2\" style=\"height: 15.20pt\" height=\"15\">Forme posologique<\/td>\n<td class=\"et2\">Gomme<\/td>\n<\/tr>\n<tr style=\"height: 15.20pt\">\n<td class=\"et2\" style=\"height: 15.20pt\" height=\"15\">Couleur<\/td>\n<td class=\"et2\">Rose<\/td>\n<\/tr>\n<tr style=\"height: 16.00pt\">\n<td class=\"et2\" style=\"height: 16.00pt\" height=\"16\">Saveur<\/td>\n<td class=\"et3\" style=\"width: 206.65pt\" width=\"206\">Fraise<\/td>\n<\/tr>\n<tr style=\"height: 15.20pt\">\n<td class=\"et2\" style=\"height: 15.20pt\" height=\"15\">Forme<\/td>\n<td class=\"et2\">Louveteau<\/td>\n<\/tr>\n<tr style=\"height: 15.20pt\">\n<td class=\"et2\" style=\"height: 15.20pt\" height=\"15\">Sp\u00e9cification du produit<\/td>\n<td class=\"et2\">60 unit\u00e9s\/bouteille<\/td>\n<\/tr>\n<tr style=\"height: 15.20pt\">\n<td class=\"et2\" style=\"height: 15.20pt\" height=\"15\">Dur\u00e9e de vie en rayon<\/td>\n<td class=\"et2\">24 mois<\/td>\n<\/tr>\n<tr style=\"height: 15.20pt\">\n<td class=\"et2\" style=\"height: 15.20pt\" height=\"15\">Dimensions (cm)<\/td>\n<td class=\"et2\">7X7X12<\/td>\n<\/tr>\n<tr style=\"height: 15.20pt\">\n<td class=\"et2\" style=\"height: 15.20pt\" height=\"15\">Poids net (kg)<\/td>\n<td class=\"et2\">0,22 kg<\/td>\n<\/tr>\n<tr style=\"height: 15.20pt\">\n<td class=\"et2\" style=\"height: 15.20pt\" height=\"15\">Personnalisation<\/td>\n<td class=\"et2\">Graphique, Logo, Paquet<\/td>\n<\/tr>\n<tr style=\"height: 15.20pt\">\n<td class=\"et2\" style=\"height: 15.20pt\" height=\"15\">Inventaire<\/td>\n<td class=\"et2\">En stock<\/td>\n<\/tr>\n<\/tbody>\n<\/table>","protected":false},"featured_media":2133,"comment_status":"closed","ping_status":"closed","template":"","meta":{"_acf_changed":false},"product_brand":[],"product_cat":[40,36,41],"product_tag":[],"class_list":{"0":"post-1295","1":"product","2":"type-product","3":"status-publish","4":"has-post-thumbnail","6":"product_cat-private-label-gummy-supplements","7":"product_cat-private-label-beauty-supplements","8":"product_cat-bulk-vitamins-and-minerals-supplements","10":"first","11":"instock","12":"shipping-taxable","13":"product-type-simple"},"acf":[],"_links":{"self":[{"href":"https:\/\/www.comehealthgroup.com\/fr\/wp-json\/wp\/v2\/product\/1295","targetHints":{"allow":["GET"]}}],"collection":[{"href":"https:\/\/www.comehealthgroup.com\/fr\/wp-json\/wp\/v2\/product"}],"about":[{"href":"https:\/\/www.comehealthgroup.com\/fr\/wp-json\/wp\/v2\/types\/product"}],"replies":[{"embeddable":true,"href":"https:\/\/www.comehealthgroup.com\/fr\/wp-json\/wp\/v2\/comments?post=1295"}],"wp:featuredmedia":[{"embeddable":true,"href":"https:\/\/www.comehealthgroup.com\/fr\/wp-json\/wp\/v2\/media\/2133"}],"wp:attachment":[{"href":"https:\/\/www.comehealthgroup.com\/fr\/wp-json\/wp\/v2\/media?parent=1295"}],"wp:term":[{"taxonomy":"product_brand","embeddable":true,"href":"https:\/\/www.comehealthgroup.com\/fr\/wp-json\/wp\/v2\/product_brand?post=1295"},{"taxonomy":"product_cat","embeddable":true,"href":"https:\/\/www.comehealthgroup.com\/fr\/wp-json\/wp\/v2\/product_cat?post=1295"},{"taxonomy":"product_tag","embeddable":true,"href":"https:\/\/www.comehealthgroup.com\/fr\/wp-json\/wp\/v2\/product_tag?post=1295"}],"curies":[{"name":"wp","href":"https:\/\/api.w.org\/{rel}","templated":true}]}}