{"id":1300,"date":"2024-12-28T01:39:35","date_gmt":"2024-12-28T01:39:35","guid":{"rendered":"https:\/\/www.comehealthgroup.com\/?post_type=product&#038;p=1300"},"modified":"2025-03-21T02:59:45","modified_gmt":"2025-03-21T02:59:45","slug":"probiotic-gummies-bulk","status":"publish","type":"product","link":"https:\/\/www.comehealthgroup.com\/fr\/product\/probiotic-gummies-bulk\/","title":{"rendered":"Probiotic Gummies Bulk, Private Label Probiotic Gummies for Gut Health (gommes probiotiques en vrac pour la sant\u00e9 intestinale)"},"content":{"rendered":"<div class=\"wp-block-columns is-layout-flex wp-container-core-columns-is-layout-9d6595d7 wp-block-columns-is-layout-flex\">\n<div class=\"wp-block-column is-layout-flow wp-block-column-is-layout-flow\">\n<h2 class=\"wp-block-heading\">Caract\u00e9ristiques des gommes probiotiques en vrac<\/h2>\n\n\n\n<ul class=\"wp-block-list\">\n<li><strong>Favorise la sant\u00e9 intestinale : <\/strong>Nos gommes probiotiques en vrac sont riches en une vari\u00e9t\u00e9 de souches probiotiques, qui peuvent \u00e9quilibrer la flore intestinale, promouvoir la sant\u00e9 de l'environnement micro\u00e9cologique intestinal, fournir un soutien solide au syst\u00e8me digestif, et aider \u00e0 am\u00e9liorer la constipation, les ballonnements et d'autres probl\u00e8mes.<\/li>\n\n\n\n<li><strong>Renforcer l'immunit\u00e9 : <\/strong>Les souches probiotiques hautement efficaces ajout\u00e9es dans nos gommes probiotiques de marque de distributeur aident non seulement \u00e0 la digestion, mais stimulent \u00e9galement le syst\u00e8me immunitaire, en renfor\u00e7ant les fonctions de la barri\u00e8re intestinale, aidant ainsi le corps \u00e0 r\u00e9sister aux agents pathog\u00e8nes ext\u00e9rieurs.<\/li>\n\n\n\n<li><strong>D\u00e9licieux et facile \u00e0 prendre : <\/strong>Aigre-doux, savoureux et faciles \u00e0 prendre, nos gommes probiotiques en vrac abandonnent la forme traditionnelle de poudre ou de capsule des produits probiotiques pour \u00eatre plus facilement accept\u00e9es par les clients qui m\u00e8nent une vie moderne plus saine et plus rapide.<\/li>\n\n\n\n<li><strong>Service de personnalisation de marques priv\u00e9es : <\/strong>Nous proposons des services flexibles de fabrication de gommes probiotiques sous marque de distributeur, tels que l'adaptation des types de souches en fonction des besoins, l'aromatisation des gommes et la refonte de l'emballage. Nous pouvons apporter un soutien professionnel \u00e0 nos clients, que ce soit pour lancer un produit de marque unique ou pour r\u00e9pondre aux besoins de march\u00e9s de niche.<\/li>\n<\/ul>\n<\/div>\n\n\n\n<div class=\"wp-block-column is-layout-flow wp-block-column-is-layout-flow\">\n<figure class=\"wp-block-image size-full\"><img decoding=\"async\" width=\"1396\" height=\"1396\" src=\"https:\/\/www.comehealthgroup.com\/wp-content\/uploads\/2024\/12\/Probiotic-Gummies_04.webp\" alt=\"\" class=\"wp-image-2124\" srcset=\"https:\/\/www.comehealthgroup.com\/wp-content\/uploads\/2024\/12\/Probiotic-Gummies_04.webp 1396w, https:\/\/www.comehealthgroup.com\/wp-content\/uploads\/2024\/12\/Probiotic-Gummies_04-300x300.webp 300w, https:\/\/www.comehealthgroup.com\/wp-content\/uploads\/2024\/12\/Probiotic-Gummies_04-150x150.webp 150w, https:\/\/www.comehealthgroup.com\/wp-content\/uploads\/2024\/12\/Probiotic-Gummies_04-768x768.webp 768w, https:\/\/www.comehealthgroup.com\/wp-content\/uploads\/2024\/12\/Probiotic-Gummies_04-12x12.webp 12w, https:\/\/www.comehealthgroup.com\/wp-content\/uploads\/2024\/12\/Probiotic-Gummies_04-1200x1200.webp 1200w, https:\/\/www.comehealthgroup.com\/wp-content\/uploads\/2024\/12\/Probiotic-Gummies_04-600x600.webp 600w, https:\/\/www.comehealthgroup.com\/wp-content\/uploads\/2024\/12\/Probiotic-Gummies_04-100x100.webp 100w\" sizes=\"(max-width: 1396px) 100vw, 1396px\" \/><\/figure>\n<\/div>\n<\/div>\n\n\n\n<p><\/p>","protected":false},"excerpt":{"rendered":"<p>Ce probiotique en vrac sous marque de distributeur combine toutes sortes de souches \u00e0 haute efficacit\u00e9 pour la promotion de la sant\u00e9 intestinale, la promotion de la digestion et le renforcement de l'immunit\u00e9. Ils ont un go\u00fbt d\u00e9licieux et sont tr\u00e8s faciles \u00e0 consommer. En tant que fabricant professionnel, ComeHealth fournit des services de personnalisation de marque priv\u00e9e et est un partenaire id\u00e9al pour vos produits de sant\u00e9 de marque.<\/p>\n<table style=\"border-collapse: collapse;width: 308.02pt\" border=\"0\" width=\"308\" cellspacing=\"0\" cellpadding=\"0\">\n<tbody>\n<tr style=\"height: 15.20pt\">\n<td class=\"et2\" style=\"height: 15.20pt;width: 101.70pt\" width=\"101\" height=\"15\">Nom de la marque<\/td>\n<td class=\"et2\" style=\"width: 206.65pt\" width=\"206\">Come Health\/ White Label<\/td>\n<\/tr>\n<tr style=\"height: 46.00pt\">\n<td class=\"et2\" style=\"height: 46.00pt\" height=\"46\">Avantages du produit<\/td>\n<td class=\"et3\" style=\"width: 206.65pt\" width=\"206\">*Favorise la sant\u00e9 intestinale<br \/>*Soutient la sant\u00e9 digestive<br \/>*Soutient la sant\u00e9 immunitaire<\/td>\n<\/tr>\n<tr style=\"height: 15.20pt\">\n<td class=\"et2\" style=\"height: 15.20pt\" height=\"15\">Forme posologique<\/td>\n<td class=\"et2\">Gomme<\/td>\n<\/tr>\n<tr style=\"height: 15.20pt\">\n<td class=\"et2\" style=\"height: 15.20pt\" height=\"15\">Couleur<\/td>\n<td class=\"et2\">Jaune<\/td>\n<\/tr>\n<tr style=\"height: 16.00pt\">\n<td class=\"et2\" style=\"height: 16.00pt\" height=\"16\">Saveur<\/td>\n<td class=\"et3\" style=\"width: 206.65pt\" width=\"206\">Baies m\u00e9lang\u00e9es<\/td>\n<\/tr>\n<tr style=\"height: 15.20pt\">\n<td class=\"et2\" style=\"height: 15.20pt\" height=\"15\">Forme<\/td>\n<td class=\"et2\">Louveteau<\/td>\n<\/tr>\n<tr style=\"height: 15.20pt\">\n<td class=\"et2\" style=\"height: 15.20pt\" height=\"15\">Sp\u00e9cification du produit<\/td>\n<td class=\"et2\">60 unit\u00e9s\/bouteille<\/td>\n<\/tr>\n<tr style=\"height: 15.20pt\">\n<td class=\"et2\" style=\"height: 15.20pt\" height=\"15\">Dur\u00e9e de vie en rayon<\/td>\n<td class=\"et2\">24 mois<\/td>\n<\/tr>\n<tr style=\"height: 15.20pt\">\n<td class=\"et2\" style=\"height: 15.20pt\" height=\"15\">Dimensions (cm)<\/td>\n<td class=\"et2\">7X7X12<\/td>\n<\/tr>\n<tr style=\"height: 15.20pt\">\n<td class=\"et2\" style=\"height: 15.20pt\" height=\"15\">Poids net (kg)<\/td>\n<td class=\"et2\">0,22 kg<\/td>\n<\/tr>\n<tr style=\"height: 15.20pt\">\n<td class=\"et2\" style=\"height: 15.20pt\" height=\"15\">Personnalisation<\/td>\n<td class=\"et2\">Graphique, Logo, Paquet<\/td>\n<\/tr>\n<tr style=\"height: 15.20pt\">\n<td class=\"et2\" style=\"height: 15.20pt\" height=\"15\">Inventaire<\/td>\n<td class=\"et2\">En stock<\/td>\n<\/tr>\n<\/tbody>\n<\/table>\n<p>&nbsp;<\/p>","protected":false},"featured_media":2126,"comment_status":"closed","ping_status":"closed","template":"","meta":{"_acf_changed":false},"product_brand":[],"product_cat":[40,34,32],"product_tag":[],"class_list":{"0":"post-1300","1":"product","2":"type-product","3":"status-publish","4":"has-post-thumbnail","6":"product_cat-private-label-gummy-supplements","7":"product_cat-private-label-health-supplements","8":"product_cat-private-label-immune-supplements","10":"first","11":"instock","12":"shipping-taxable","13":"product-type-simple"},"acf":[],"_links":{"self":[{"href":"https:\/\/www.comehealthgroup.com\/fr\/wp-json\/wp\/v2\/product\/1300","targetHints":{"allow":["GET"]}}],"collection":[{"href":"https:\/\/www.comehealthgroup.com\/fr\/wp-json\/wp\/v2\/product"}],"about":[{"href":"https:\/\/www.comehealthgroup.com\/fr\/wp-json\/wp\/v2\/types\/product"}],"replies":[{"embeddable":true,"href":"https:\/\/www.comehealthgroup.com\/fr\/wp-json\/wp\/v2\/comments?post=1300"}],"wp:featuredmedia":[{"embeddable":true,"href":"https:\/\/www.comehealthgroup.com\/fr\/wp-json\/wp\/v2\/media\/2126"}],"wp:attachment":[{"href":"https:\/\/www.comehealthgroup.com\/fr\/wp-json\/wp\/v2\/media?parent=1300"}],"wp:term":[{"taxonomy":"product_brand","embeddable":true,"href":"https:\/\/www.comehealthgroup.com\/fr\/wp-json\/wp\/v2\/product_brand?post=1300"},{"taxonomy":"product_cat","embeddable":true,"href":"https:\/\/www.comehealthgroup.com\/fr\/wp-json\/wp\/v2\/product_cat?post=1300"},{"taxonomy":"product_tag","embeddable":true,"href":"https:\/\/www.comehealthgroup.com\/fr\/wp-json\/wp\/v2\/product_tag?post=1300"}],"curies":[{"name":"wp","href":"https:\/\/api.w.org\/{rel}","templated":true}]}}