{"id":1311,"date":"2024-12-28T02:14:41","date_gmt":"2024-12-28T02:14:41","guid":{"rendered":"https:\/\/www.comehealthgroup.com\/?post_type=product&#038;p=1311"},"modified":"2025-03-20T02:23:54","modified_gmt":"2025-03-20T02:23:54","slug":"melatonin-gummies-wholesale","status":"publish","type":"product","link":"https:\/\/www.comehealthgroup.com\/fr\/product\/melatonin-gummies-wholesale\/","title":{"rendered":"Private Label Melatonin Gummies Wholesale For Sleep Health"},"content":{"rendered":"<div class=\"wp-block-columns is-layout-flex wp-container-core-columns-is-layout-9d6595d7 wp-block-columns-is-layout-flex\">\n<div class=\"wp-block-column is-layout-flow wp-block-column-is-layout-flow\">\n<h2 class=\"wp-block-heading\">Caract\u00e9ristiques de Melatonin Gummies Wholesale<\/h2>\n\n\n\n<ul class=\"wp-block-list\">\n<li><strong>Aide \u00e0 s'endormir rapidement : <\/strong>Nos gommes \u00e0 la m\u00e9latonine sont riches en m\u00e9latonine scientifiquement pr\u00e9par\u00e9e. Ils peuvent r\u00e9guler le cycle de sommeil d'une personne de mani\u00e8re tr\u00e8s efficace et l'aider \u00e0 atteindre un \u00e9tat de sommeil profond dans un laps de temps tr\u00e8s court.<\/li>\n\n\n\n<li><strong>Prolonger le temps de sommeil :<\/strong> La formule soigneusement \u00e9labor\u00e9e de nos gommes de m\u00e9latonine sous marque de distributeur vous aide non seulement \u00e0 vous endormir rapidement, mais aussi \u00e0 maintenir un sommeil de qualit\u00e9 \u00e0 long terme et \u00e0 r\u00e9duire les r\u00e9veils nocturnes fr\u00e9quents.<\/li>\n\n\n\n<li><strong>Am\u00e9liorer la qualit\u00e9 du sommeil : <\/strong>Les ingr\u00e9dients actifs de nos gommes \u00e0 la m\u00e9latonine \u00e9quilibrent en gros les hormones du corps et am\u00e9liorent la qualit\u00e9 du sommeil. Par cons\u00e9quent, les utilisateurs se l\u00e8veront chaque matin avec un niveau d'\u00e9nergie plus \u00e9lev\u00e9 et une attitude plus joyeuse.<\/li>\n\n\n\n<li><strong>Service flexible de personnalisation des marques priv\u00e9es : <\/strong>Nous proposons des ar\u00f4mes, des dosages et des options d'emballage pour une vari\u00e9t\u00e9 de gommes de m\u00e9latonine de marque priv\u00e9e afin de cr\u00e9er facilement des produits de sant\u00e9 du sommeil personnalis\u00e9s qui r\u00e9pondent aux besoins du march\u00e9.<\/li>\n<\/ul>\n<\/div>\n\n\n\n<div class=\"wp-block-column is-layout-flow wp-block-column-is-layout-flow\">\n<figure class=\"wp-block-image size-full\"><img decoding=\"async\" width=\"800\" height=\"800\" src=\"https:\/\/www.comehealthgroup.com\/wp-content\/uploads\/2024\/12\/Melatonin-Gummies_01.webp\" alt=\"\" class=\"wp-image-2093\" srcset=\"https:\/\/www.comehealthgroup.com\/wp-content\/uploads\/2024\/12\/Melatonin-Gummies_01.webp 800w, https:\/\/www.comehealthgroup.com\/wp-content\/uploads\/2024\/12\/Melatonin-Gummies_01-300x300.webp 300w, https:\/\/www.comehealthgroup.com\/wp-content\/uploads\/2024\/12\/Melatonin-Gummies_01-150x150.webp 150w, https:\/\/www.comehealthgroup.com\/wp-content\/uploads\/2024\/12\/Melatonin-Gummies_01-768x768.webp 768w, https:\/\/www.comehealthgroup.com\/wp-content\/uploads\/2024\/12\/Melatonin-Gummies_01-12x12.webp 12w, https:\/\/www.comehealthgroup.com\/wp-content\/uploads\/2024\/12\/Melatonin-Gummies_01-600x600.webp 600w, https:\/\/www.comehealthgroup.com\/wp-content\/uploads\/2024\/12\/Melatonin-Gummies_01-100x100.webp 100w\" sizes=\"(max-width: 800px) 100vw, 800px\" \/><\/figure>\n<\/div>\n<\/div>\n\n\n\n<p><\/p>","protected":false},"excerpt":{"rendered":"<p>Cette marque priv\u00e9e de gommes de m\u00e9latonine est sp\u00e9cialement con\u00e7ue pour soutenir la sant\u00e9 du sommeil, aidant les utilisateurs \u00e0 s'endormir rapidement, \u00e0 prolonger le temps de sommeil et \u00e0 am\u00e9liorer la qualit\u00e9 du sommeil. ComeHealth offre \u00e0 ses clients des services flexibles de personnalisation des marques priv\u00e9es et constitue le meilleur choix pour les produits de sant\u00e9 du sommeil en gros.<\/p>\n<table style=\"border-collapse: collapse;width: 308.02pt\" border=\"0\" width=\"308\" cellspacing=\"0\" cellpadding=\"0\">\n<tbody>\n<tr style=\"height: 15.20pt\">\n<td class=\"et2\" style=\"height: 15.20pt;width: 101.70pt\" width=\"101\" height=\"15\">Nom de la marque<\/td>\n<td class=\"et2\" style=\"width: 206.65pt\" width=\"206\">Come Health\/ White Label<\/td>\n<\/tr>\n<tr style=\"height: 46.00pt\">\n<td class=\"et2\" style=\"height: 46.00pt\" height=\"46\">Avantages du produit<\/td>\n<td class=\"et3\" style=\"width: 206.65pt\" width=\"206\">*Aide \u00e0 s'endormir plus rapidement<br \/>*Maintient le sommeil plus longtemps<br \/>*Am\u00e9liore la qualit\u00e9 du sommeil<\/td>\n<\/tr>\n<tr style=\"height: 15.20pt\">\n<td class=\"et2\" style=\"height: 15.20pt\" height=\"15\">Forme posologique<\/td>\n<td class=\"et2\">Gomme<\/td>\n<\/tr>\n<tr style=\"height: 15.20pt\">\n<td class=\"et2\" style=\"height: 15.20pt\" height=\"15\">Couleur<\/td>\n<td class=\"et2\">Pourpre<\/td>\n<\/tr>\n<tr style=\"height: 16.00pt\">\n<td class=\"et2\" style=\"height: 16.00pt\" height=\"16\">Saveur<\/td>\n<td class=\"et3\" style=\"width: 206.65pt\" width=\"206\">Ar\u00f4me de myrtille<\/td>\n<\/tr>\n<tr style=\"height: 15.20pt\">\n<td class=\"et2\" style=\"height: 15.20pt\" height=\"15\">Forme<\/td>\n<td class=\"et2\">Louveteau<\/td>\n<\/tr>\n<tr style=\"height: 15.20pt\">\n<td class=\"et2\" style=\"height: 15.20pt\" height=\"15\">Sp\u00e9cification du produit<\/td>\n<td class=\"et2\">60 unit\u00e9s\/bouteille<\/td>\n<\/tr>\n<tr style=\"height: 15.20pt\">\n<td class=\"et2\" style=\"height: 15.20pt\" height=\"15\">Dur\u00e9e de vie en rayon<\/td>\n<td class=\"et2\">24 mois<\/td>\n<\/tr>\n<tr style=\"height: 15.20pt\">\n<td class=\"et2\" style=\"height: 15.20pt\" height=\"15\">Dimensions (cm)<\/td>\n<td class=\"et2\">7X7X12<\/td>\n<\/tr>\n<tr style=\"height: 15.20pt\">\n<td class=\"et2\" style=\"height: 15.20pt\" height=\"15\">Poids net (kg)<\/td>\n<td class=\"et2\">0,22 kg<\/td>\n<\/tr>\n<tr style=\"height: 15.20pt\">\n<td class=\"et2\" style=\"height: 15.20pt\" height=\"15\">Personnalisation<\/td>\n<td class=\"et2\">Graphique, Logo, Paquet<\/td>\n<\/tr>\n<tr style=\"height: 15.20pt\">\n<td class=\"et2\" style=\"height: 15.20pt\" height=\"15\">Inventaire<\/td>\n<td class=\"et2\">En stock<\/td>\n<\/tr>\n<\/tbody>\n<\/table>\n<p>&nbsp;<\/p>","protected":false},"featured_media":2097,"comment_status":"closed","ping_status":"closed","template":"","meta":{"_acf_changed":false},"product_brand":[],"product_cat":[40,35],"product_tag":[],"class_list":{"0":"post-1311","1":"product","2":"type-product","3":"status-publish","4":"has-post-thumbnail","6":"product_cat-private-label-gummy-supplements","7":"product_cat-sleep-supplements-wholesale","9":"first","10":"instock","11":"shipping-taxable","12":"product-type-simple"},"acf":[],"_links":{"self":[{"href":"https:\/\/www.comehealthgroup.com\/fr\/wp-json\/wp\/v2\/product\/1311","targetHints":{"allow":["GET"]}}],"collection":[{"href":"https:\/\/www.comehealthgroup.com\/fr\/wp-json\/wp\/v2\/product"}],"about":[{"href":"https:\/\/www.comehealthgroup.com\/fr\/wp-json\/wp\/v2\/types\/product"}],"replies":[{"embeddable":true,"href":"https:\/\/www.comehealthgroup.com\/fr\/wp-json\/wp\/v2\/comments?post=1311"}],"wp:featuredmedia":[{"embeddable":true,"href":"https:\/\/www.comehealthgroup.com\/fr\/wp-json\/wp\/v2\/media\/2097"}],"wp:attachment":[{"href":"https:\/\/www.comehealthgroup.com\/fr\/wp-json\/wp\/v2\/media?parent=1311"}],"wp:term":[{"taxonomy":"product_brand","embeddable":true,"href":"https:\/\/www.comehealthgroup.com\/fr\/wp-json\/wp\/v2\/product_brand?post=1311"},{"taxonomy":"product_cat","embeddable":true,"href":"https:\/\/www.comehealthgroup.com\/fr\/wp-json\/wp\/v2\/product_cat?post=1311"},{"taxonomy":"product_tag","embeddable":true,"href":"https:\/\/www.comehealthgroup.com\/fr\/wp-json\/wp\/v2\/product_tag?post=1311"}],"curies":[{"name":"wp","href":"https:\/\/api.w.org\/{rel}","templated":true}]}}