{"id":1317,"date":"2024-12-28T02:37:09","date_gmt":"2024-12-28T02:37:09","guid":{"rendered":"https:\/\/www.comehealthgroup.com\/?post_type=product&#038;p=1317"},"modified":"2025-03-20T02:29:19","modified_gmt":"2025-03-20T02:29:19","slug":"private-label-sleep-supplements","status":"publish","type":"product","link":"https:\/\/www.comehealthgroup.com\/fr\/product\/private-label-sleep-supplements\/","title":{"rendered":"Suppl\u00e9ments de sommeil sous marque de distributeur, gommes de m\u00e9latonine en vrac"},"content":{"rendered":"<div class=\"wp-block-columns is-layout-flex wp-container-core-columns-is-layout-9d6595d7 wp-block-columns-is-layout-flex\">\n<div class=\"wp-block-column is-layout-flow wp-block-column-is-layout-flow\">\n<h2 class=\"wp-block-heading\">Caract\u00e9ristiques des suppl\u00e9ments de sommeil sous marque de distributeur<\/h2>\n\n\n\n<ul class=\"wp-block-list\">\n<li><strong>Soutien au sommeil rapide : <\/strong>Nos compl\u00e9ments alimentaires pour le sommeil sous marque de distributeur sont sp\u00e9cialement formul\u00e9s avec de la m\u00e9latonine, qui aide les utilisateurs \u00e0 s'endormir plus facilement et plus rapidement en r\u00e9gulant naturellement le cycle du sommeil, ce qui convient aux personnes ayant des difficult\u00e9s \u00e0 dormir.<\/li>\n\n\n\n<li><strong>Prolonger la dur\u00e9e du sommeil : <\/strong>La combinaison d'ingr\u00e9dients dans des proportions scientifiquement appropri\u00e9es dans nos gommes de m\u00e9latonine en vrac favorisera la prolongation du temps de sommeil et la r\u00e9duction du nombre de r\u00e9veils nocturnes, de sorte que l'on puisse avoir un sommeil de qualit\u00e9 et plus stable.<\/li>\n\n\n\n<li><strong>Am\u00e9liorer la qualit\u00e9 du sommeil :<\/strong> Nos compl\u00e9ments alimentaires pour le sommeil contiennent des ingr\u00e9dients actifs permettant d'optimiser les phases de sommeil profond, d'am\u00e9liorer la qualit\u00e9 g\u00e9n\u00e9rale du sommeil et, par cons\u00e9quent, de se r\u00e9veiller en pleine forme le matin.<\/li>\n\n\n\n<li><strong>Personnalisation de marques priv\u00e9es et services de vente en gros : <\/strong>Nous fournissons des gommes de m\u00e9latonine en vrac avec une vari\u00e9t\u00e9 de sp\u00e9cifications, d'emballages et d'ar\u00f4mes pour r\u00e9pondre aux besoins de personnalisation des marques priv\u00e9es des clients, tout en soutenant la production de masse et en r\u00e9pondant rapidement \u00e0 la demande du march\u00e9.<\/li>\n<\/ul>\n<\/div>\n\n\n\n<div class=\"wp-block-column is-layout-flow wp-block-column-is-layout-flow\">\n<figure class=\"wp-block-image size-full\"><img decoding=\"async\" width=\"800\" height=\"800\" src=\"https:\/\/www.comehealthgroup.com\/wp-content\/uploads\/2024\/12\/Private-Label-Sleep-Supplements_04.webp\" alt=\"\" class=\"wp-image-2101\" srcset=\"https:\/\/www.comehealthgroup.com\/wp-content\/uploads\/2024\/12\/Private-Label-Sleep-Supplements_04.webp 800w, https:\/\/www.comehealthgroup.com\/wp-content\/uploads\/2024\/12\/Private-Label-Sleep-Supplements_04-300x300.webp 300w, https:\/\/www.comehealthgroup.com\/wp-content\/uploads\/2024\/12\/Private-Label-Sleep-Supplements_04-150x150.webp 150w, https:\/\/www.comehealthgroup.com\/wp-content\/uploads\/2024\/12\/Private-Label-Sleep-Supplements_04-768x768.webp 768w, https:\/\/www.comehealthgroup.com\/wp-content\/uploads\/2024\/12\/Private-Label-Sleep-Supplements_04-12x12.webp 12w, https:\/\/www.comehealthgroup.com\/wp-content\/uploads\/2024\/12\/Private-Label-Sleep-Supplements_04-600x600.webp 600w, https:\/\/www.comehealthgroup.com\/wp-content\/uploads\/2024\/12\/Private-Label-Sleep-Supplements_04-100x100.webp 100w\" sizes=\"(max-width: 800px) 100vw, 800px\" \/><\/figure>\n<\/div>\n<\/div>\n\n\n\n<p><\/p>","protected":false},"excerpt":{"rendered":"<p>Bienvenue \u00e0 l'achat de gommes de m\u00e9latonine en vrac. Nos compl\u00e9ments alimentaires pour le sommeil sous marque de distributeur sont riches en m\u00e9latonine, ce qui vous aide \u00e0 vous endormir rapidement, \u00e0 prolonger votre temps de sommeil et \u00e0 am\u00e9liorer la qualit\u00e9 de votre sommeil. ComeHealth offre \u00e0 ses clients des services flexibles de personnalisation des marques de distributeur et de vente en gros, et est un partenaire professionnel dans la cr\u00e9ation de suppl\u00e9ments de sommeil de haute qualit\u00e9.<\/p>\n<table style=\"border-collapse: collapse;width: 308.02pt\" border=\"0\" width=\"308\" cellspacing=\"0\" cellpadding=\"0\">\n<tbody>\n<tr style=\"height: 15.20pt\">\n<td class=\"et2\" style=\"height: 15.20pt;width: 101.70pt\" width=\"101\" height=\"15\">Nom de la marque<\/td>\n<td class=\"et2\" style=\"width: 206.65pt\" width=\"206\">Come Health\/ White Label<\/td>\n<\/tr>\n<tr style=\"height: 46.00pt\">\n<td class=\"et2\" style=\"height: 46.00pt\" height=\"46\">Avantages du produit<\/td>\n<td class=\"et3\" style=\"width: 206.65pt\" width=\"206\">*Aide \u00e0 s'endormir plus rapidement<br \/>*Maintient le sommeil plus longtemps<br \/>*Am\u00e9liore la qualit\u00e9 du sommeil<\/td>\n<\/tr>\n<tr style=\"height: 15.20pt\">\n<td class=\"et2\" style=\"height: 15.20pt\" height=\"15\">Forme posologique<\/td>\n<td class=\"et2\">Gomme<\/td>\n<\/tr>\n<tr style=\"height: 15.20pt\">\n<td class=\"et2\" style=\"height: 15.20pt\" height=\"15\">Couleur<\/td>\n<td class=\"et2\">Pourpre<\/td>\n<\/tr>\n<tr style=\"height: 16.00pt\">\n<td class=\"et2\" style=\"height: 16.00pt\" height=\"16\">Saveur<\/td>\n<td class=\"et3\" style=\"width: 206.65pt\" width=\"206\">Ar\u00f4me de myrtille<\/td>\n<\/tr>\n<tr style=\"height: 15.20pt\">\n<td class=\"et2\" style=\"height: 15.20pt\" height=\"15\">Forme<\/td>\n<td class=\"et2\">Louveteau<\/td>\n<\/tr>\n<tr style=\"height: 15.20pt\">\n<td class=\"et2\" style=\"height: 15.20pt\" height=\"15\">Sp\u00e9cification du produit<\/td>\n<td class=\"et2\">60 unit\u00e9s\/bouteille<\/td>\n<\/tr>\n<tr style=\"height: 15.20pt\">\n<td class=\"et2\" style=\"height: 15.20pt\" height=\"15\">Dur\u00e9e de vie en rayon<\/td>\n<td class=\"et2\">24 mois<\/td>\n<\/tr>\n<tr style=\"height: 15.20pt\">\n<td class=\"et2\" style=\"height: 15.20pt\" height=\"15\">Dimensions (cm)<\/td>\n<td class=\"et2\">7X7X12<\/td>\n<\/tr>\n<tr style=\"height: 15.20pt\">\n<td class=\"et2\" style=\"height: 15.20pt\" height=\"15\">Poids net (kg)<\/td>\n<td class=\"et2\">0,22 kg<\/td>\n<\/tr>\n<tr style=\"height: 15.20pt\">\n<td class=\"et2\" style=\"height: 15.20pt\" height=\"15\">Personnalisation<\/td>\n<td class=\"et2\">Graphique, Logo, Paquet<\/td>\n<\/tr>\n<tr style=\"height: 15.20pt\">\n<td class=\"et2\" style=\"height: 15.20pt\" height=\"15\">Inventaire<\/td>\n<td class=\"et2\">En stock<\/td>\n<\/tr>\n<\/tbody>\n<\/table>\n<p>&nbsp;<\/p>","protected":false},"featured_media":2098,"comment_status":"closed","ping_status":"closed","template":"","meta":{"_acf_changed":false},"product_brand":[],"product_cat":[40,35],"product_tag":[],"class_list":{"0":"post-1317","1":"product","2":"type-product","3":"status-publish","4":"has-post-thumbnail","6":"product_cat-private-label-gummy-supplements","7":"product_cat-sleep-supplements-wholesale","9":"first","10":"instock","11":"shipping-taxable","12":"product-type-simple"},"acf":[],"_links":{"self":[{"href":"https:\/\/www.comehealthgroup.com\/fr\/wp-json\/wp\/v2\/product\/1317","targetHints":{"allow":["GET"]}}],"collection":[{"href":"https:\/\/www.comehealthgroup.com\/fr\/wp-json\/wp\/v2\/product"}],"about":[{"href":"https:\/\/www.comehealthgroup.com\/fr\/wp-json\/wp\/v2\/types\/product"}],"replies":[{"embeddable":true,"href":"https:\/\/www.comehealthgroup.com\/fr\/wp-json\/wp\/v2\/comments?post=1317"}],"wp:featuredmedia":[{"embeddable":true,"href":"https:\/\/www.comehealthgroup.com\/fr\/wp-json\/wp\/v2\/media\/2098"}],"wp:attachment":[{"href":"https:\/\/www.comehealthgroup.com\/fr\/wp-json\/wp\/v2\/media?parent=1317"}],"wp:term":[{"taxonomy":"product_brand","embeddable":true,"href":"https:\/\/www.comehealthgroup.com\/fr\/wp-json\/wp\/v2\/product_brand?post=1317"},{"taxonomy":"product_cat","embeddable":true,"href":"https:\/\/www.comehealthgroup.com\/fr\/wp-json\/wp\/v2\/product_cat?post=1317"},{"taxonomy":"product_tag","embeddable":true,"href":"https:\/\/www.comehealthgroup.com\/fr\/wp-json\/wp\/v2\/product_tag?post=1317"}],"curies":[{"name":"wp","href":"https:\/\/api.w.org\/{rel}","templated":true}]}}